{"id":13860,"date":"2026-03-10T11:11:57","date_gmt":"2026-03-10T10:11:57","guid":{"rendered":"https:\/\/deep-space-astronomy.ch\/?post_type=product&#038;p=13860"},"modified":"2026-03-11T15:56:56","modified_gmt":"2026-03-11T14:56:56","slug":"unistellar-evscope-2","status":"publish","type":"product","link":"https:\/\/deep-space-astronomy.ch\/de\/produkt\/unistellar-evscope-2\/","title":{"rendered":"Unistellar EVSCOPE 2"},"content":{"rendered":"<h2>Unistellar EVSCOPE 2 - Das immersive Smart Telescope<\/h2>\n<p>Die <strong>Unistellar EVSCOPE 2<\/strong> stellt eines der fortschrittlichsten astronomischen Experimente dar, die heute verf\u00fcgbar sind. Dieses intelligente Teleskop kombiniert leistungsstarke Optik, Echtzeit-Bildverarbeitung und digitale Technologien, um die Wunder des Kosmos mit bemerkenswerter Einfachheit zu enth\u00fcllen. Mit seinem Assisted Imaging System und der exklusiven Okularbeobachtung erm\u00f6glicht es ein einzigartiges Eintauchen in das Universum.<\/p>\n<p>\u00dcber die Beobachtung hinaus erm\u00f6glicht EVSCOPE 2 auch die Teilnahme an der <strong>Unistellar Citizen Science-Programm<\/strong>, Sie tragen dazu bei, wissenschaftliche Daten zu sammeln, die von der internationalen astronomischen Gemeinschaft genutzt werden.<\/p>\n<hr \/>\n<h3>Immersive und intelligente Beobachtung<\/h3>\n<ul>\n<li>Direkte Beobachtung durch das Okular (exklusiv bei Unistellar)<\/li>\n<li>Beobachtung auch \u00fcber Smartphone oder Tablet m\u00f6glich<\/li>\n<li>Kostenlose Anwendung verf\u00fcgbar auf <strong>iOS und Android<\/strong><\/li>\n<li>Zugang zu mehr als <strong>5000 Objekte des Nachthimmels<\/strong><\/li>\n<li>Live-Bildverarbeitung enth\u00fcllt schrittweise die Details<\/li>\n<li>Einfaches und schnelles Teilen von aufgenommenen Bildern<\/li>\n<\/ul>\n<p>Dank dieser bildgest\u00fctzten Technologie werden Deep-Sky-Objekte mit mehr Kontrast und Details sichtbar, selbst von st\u00e4dtischen Gebieten aus.<\/p>\n<hr \/>\n<h3>Ein Teleskop, das f\u00fcr alle gedacht ist<\/h3>\n<p>Die intelligenten Teleskope von Unistellar wurden entwickelt, um eine einfache und intuitive Beobachtungserfahrung zu bieten, die sowohl f\u00fcr Anf\u00e4nger als auch f\u00fcr erfahrene Astronomen zug\u00e4nglich ist.<\/p>\n<ul>\n<li>Kein polares Ausrichtungsverfahren erforderlich<\/li>\n<li>Automatisierte Stationierung<\/li>\n<li>Manuelle Fokussierung und Kollimation<\/li>\n<li>Schnelle Erkundung \u00fcber die mobile App<\/li>\n<\/ul>\n<p>Schalten Sie einfach das Teleskop ein, w\u00e4hlen Sie ein Objekt in der Anwendung aus und beginnen Sie mit der Beobachtung.<\/p>\n<hr \/>\n<h3>Beobachtung auch unter st\u00e4dtischem Himmel m\u00f6glich<\/h3>\n<p>Die fortschrittliche Bildverarbeitung erm\u00f6glicht die Beobachtung von Nebeln, Galaxien und Sternhaufen auch in Umgebungen mit Lichtverschmutzung.<\/p>\n<ul>\n<li>Beobachtung von einem Garten, Balkon oder einer Terrasse aus<\/li>\n<li>Verringerung der Auswirkungen von Lichtverschmutzung<\/li>\n<li>Schneller Zugriff auf Tausende von Himmelsobjekten<\/li>\n<\/ul>\n<hr \/>\n<h3>Optische Eigenschaften<\/h3>\n<ul>\n<li>Spiegeldurchmesser : <strong>114 mm<\/strong><\/li>\n<li>Brennweite : <strong>450 mm<\/strong><\/li>\n<li>Fokusbericht : <strong>f\/4<\/strong><\/li>\n<li>Bildaufl\u00f6sung : <strong>7,7 Megapixel<\/strong><\/li>\n<li>Sichtfeld : <strong>34,2 \u00d7 45,6 Bogenminuten<\/strong><\/li>\n<li>Grenzmagnitude : <strong>18,2<\/strong><\/li>\n<\/ul>\n<hr \/>\n<h3>Automatisiertes System und Himmelsdatenbank<\/h3>\n<ul>\n<li>Rahmen <strong>alt-azimutale motorisierte<\/strong><\/li>\n<li>Himmelskatalog von <strong>5000+ Gegenst\u00e4nde<\/strong><\/li>\n<li>Sternendatenbank : <strong>37 Millionen<\/strong><\/li>\n<li>Interne Speicherung : <strong>64 GB<\/strong><\/li>\n<\/ul>\n<hr \/>\n<h3>Autonomie und Portabilit\u00e4t<\/h3>\n<ul>\n<li>Akkulaufzeit : <strong>9 Stunden<\/strong><\/li>\n<li>Gewicht des Teleskops : <strong>7 kg<\/strong><\/li>\n<li>Gewicht des Stativs : <strong>2 kg<\/strong><\/li>\n<\/ul>\n<p>Dank seines kompakten und transportablen Designs kann das EVSCOPE 2 problemlos bei Ihren Beobachtungssitzungen eingesetzt werden, sei es zu Hause oder an einem Beobachtungsort.<\/p>\n<hr \/>\n<h3>In der Box enthalten<\/h3>\n<ul>\n<li>Teleskop <strong>Unistellar EVSCOPE 2<\/strong><\/li>\n<li>Unistellar Stativ<\/li>\n<li>Ladeger\u00e4t mit Adapter<\/li>\n<li>Set von Einstellwerkzeugen<\/li>\n<li>Dokumentation<\/li>\n<li>Unistellar Mobile App (iOS und Android)<\/li>\n<\/ul>\n<hr \/>\n<h3>Eine neue Art, das Universum zu erforschen<\/h3>\n<p>Mit dem EVSCOPE 2 verschiebt Unistellar die Grenzen der Amateurastronomie durch die Kombination von Optik, Elektronik und Software-Intelligenz. Das Ergebnis ist ein immersives Erlebnis, das den Benutzer dem Kosmos n\u00e4her bringt und ihn aktiv an wissenschaftlichen Entdeckungen teilhaben l\u00e4sst.<\/p>","protected":false},"excerpt":{"rendered":"<p>Unistellar EVSCOPE 2 \u2013 Le t\u00e9lescope intelligent immersif Le Unistellar EVSCOPE 2 repr\u00e9sente l\u2019une des exp\u00e9riences d\u2019astronomie les plus avanc\u00e9es disponibles aujourd\u2019hui. Ce t\u00e9lescope intelligent combine optique performante, traitement d\u2019image en temps r\u00e9el et technologies num\u00e9riques pour r\u00e9v\u00e9ler les merveilles du cosmos avec une simplicit\u00e9 remarquable. Gr\u00e2ce \u00e0 son syst\u00e8me d\u2019imagerie assist\u00e9e et \u00e0 son [&hellip;]<\/p>\n","protected":false},"featured_media":13861,"comment_status":"open","ping_status":"closed","template":"","meta":[],"product_brand":[882],"product_cat":[816,753],"product_tag":[],"class_list":{"0":"post-13860","1":"product","2":"type-product","3":"status-publish","4":"has-post-thumbnail","6":"product_brand-unistellar","7":"product_cat-nouveautes","8":"product_cat-smart-telescopes-telescopes_reflecteurs","10":"first","11":"instock","12":"taxable","13":"shipping-taxable","14":"purchasable","15":"product-type-simple"},"_links":{"self":[{"href":"https:\/\/deep-space-astronomy.ch\/de\/wp-json\/wp\/v2\/product\/13860","targetHints":{"allow":["GET"]}}],"collection":[{"href":"https:\/\/deep-space-astronomy.ch\/de\/wp-json\/wp\/v2\/product"}],"about":[{"href":"https:\/\/deep-space-astronomy.ch\/de\/wp-json\/wp\/v2\/types\/product"}],"replies":[{"embeddable":true,"href":"https:\/\/deep-space-astronomy.ch\/de\/wp-json\/wp\/v2\/comments?post=13860"}],"wp:featuredmedia":[{"embeddable":true,"href":"https:\/\/deep-space-astronomy.ch\/de\/wp-json\/wp\/v2\/media\/13861"}],"wp:attachment":[{"href":"https:\/\/deep-space-astronomy.ch\/de\/wp-json\/wp\/v2\/media?parent=13860"}],"wp:term":[{"taxonomy":"product_brand","embeddable":true,"href":"https:\/\/deep-space-astronomy.ch\/de\/wp-json\/wp\/v2\/product_brand?post=13860"},{"taxonomy":"product_cat","embeddable":true,"href":"https:\/\/deep-space-astronomy.ch\/de\/wp-json\/wp\/v2\/product_cat?post=13860"},{"taxonomy":"product_tag","embeddable":true,"href":"https:\/\/deep-space-astronomy.ch\/de\/wp-json\/wp\/v2\/product_tag?post=13860"}],"curies":[{"name":"wp","href":"https:\/\/api.w.org\/{rel}","templated":true}]}}