{"id":13909,"date":"2026-03-17T10:12:42","date_gmt":"2026-03-17T09:12:42","guid":{"rendered":"https:\/\/deep-space-astronomy.ch\/?post_type=product&#038;p=13909"},"modified":"2026-03-17T10:12:56","modified_gmt":"2026-03-17T09:12:56","slug":"jupe-de-protection-pour-dobson-16-explore-scientific","status":"publish","type":"product","link":"https:\/\/deep-space-astronomy.ch\/de\/produkt\/jupe-de-protection-pour-dobson-16-explore-scientific\/","title":{"rendered":"Schutzrock f\u00fcr Dobson 16\u2033 Explore Scientific"},"content":{"rendered":"<p class=\"p1\">Blockieren Sie mit diesem leichten Tuch effektiv Streu- und unerw\u00fcnschtes Licht auf Ihrem 16\u201d Dobson-Teleskop mit Gitterstruktur. Indem Sie den Strahlengang zwischen dem Prim\u00e4r- und dem Sekund\u00e4rspiegel abdunkeln, verbessern Sie den Kontrast und die Helligkeit des Bildes und enth\u00fcllen mehr Details.<\/p>\n<p class=\"p1\">Dieses Tuch besteht aus undurchsichtigem schwarzem Nylon mit ausgezeichneter Elastizit\u00e4t und verf\u00fcgt an beiden Enden \u00fcber ein elastisches Band f\u00fcr optimalen Halt sowie eine einfache und schnelle Anbringung. Das atmungsaktive Gewebe erm\u00f6glicht eine gute Luftzirkulation und reduziert gleichzeitig die Ansammlung von Staub. So bleibt Ihre Optik sauber, ohne dem Druck des Windes ausgesetzt zu sein.<\/p>\n<p class=\"p1\">Ein unverzichtbares Zubeh\u00f6r f\u00fcr Beobachter in st\u00e4dtischen oder vorst\u00e4dtischen Gebieten, wo Streulicht die Qualit\u00e4t der Beobachtungen stark beeintr\u00e4chtigen kann.<\/p>\n<p>Achtung: Es handelt sich NUR um die Schutzsch\u00fcrze, das Teleskop muss separat gekauft werden \ud83d\ude09.<\/p>","protected":false},"excerpt":{"rendered":"<p>Bloquez efficacement la lumi\u00e8re parasite et ind\u00e9sirable sur votre t\u00e9lescope Dobson de 16\u201d \u00e0 structure treillis gr\u00e2ce \u00e0 ce linceul l\u00e9ger. En assombrissant le chemin optique entre le miroir primaire et le secondaire, vous am\u00e9liorez le contraste et la luminosit\u00e9 de l\u2019image, r\u00e9v\u00e9lant davantage de d\u00e9tails. Fabriqu\u00e9 en nylon noir opaque avec une excellente \u00e9lasticit\u00e9, [&hellip;]<\/p>\n","protected":false},"featured_media":13911,"comment_status":"open","ping_status":"closed","template":"","meta":[],"product_brand":[],"product_cat":[840],"product_tag":[],"class_list":{"0":"post-13909","1":"product","2":"type-product","3":"status-publish","4":"has-post-thumbnail","6":"product_cat-fermeture-de-telescope","8":"first","9":"on_supplier","10":"taxable","11":"shipping-taxable","12":"purchasable","13":"product-type-simple"},"_links":{"self":[{"href":"https:\/\/deep-space-astronomy.ch\/de\/wp-json\/wp\/v2\/product\/13909","targetHints":{"allow":["GET"]}}],"collection":[{"href":"https:\/\/deep-space-astronomy.ch\/de\/wp-json\/wp\/v2\/product"}],"about":[{"href":"https:\/\/deep-space-astronomy.ch\/de\/wp-json\/wp\/v2\/types\/product"}],"replies":[{"embeddable":true,"href":"https:\/\/deep-space-astronomy.ch\/de\/wp-json\/wp\/v2\/comments?post=13909"}],"wp:featuredmedia":[{"embeddable":true,"href":"https:\/\/deep-space-astronomy.ch\/de\/wp-json\/wp\/v2\/media\/13911"}],"wp:attachment":[{"href":"https:\/\/deep-space-astronomy.ch\/de\/wp-json\/wp\/v2\/media?parent=13909"}],"wp:term":[{"taxonomy":"product_brand","embeddable":true,"href":"https:\/\/deep-space-astronomy.ch\/de\/wp-json\/wp\/v2\/product_brand?post=13909"},{"taxonomy":"product_cat","embeddable":true,"href":"https:\/\/deep-space-astronomy.ch\/de\/wp-json\/wp\/v2\/product_cat?post=13909"},{"taxonomy":"product_tag","embeddable":true,"href":"https:\/\/deep-space-astronomy.ch\/de\/wp-json\/wp\/v2\/product_tag?post=13909"}],"curies":[{"name":"wp","href":"https:\/\/api.w.org\/{rel}","templated":true}]}}