{"id":13945,"date":"2026-03-20T17:18:41","date_gmt":"2026-03-20T16:18:41","guid":{"rendered":"https:\/\/deep-space-astronomy.ch\/?post_type=product&#038;p=13945"},"modified":"2026-03-20T17:19:02","modified_gmt":"2026-03-20T16:19:02","slug":"monture-eq6-r-pro","status":"publish","type":"product","link":"https:\/\/deep-space-astronomy.ch\/de\/produkt\/monture-eq6-r-pro\/","title":{"rendered":"Montierung EQ6-R PRO"},"content":{"rendered":"<p>&nbsp;<\/p>\n<h2>EQ6-R PRO Synscan\u2122 Go-To Montierung - Leistung und Pr\u00e4zision f\u00fcr die Astrofotografie<\/h2>\n<p>Die <strong>EQ6-R PRO Synscan\u2122<\/strong> ist eine f\u00fchrende deutsche motorisierte \u00e4quatoriale Montierung, die f\u00fcr anspruchsvolle Astronomen und Astrofotografie-Enthusiasten entwickelt wurde. Als echte Weiterentwicklung der ber\u00fchmten EQ6 PRO bietet sie mehr Leistung, eine bemerkenswerte Genauigkeit und eine optimierte Ergonomie f\u00fcr Beobachtungssessions und Langzeitbelichtungen.<\/p>\n<h3>Ein f\u00fcr die fortgeschrittene Astrofotografie entwickeltes Gestell<\/h3>\n<p>Mit einer <strong>Tragf\u00e4higkeit von 20 kg<\/strong> Die EQ6-R PRO, die speziell f\u00fcr die Astrofotografie entwickelt wurde, unterst\u00fctzt problemlos komplette optische Konfigurationen (Refraktor, Teleskop, Kamera, Autoguider). Sein Antriebssystem durch <strong>Synchronriemen<\/strong> reduziert das Backlash deutlich und sorgt so f\u00fcr eine fl\u00fcssigere, leisere und genauere Nachf\u00fchrung, ideal f\u00fcr Deep-Sky-Bilder.<\/p>\n<p>Das System <strong>PPEC (Permanent Periodic Error Correction)<\/strong> erm\u00f6glicht es, periodische Fehler dauerhaft zu korrigieren, wodurch ein st\u00e4ndiges Neulernen vermieden und die Qualit\u00e4t der Nachbereitung verbessert wird.<\/p>\n<h3>Genauigkeit und vollst\u00e4ndige Kontrolle mit Synscan\u2122<\/h3>\n<p>Der Schneeschuh <strong>Synscan\u2122 Go-To<\/strong> erm\u00f6glicht das automatische Ausw\u00e4hlen aus mehr als <strong>42.000 Himmelsobjekte<\/strong> (Messier, NGC, IC, SAO, Caldwell, Doppelsterne, Ver\u00e4nderliche Sterne, Planeten...). Dank seiner intuitiven Benutzeroberfl\u00e4che k\u00f6nnen Sie auch ganz einfach gef\u00fchrte Himmelstouren durchf\u00fchren.<\/p>\n<p>Mit einer Zeigegenauigkeit von bis zu <strong>5 Bogenminuten (RMS)<\/strong> und einer Aufl\u00f6sung von ca. <strong>0,14 Bogensekunden<\/strong>, Diese Montierung gew\u00e4hrleistet eine optimale Genauigkeit bei der Verfolgung und Bildgebung.<\/p>\n<h3>Robustes Design und erweiterte Funktionen<\/h3>\n<ul>\n<li>Riemenantrieb: leiser und spielfreier Betrieb<\/li>\n<li>Integrierter SNAP-Anschluss f\u00fcr die direkte Steuerung einer Kamera<\/li>\n<li>Verbesserte Breiteneinstellung (5\u00b0 bis 65\u00b0)<\/li>\n<li>Integrierter Tragegriff f\u00fcr mehr Praktikabilit\u00e4t<\/li>\n<li>Ultra-stabiles 2\u2033-Stativ aus rostfreiem Stahl<\/li>\n<li>Kompatibel mit doppelten Schwalbenschw\u00e4nzen (45 mm \/ 75 mm)<\/li>\n<\/ul>\n<p>Die EQ6-R PRO ist au\u00dferdem mit einem <strong>Polsucher<\/strong> f\u00fcr eine pr\u00e4zise Ausrichtung, die f\u00fcr die Astrofotografie unerl\u00e4sslich ist.<\/p>\n<h3>Technische Daten<\/h3>\n<table border=\"1\" cellspacing=\"0\" cellpadding=\"8\">\n<tbody>\n<tr>\n<th>Merkmal<\/th>\n<th>Detail<\/th>\n<\/tr>\n<tr>\n<td>Art der Fassung<\/td>\n<td>Deutsch-\u00c4quatorialguinea<\/td>\n<\/tr>\n<tr>\n<td>Maximale Belastung<\/td>\n<td>20 kg (Astrofotografie)<\/td>\n<\/tr>\n<tr>\n<td>Breitengradbereich<\/td>\n<td>5\u00b0 \u00e0 65\u00b0<\/td>\n<\/tr>\n<tr>\n<td>Azimutale Einstellung<\/td>\n<td>\u00b19\u00b0<\/td>\n<\/tr>\n<tr>\n<td>Gewicht des Rahmens<\/td>\n<td>17,3 kg<\/td>\n<\/tr>\n<tr>\n<td>Stativ<\/td>\n<td>Edelstahl 2\u2033, 7,5 kg<\/td>\n<\/tr>\n<tr>\n<td>Gegengewichte im Lieferumfang enthalten<\/td>\n<td>2 x 5 kg<\/td>\n<\/tr>\n<tr>\n<td>Ern\u00e4hrung<\/td>\n<td>DC 11-16V \/ 4A<\/td>\n<\/tr>\n<tr>\n<td>Motoren<\/td>\n<td>Hybridschrittmotoren 1,8\u00b0<\/td>\n<\/tr>\n<tr>\n<td>\u00dcbertragung<\/td>\n<td>Schnecke + Riemen + Mikroschritt<\/td>\n<\/tr>\n<tr>\n<td>Reduktionsverh\u00e4ltnis<\/td>\n<td>720<\/td>\n<\/tr>\n<tr>\n<td>Aufl\u00f6sung<\/td>\n<td>~0,14 Bogensekunden<\/td>\n<\/tr>\n<tr>\n<td>Maximale Geschwindigkeit<\/td>\n<td>4,2\u00b0\/Sekunde<\/td>\n<\/tr>\n<tr>\n<td>Folgegeschwindigkeiten<\/td>\n<td>siderisch, solar, lunar<\/td>\n<\/tr>\n<tr>\n<td>Nachverfolgungsmodus<\/td>\n<td>\u00c4quatorial<\/td>\n<\/tr>\n<tr>\n<td>Autoguiding<\/td>\n<td>0.125x bis 1x<\/td>\n<\/tr>\n<tr>\n<td>RLP-Korrektur<\/td>\n<td>PPEC 100 Segmente<\/td>\n<\/tr>\n<tr>\n<td>Controller<\/td>\n<td>SynScan\u2122<\/td>\n<\/tr>\n<tr>\n<td>Datenbank<\/td>\n<td>42.000+ Gegenst\u00e4nde<\/td>\n<\/tr>\n<tr>\n<td>Genauigkeit beim Zeigen<\/td>\n<td>Bis zu 5 Bogenminuten (RMS)<\/td>\n<\/tr>\n<tr>\n<td>Kameraanschluss<\/td>\n<td>SNAP integriert<\/td>\n<\/tr>\n<tr>\n<td>Schwalbenschwanz<\/td>\n<td>Doppel (45 mm \/ 75 mm)<\/td>\n<\/tr>\n<tr>\n<td>Inklusive Zubeh\u00f6r<\/td>\n<td>Polsucher, Stativ, 2 Gegengewichte<\/td>\n<\/tr>\n<\/tbody>\n<\/table>\n<h3>Warum sollten Sie sich f\u00fcr den EQ6-R PRO Synscan\u2122 entscheiden?<\/h3>\n<p>Vielseitig, robust und \u00e4u\u00dferst pr\u00e4zise - das EQ6-R PRO Synscan\u2122 ist die erste Wahl f\u00fcr Astronomen, die ihre Astrofotografie auf ein neues Niveau heben wollen. Seine Ausgewogenheit zwischen Leistung, Stabilit\u00e4t und fortschrittlichen Funktionen macht es zu einer idealen Montierung, um den Deep-Sky-Himmel mit h\u00f6chster Pr\u00e4zision einzufangen.<\/p>\n<p><em>Hinweis: Die Montierung wird mit 2 Gegengewichten \u00e0 5 kg geliefert (auf den Bildern k\u00f6nnen 4 Gegengewichte zu sehen sein).<\/em><\/p>\n<p>&nbsp;<\/p>","protected":false},"excerpt":{"rendered":"<p>&nbsp; Monture EQ6-R PRO Synscan\u2122 Go-To \u2013 Performance et pr\u00e9cision pour l\u2019astrophotographie La EQ6-R PRO Synscan\u2122 est une monture \u00e9quatoriale allemande motoris\u00e9e de r\u00e9f\u00e9rence, con\u00e7ue pour les astronomes exigeants et les passionn\u00e9s d\u2019astrophotographie. V\u00e9ritable \u00e9volution de la c\u00e9l\u00e8bre EQ6 PRO, elle offre des performances accrues, une pr\u00e9cision remarquable et une ergonomie optimis\u00e9e pour les sessions [&hellip;]<\/p>\n","protected":false},"featured_media":13946,"comment_status":"open","ping_status":"closed","template":"","meta":[],"product_brand":[822],"product_cat":[762],"product_tag":[],"class_list":{"0":"post-13945","1":"product","2":"type-product","3":"status-publish","4":"has-post-thumbnail","6":"product_brand-sky-watcher","7":"product_cat-equatoriales","9":"first","10":"on_supplier","11":"taxable","12":"shipping-taxable","13":"purchasable","14":"product-type-simple"},"_links":{"self":[{"href":"https:\/\/deep-space-astronomy.ch\/de\/wp-json\/wp\/v2\/product\/13945","targetHints":{"allow":["GET"]}}],"collection":[{"href":"https:\/\/deep-space-astronomy.ch\/de\/wp-json\/wp\/v2\/product"}],"about":[{"href":"https:\/\/deep-space-astronomy.ch\/de\/wp-json\/wp\/v2\/types\/product"}],"replies":[{"embeddable":true,"href":"https:\/\/deep-space-astronomy.ch\/de\/wp-json\/wp\/v2\/comments?post=13945"}],"wp:featuredmedia":[{"embeddable":true,"href":"https:\/\/deep-space-astronomy.ch\/de\/wp-json\/wp\/v2\/media\/13946"}],"wp:attachment":[{"href":"https:\/\/deep-space-astronomy.ch\/de\/wp-json\/wp\/v2\/media?parent=13945"}],"wp:term":[{"taxonomy":"product_brand","embeddable":true,"href":"https:\/\/deep-space-astronomy.ch\/de\/wp-json\/wp\/v2\/product_brand?post=13945"},{"taxonomy":"product_cat","embeddable":true,"href":"https:\/\/deep-space-astronomy.ch\/de\/wp-json\/wp\/v2\/product_cat?post=13945"},{"taxonomy":"product_tag","embeddable":true,"href":"https:\/\/deep-space-astronomy.ch\/de\/wp-json\/wp\/v2\/product_tag?post=13945"}],"curies":[{"name":"wp","href":"https:\/\/api.w.org\/{rel}","templated":true}]}}