{"id":13962,"date":"2026-03-23T11:47:02","date_gmt":"2026-03-23T10:47:02","guid":{"rendered":"https:\/\/deep-space-astronomy.ch\/?post_type=product&#038;p=13962"},"modified":"2026-03-23T11:47:16","modified_gmt":"2026-03-23T10:47:16","slug":"acuter-voyager-mak80","status":"publish","type":"product","link":"https:\/\/deep-space-astronomy.ch\/de\/produkt\/acuter-voyager-mak80\/","title":{"rendered":"Acuter Voyager MAK80"},"content":{"rendered":"<p data-rm-block-id=\"block-1\">\n<h3 data-rm-block-id=\"block-2\">ACUTER VOYAGER MAK80: Kompaktes und leistungsstarkes 80\/800 Maksutov-Cassegrain-Teleskop f\u00fcr Astronomie, Natur und Smartphone<\/h3>\n<p data-rm-block-id=\"block-3\"><strong>Acuter<\/strong> ist eine internationale Marke, die f\u00fcr ihre innovativen und <strong>hohe Qualit\u00e4t<\/strong>, f\u00fcr die\u2019<strong>Amateurastronomie<\/strong> und in der\u2019<strong>Bildungsgebrauch<\/strong>. Die <strong>ACUTER VOYAGER MAK80<\/strong> ist ein vielseitiges, robustes und einfach zu bedienendes Instrument, mit dem Sie den Nachthimmel entdecken, die Natur am Tag beobachten und ganz einfach Bilder mit Ihrem Smartphone aufnehmen k\u00f6nnen. Dank seines kompakten Formats passt es problemlos in jedes Reisegep\u00e4ck: eine ausgezeichnete Wahl f\u00fcr einen spontanen Ausflug, die Beobachtung vom Garten aus oder auf Reisen.<\/p>\n<p data-rm-block-id=\"block-4\">Diese Vorlage ist ein <strong>Maksutov-Cassegrain<\/strong> von <strong>80 mm \u00d6ffnung<\/strong>, Ein Design, das f\u00fcr seine Kompaktheit und seine hervorragende optische Korrektur gesch\u00e4tzt wird. Mit einer <strong>800 mm Brennweite<\/strong> und einen Bericht <strong>f\/10<\/strong>, Das VOYAGER MAK80 bietet detailreiche und kontrastreiche Bilder, besonders sch\u00f6n auf dem Mond und den Planeten, und ist dabei auch f\u00fcr Anf\u00e4nger geeignet. Der optische Tubus (OTA) wiegt nur <strong>1,8 kg<\/strong>, Dies erleichtert den Transport und die Installation, ohne Abstriche bei der Stabilit\u00e4t oder der Verarbeitungsqualit\u00e4t zu machen.<\/p>\n<p data-rm-block-id=\"block-5\">Das Set wird gebrauchsfertig mit zwei Okularen im Standard geliefert. <strong>1,25\u2033<\/strong> : <strong>20 mm<\/strong> und <strong>10 mm<\/strong>. Sie erm\u00f6glichen sofort die <strong>Vergr\u00f6\u00dferungen x40 und x80<\/strong>, Die Mondlandschaften sind ideal f\u00fcr die Erkundung der wichtigsten Mondlandschaften, der Venusphasen, des Jupiters und seiner Monde sowie, je nach Bedingungen, des Saturns und seiner Ringe. Die <strong>potenzielle praktische Leistung<\/strong> kann erreichen <strong>x160<\/strong>, Die meisten dieser M\u00f6glichkeiten sind abh\u00e4ngig von den atmosph\u00e4rischen Turbulenzen und der Qualit\u00e4t des verwendeten Materials. Zum einfachen Zielen ist ein <strong>optischer Sucher 8\u00d721<\/strong> ist enthalten: Er beschleunigt das Zeigen und macht das Lernen des Himmels intuitiver.<\/p>\n<p data-rm-block-id=\"block-6\">Ein gro\u00dfer Vorteil dieses VOYAGER MAK80 ist seine <strong>gleichrichtendes Prisma 90\u00b0<\/strong> besonders qualitativ: Es handelt sich um einen <strong>roof prism 1,25\u2033.<\/strong> \u00e0 <strong>Phasenbehandlung<\/strong>, ein Bild garantieren <strong>begradigt<\/strong> und komfortabel zu bedienen. Konkret profitieren Sie von einer Ausrichtung \u201cwie mit dem blo\u00dfen Auge\u201d, was sehr praktisch f\u00fcr die terrestrische Beobachtung (Landschaften, Fauna, V\u00f6gel, Zielmarkierungen) und f\u00fcr Einsteiger ist. Der 90\u00b0-Winkel verbessert auch den Komfort bei der astronomischen Beobachtung, wenn das Instrument nach oben gerichtet ist, indem er unbequeme K\u00f6rperhaltungen verringert.<\/p>\n<p data-rm-block-id=\"block-7\">Die Fokussierung erfolgt durch <strong>Verschiebung des Hauptspiegels<\/strong>, Eine effiziente und pr\u00e4zise L\u00f6sung f\u00fcr diese Art von Optik. Die <strong>Zelle des Hauptspiegels ist verstellbar<\/strong>, Dies tr\u00e4gt dazu bei, die mechanische und optische Leistung \u00fcber einen l\u00e4ngeren Zeitraum zu erhalten. Das Set umfasst au\u00dferdem eine <strong>Koffer\/Transporttasche<\/strong>Die <strong>Staubschutzkappen<\/strong> und eine <strong>Geschenkschachtel<\/strong> mit Griff, praktisch, um Material sauber aufzubewahren und zu transportieren.<\/p>\n<p data-rm-block-id=\"block-8\">F\u00fcr die Fotografie stellt Acuter einen <strong>Smartphone-Adapter<\/strong> So k\u00f6nnen Sie Aufnahmen vom Mond, von weit entfernten Naturszenen oder von Details, die Sie mit dem Okular beobachtet haben, machen. Dies ist ein einfacher und spielerischer Ansatz, um das Digiscoping zu erlernen und seine Beobachtungen schnell mit anderen zu teilen. Der VOYAGER MAK80 kann sich au\u00dferdem weiterentwickeln: Er nimmt <strong>Standardokulare 1,25\u2033.<\/strong> optional, um den Vergr\u00f6\u00dferungsbereich zu erweitern und das Erlebnis an Ihre Ziele anzupassen.<\/p>\n<p data-rm-block-id=\"block-9\">Die Vielseitigkeit zeigt sich auch bei den Bindungen. Das Rohr kann an einem <strong>Fotostativ<\/strong> \u00fcber den Standardschritt <strong>1\/4\u2033<\/strong>, Dies ist eine ideale L\u00f6sung, wenn Sie bereits ein Stativ besitzen. Es kann auch auf einer astronomischen Montierung mithilfe einer <strong>45 mm Vixen\/Sky-Watcher-Schwalbenschwanz<\/strong>, und erm\u00f6glicht so eine eher astronomisch orientierte Konfiguration. Schlie\u00dflich tr\u00e4gt dieses Design den Namen <strong>Dmitri Maksutov (1896-1964)<\/strong>, Der russische Optiker und Astronom f\u00fchrte 1941 diese Architektur ein, die heute f\u00fcr ihre Kompaktheit und Bildqualit\u00e4t ber\u00fchmt ist.<\/p>\n<table>\n<thead>\n<tr>\n<th data-rm-block-id=\"block-10\">Merkmal<\/th>\n<th data-rm-block-id=\"block-11\">Detail<\/th>\n<\/tr>\n<\/thead>\n<tbody>\n<tr>\n<td data-rm-block-id=\"block-12\">Marke<\/td>\n<td data-rm-block-id=\"block-13\">Acuter<\/td>\n<\/tr>\n<tr>\n<td data-rm-block-id=\"block-14\">Typ<\/td>\n<td data-rm-block-id=\"block-15\">Maksutov-Cassegrain<\/td>\n<\/tr>\n<tr>\n<td data-rm-block-id=\"block-16\">Er\u00f6ffnung<\/td>\n<td data-rm-block-id=\"block-17\">80 mm<\/td>\n<\/tr>\n<tr>\n<td data-rm-block-id=\"block-18\">Brennweite \/ F\/D<\/td>\n<td data-rm-block-id=\"block-19\">800 mm \/ f\/10<\/td>\n<\/tr>\n<tr>\n<td data-rm-block-id=\"block-20\">Vergr\u00f6\u00dferungen (inklusive)<\/td>\n<td data-rm-block-id=\"block-21\">x40 &amp; x80<\/td>\n<\/tr>\n<tr>\n<td data-rm-block-id=\"block-22\">Praktische (potenzielle) Leistung<\/td>\n<td data-rm-block-id=\"block-23\">x160<\/td>\n<\/tr>\n<tr>\n<td data-rm-block-id=\"block-24\">Mitgelieferte Okulare<\/td>\n<td data-rm-block-id=\"block-25\">10 mm &amp; 20 mm (1,25\u2033)<\/td>\n<\/tr>\n<tr>\n<td data-rm-block-id=\"block-26\">Prisma<\/td>\n<td data-rm-block-id=\"block-27\">Prisma Gleichrichter 90\u00b0 1,25\u2033 roof, Phasenbearbeitung<\/td>\n<\/tr>\n<tr>\n<td data-rm-block-id=\"block-28\">Forscher<\/td>\n<td data-rm-block-id=\"block-29\">8\u00d721<\/td>\n<\/tr>\n<tr>\n<td data-rm-block-id=\"block-30\">Fokussieren<\/td>\n<td data-rm-block-id=\"block-31\">Durch Verschieben des Hauptspiegels<\/td>\n<\/tr>\n<tr>\n<td data-rm-block-id=\"block-32\">Stativmontage<\/td>\n<td data-rm-block-id=\"block-33\">1\/4\u2033-Gewinde<\/td>\n<\/tr>\n<tr>\n<td data-rm-block-id=\"block-34\">Astro-Montage<\/td>\n<td data-rm-block-id=\"block-35\">Vixen\/Sky-Watcher-Schwalbenschwanz 45 mm<\/td>\n<\/tr>\n<tr>\n<td data-rm-block-id=\"block-36\">Zubeh\u00f6r<\/td>\n<td data-rm-block-id=\"block-37\">Smartphone-Adapter, H\u00fclle, St\u00f6psel, Geschenkbox<\/td>\n<\/tr>\n<tr>\n<td data-rm-block-id=\"block-38\">OTA-Gewicht<\/td>\n<td data-rm-block-id=\"block-39\">1,8 kg<\/td>\n<\/tr>\n<\/tbody>\n<\/table>\n<p data-rm-block-id=\"block-40\">","protected":false},"excerpt":{"rendered":"<p>ACUTER VOYAGER MAK80 : t\u00e9lescope Maksutov-Cassegrain 80\/800 compact et performant pour astronomie, nature et smartphone Acuter est une marque internationale reconnue pour ses produits innovants et de haute qualit\u00e9, destin\u00e9s \u00e0 l\u2019astronomie amateur et \u00e0 l\u2019usage \u00e9ducatif. Le ACUTER VOYAGER MAK80 s\u2019inscrit pleinement dans cette d\u00e9marche : un instrument polyvalent, robuste et simple \u00e0 utiliser, [&hellip;]<\/p>\n","protected":false},"featured_media":13963,"comment_status":"open","ping_status":"closed","template":"","meta":[],"product_brand":[849],"product_cat":[752],"product_tag":[],"class_list":{"0":"post-13962","1":"product","2":"type-product","3":"status-publish","4":"has-post-thumbnail","6":"product_brand-acuter","7":"product_cat-maksutov-cassegrain","9":"first","10":"on_supplier","11":"taxable","12":"shipping-taxable","13":"purchasable","14":"product-type-simple"},"_links":{"self":[{"href":"https:\/\/deep-space-astronomy.ch\/de\/wp-json\/wp\/v2\/product\/13962","targetHints":{"allow":["GET"]}}],"collection":[{"href":"https:\/\/deep-space-astronomy.ch\/de\/wp-json\/wp\/v2\/product"}],"about":[{"href":"https:\/\/deep-space-astronomy.ch\/de\/wp-json\/wp\/v2\/types\/product"}],"replies":[{"embeddable":true,"href":"https:\/\/deep-space-astronomy.ch\/de\/wp-json\/wp\/v2\/comments?post=13962"}],"wp:featuredmedia":[{"embeddable":true,"href":"https:\/\/deep-space-astronomy.ch\/de\/wp-json\/wp\/v2\/media\/13963"}],"wp:attachment":[{"href":"https:\/\/deep-space-astronomy.ch\/de\/wp-json\/wp\/v2\/media?parent=13962"}],"wp:term":[{"taxonomy":"product_brand","embeddable":true,"href":"https:\/\/deep-space-astronomy.ch\/de\/wp-json\/wp\/v2\/product_brand?post=13962"},{"taxonomy":"product_cat","embeddable":true,"href":"https:\/\/deep-space-astronomy.ch\/de\/wp-json\/wp\/v2\/product_cat?post=13962"},{"taxonomy":"product_tag","embeddable":true,"href":"https:\/\/deep-space-astronomy.ch\/de\/wp-json\/wp\/v2\/product_tag?post=13962"}],"curies":[{"name":"wp","href":"https:\/\/api.w.org\/{rel}","templated":true}]}}