{"id":13965,"date":"2026-03-23T12:30:42","date_gmt":"2026-03-23T11:30:42","guid":{"rendered":"https:\/\/deep-space-astronomy.ch\/?post_type=product&#038;p=13965"},"modified":"2026-03-23T12:32:52","modified_gmt":"2026-03-23T11:32:52","slug":"sky-watcher-starquest-102r","status":"publish","type":"product","link":"https:\/\/deep-space-astronomy.ch\/de\/produkt\/sky-watcher-starquest-102r\/","title":{"rendered":"Sky-Watcher StarQuest-102R"},"content":{"rendered":"<p>&nbsp;<\/p>\n<h3>Sky-Watcher Starquest-102R: 102\/500 \u201cgrab-and-go\u201d astronomisches Fernrohr mit manueller \u00e4quatorialer Montierung<\/h3>\n<p>Die <strong>SkyWatcher Starquest-102R mit manueller \u00e4quatorialer Montierung<\/strong> ist ein astronomisches Fernrohr, das f\u00fcr den Beobachter gedacht ist, der ein Instrument will <strong>leicht<\/strong>, <strong>schnell zu installieren<\/strong> und leistungsstark, ohne von einem Antrieb abh\u00e4ngig zu sein. Die Serie <strong>STARQUEST<\/strong> positioniert sich als eine Reihe \u201c<strong>grab-and-go<\/strong>\u201d: eine kompakte L\u00f6sung, die die <strong>optische Sky-Watcher<\/strong> die f\u00fcr ihre Zuverl\u00e4ssigkeit bekannt sind, mit einer <strong>neu entworfene \u00e4quatoriale Montierung<\/strong>, Das Modell ist ein sorgf\u00e4ltig entwickeltes Modell, das einen sehr guten Kompromiss zwischen Pr\u00e4zision, Stabilit\u00e4t und Benutzerfreundlichkeit bietet. Dieses Set wird komplett geliefert mit <strong>verstellbares Aluminiumstativ<\/strong>, Die Gr\u00f6\u00dfe des Teleskops ist ideal f\u00fcr die Anpassung an Ihre Beobachtungsh\u00f6he und an unebenes Gel\u00e4nde, wenn Sie unter einem dunkleren Himmel unterwegs sind.<\/p>\n<p>Im Zentrum des Pakets steht die <strong>STARQUEST-102R<\/strong> ist ein achromatisches Fernrohr mit <strong>2 Elemente<\/strong> luftgetrennt, Design <strong>Fraunhofer<\/strong>. O-Ton <strong>102 mm \u00d6ffnung<\/strong> f\u00e4ngt f\u00fcr ihre Kategorie viel Licht ein, w\u00e4hrend ihre <strong>500 mm Brennweite<\/strong> (entweder <strong>f\/4.9<\/strong>) verleiht ihm einen \u201c<strong>rich-field<\/strong>\u201d sehr beliebt. Konkret zeichnet sie sich aus in <strong>gro\u00dfe Felder<\/strong> : Beobachtung von <strong>Kometen<\/strong>, Scannen von <strong>Sternenfelder<\/strong>, Die Sch\u00fclerinnen und Sch\u00fcler k\u00f6nnen sich mit den folgenden Dingen besch\u00e4ftigen\u2019<strong>offene Sternhaufen<\/strong> und von <strong>leuchtende Nebel<\/strong>. Sie ist auch auf gl\u00e4nzenden Objekten sehr angenehm : <strong>der Mond<\/strong> (Krater, Mondmeere, Terminator) und die <strong>Planeten<\/strong> die am leichtesten zug\u00e4nglich sind. Optischer Klang <strong>behandelt (multi-coated)<\/strong> f\u00f6rdert die Transmission und hilft, einen guten Kontrast zu erhalten, vor allem im Deep-Sky-Bereich bei weitl\u00e4ufigen Zielen.<\/p>\n<p>Die \u00e4quatoriale STARQUEST-Montierung ist ein weiteres Highlight dieses Teleskops. Einmal <strong>Stationierung<\/strong> (polare Ausrichtung), erm\u00f6glicht sie eine <strong>Naturbeobachtung<\/strong> von Objekten im Laufe der Nacht, indem die Erdrotation ausgeglichen wird. Sky-Watcher hat einen integrierten <strong>hochwertiges Kupplungssystem (clutch)<\/strong>eine <strong>pr\u00e4zise Mechanik<\/strong> auf einem Zahnrad ruhend <strong>122 Z\u00e4hne \/ 360\u00b0<\/strong> auf <strong>die beiden Achsen<\/strong>, und <strong>Kabel von langsamen Bewegungen<\/strong> angenehm zu handhaben. Das Ergebnis ist ein leichteres Anvisieren und Zentrieren sowie eine gleichm\u00e4\u00dfigere Nachf\u00fchrung, die besonders bei h\u00f6herer Vergr\u00f6\u00dferung n\u00fctzlich ist. Die Montierung beh\u00e4lt eine gute Steifigkeit bei, mit einer <strong>maximale visuelle Nutzlast von 3 kg<\/strong>, Das entspricht der gelieferten R\u00f6hre und dem angemessenen Zubeh\u00f6r.<\/p>\n<p>Als Accessoire verf\u00fcgt die Brille \u00fcber einen <strong>Okularhalter Zahnstange 2\u2033<\/strong> (Rack &amp; Pinion) mit <strong>Reducer 1,25\u2033.<\/strong> und Kompatibilit\u00e4t <strong>T2<\/strong>. Diese Konfiguration ist sehr praktisch: Sie nimmt sowohl 2\u2033-Weitfeldokulare auf, um den \u201cSweep\u201d-Charakter des Fernrohrs zu nutzen, als auch die klassischeren 1,25\u2033-Okulare. Der T2-Anschluss erleichtert bestimmte Adaptermontagen \u00fcber Ringe, je nachdem, was Sie ben\u00f6tigen. Der Tubus bleibt leicht zu transportieren mit einem <strong>Gewicht ca. 2 kg<\/strong>, w\u00e4hrend die Montierung <strong>5 kg<\/strong> insgesamt eine interessante Kombination f\u00fcr diejenigen, die h\u00e4ufig beobachten wollen, ohne schwere Logistik.<\/p>\n<p><strong>Tipp f\u00fcr starke Vergr\u00f6\u00dferungen:<\/strong> ein schneller achromatischer Refraktor wie dieser weist nat\u00fcrlich einen <strong>Chromatismus<\/strong> : ein <strong>blaue Umrandung<\/strong> um sehr helle Objekte (Mond, Planeten, helle Sterne). Dieser Fehler ist in der Regel <strong>m\u00e4\u00dfig bis etwa 100\u00d7<\/strong> und ist nicht sehr st\u00f6rend. Wenn Sie die Vergr\u00f6\u00dferung noch weiter steigern m\u00f6chten, sollten Sie einen <strong>Baader Fringe Killer<\/strong> oder ein <strong>Baader Contrast Booster<\/strong>. Diese Filter reduzieren die Wellenl\u00e4ngen, die f\u00fcr chromatische Aberration verantwortlich sind, und verbessern so den Sehkomfort, den Kontrast und die wahrgenommene Sch\u00e4rfe. Mit ihnen wird die STARQUEST-102R noch \u00fcberzeugender, indem sie <strong>lunar<\/strong> und in <strong>planetarisch<\/strong>, Die Pflanze hat sich in den letzten Jahren deutlich verbessert, wobei sie ihre hervorragende Leistung auf dem Feld beibehalten hat.<\/p>\n<table>\n<thead>\n<tr>\n<th>Merkmal<\/th>\n<th>Detail<\/th>\n<\/tr>\n<\/thead>\n<tbody>\n<tr>\n<td>Optisches System<\/td>\n<td>Fraunhofer-Achromat, 2 Elemente (air-spaced)<\/td>\n<\/tr>\n<tr>\n<td>Er\u00f6ffnung<\/td>\n<td>102 mm<\/td>\n<\/tr>\n<tr>\n<td>Brennweite<\/td>\n<td>500 mm<\/td>\n<\/tr>\n<tr>\n<td>Fotografische Geschwindigkeit<\/td>\n<td>f\/4.9<\/td>\n<\/tr>\n<tr>\n<td>Behandlung<\/td>\n<td>Multi-coated<\/td>\n<\/tr>\n<tr>\n<td>Grenzmagnitude (visuell)<\/td>\n<td>13m1<\/td>\n<\/tr>\n<tr>\n<td>Aufl\u00f6sung<\/td>\n<td>1.13\u2033<\/td>\n<\/tr>\n<tr>\n<td>Okularhalter<\/td>\n<td>Zahnstange 2\u2033 + Reduktionsgetriebe 1,25\u2033 + T2<\/td>\n<\/tr>\n<tr>\n<td>Gewicht der R\u00f6hre<\/td>\n<td>~ 2 kg<\/td>\n<\/tr>\n<tr>\n<td>Art der Fassung<\/td>\n<td>\u00c4quatorialguinea, manuelle Nachverfolgung<\/td>\n<\/tr>\n<tr>\n<td>Max. Nutzlast (visuell)<\/td>\n<td>3.00 kg<\/td>\n<\/tr>\n<tr>\n<td>Gesamtgewicht Brillengestell<\/td>\n<td>5.00 kg<\/td>\n<\/tr>\n<tr>\n<td>Stativ<\/td>\n<td>Aluminium verstellbar, mitgeliefert<\/td>\n<\/tr>\n<\/tbody>\n<\/table>\n<p>Zusammenfassend l\u00e4sst sich sagen, dass die <strong>Sky-Watcher Starquest-102R<\/strong> ist ein Fernrohr <strong>102\/500<\/strong> vielseitig einsetzbar, ideal, um den Himmel zu entdecken, mit leichtem Gep\u00e4ck zu reisen und eine <strong>manuelle \u00e4quatoriale Nachf\u00fchrung<\/strong> pr\u00e4zise. Es bietet wundersch\u00f6ne Sternenpanoramen, eine hervorragende Wiedergabe von hellen Objekten und ein einfaches, fl\u00fcssiges und erweiterbares Beobachtungserlebnis dank des Standardzubeh\u00f6rs.<\/p>\n<p>&nbsp;<\/p>","protected":false},"excerpt":{"rendered":"<p>&nbsp; Sky-Watcher Starquest-102R : lunette astronomique 102\/500 \u201cgrab-and-go\u201d avec monture \u00e9quatoriale manuelle La SkyWatcher Starquest-102R avec monture \u00e9quatoriale manuelle est une lunette astronomique pens\u00e9e pour l\u2019observateur qui veut un instrument l\u00e9ger, rapide \u00e0 installer et performant, sans d\u00e9pendre d\u2019une motorisation. La s\u00e9rie STARQUEST se positionne comme une gamme \u201cgrab-and-go\u201d : une solution compacte qui combine [&hellip;]<\/p>\n","protected":false},"featured_media":13966,"comment_status":"open","ping_status":"closed","template":"","meta":[],"product_brand":[822],"product_cat":[384,754],"product_tag":[],"class_list":{"0":"post-13965","1":"product","2":"type-product","3":"status-publish","4":"has-post-thumbnail","6":"product_brand-sky-watcher","7":"product_cat-lunettes_refracteurs","8":"product_cat-lunettes-achromatiques","10":"first","11":"on_supplier","12":"taxable","13":"shipping-taxable","14":"purchasable","15":"product-type-simple"},"_links":{"self":[{"href":"https:\/\/deep-space-astronomy.ch\/de\/wp-json\/wp\/v2\/product\/13965","targetHints":{"allow":["GET"]}}],"collection":[{"href":"https:\/\/deep-space-astronomy.ch\/de\/wp-json\/wp\/v2\/product"}],"about":[{"href":"https:\/\/deep-space-astronomy.ch\/de\/wp-json\/wp\/v2\/types\/product"}],"replies":[{"embeddable":true,"href":"https:\/\/deep-space-astronomy.ch\/de\/wp-json\/wp\/v2\/comments?post=13965"}],"wp:featuredmedia":[{"embeddable":true,"href":"https:\/\/deep-space-astronomy.ch\/de\/wp-json\/wp\/v2\/media\/13966"}],"wp:attachment":[{"href":"https:\/\/deep-space-astronomy.ch\/de\/wp-json\/wp\/v2\/media?parent=13965"}],"wp:term":[{"taxonomy":"product_brand","embeddable":true,"href":"https:\/\/deep-space-astronomy.ch\/de\/wp-json\/wp\/v2\/product_brand?post=13965"},{"taxonomy":"product_cat","embeddable":true,"href":"https:\/\/deep-space-astronomy.ch\/de\/wp-json\/wp\/v2\/product_cat?post=13965"},{"taxonomy":"product_tag","embeddable":true,"href":"https:\/\/deep-space-astronomy.ch\/de\/wp-json\/wp\/v2\/product_tag?post=13965"}],"curies":[{"name":"wp","href":"https:\/\/api.w.org\/{rel}","templated":true}]}}