{"id":13973,"date":"2026-03-23T16:05:51","date_gmt":"2026-03-23T15:05:51","guid":{"rendered":"https:\/\/deep-space-astronomy.ch\/?post_type=product&#038;p=13973"},"modified":"2026-03-23T16:12:29","modified_gmt":"2026-03-23T15:12:29","slug":"sky-watcher-explorer-300pds","status":"publish","type":"product","link":"https:\/\/deep-space-astronomy.ch\/de\/produkt\/sky-watcher-explorer-300pds\/","title":{"rendered":"Sky-Watcher Explorer-300PDS"},"content":{"rendered":"<p>&nbsp;<\/p>\n<h3>Sky-Watcher EXPLORER-300PDS: 305mm Hochleistungs-Newton-Teleskop f\u00fcr Astrofotografie und Beobachtung<\/h3>\n<p>Die <strong>Sky-Watcher EXPLORER-300PDS<\/strong> ist ein Newton-Teleskop mit gro\u00dfem Durchmesser, das entwickelt wurde, um au\u00dfergew\u00f6hnliche Leistungen zu erbringen in <strong>Astrofotografie<\/strong> wie in <strong>visuelle Beobachtung<\/strong>. Als direkte Weiterentwicklung des ber\u00fchmten Explorer-300P bietet diese PDS-Version (Photo Dual Speed) wichtige Verbesserungen, die sie zum Instrument der Wahl f\u00fcr anspruchsvolle Astronomen machen, die Deep-Sky-Bilder mit hoher Pr\u00e4zision aufnehmen m\u00f6chten.<\/p>\n<p>Dieses Modell beh\u00e4lt denselben <strong>parabolischer 305-mm-Prim\u00e4rspiegel<\/strong> als sein Vorg\u00e4nger und garantiert eine beeindruckende Lichtsammelf\u00e4higkeit. Mit <strong>44% mehr Licht als ein 250-mm-Teleskop<\/strong>, Mit diesem Objektiv k\u00f6nnen Sie feine Details in Galaxien, Nebeln und Sternhaufen erkennen. Die lange Brennweite von <strong>1500 mm (f\/4.9)<\/strong> bietet einen hervorragenden Kompromiss zwischen gro\u00dfem Gesichtsfeld und Aufl\u00f6sung und ist besonders f\u00fcr die Deep-Sky-Bildgebung geeignet.<\/p>\n<p>Eine der gr\u00f6\u00dften St\u00e4rken des EXPLORER-300PDS ist seine <strong>Crayford 2\u2033-Okularhalter mit doppelter Geschwindigkeit (Verh\u00e4ltnis 10:1)<\/strong>. Dieses System erm\u00f6glicht eine \u00e4u\u00dferst pr\u00e4zise Einstellung der Sch\u00e4rfe, die in der Astrofotografie, wo die Sch\u00e4rfe perfekt sein muss, unerl\u00e4sslich ist. Die feine Untersetzung erleichtert selbst bei hochaufl\u00f6senden Sensoren sorgf\u00e4ltige Anpassungen.<\/p>\n<p>Der optische Tubus wurde <strong>leicht gek\u00fcrzt<\/strong> im Vergleich zur Standardversion, um die Nutzung zu optimieren in <strong>Aufnahme im Prim\u00e4rfoyer<\/strong>. Dieses Design verbessert die Kompatibilit\u00e4t mit vielen Kameras und astronomischen Kameras und macht es einfacher, den Fokuspunkt ohne zus\u00e4tzliches Zubeh\u00f6r zu erreichen.<\/p>\n<p>Der Prim\u00e4r- und der Sekund\u00e4rspiegel profitieren von der Behandlung <strong>Radiant\u2122 Aluminum Quarz (RAQ\u2122)<\/strong>, und bietet bis zu <strong>94% Reflektivit\u00e4t<\/strong>. Diese Beschichtung garantiert eine hervorragende Lichtdurchl\u00e4ssigkeit, eine bessere Haltbarkeit und eine gleichbleibende Leistung im Laufe der Zeit. Dar\u00fcber hinaus sind die Halterungen des Sekund\u00e4rspiegels aus <strong>ultrad\u00fcnne B\u00fcgel 0,5 mm<\/strong>, Die Bilder werden in der Regel in einer Art und Weise dargestellt, die die Beugung deutlich reduziert und den Kontrast der Bilder verbessert.<\/p>\n<p>Um dieses Instrument optimal zu nutzen, sollten Sie einen <strong>Sky-Watcher-Koma-Korrektur<\/strong>. Dieses Zubeh\u00f6r korrigiert die typischen optischen Verzerrungen, die bei schnellen Newton-Teleskopen (f\/4.9) auftreten, und sorgt f\u00fcr perfekt punktf\u00f6rmige Sterne \u00fcber das gesamte Feld - ein wesentlicher Vorteil bei der Astrofotografie.<\/p>\n<p>Der EXPLORER-300PDS wird mit einem <strong>28 mm LET-Okular (2\u2033)<\/strong>, mit einer Vergr\u00f6\u00dferung von <strong>x53.5<\/strong>, Es ist ideal f\u00fcr Weitfeldbeobachtungen. Seine theoretische Maximalleistung erreicht <strong>x610<\/strong>, So k\u00f6nnen Sie auch die feinsten Details unter optimalen Bedingungen erkunden. Ein <strong>Sucher 9\u00d750<\/strong> ist ebenfalls enthalten, um das Auffinden von Himmelsobjekten zu erleichtern.<\/p>\n<p>Die R\u00f6hre wird mit <strong>robuste Befestigungsschellen<\/strong> sowie eine <strong>Schwalbenschwanz Typ Losmandy<\/strong>, Das Teleskop ist mit schweren \u00e4quatorialen Montierungen kompatibel, die diese Art von Instrument tragen k\u00f6nnen. Dieses Teleskop eignet sich besonders f\u00fcr robuste Montierungen, die f\u00fcr fortgeschrittene Astrofotografie bestimmt sind.<\/p>\n<p>Leistungsstark, pr\u00e4zise und optimiert f\u00fcr die Bildgebung ist der <strong>Sky-Watcher EXPLORER-300PDS<\/strong> hat sich als Referenz f\u00fcr alle Enthusiasten etabliert, die ein h\u00f6heres Niveau in der Deep-Sky-Beobachtung und Astrofotografie anstreben.<\/p>\n<h3>Technische Daten zu Sky-Watcher EXPLORER-300PDS<\/h3>\n<table border=\"1\" cellspacing=\"0\" cellpadding=\"8\">\n<tbody>\n<tr>\n<th>Merkmal<\/th>\n<th>Detail<\/th>\n<\/tr>\n<tr>\n<td>Art des Teleskops<\/td>\n<td>Newton Reflektor<\/td>\n<\/tr>\n<tr>\n<td>Spiegeldurchmesser<\/td>\n<td>305 mm<\/td>\n<\/tr>\n<tr>\n<td>Brennweite<\/td>\n<td>1500 mm<\/td>\n<\/tr>\n<tr>\n<td>Fokusbericht<\/td>\n<td>f\/4.9<\/td>\n<\/tr>\n<tr>\n<td>Gelieferte Vergr\u00f6\u00dferung<\/td>\n<td>x53.5<\/td>\n<\/tr>\n<tr>\n<td>Maximale Vergr\u00f6\u00dferung<\/td>\n<td>x610<\/td>\n<\/tr>\n<tr>\n<td>Optische Verarbeitung<\/td>\n<td>RAQ\u2122 (bis zu 94% Reflexionsverm\u00f6gen)<\/td>\n<\/tr>\n<tr>\n<td>Art des Spiegels<\/td>\n<td>Parabolisch<\/td>\n<\/tr>\n<tr>\n<td>Okularhalter<\/td>\n<td>Crayford 2\u2033 Dual-Speed 10:1<\/td>\n<\/tr>\n<tr>\n<td>Inklusive Okular<\/td>\n<td>28 mm LET (2\u2033)<\/td>\n<\/tr>\n<tr>\n<td>Forscher<\/td>\n<td>9\u00d750<\/td>\n<\/tr>\n<tr>\n<td>Halterung f\u00fcr Zweitspiegel<\/td>\n<td>Ultrad\u00fcnne \u00c4ste 0,5 mm<\/td>\n<\/tr>\n<tr>\n<td>Befestigung<\/td>\n<td>Halsketten + Schwalbenschwanz Typ Losmandy<\/td>\n<\/tr>\n<tr>\n<td>Optimierung<\/td>\n<td>Verk\u00fcrzte R\u00f6hre f\u00fcr Astrofotografie<\/td>\n<\/tr>\n<tr>\n<td>Helligkeitsgewinn<\/td>\n<td>+44% im Vergleich zu 250 mm<\/td>\n<\/tr>\n<\/tbody>\n<\/table>\n<p>&nbsp;<\/p>","protected":false},"excerpt":{"rendered":"<p>&nbsp; Sky-Watcher EXPLORER-300PDS : t\u00e9lescope Newton 305 mm haute performance pour astrophotographie et observation Le Sky-Watcher EXPLORER-300PDS est un t\u00e9lescope Newton de grand diam\u00e8tre con\u00e7u pour offrir des performances exceptionnelles en astrophotographie comme en observation visuelle. \u00c9volution directe du c\u00e9l\u00e8bre Explorer-300P, cette version PDS (Photo Dual Speed) int\u00e8gre des am\u00e9liorations majeures qui en font un [&hellip;]<\/p>\n","protected":false},"featured_media":13974,"comment_status":"open","ping_status":"closed","template":"","meta":[],"product_brand":[822],"product_cat":[15,747,392],"product_tag":[],"class_list":{"0":"post-13973","1":"product","2":"type-product","3":"status-publish","4":"has-post-thumbnail","6":"product_brand-sky-watcher","7":"product_cat-non-classe","8":"product_cat-newton","9":"product_cat-telescopes_reflecteurs","11":"first","12":"on_supplier","13":"taxable","14":"shipping-taxable","15":"purchasable","16":"product-type-simple"},"_links":{"self":[{"href":"https:\/\/deep-space-astronomy.ch\/de\/wp-json\/wp\/v2\/product\/13973","targetHints":{"allow":["GET"]}}],"collection":[{"href":"https:\/\/deep-space-astronomy.ch\/de\/wp-json\/wp\/v2\/product"}],"about":[{"href":"https:\/\/deep-space-astronomy.ch\/de\/wp-json\/wp\/v2\/types\/product"}],"replies":[{"embeddable":true,"href":"https:\/\/deep-space-astronomy.ch\/de\/wp-json\/wp\/v2\/comments?post=13973"}],"wp:featuredmedia":[{"embeddable":true,"href":"https:\/\/deep-space-astronomy.ch\/de\/wp-json\/wp\/v2\/media\/13974"}],"wp:attachment":[{"href":"https:\/\/deep-space-astronomy.ch\/de\/wp-json\/wp\/v2\/media?parent=13973"}],"wp:term":[{"taxonomy":"product_brand","embeddable":true,"href":"https:\/\/deep-space-astronomy.ch\/de\/wp-json\/wp\/v2\/product_brand?post=13973"},{"taxonomy":"product_cat","embeddable":true,"href":"https:\/\/deep-space-astronomy.ch\/de\/wp-json\/wp\/v2\/product_cat?post=13973"},{"taxonomy":"product_tag","embeddable":true,"href":"https:\/\/deep-space-astronomy.ch\/de\/wp-json\/wp\/v2\/product_tag?post=13973"}],"curies":[{"name":"wp","href":"https:\/\/api.w.org\/{rel}","templated":true}]}}