{"id":13979,"date":"2026-03-23T16:43:22","date_gmt":"2026-03-23T15:43:22","guid":{"rendered":"https:\/\/deep-space-astronomy.ch\/?post_type=product&#038;p=13979"},"modified":"2026-03-23T23:27:46","modified_gmt":"2026-03-23T22:27:46","slug":"sky-watcher-az-gti","status":"publish","type":"product","link":"https:\/\/deep-space-astronomy.ch\/de\/produkt\/sky-watcher-az-gti\/","title":{"rendered":"Sky-Watcher AZ-GTi"},"content":{"rendered":"<p>&nbsp;<\/p>\n<h3>Sky-Watcher AZ-GTi: Ultraportable WiFi-GoTo-Montierung f\u00fcr mobile Beobachtung und Astronomie<\/h3>\n<p>Die <strong>Sky-Watcher AZ-GTi<\/strong> ist eine revolution\u00e4re alt-azimutale Montierung, die entwickelt wurde, um ein modernes, intuitives und vollst\u00e4ndig vernetztes astronomisches Beobachtungserlebnis zu bieten. Mit einem Leichtgewicht von nur <strong>1,3 kg<\/strong>, Diese ultra-portable Montierung ist ideal f\u00fcr mobile Astronomen, die eine leistungsstarke Ausr\u00fcstung ben\u00f6tigen, die leicht zu transportieren und schnell einsatzbereit ist. Die Montierung ist nur mit einem Kopf erh\u00e4ltlich und kann mithilfe des <strong>Standardgewinde 3\/8\u2033<\/strong>.<\/p>\n<p>Eine der gr\u00f6\u00dften St\u00e4rken von AZ-GTi ist seine <strong>eingebautes WiFi-Modul<\/strong>, die eine vollst\u00e4ndige drahtlose Steuerung \u00fcber ein Smartphone oder einen Tablet-PC erm\u00f6glicht. Dank der kostenlosen App <strong>SynScan<\/strong> (iOS und Android) kann der Benutzer die Montierung steuern, automatisch auf Himmelsobjekte zeigen und deren Bewegung in Echtzeit verfolgen. Die Montierung erzeugt ihren <strong>eigenes WiFi-Netzwerk<\/strong>, Das bedeutet, dass sie \u00fcberall verwendet werden kann, ohne auf eine Internetverbindung oder ein externes Netzwerk angewiesen zu sein.<\/p>\n<p>Nachdem Sie Ihre geografischen Koordinaten in die Anwendung eingegeben und eine einfache Ausrichtung (heller Stern oder Nordh\u00f6he) vorgenommen haben, gelangen Sie auf eine intuitive Touchscreen-Schnittstelle, mit der Sie den Himmel erkunden k\u00f6nnen. Die Funktion <strong>Vollautomatische GoTo<\/strong> erm\u00f6glicht den sofortigen Verweis auf mehr als <strong>10.000 Himmelsobjekte<\/strong>, Dazu geh\u00f6ren die Kataloge Messier, NGC, IC und Caldwell, sowie benannte Sterne, Doppelsterne und die wichtigsten Objekte des Sonnensystems.<\/p>\n<p>Die exklusive Technologie <strong>Freedom-Find\u2122<\/strong> mit <strong>zweiachsige Encoder<\/strong> stellt eine bedeutende Innovation dar. Sie erm\u00f6glicht es, das Teleskop manuell auf den Achsen zu bewegen, ohne die Ausrichtung oder die Positionsinformationen zu verlieren. Dies bietet eine au\u00dfergew\u00f6hnliche Freiheit bei der Verwendung, die besonders bei schnellen Beobachtungen oder zur manuellen Anpassung des Bildausschnitts ohne St\u00f6rung der automatischen Nachf\u00fchrung gesch\u00e4tzt wird.<\/p>\n<p>Trotz seiner Kompaktheit bietet der AZ-GTi eine <strong>Belastbarkeit von bis zu 5 kg<\/strong>, Dies macht sie kompatibel mit einer breiten Palette von Brillen und kleinen Teleskopen, die mit einem <strong>Standard-Schwalbenschwanz 45 mm Typ Vixen\/Sky-Watcher<\/strong>. Seine Funktionsweise ist <strong>leise und fl\u00fcssig<\/strong>, Dank der DC-Servomotoren und des pr\u00e4zisen Antriebssystems k\u00f6nnen Sie sich auf die Arbeit konzentrieren.<\/p>\n<p>Die Fassung bietet verschiedene <strong>Nachverfolgungsmodi<\/strong> (siderisch, lunar, solar) sowie ein <strong>Doppelachsenverfolgung<\/strong>, Dies garantiert eine gute Genauigkeit f\u00fcr die visuelle Beobachtung und sogar f\u00fcr die leichte Astrofotografie. Die Zielgenauigkeit betr\u00e4gt bis zu <strong>10 Bogenminuten (RMS)<\/strong>, mit einer beeindruckenden Aufl\u00f6sung von <strong>0,625 Winkelsekunden<\/strong>.<\/p>\n<p>Die Bewegungsgeschwindigkeiten sind einstellbar bis zu <strong>800x<\/strong>, Dies erm\u00f6glicht eine schnelle Neupositionierung zwischen den Objekten. Die SynScan-Anwendung bietet au\u00dferdem erweiterte Funktionen, wie z. B. <strong>\u201cTonight's Best\u201d<\/strong> (Auswahl der besten sichtbaren Objekte), Objekterkennung, Erstellung von benutzerdefinierten Objekten und Verbesserung der Zeigegenauigkeit (PAE).<\/p>\n<p>Kompatibel mit der Plattform <strong>ASCOM<\/strong> f\u00fcr Windows-PCs und Planetariumsanwendungen wie <strong>SkySafari Plus\/Pro<\/strong>, Die AZ-GTi f\u00fcgt sich nahtlos in ein modernes astronomisches \u00d6kosystem ein. Sie verf\u00fcgt au\u00dferdem \u00fcber Anschl\u00fcsse f\u00fcr SynScan-Rackets (optional) und DSLR-Ausl\u00f6ser (optionales Kabel).<\/p>\n<p>Die Einspeisung kann erfolgen \u00fcber <strong>8 AA-Batterien<\/strong> oder eine externe Quelle (7,5 bis 14 V), mit Empfehlung einer Sky-Watcher Power Tank Batterie f\u00fcr eine l\u00e4ngere Laufzeit. Kompakt, intelligent und vielseitig <strong>Sky-Watcher AZ-GTi<\/strong> ist eine ideale L\u00f6sung f\u00fcr die assistierte visuelle Beobachtung und f\u00fcr Astronomiesitzungen unterwegs.<\/p>\n<h3>Technische Daten Sky-Watcher AZ-GTi<\/h3>\n<table border=\"1\" cellspacing=\"0\" cellpadding=\"8\">\n<tbody>\n<tr>\n<th>Kategorie<\/th>\n<th>Merkmal<\/th>\n<th>Detail<\/th>\n<\/tr>\n<tr>\n<td rowspan=\"6\"><strong>General<\/strong><\/td>\n<td>Typ<\/td>\n<td>GoTo WiFi Alt-azimutale Montierung<\/td>\n<\/tr>\n<tr>\n<td>Gewicht<\/td>\n<td>1.3 kg<\/td>\n<\/tr>\n<tr>\n<td>Tragf\u00e4higkeit<\/td>\n<td>5 kg<\/td>\n<\/tr>\n<tr>\n<td>Stativbefestigung<\/td>\n<td>3\/8\u2033-Gewinde<\/td>\n<\/tr>\n<tr>\n<td>Schwalbenschwanz<\/td>\n<td>Typ Vixen \/ Sky-Watcher 45 mm<\/td>\n<\/tr>\n<tr>\n<td>Technologie<\/td>\n<td>Freedom-Find\u2122 Dual Encoder<\/td>\n<\/tr>\n<tr>\n<td rowspan=\"6\"><strong>Funktionen<\/strong><\/td>\n<td>Datenbank<\/td>\n<td>10.000+ Gegenst\u00e4nde<\/td>\n<\/tr>\n<tr>\n<td>Nachverfolgungsmodi<\/td>\n<td>Siderisch, Lunar, Solar<\/td>\n<\/tr>\n<tr>\n<td>Reisegeschwindigkeiten<\/td>\n<td>0,5x bis 800x<\/td>\n<\/tr>\n<tr>\n<td>Genauigkeit beim Zeigen<\/td>\n<td>~10 Bogenminuten (RMS)<\/td>\n<\/tr>\n<tr>\n<td>Aufl\u00f6sung<\/td>\n<td>0.625 Bogensekunde<\/td>\n<\/tr>\n<tr>\n<td>Ausrichtung<\/td>\n<td>Leuchtender Stern, n\u00f6rdliche Ebene<\/td>\n<\/tr>\n<tr>\n<td rowspan=\"5\"><strong>Konnektivit\u00e4t<\/strong><\/td>\n<td>Kontrolle<\/td>\n<td>SynScan-App (iOS \/ Android)<\/td>\n<\/tr>\n<tr>\n<td>WiFi<\/td>\n<td>Integriert (eigenst\u00e4ndiges Netzwerk)<\/td>\n<\/tr>\n<tr>\n<td>Kompatibilit\u00e4t<\/td>\n<td>ASCOM, SkySafari Plus\/Pro<\/td>\n<\/tr>\n<tr>\n<td>Ports<\/td>\n<td>SynScan-Schl\u00e4ger, DSLR-Ausl\u00f6ser<\/td>\n<\/tr>\n<tr>\n<td>Protokoll<\/td>\n<td>UDP (Port 11880)<\/td>\n<\/tr>\n<tr>\n<td rowspan=\"3\"><strong>Ern\u00e4hrung<\/strong><\/td>\n<td>Interner Akku<\/td>\n<td>8 AA-Batterien (nicht enthalten)<\/td>\n<\/tr>\n<tr>\n<td>Externe Stromversorgung<\/td>\n<td>DC 7.5V bis 14V \/ 0.75A<\/td>\n<\/tr>\n<tr>\n<td>Empfehlung<\/td>\n<td>Power Tank Sky-Watcher 7Ah oder 17Ah<\/td>\n<\/tr>\n<\/tbody>\n<\/table>\n<p>&nbsp;<\/p>","protected":false},"excerpt":{"rendered":"<p>&nbsp; Sky-Watcher AZ-GTi : monture GoTo WiFi ultra portable pour observation et astronomie mobile La Sky-Watcher AZ-GTi est une monture alt-azimutale r\u00e9volutionnaire, con\u00e7ue pour offrir une exp\u00e9rience d\u2019observation astronomique moderne, intuitive et enti\u00e8rement connect\u00e9e. Avec un poids plume de seulement 1,3 kg, cette monture ultra portable est id\u00e9ale pour les astronomes nomades souhaitant un \u00e9quipement [&hellip;]<\/p>\n","protected":false},"featured_media":13980,"comment_status":"open","ping_status":"closed","template":"","meta":[],"product_brand":[822],"product_cat":[20,759],"product_tag":[],"class_list":{"0":"post-13979","1":"product","2":"type-product","3":"status-publish","4":"has-post-thumbnail","6":"product_brand-sky-watcher","7":"product_cat-montures","8":"product_cat-alt-azimutales","10":"first","11":"on_supplier","12":"taxable","13":"shipping-taxable","14":"purchasable","15":"product-type-simple"},"_links":{"self":[{"href":"https:\/\/deep-space-astronomy.ch\/de\/wp-json\/wp\/v2\/product\/13979","targetHints":{"allow":["GET"]}}],"collection":[{"href":"https:\/\/deep-space-astronomy.ch\/de\/wp-json\/wp\/v2\/product"}],"about":[{"href":"https:\/\/deep-space-astronomy.ch\/de\/wp-json\/wp\/v2\/types\/product"}],"replies":[{"embeddable":true,"href":"https:\/\/deep-space-astronomy.ch\/de\/wp-json\/wp\/v2\/comments?post=13979"}],"wp:featuredmedia":[{"embeddable":true,"href":"https:\/\/deep-space-astronomy.ch\/de\/wp-json\/wp\/v2\/media\/13980"}],"wp:attachment":[{"href":"https:\/\/deep-space-astronomy.ch\/de\/wp-json\/wp\/v2\/media?parent=13979"}],"wp:term":[{"taxonomy":"product_brand","embeddable":true,"href":"https:\/\/deep-space-astronomy.ch\/de\/wp-json\/wp\/v2\/product_brand?post=13979"},{"taxonomy":"product_cat","embeddable":true,"href":"https:\/\/deep-space-astronomy.ch\/de\/wp-json\/wp\/v2\/product_cat?post=13979"},{"taxonomy":"product_tag","embeddable":true,"href":"https:\/\/deep-space-astronomy.ch\/de\/wp-json\/wp\/v2\/product_tag?post=13979"}],"curies":[{"name":"wp","href":"https:\/\/api.w.org\/{rel}","templated":true}]}}