{"id":13993,"date":"2026-03-24T11:43:15","date_gmt":"2026-03-24T10:43:15","guid":{"rendered":"https:\/\/deep-space-astronomy.ch\/?post_type=product&#038;p=13993"},"modified":"2026-03-24T11:43:38","modified_gmt":"2026-03-24T10:43:38","slug":"table-equatoriale-pour-celestron-origin","status":"publish","type":"product","link":"https:\/\/deep-space-astronomy.ch\/de\/produkt\/table-equatoriale-pour-celestron-origin\/","title":{"rendered":"\u00c4quatorialer Tisch f\u00fcr Celestron Origin"},"content":{"rendered":"<h2>\u00c4quatorialer Tisch f\u00fcr Celestron Origin<\/h2>\n<p>Der \u00c4quatorialtisch f\u00fcr <strong>Celestron Origin<\/strong> ist das ideale Zubeh\u00f6r, um das volle Potenzial auszusch\u00f6pfen<br \/>\ndieses intelligenten Observatoriums mit fortschrittlicher Bildgebung. Indem das Instrument um die Rotationsachse der Erde geneigt wird,<br \/>\nsie erm\u00f6glicht den Wechsel von einer klassischen alt-azimutalen Konfiguration zu einer \u00e4quatorialen Nachf\u00fchrung, wodurch die Rotation verringert wird<br \/>\ndes Feldes bei langen Erfassungen.<\/p>\n<p>Konkret \u00f6ffnet diese L\u00f6sung die T\u00fcr zu <strong>l\u00e4ngere Einzelposen<\/strong>, eine bessere Nutzung<br \/>\nvon schwachen Objekten und zu einer komfortableren Nutzung des Instruments in der N\u00e4he des Zenits, oft der<br \/>\ndes Himmels, um einen saubereren Hintergrund zu erhalten. F\u00fcr Nutzer, die einen Schritt weiter gehen wollen, indem sie<br \/>\nAstrofotografie, der \u00c4quatorialtisch bringt also einen echten Leistungsgewinn, wobei die Philosophie beibehalten wird<br \/>\neinfache und moderne Celestron Origin.<\/p>\n<h3>Warum sollte man dem Celestron Origin einen \u00c4quatorialtisch hinzuf\u00fcgen?<\/h3>\n<p>In der Standardkonfiguration ist das Celestron Origin so konzipiert, dass es ein Beobachtungs- und Bilderlebnis bietet.<br \/>\nextrem zug\u00e4nglich. Mit einem \u00e4quatorialen Tisch gewinnt das Instrument an Nachf\u00fchrgenauigkeit bei Sequenzen, die mehr<br \/>\nanspruchsvollen Objekten. Dies erm\u00f6glicht ein ruhigeres Anvisieren von lichtschwachen Objekten, die Optimierung l\u00e4ngerer Akquisitionen<br \/>\nund die Einschr\u00e4nkungen durch die Feldrotation, die bei l\u00e4ngeren Belichtungszeiten besonders auff\u00e4llig sind, zu begrenzen.<\/p>\n<p>Diese Entwicklung wird besonders f\u00fcr Nutzer interessant sein, die ihre Origin \u00fcber die Beobachtung hinaus erweitern wollen<br \/>\nSie k\u00f6nnen mehr Signale einfangen, feinere Ziele anvisieren oder die Vorteile eines klassischen Assistenten nutzen.<br \/>\neiner gr\u00f6\u00dferen Flexibilit\u00e4t in ihrer astrofotografischen Praxis.<\/p>\n<h3>Eine L\u00f6sung, die f\u00fcr die Bildgebung gedacht ist<\/h3>\n<p>Der Hauptnutzen des \u00c4quatorialtischs besteht darin, dass der Celestron Origin in einer mehr<br \/>\nin der N\u00e4he einer traditionellen \u00e4quatorialen Montierung. Sobald die polare Ausrichtung erfolgt ist, wird die Nachf\u00fchrung besser angepasst<br \/>\nzu langen Akquisitionen, was die Gesamtausbeute bei Nebeln, Galaxien und anderen Deep-Sky-Objekten verbessert.<\/p>\n<p>F\u00fcr den Nutzer bedeutet dies eine ambitioniertere Konfiguration, ohne das Origin-\u00d6kosystem aufgeben zu m\u00fcssen. Wir behalten<br \/>\nso die Benutzerfreundlichkeit des Systems, w\u00e4hrend sie gleichzeitig von einer leistungsf\u00e4higeren Basis f\u00fcr orientierte Sitzungen profitieren.<br \/>\nAstrofotografie.<\/p>\n<h3>Die Highlights<\/h3>\n<ul>\n<li>Erm\u00f6glicht eine geringere Feldrotation bei der Bildgebung<\/li>\n<li>Erlaubt l\u00e4ngere Einzelposen<\/li>\n<li>Erleichtert die Bildgebung in der N\u00e4he des Zenits<\/li>\n<li>Optimiert das astrophotographische Potenzial des Celestron Origin<\/li>\n<li>Ideale L\u00f6sung f\u00fcr Nutzer, die sich zu einer fortgeschrittenen Praxis weiterentwickeln wollen<\/li>\n<\/ul>\n<h3>F\u00fcr welchen Nutzer?<\/h3>\n<p>Dieser \u00c4quatorialtisch richtet sich an Besitzer von <strong>Celestron Origin<\/strong> die ihre Leistung steigern wollen<br \/>\nauf Deep Sky, verbessern die Qualit\u00e4t ihrer Akquisitionen und nutzen ihr Instrument besser auf den<br \/>\ndie subtilsten Objekte. Es ist ein besonders relevantes Zubeh\u00f6r f\u00fcr Amateurastronomen, die die<br \/>\nEinfachheit eines intelligenten Systems, wollen sich aber nicht auf die grundlegendsten Nutzungsm\u00f6glichkeiten beschr\u00e4nken.<\/p>\n<p>Sie ist daher eine hervorragende Erg\u00e4nzung, um den Celestron Origin zu einer anspruchsvolleren Konfiguration aufzur\u00fcsten,<br \/>\nohne die Ergonomie und Leichtigkeit zu verlieren, die den Erfolg dieser Plattform ausmachen.<\/p>\n<h3>Zusammenfassung<\/h3>\n<p>Die <strong>\u00c4quatorialtisch f\u00fcr Celestron Origin<\/strong> ist ein strategisches Zubeh\u00f6r f\u00fcr alle, die<br \/>\ndie Verfolgung ihres Instruments verbessern und Zugang zu l\u00e4ngeren und saubereren Anschaffungen erhalten. Sie verwandelt das<br \/>\nCelestron Origin in eine noch leistungsf\u00e4higere L\u00f6sung f\u00fcr die assistierte und fortgeschrittene Astrofotografie, insbesondere auf<br \/>\nschwache Objekte und Beobachtungen nahe dem Zenit.<\/p>","protected":false},"excerpt":{"rendered":"<p>Table \u00e9quatoriale pour Celestron Origin La table \u00e9quatoriale pour Celestron Origin est l\u2019accessoire id\u00e9al pour exploiter tout le potentiel de cet observatoire intelligent en imagerie avanc\u00e9e. En inclinant l\u2019instrument selon l\u2019axe de rotation de la Terre, elle permet de passer d\u2019une configuration alt-azimutale classique \u00e0 un suivi \u00e9quatorial, r\u00e9duisant ainsi la rotation de champ pendant [&hellip;]<\/p>\n","protected":false},"featured_media":13994,"comment_status":"open","ping_status":"closed","template":"","meta":[],"product_brand":[413],"product_cat":[762],"product_tag":[],"class_list":{"0":"post-13993","1":"product","2":"type-product","3":"status-publish","4":"has-post-thumbnail","6":"product_brand-celestron","7":"product_cat-equatoriales","9":"first","10":"instock","11":"taxable","12":"shipping-taxable","13":"purchasable","14":"product-type-simple"},"_links":{"self":[{"href":"https:\/\/deep-space-astronomy.ch\/de\/wp-json\/wp\/v2\/product\/13993","targetHints":{"allow":["GET"]}}],"collection":[{"href":"https:\/\/deep-space-astronomy.ch\/de\/wp-json\/wp\/v2\/product"}],"about":[{"href":"https:\/\/deep-space-astronomy.ch\/de\/wp-json\/wp\/v2\/types\/product"}],"replies":[{"embeddable":true,"href":"https:\/\/deep-space-astronomy.ch\/de\/wp-json\/wp\/v2\/comments?post=13993"}],"wp:featuredmedia":[{"embeddable":true,"href":"https:\/\/deep-space-astronomy.ch\/de\/wp-json\/wp\/v2\/media\/13994"}],"wp:attachment":[{"href":"https:\/\/deep-space-astronomy.ch\/de\/wp-json\/wp\/v2\/media?parent=13993"}],"wp:term":[{"taxonomy":"product_brand","embeddable":true,"href":"https:\/\/deep-space-astronomy.ch\/de\/wp-json\/wp\/v2\/product_brand?post=13993"},{"taxonomy":"product_cat","embeddable":true,"href":"https:\/\/deep-space-astronomy.ch\/de\/wp-json\/wp\/v2\/product_cat?post=13993"},{"taxonomy":"product_tag","embeddable":true,"href":"https:\/\/deep-space-astronomy.ch\/de\/wp-json\/wp\/v2\/product_tag?post=13993"}],"curies":[{"name":"wp","href":"https:\/\/api.w.org\/{rel}","templated":true}]}}