{"id":13995,"date":"2026-03-24T11:49:15","date_gmt":"2026-03-24T10:49:15","guid":{"rendered":"https:\/\/deep-space-astronomy.ch\/?post_type=product&#038;p=13995"},"modified":"2026-03-24T11:49:33","modified_gmt":"2026-03-24T10:49:33","slug":"filtre-h-alpha-h-beta-oiii-pour-celestron-origin","status":"publish","type":"product","link":"https:\/\/deep-space-astronomy.ch\/de\/produkt\/filtre-h-alpha-h-beta-oiii-pour-celestron-origin\/","title":{"rendered":"H-alpha, H-beta &amp; OIII-Filter f\u00fcr Celestron Origin"},"content":{"rendered":"<h2>H-alpha, H-beta &amp; OIII-Filter f\u00fcr Celestron Origin<\/h2>\n<p>Genie\u00dfen Sie spektakul\u00e4re Ansichten von Nebeln mit Ihrem <strong>Celestron Origin<\/strong> dank dieses spezialisierten Bildfilters <strong>H-alpha, H-beta und OIII<\/strong>. Entwickelt, um den Kontrast zu maximieren und die<br \/>\nfeinen Strukturen von Emissionsnebeln, w\u00e4hlt dieser Filter pr\u00e4zise die n\u00fctzlichen Wellenl\u00e4ngen aus und gleichzeitig<br \/>\neliminieren Sie Quellen der Lichtverschmutzung, die Ihre Bilder verschlechtern.<\/p>\n<p>Das Ergebnis war sofort sichtbar: hellere, detailliertere Nebel und ein deutlich dunklerer Himmelshintergrund,<br \/>\nselbst in st\u00e4dtischen oder vorst\u00e4dtischen Umgebungen.<\/p>\n<h3>Funktionsprinzip<\/h3>\n<p>Emissionsnebel strahlen haupts\u00e4chlich auf bestimmten Wellenl\u00e4ngen :<\/p>\n<ul>\n<li><strong>H-alpha<\/strong> : 656 nm<\/li>\n<li><strong>H-beta<\/strong> : 486 nm<\/li>\n<li><strong>OIII<\/strong> : 496 \/ 501 nm<\/li>\n<\/ul>\n<p>Dieser Filter ist so optimiert, dass er nur diese wichtigen Spektralb\u00e4nder \u00fcbertr\u00e4gt, w\u00e4hrend er den Rest des Spektrums blockiert.<br \/>\nIn der Praxis bedeutet dies, dass Streulicht (Stra\u00dfenbeleuchtung, Lichtverschmutzung, Himmelsglanz) wird<br \/>\nstark abgeschw\u00e4cht, w\u00e4hrend das astrophysikalische Nutzsignal mit hoher Transmission erhalten bleibt.<\/p>\n<h3>Ein sofortiger Gewinn an Kontrast<\/h3>\n<p>Durch selektives Filtern des Lichts erm\u00f6glicht dieser Filter Bilder mit einem <strong>deutlich verbesserter Kontrast<\/strong>.<br \/>\nDie Nebel treten mit mehr Relief und Details hervor, w\u00e4hrend der Himmelshintergrund dunkler und sauberer wird.<\/p>\n<p>Im Gegensatz zu einigen allzu restriktiven Filtern garantiert die hohe Transmission bei kritischen Wellenl\u00e4ngen<br \/>\ndass der Nebel nicht abgedunkelt wird. Nur das Lichtrauschen wird reduziert, was die Qualit\u00e4t erheblich verbessert.<br \/>\nglobalen Bild.<\/p>\n<h3>Ideal auch unter einem verschmutzten Himmel<\/h3>\n<p>Dieser Filter ist besonders effektiv bei der Bildgebung aus Gebieten, die von Lichtverschmutzung betroffen sind.<br \/>\nEr gleicht einen Teil der ung\u00fcnstigen Bedingungen aus, indem er unerw\u00fcnschte Wellenl\u00e4ngen unterdr\u00fcckt,<br \/>\nDie Ergebnisse lassen sich besser in einem Garten oder in einem st\u00e4dtischen Gebiet nutzen.<\/p>\n<p>Unter einem dunklen Himmel bleibt er genauso relevant: Er tr\u00e4gt dazu bei, das nat\u00fcrliche Leuchten des Himmels zu blockieren und erm\u00f6glicht<br \/>\neinen noch st\u00e4rkeren Kontrast bei Emissionsnebeln zu erzielen.<\/p>\n<h3>Die Highlights<\/h3>\n<ul>\n<li>Optimierte \u00dcbertragung auf H-alpha, H-beta und OIII<\/li>\n<li>Effektive Reduzierung der Lichtverschmutzung<\/li>\n<li>Deutliche Verbesserung des Kontrasts von Nebeln<\/li>\n<li>Dunklerer und sauberer Himmelshintergrund<\/li>\n<li>Kompatibel mit Celestron Origin f\u00fcr eine einfache Integration<\/li>\n<\/ul>\n<h3>F\u00fcr welchen Zweck?<\/h3>\n<p>Dieser Filter ist f\u00fcr Nutzer von <strong>Celestron Origin<\/strong> die ihre Bilder von<br \/>\nund Emissionsnebel. Es richtet sich sowohl an Amateurastronomen in st\u00e4dtischer Umgebung als auch an diejenigen, die beobachten<br \/>\nunter einem gesch\u00fctzteren Himmel, in dem Wunsch nach einer kontrastreicheren und \u00e4sthetischeren Wiedergabe.<\/p>\n<h3>Zusammenfassung<\/h3>\n<p>Die <strong>H-alpha-, H-beta- und OIII-Filter f\u00fcr Celestron Origin<\/strong> ist ein unverzichtbares Accessoire, um zu enth\u00fcllen<br \/>\nden ganzen Reichtum der Emissionsnebel. Durch die Isolierung wesentlicher Wellenl\u00e4ngen und die Unterdr\u00fcckung von Verschmutzung<br \/>\nheller, sorgt er f\u00fcr sauberere, kontrastreichere und deutlich spektakul\u00e4rere Bilder.<\/p>","protected":false},"excerpt":{"rendered":"<p>Filtre H-alpha, H-beta &amp; OIII pour Celestron Origin Profitez de vues spectaculaires des n\u00e9buleuses avec votre Celestron Origin gr\u00e2ce \u00e0 ce filtre d\u2019imagerie sp\u00e9cialis\u00e9 H-alpha, H-beta et OIII. Con\u00e7u pour maximiser le contraste et r\u00e9v\u00e9ler les structures fines des n\u00e9buleuses d\u2019\u00e9mission, ce filtre s\u00e9lectionne pr\u00e9cis\u00e9ment les longueurs d\u2019onde utiles tout en \u00e9liminant les sources de [&hellip;]<\/p>\n","protected":false},"featured_media":13996,"comment_status":"open","ping_status":"closed","template":"","meta":[],"product_brand":[413],"product_cat":[803],"product_tag":[],"class_list":{"0":"post-13995","1":"product","2":"type-product","3":"status-publish","4":"has-post-thumbnail","6":"product_brand-celestron","7":"product_cat-filtres-multi-bandes","9":"first","10":"instock","11":"taxable","12":"shipping-taxable","13":"purchasable","14":"product-type-simple"},"_links":{"self":[{"href":"https:\/\/deep-space-astronomy.ch\/de\/wp-json\/wp\/v2\/product\/13995","targetHints":{"allow":["GET"]}}],"collection":[{"href":"https:\/\/deep-space-astronomy.ch\/de\/wp-json\/wp\/v2\/product"}],"about":[{"href":"https:\/\/deep-space-astronomy.ch\/de\/wp-json\/wp\/v2\/types\/product"}],"replies":[{"embeddable":true,"href":"https:\/\/deep-space-astronomy.ch\/de\/wp-json\/wp\/v2\/comments?post=13995"}],"wp:featuredmedia":[{"embeddable":true,"href":"https:\/\/deep-space-astronomy.ch\/de\/wp-json\/wp\/v2\/media\/13996"}],"wp:attachment":[{"href":"https:\/\/deep-space-astronomy.ch\/de\/wp-json\/wp\/v2\/media?parent=13995"}],"wp:term":[{"taxonomy":"product_brand","embeddable":true,"href":"https:\/\/deep-space-astronomy.ch\/de\/wp-json\/wp\/v2\/product_brand?post=13995"},{"taxonomy":"product_cat","embeddable":true,"href":"https:\/\/deep-space-astronomy.ch\/de\/wp-json\/wp\/v2\/product_cat?post=13995"},{"taxonomy":"product_tag","embeddable":true,"href":"https:\/\/deep-space-astronomy.ch\/de\/wp-json\/wp\/v2\/product_tag?post=13995"}],"curies":[{"name":"wp","href":"https:\/\/api.w.org\/{rel}","templated":true}]}}