{"id":14078,"date":"2026-03-25T11:45:09","date_gmt":"2026-03-25T10:45:09","guid":{"rendered":"https:\/\/deep-space-astronomy.ch\/?post_type=product&#038;p=14078"},"modified":"2026-03-25T11:45:23","modified_gmt":"2026-03-25T10:45:23","slug":"sky-watcher-explorer-150p","status":"publish","type":"product","link":"https:\/\/deep-space-astronomy.ch\/de\/produkt\/sky-watcher-explorer-150p\/","title":{"rendered":"Sky-Watcher Explorer-150P"},"content":{"rendered":"<p>&nbsp;<\/p>\n<h3>Teleskop Sky-Watcher Explorer-150P: Kraft, Pr\u00e4zision und Vielseitigkeit f\u00fcr die Erkundung des Himmels<\/h3>\n<p>Die <strong>Sky-Watcher EXPLORER-150P<\/strong> ist ein Newton-Teleskop, das f\u00fcr ein reichhaltiges, pr\u00e4zises und erweiterbares Beobachtungserlebnis konzipiert wurde. Es ist eine gute Wahl f\u00fcr fortgeschrittene Astronomen, aber auch f\u00fcr begeisterte Anf\u00e4nger, die in ein leistungsstarkes und langlebiges Instrument investieren m\u00f6chten. Dank seiner <strong>150-mm-Prim\u00e4rspiegel<\/strong>, In der Regel ist es so, dass es eine gro\u00dfe Menge an Licht einf\u00e4ngt, sodass man schwache Himmelsobjekte mit ausgezeichneter Klarheit beobachten kann.<\/p>\n<p>Seine <strong>parabolisches optisches System<\/strong> von hoher Qualit\u00e4t erm\u00f6glicht eine effektive Korrektur sph\u00e4rischer Aberrationen und garantiert so scharfe und detaillierte Bilder \u00fcber das gesamte Feld. Diese optische Pr\u00e4zision macht es zu einem idealen Instrument f\u00fcr die Beobachtung der <strong>Mond<\/strong>Die <strong>Planeten<\/strong> wie Jupiter und Saturn, sondern auch Deep-Sky-Objekte wie die <strong>Nebel<\/strong>, <strong>Galaxien<\/strong> und <strong>Sternhaufen<\/strong>.<\/p>\n<p>Mit einer <strong>750 mm Brennweite<\/strong> und ein <strong>schnelles Fokussierungsverh\u00e4ltnis f\/5<\/strong>, Der Sky-Watcher EXPLORER-150P bietet ein hervorragendes Gleichgewicht zwischen gro\u00dfem Gesichtsfeld und Vergr\u00f6\u00dferung. Dadurch ist er in der Lage, beeindruckende Deep-Sky-Ansichten zu liefern, w\u00e4hrend er gleichzeitig genug Leistung hat, um planetare Details zu enth\u00fcllen. Die mitgelieferten Okulare von <strong>10 mm und 20 mm<\/strong> erm\u00f6glichen Vergr\u00f6\u00dferungen von <strong>x37.5, x75 und x150<\/strong>, und k\u00f6nnen mit der <strong>Barlow-Linse x2<\/strong> enthalten, um noch h\u00f6here Vergr\u00f6\u00dferungsstufen zu erreichen.<\/p>\n<p>Das Teleskop kann bis zu einem <strong>theoretische maximale Vergr\u00f6\u00dferung von x300<\/strong>, Das bedeutet, dass N\u00e4chte mit guter atmosph\u00e4rischer Stabilit\u00e4t voll ausgenutzt werden k\u00f6nnen. Diese F\u00e4higkeit macht es zu einem hervorragenden Werkzeug f\u00fcr die detaillierte Beobachtung von Mondkratern, den Wolkenb\u00e4ndern des Jupiters oder den Ringen des Saturns.<\/p>\n<p>Um das Anvisieren von Himmelsobjekten zu erleichtern, ist der Sky-Watcher EXPLORER-150P mit einem <strong>Forscher 6\u00d730<\/strong>, und bietet eine klare und intuitive Zielhilfe. Diese Hilfe ist besonders f\u00fcr unerfahrene Benutzer wichtig, um Ziele am Himmel schnell zu lokalisieren.<\/p>\n<p>Eine der gr\u00f6\u00dften St\u00e4rken dieses Modells ist seine Eignung f\u00fcr die Astrofotografie. Es wird mit einem <strong>Universaladapter f\u00fcr Smartphones<\/strong>, Die Kamera ist mit Kameras mit einer Breite von 54 bis 90 mm kompatibel, sodass Sie problemlos Bilder des Mondes oder der Planeten aufnehmen k\u00f6nnen. F\u00fcr fortgeschrittene Nutzer gibt es eine <strong>Direktanschluss f\u00fcr Spiegelreflexkameras (SLR)<\/strong> ist ebenfalls erh\u00e4ltlich und bietet mehr kreative und technische M\u00f6glichkeiten.<\/p>\n<p>Die Qualit\u00e4t der Herstellung wird durch die Verwendung von <strong>Radiant\u2122 Aluminum Quartz (RAQ\u2122)-Beschichtung<\/strong> auf den Spiegeln, garantiert bis zu <strong>94 % Reflektivit\u00e4t<\/strong>. Dadurch wird die Helligkeit der Bilder deutlich verbessert und gleichzeitig eine hervorragende Haltbarkeit \u00fcber die Zeit gew\u00e4hrleistet. Die ultrad\u00fcnnen Halterungen des Sekund\u00e4rspiegels (<strong>0,5 mm<\/strong>), verringern die Beugung und optimieren den Kontrast, was bei der Beobachtung schwacher Objekte ein bemerkenswerter Vorteil ist.<\/p>\n<p>Die <strong>Barlow-Linse x2 im Format 1,25\u2033.<\/strong>, Das mit dem Kameraadapter gelieferte Teleskop erm\u00f6glicht eine h\u00f6here Vergr\u00f6\u00dferung, ohne dass Sie mehr Zubeh\u00f6r ben\u00f6tigen. Dieses Teleskop ist also eine komplette, gebrauchsfertige L\u00f6sung, die sowohl f\u00fcr die visuelle Beobachtung als auch f\u00fcr die Einf\u00fchrung in die astronomische Bildgebung geeignet ist.<\/p>\n<p>Der Sky-Watcher EXPLORER-150P ist ein vielseitiges, leistungsstarkes und erweiterbares Instrument, das eine ausgezeichnete Investition f\u00fcr alle Enthusiasten ist, die das Universum mit einem zuverl\u00e4ssigen und leistungsstarken Instrument erforschen m\u00f6chten. Die einfache Bedienung, die Robustheit und die zahlreichen Funktionen machen ihn auch zu einer guten Wahl, um schnell Fortschritte in der Astronomie zu machen und dabei bei jeder Sitzung ein immersives und bereicherndes Beobachtungserlebnis zu genie\u00dfen.<\/p>\n<h3>Technische Daten zu Sky-Watcher EXPLORER-150P<\/h3>\n<table border=\"1\" cellspacing=\"0\" cellpadding=\"8\">\n<tbody>\n<tr>\n<th>Merkmal<\/th>\n<th>Detail<\/th>\n<\/tr>\n<tr>\n<td>Art des Teleskops<\/td>\n<td>Newton Reflektor<\/td>\n<\/tr>\n<tr>\n<td>Durchmesser des Hauptspiegels<\/td>\n<td>150 mm<\/td>\n<\/tr>\n<tr>\n<td>Brennweite<\/td>\n<td>750 mm<\/td>\n<\/tr>\n<tr>\n<td>Fokusbericht<\/td>\n<td>f\/5<\/td>\n<\/tr>\n<tr>\n<td>Mitgelieferte Vergr\u00f6\u00dferungen<\/td>\n<td>x37.5, x75, x150<\/td>\n<\/tr>\n<tr>\n<td>Maximale Vergr\u00f6\u00dferung<\/td>\n<td>x300<\/td>\n<\/tr>\n<tr>\n<td>Inklusive Okulare<\/td>\n<td>10 mm und 20 mm<\/td>\n<\/tr>\n<tr>\n<td>Barlow<\/td>\n<td>x2 - 1,25\u2033 mit Kameraadapter<\/td>\n<\/tr>\n<tr>\n<td>Forscher<\/td>\n<td>6\u00d730<\/td>\n<\/tr>\n<tr>\n<td>Smartphone-Adapter<\/td>\n<td>Ja (54 bis 90 mm)<\/td>\n<\/tr>\n<tr>\n<td>Kameraverbindung<\/td>\n<td>Direkte Verbindung SLR<\/td>\n<\/tr>\n<tr>\n<td>Spiegelbeschichtung<\/td>\n<td>RAQ\u2122 Aluminium Quarz (bis zu 94 % Reflexionsverm\u00f6gen)<\/td>\n<\/tr>\n<tr>\n<td>Halterung f\u00fcr Zweitspiegel<\/td>\n<td>Ultrad\u00fcnn 0,5 mm<\/td>\n<\/tr>\n<\/tbody>\n<\/table>\n<p>&nbsp;<\/p>","protected":false},"excerpt":{"rendered":"<p>&nbsp; T\u00e9lescope Sky-Watcher Explorer-150P : puissance, pr\u00e9cision et polyvalence pour explorer le ciel Le Sky-Watcher EXPLORER-150P est un t\u00e9lescope Newton con\u00e7u pour offrir une exp\u00e9rience d\u2019observation riche, pr\u00e9cise et \u00e9volutive. Il constitue un choix particuli\u00e8rement judicieux pour les astronomes interm\u00e9diaires, tout en restant parfaitement accessible aux d\u00e9butants passionn\u00e9s souhaitant investir dans un instrument performant et [&hellip;]<\/p>\n","protected":false},"featured_media":14079,"comment_status":"open","ping_status":"closed","template":"","meta":[],"product_brand":[822],"product_cat":[392,747],"product_tag":[],"class_list":{"0":"post-14078","1":"product","2":"type-product","3":"status-publish","4":"has-post-thumbnail","6":"product_brand-sky-watcher","7":"product_cat-telescopes_reflecteurs","8":"product_cat-newton","10":"first","11":"on_supplier","12":"taxable","13":"shipping-taxable","14":"purchasable","15":"product-type-simple"},"_links":{"self":[{"href":"https:\/\/deep-space-astronomy.ch\/de\/wp-json\/wp\/v2\/product\/14078","targetHints":{"allow":["GET"]}}],"collection":[{"href":"https:\/\/deep-space-astronomy.ch\/de\/wp-json\/wp\/v2\/product"}],"about":[{"href":"https:\/\/deep-space-astronomy.ch\/de\/wp-json\/wp\/v2\/types\/product"}],"replies":[{"embeddable":true,"href":"https:\/\/deep-space-astronomy.ch\/de\/wp-json\/wp\/v2\/comments?post=14078"}],"wp:featuredmedia":[{"embeddable":true,"href":"https:\/\/deep-space-astronomy.ch\/de\/wp-json\/wp\/v2\/media\/14079"}],"wp:attachment":[{"href":"https:\/\/deep-space-astronomy.ch\/de\/wp-json\/wp\/v2\/media?parent=14078"}],"wp:term":[{"taxonomy":"product_brand","embeddable":true,"href":"https:\/\/deep-space-astronomy.ch\/de\/wp-json\/wp\/v2\/product_brand?post=14078"},{"taxonomy":"product_cat","embeddable":true,"href":"https:\/\/deep-space-astronomy.ch\/de\/wp-json\/wp\/v2\/product_cat?post=14078"},{"taxonomy":"product_tag","embeddable":true,"href":"https:\/\/deep-space-astronomy.ch\/de\/wp-json\/wp\/v2\/product_tag?post=14078"}],"curies":[{"name":"wp","href":"https:\/\/api.w.org\/{rel}","templated":true}]}}