{"id":14085,"date":"2026-03-25T12:01:04","date_gmt":"2026-03-25T11:01:04","guid":{"rendered":"https:\/\/deep-space-astronomy.ch\/?post_type=product&#038;p=14085"},"modified":"2026-03-25T12:01:18","modified_gmt":"2026-03-25T11:01:18","slug":"sky-watcher-explorer-150p-avec-monture-eq3-2","status":"publish","type":"product","link":"https:\/\/deep-space-astronomy.ch\/de\/produkt\/sky-watcher-explorer-150p-avec-monture-eq3-2\/","title":{"rendered":"Sky-Watcher Explorer-150P mit Montierung EQ3-2"},"content":{"rendered":"<p>&nbsp;<\/p>\n<h3>Sky-Watcher Explorer-150P mit EQ3-2-Montierung: leistungsstarkes und erweiterbares Teleskop f\u00fcr Beobachtung und Astrofotografie<\/h3>\n<p>Die <strong>Sky-Watcher Explorer-150P<\/strong> ist ein vielseitiges und leistungsstarkes Newton-Teleskop, das sich perfekt f\u00fcr fortgeschrittene Astronomen sowie f\u00fcr anspruchsvolle Anf\u00e4nger eignet, die sich schnell weiterentwickeln m\u00f6chten. Dank seiner <strong>150-mm-Prim\u00e4rspiegel<\/strong>, bietet es eine deutlich h\u00f6here Lichtsammelkapazit\u00e4t, sodass Sie schwache Himmelsobjekte mit gro\u00dfem Detailreichtum beobachten k\u00f6nnen. Im Vergleich zu einem 130-mm-Modell erfasst es bis zu <strong>33 % mehr Licht<\/strong>, Dies verbessert die Helligkeit und Genauigkeit der Beobachtungen erheblich.<\/p>\n<p>Ausgestattet mit einer <strong>hochwertige parabolische Optik<\/strong>, Dieses Teleskop eliminiert sph\u00e4rische Aberrationen, um scharfe und kontrastreiche Bilder zu liefern. Es eignet sich sowohl f\u00fcr die Planeten- als auch f\u00fcr die Deep-Sky-Beobachtung. Sie k\u00f6nnen das Mondrelief mit Pr\u00e4zision bewundern, die Wolkenb\u00e4nder des Jupiters und die Ringe des Saturns beobachten, aber auch neue Welten erkunden. <strong>Nebel<\/strong>, <strong>Galaxien<\/strong> und <strong>Sternhaufen<\/strong> mit gro\u00dfer Raffinesse.<\/p>\n<p>Seine <strong>750 mm Brennweite<\/strong> verbunden mit einem <strong>Brennweitenverh\u00e4ltnis f\/5<\/strong> macht es zu einem schnellen und hellen Instrument, das sich ideal f\u00fcr gro\u00dfe Felder und diffuse Objekte eignet. Die mitgelieferten Okulare von <strong>10 mm und 20 mm<\/strong> erm\u00f6glichen Vergr\u00f6\u00dferungen von <strong>x37.5, x75 und x150<\/strong>. Mit der <strong>Barlow-Linse x2<\/strong> Sie k\u00f6nnen diese Vergr\u00f6\u00dferungen leicht verdoppeln, um noch mehr Details zu erkunden. Die <strong>theoretische maximale Vergr\u00f6\u00dferung von x300<\/strong> erm\u00f6glicht es, die besten Beobachtungsbedingungen zu nutzen.<\/p>\n<p>Der Sky-Watcher EXPLORER-150P ist auf einer <strong>\u00e4quatoriale Montierung EQ3-2 Deluxe<\/strong>, Dies ist ein gro\u00dfer Vorteil bei der Verfolgung von Himmelsobjekten. Sobald sie mit Hilfe des <strong>integrierte Halterung f\u00fcr Polsucher<\/strong>, Diese Montierung erm\u00f6glicht es Ihnen, die scheinbare Bewegung des Himmels mithilfe ihrer <strong>langsame Bewegungssteuerungen<\/strong>. Dies erleichtert eine l\u00e4ngere Beobachtung erheblich und ist eine hervorragende Grundlage f\u00fcr den Einstieg in die Astrofotografie.<\/p>\n<p>Die <strong>robustes Aluminiumstativ<\/strong>, ausgestattet mit einem <strong>Zubeh\u00f6rtablett<\/strong>, Das ist eine sehr stabile Konstruktion, die eine optimale Stabilit\u00e4t w\u00e4hrend der Beobachtungssessions gew\u00e4hrleistet. Die <strong>Rohrringe<\/strong> und die <strong>Schwalbenschwanz<\/strong> erleichtern die Montage und das Ausbalancieren des Teleskops und gew\u00e4hrleisten so einen reibungslosen und sicheren Betrieb.<\/p>\n<p>Zum Auffinden von Objekten ist das Teleskop mit einem <strong>Forscher 6\u00d730<\/strong>, f\u00fcr ein klares und pr\u00e4zises Zielen. Dieses Zubeh\u00f6r ist f\u00fcr das schnelle Auffinden von Zielen am Nachthimmel unerl\u00e4sslich, insbesondere f\u00fcr Benutzer, die sich noch in der Lernphase befinden.<\/p>\n<p>Dieses Modell ist auch f\u00fcr die Bildgebung konzipiert. Es wird mit einem <strong>Universaladapter f\u00fcr Smartphones<\/strong>, Das neue Objektiv, das mit Kameras mit einer Breite von 54 bis 90 mm kompatibel ist, macht es einfach, Fotos vom Mond oder den Planeten aufzunehmen. Um noch weiter zu gehen, ist eine <strong>Direktanschluss f\u00fcr Spiegelreflexkameras (SLR)<\/strong> ist integriert und bietet viele M\u00f6glichkeiten f\u00fcr die Astrofotografie.<\/p>\n<p>Der Prim\u00e4r- und der Sekund\u00e4rspiegel profitieren vom <strong>Radiant\u2122 Aluminum Quartz (RAQ\u2122)-Beschichtung<\/strong>, und garantiert bis zu <strong>94 % Reflektivit\u00e4t<\/strong>. Diese Technologie verbessert die Helligkeit der Bilder und sorgt gleichzeitig f\u00fcr eine ausgezeichnete Haltbarkeit. Die <strong>ultrad\u00fcnne Medien von 0,5 mm<\/strong> des Sekund\u00e4rspiegels verringern die Beugung, wodurch der Kontrast und die Gesamtqualit\u00e4t der Beobachtungen verbessert werden.<\/p>\n<p>Die <strong>Barlow-Linse x2 im Format 1,25\u2033.<\/strong>, Die mit dem Kameraadapter mitgelieferte Kamera erweitert die Vergr\u00f6\u00dferungsm\u00f6glichkeiten, ohne dass eine zus\u00e4tzliche Ausr\u00fcstung erforderlich ist. Diese komplette Konfiguration erm\u00f6glicht den sofortigen Einsatz sowohl f\u00fcr die visuelle Beobachtung als auch f\u00fcr erste Erfahrungen mit der Astrofotografie.<\/p>\n<p>Der Sky-Watcher EXPLORER-150P auf einer EQ3-2 Montierung ist zuverl\u00e4ssig, leistungsstark und erweiterbar. Er ist die ideale L\u00f6sung f\u00fcr alle Enthusiasten, die das Universum mit Pr\u00e4zision erforschen m\u00f6chten. Es vereint optische Leistung, mechanische Stabilit\u00e4t und Kompatibilit\u00e4t mit modernen Technologien und macht jede Beobachtungssitzung zu einem immersiven und bereichernden Erlebnis.<\/p>\n<h3>Technische Daten zum Sky-Watcher EXPLORER-150P EQ3-2<\/h3>\n<table border=\"1\" cellspacing=\"0\" cellpadding=\"8\">\n<tbody>\n<tr>\n<th>Merkmal<\/th>\n<th>Detail<\/th>\n<\/tr>\n<tr>\n<td>Art des Teleskops<\/td>\n<td>Newton Reflektor<\/td>\n<\/tr>\n<tr>\n<td>Durchmesser des Hauptspiegels<\/td>\n<td>150 mm<\/td>\n<\/tr>\n<tr>\n<td>Helligkeitsgewinn<\/td>\n<td>+33 % im Vergleich zu einem 130 mm<\/td>\n<\/tr>\n<tr>\n<td>Brennweite<\/td>\n<td>750 mm<\/td>\n<\/tr>\n<tr>\n<td>Fokusbericht<\/td>\n<td>f\/5<\/td>\n<\/tr>\n<tr>\n<td>Mitgelieferte Vergr\u00f6\u00dferungen<\/td>\n<td>x37.5, x75, x150<\/td>\n<\/tr>\n<tr>\n<td>Maximale Vergr\u00f6\u00dferung<\/td>\n<td>x300<\/td>\n<\/tr>\n<tr>\n<td>Inklusive Okulare<\/td>\n<td>10 mm und 20 mm<\/td>\n<\/tr>\n<tr>\n<td>Barlow<\/td>\n<td>x2 - 1,25\u2033 mit Kameraadapter<\/td>\n<\/tr>\n<tr>\n<td>Forscher<\/td>\n<td>6\u00d730<\/td>\n<\/tr>\n<tr>\n<td>Smartphone-Adapter<\/td>\n<td>Ja (54 bis 90 mm)<\/td>\n<\/tr>\n<tr>\n<td>Kameraverbindung<\/td>\n<td>Direkte Verbindung SLR<\/td>\n<\/tr>\n<tr>\n<td>Spiegelbeschichtung<\/td>\n<td>RAQ\u2122 Aluminium Quarz (bis zu 94 % Reflexionsverm\u00f6gen)<\/td>\n<\/tr>\n<tr>\n<td>Halterung f\u00fcr Zweitspiegel<\/td>\n<td>Ultrad\u00fcnn 0,5 mm<\/td>\n<\/tr>\n<tr>\n<td>Rahmen<\/td>\n<td>EQ3-2 \u00e4quatorial Deluxe<\/td>\n<\/tr>\n<tr>\n<td>Polarausrichtung<\/td>\n<td>Integrierte Halterung f\u00fcr Polsucher<\/td>\n<\/tr>\n<tr>\n<td>Stativ<\/td>\n<td>Aluminium mit Zubeh\u00f6rtablett<\/td>\n<\/tr>\n<tr>\n<td>Rohrbefestigung<\/td>\n<td>Ringe + Schwalbenschwanz<\/td>\n<\/tr>\n<\/tbody>\n<\/table>\n<p>&nbsp;<\/p>","protected":false},"excerpt":{"rendered":"<p>&nbsp; Sky-Watcher Explorer-150P avec monture EQ3-2 : t\u00e9lescope performant et \u00e9volutif pour l\u2019observation et l\u2019astrophotographie Le Sky-Watcher Explorer-150P est un t\u00e9lescope Newton polyvalent et puissant, parfaitement adapt\u00e9 aux astronomes interm\u00e9diaires ainsi qu\u2019aux d\u00e9butants exigeants souhaitant \u00e9voluer rapidement. Gr\u00e2ce \u00e0 son miroir primaire de 150 mm, il offre une capacit\u00e9 de collecte de lumi\u00e8re nettement sup\u00e9rieure, [&hellip;]<\/p>\n","protected":false},"featured_media":14089,"comment_status":"open","ping_status":"closed","template":"","meta":[],"product_brand":[822],"product_cat":[392,762,20,747],"product_tag":[],"class_list":{"0":"post-14085","1":"product","2":"type-product","3":"status-publish","4":"has-post-thumbnail","6":"product_brand-sky-watcher","7":"product_cat-telescopes_reflecteurs","8":"product_cat-equatoriales","9":"product_cat-montures","10":"product_cat-newton","12":"first","13":"on_supplier","14":"taxable","15":"shipping-taxable","16":"purchasable","17":"product-type-simple"},"_links":{"self":[{"href":"https:\/\/deep-space-astronomy.ch\/de\/wp-json\/wp\/v2\/product\/14085","targetHints":{"allow":["GET"]}}],"collection":[{"href":"https:\/\/deep-space-astronomy.ch\/de\/wp-json\/wp\/v2\/product"}],"about":[{"href":"https:\/\/deep-space-astronomy.ch\/de\/wp-json\/wp\/v2\/types\/product"}],"replies":[{"embeddable":true,"href":"https:\/\/deep-space-astronomy.ch\/de\/wp-json\/wp\/v2\/comments?post=14085"}],"wp:featuredmedia":[{"embeddable":true,"href":"https:\/\/deep-space-astronomy.ch\/de\/wp-json\/wp\/v2\/media\/14089"}],"wp:attachment":[{"href":"https:\/\/deep-space-astronomy.ch\/de\/wp-json\/wp\/v2\/media?parent=14085"}],"wp:term":[{"taxonomy":"product_brand","embeddable":true,"href":"https:\/\/deep-space-astronomy.ch\/de\/wp-json\/wp\/v2\/product_brand?post=14085"},{"taxonomy":"product_cat","embeddable":true,"href":"https:\/\/deep-space-astronomy.ch\/de\/wp-json\/wp\/v2\/product_cat?post=14085"},{"taxonomy":"product_tag","embeddable":true,"href":"https:\/\/deep-space-astronomy.ch\/de\/wp-json\/wp\/v2\/product_tag?post=14085"}],"curies":[{"name":"wp","href":"https:\/\/api.w.org\/{rel}","templated":true}]}}