{"id":14108,"date":"2026-03-25T13:29:41","date_gmt":"2026-03-25T12:29:41","guid":{"rendered":"https:\/\/deep-space-astronomy.ch\/?post_type=product&#038;p=14108"},"modified":"2026-03-25T13:29:54","modified_gmt":"2026-03-25T12:29:54","slug":"sky-watcher-explorer-200p","status":"publish","type":"product","link":"https:\/\/deep-space-astronomy.ch\/de\/produkt\/sky-watcher-explorer-200p\/","title":{"rendered":"Sky-Watcher Explorer-200P"},"content":{"rendered":"<p>&nbsp;<\/p>\n<h3>Sky-Watcher EXPLORER-200P-Teleskop: Maximale Leistung und Pr\u00e4zision f\u00fcr die fortgeschrittene Astronomie<\/h3>\n<p>Die <strong>Sky-Watcher EXPLORER-200P<\/strong> ist ein hochleistungsf\u00e4higes Newton-Teleskop, das f\u00fcr mittlere bis fortgeschrittene Astronomen entwickelt wurde, aber auch f\u00fcr besonders motivierte Anf\u00e4nger zug\u00e4nglich ist. Dank seines gro\u00dfen Hauptspiegels von <strong>200 mm Durchmesser<\/strong>, Es bietet eine au\u00dfergew\u00f6hnliche Lichtsammelf\u00e4higkeit, die es Ihnen erm\u00f6glicht, schwache Himmelsobjekte mit beeindruckender Klarheit zu beobachten. Dieses Modell ist die ideale Wahl f\u00fcr alle, die bei der visuellen Beobachtung und der Astrofotografie einen Schritt nach vorn machen wollen.<\/p>\n<p>Mit einer Brennweite von <strong>1000 mm<\/strong> und ein Fokusverh\u00e4ltnis von <strong>f\/5<\/strong>, Dieses Teleskop kombiniert ein gro\u00dfes Gesichtsfeld mit einem hohen Aufl\u00f6sungsverm\u00f6gen. Es eignet sich hervorragend f\u00fcr die Beobachtung einer Vielzahl von Himmelsobjekten: den Mond, Planeten, Nebel, Galaxien, Sternhaufen und Doppelsterne. Seine Vielseitigkeit macht es zu einem kompletten Instrument, um das Universum gr\u00fcndlich zu erforschen.<\/p>\n<h3>Hochwertige parabolische Optik f\u00fcr detailreiche Bilder<\/h3>\n<p>Der Sky-Watcher EXPLORER-200P ist mit einem parabolischen Hauptspiegel ausgestattet, der eine hervorragende Korrektur von optischen Aberrationen gew\u00e4hrleistet. Dieses Design sorgt f\u00fcr scharfe und kontrastreiche Bilder, selbst bei hoher Vergr\u00f6\u00dferung. Sein \u00fcberlegenes Aufl\u00f6sungsverm\u00f6gen erm\u00f6glicht es, feine Details auf Planeten zu erkennen und subtile Strukturen in Deep-Sky-Objekten zu enth\u00fcllen.<\/p>\n<p>Die Behandlung <strong>Radiant\u2122 Aluminum Quarz (RAQ\u2122)<\/strong> angewandt auf Prim\u00e4r- und Sekund\u00e4rspiegel bietet eine <strong>Reflexionsverm\u00f6gen von bis zu 94 %<\/strong>, Dadurch wird die Helligkeit der Bilder deutlich verbessert. Diese Beschichtung sorgt au\u00dferdem f\u00fcr eine hervorragende Haltbarkeit, sodass eine gleichbleibende Leistung \u00fcber einen langen Zeitraum gew\u00e4hrleistet ist.<\/p>\n<p>Die ultrad\u00fcnnen Halterungen des Sekund\u00e4rspiegels von <strong>0,5 mm<\/strong> reduzieren die Beugung und optimieren so den Kontrast und die Sch\u00e4rfe der Beobachtungen. Dieses Ma\u00df an optischer Pr\u00e4zision erm\u00f6glicht es, die F\u00e4higkeiten des Teleskops auch unter anspruchsvollen Beobachtungsbedingungen voll auszusch\u00f6pfen.<\/p>\n<h3>Beeindruckende optische Leistung<\/h3>\n<p>Dank der mitgelieferten Okulare von <strong>25 mm und 10 mm<\/strong>, Das Teleskop erreicht Vergr\u00f6\u00dferungen von <strong>x40, x80, x100 und x200<\/strong> mit der mitgelieferten Barlow-Linse x2. Seine theoretisch maximale Kapazit\u00e4t erreicht <strong>x400<\/strong>, Der Mond ist eine der am h\u00e4ufigsten genutzten Beobachtungsstationen auf der Erde, die bei g\u00fcnstigen atmosph\u00e4rischen Bedingungen detaillierte Beobachtungen der Planeten und der Mondoberfl\u00e4che erm\u00f6glicht.<\/p>\n<p>Der gro\u00dfe Durchmesser von 200 mm erm\u00f6glicht es, eine gro\u00dfe Menge an Licht einzufangen, wodurch auch schw\u00e4chere und weiter entfernte Himmelsobjekte sichtbar werden. Galaxien erscheinen mit mehr Struktur, Nebel gewinnen an Kontrast und Sternhaufen offenbaren einen beeindruckenden Detailreichtum.<\/p>\n<h3>Pr\u00e4zise Fokussierung und umfassende Kompatibilit\u00e4t<\/h3>\n<p>Der Sky-Watcher EXPLORER-200P ist mit einem <strong>Dual-Fit 1,25\u201d\/2\u201d Okularhalter\u201d<\/strong>, und bietet so eine gro\u00dfe Flexibilit\u00e4t bei der Verwendung. Diese Kompatibilit\u00e4t erm\u00f6glicht die Verwendung einer breiten Palette von Okularen und Zubeh\u00f6r, die sowohl f\u00fcr die visuelle Beobachtung als auch f\u00fcr die Astrofotografie geeignet sind.<\/p>\n<p>Die Fokussierung ist fl\u00fcssig und pr\u00e4zise, was entscheidend ist, um das optische Potenzial des Teleskops voll auszusch\u00f6pfen. Egal, ob Sie Standardokulare oder fortschrittlicheres Zubeh\u00f6r verwenden, Sie profitieren von einem optimalen Bedienungskomfort.<\/p>\n<h3>Ideal f\u00fcr die Astrofotografie<\/h3>\n<p>Dieses Teleskop ist perfekt f\u00fcr die astronomische Bildgebung geeignet. Es verf\u00fcgt \u00fcber eine <strong>Direktanschluss f\u00fcr Spiegelreflexkameras (SLR)<\/strong>, Sie k\u00f6nnen damit Bilder des Mondes, der Planeten und des Deep-Sky-Himmels aufnehmen. In Verbindung mit einer geeigneten Montierung (nicht im Lieferumfang enthalten) wird es zu einem hervorragenden Werkzeug f\u00fcr die fortgeschrittene Astrofotografie.<\/p>\n<p>Die Kombination aus hoher Lichtst\u00e4rke und ausgewogener Brennweite sorgt f\u00fcr detaillierte und helle Aufnahmen. Damit ist sie eine hervorragende Grundlage f\u00fcr Astrofotografen, die sich zu anspruchsvolleren Aufnahmen weiterentwickeln m\u00f6chten.<\/p>\n<h3>Einfaches Auffinden und bequemes Beobachten<\/h3>\n<p>Der Forscher <strong>9\u00d750<\/strong> inclus erleichtert das Auffinden von Himmelsobjekten erheblich. Dank seiner Vergr\u00f6\u00dferung und Helligkeit lassen sich Ziele am Nachthimmel auch in sternenreichen Gebieten schnell lokalisieren.<\/p>\n<p>Sein robustes und durchdachtes Design sorgt f\u00fcr Stabilit\u00e4t und optimalen Benutzerkomfort. Ob f\u00fcr l\u00e4ngere Beobachtungssessions oder schnelle Erkundungen, dieses Teleskop erf\u00fcllt die Erwartungen anspruchsvoller Benutzer.<\/p>\n<h3>Technische Daten zu Sky-Watcher EXPLORER-200P<\/h3>\n<table border=\"1\" cellspacing=\"0\" cellpadding=\"8\">\n<tbody>\n<tr>\n<th>Merkmal<\/th>\n<th>Detail<\/th>\n<\/tr>\n<tr>\n<td>Typ<\/td>\n<td>Newton-Teleskop<\/td>\n<\/tr>\n<tr>\n<td>Spiegeldurchmesser<\/td>\n<td>200 mm<\/td>\n<\/tr>\n<tr>\n<td>Brennweite<\/td>\n<td>1000 mm<\/td>\n<\/tr>\n<tr>\n<td>Fokusbericht<\/td>\n<td>f\/5<\/td>\n<\/tr>\n<tr>\n<td>Mitgelieferte Vergr\u00f6\u00dferungen<\/td>\n<td>x40 \/ x80 \/ x100 \/ x200<\/td>\n<\/tr>\n<tr>\n<td>Maximale Vergr\u00f6\u00dferung<\/td>\n<td>x400<\/td>\n<\/tr>\n<tr>\n<td>Okulare<\/td>\n<td>25 mm und 10 mm (1,25\u2033)<\/td>\n<\/tr>\n<tr>\n<td>Zubeh\u00f6r<\/td>\n<td>Barlow x2 Deluxe mit Kameraadapter<\/td>\n<\/tr>\n<tr>\n<td>Okularhalter<\/td>\n<td>Dual-Fit 1,25\u201d \/ 2\u201d<\/td>\n<\/tr>\n<tr>\n<td>Optische Verarbeitung<\/td>\n<td>RAQ\u2122 Aluminium Quarz (94 % Reflektivit\u00e4t)<\/td>\n<\/tr>\n<tr>\n<td>Forscher<\/td>\n<td>9\u00d750<\/td>\n<\/tr>\n<tr>\n<td>Foto-Kompatibilit\u00e4t<\/td>\n<td>Direkter Spiegelreflexanschluss (SLR)<\/td>\n<\/tr>\n<\/tbody>\n<\/table>\n<h3>Warum sollten Sie sich f\u00fcr den Sky-Watcher EXPLORER-200P entscheiden?<\/h3>\n<p>Das Sky-Watcher EXPLORER-200P ist ein leistungsstarkes und erweiterbares Teleskop, das sich ideal f\u00fcr Astronomen eignet, die eine h\u00f6here Beobachtungsstufe anstreben. Sein gro\u00dfer Durchmesser, die hervorragende optische Qualit\u00e4t und die Kompatibilit\u00e4t mit einer Vielzahl von Zubeh\u00f6rteilen machen es zu einem vielseitigen und leistungsstarken Instrument.<\/p>\n<p>Egal, ob Sie sich f\u00fcr die visuelle Beobachtung begeistern oder ernsthaft in die Astrofotografie einsteigen m\u00f6chten, dieses Teleskop bietet Ihnen alle Schl\u00fcssel, um das Universum mit Pr\u00e4zision und Tiefe zu erforschen. Es ist eine nachhaltige Investition, um Ihre Leidenschaft f\u00fcr die Astronomie voll auszuleben.<\/p>\n<p>&nbsp;<\/p>","protected":false},"excerpt":{"rendered":"<p>&nbsp; T\u00e9lescope Sky-Watcher EXPLORER-200P : puissance maximale et pr\u00e9cision pour l\u2019astronomie avanc\u00e9e Le Sky-Watcher EXPLORER-200P est un t\u00e9lescope Newton haute performance con\u00e7u pour les astronomes interm\u00e9diaires \u00e0 avanc\u00e9s, tout en restant accessible aux d\u00e9butants particuli\u00e8rement motiv\u00e9s. Gr\u00e2ce \u00e0 son large miroir primaire de 200 mm de diam\u00e8tre, il offre une capacit\u00e9 exceptionnelle de collecte de [&hellip;]<\/p>\n","protected":false},"featured_media":14109,"comment_status":"open","ping_status":"closed","template":"","meta":[],"product_brand":[822],"product_cat":[392,747],"product_tag":[],"class_list":{"0":"post-14108","1":"product","2":"type-product","3":"status-publish","4":"has-post-thumbnail","6":"product_brand-sky-watcher","7":"product_cat-telescopes_reflecteurs","8":"product_cat-newton","10":"first","11":"on_supplier","12":"taxable","13":"shipping-taxable","14":"purchasable","15":"product-type-simple"},"_links":{"self":[{"href":"https:\/\/deep-space-astronomy.ch\/de\/wp-json\/wp\/v2\/product\/14108","targetHints":{"allow":["GET"]}}],"collection":[{"href":"https:\/\/deep-space-astronomy.ch\/de\/wp-json\/wp\/v2\/product"}],"about":[{"href":"https:\/\/deep-space-astronomy.ch\/de\/wp-json\/wp\/v2\/types\/product"}],"replies":[{"embeddable":true,"href":"https:\/\/deep-space-astronomy.ch\/de\/wp-json\/wp\/v2\/comments?post=14108"}],"wp:featuredmedia":[{"embeddable":true,"href":"https:\/\/deep-space-astronomy.ch\/de\/wp-json\/wp\/v2\/media\/14109"}],"wp:attachment":[{"href":"https:\/\/deep-space-astronomy.ch\/de\/wp-json\/wp\/v2\/media?parent=14108"}],"wp:term":[{"taxonomy":"product_brand","embeddable":true,"href":"https:\/\/deep-space-astronomy.ch\/de\/wp-json\/wp\/v2\/product_brand?post=14108"},{"taxonomy":"product_cat","embeddable":true,"href":"https:\/\/deep-space-astronomy.ch\/de\/wp-json\/wp\/v2\/product_cat?post=14108"},{"taxonomy":"product_tag","embeddable":true,"href":"https:\/\/deep-space-astronomy.ch\/de\/wp-json\/wp\/v2\/product_tag?post=14108"}],"curies":[{"name":"wp","href":"https:\/\/api.w.org\/{rel}","templated":true}]}}