{"id":14321,"date":"2026-03-26T14:36:06","date_gmt":"2026-03-26T13:36:06","guid":{"rendered":"https:\/\/deep-space-astronomy.ch\/?post_type=product&#038;p=14321"},"modified":"2026-03-26T14:36:20","modified_gmt":"2026-03-26T13:36:20","slug":"sky-watcher-evostar-90-az-3","status":"publish","type":"product","link":"https:\/\/deep-space-astronomy.ch\/de\/produkt\/sky-watcher-evostar-90-az-3\/","title":{"rendered":"Sky-Watcher EVOSTAR 90 AZ-3"},"content":{"rendered":"<h3>Sky-Watcher EVOSTAR 90 AZ-3: Vielseitiges astronomisches Fernrohr f\u00fcr terrestrische und himmlische Beobachtungen<\/h3>\n<p>Die <strong>Sky-Watcher EVOSTAR 90 AZ-3<\/strong> ist ein achromatisches astronomisches Fernrohr, das f\u00fcr hohe Leistungen sowohl bei der terrestrischen Beobachtung als auch in der Astronomie entwickelt wurde. Es eignet sich sowohl f\u00fcr anspruchsvolle Anf\u00e4nger als auch f\u00fcr erfahrene Benutzer und zeichnet sich durch seine hohe optische Qualit\u00e4t, einfache Bedienung und Vielseitigkeit aus. Ob Sie nun tags\u00fcber Landschaften beobachten oder die Wunder des Nachthimmels erkunden m\u00f6chten, dieses Teleskop ist eine zuverl\u00e4ssige und leistungsf\u00e4hige Wahl.<\/p>\n<p>Ausgestattet mit einem Ziel von <strong>90 mm Durchmesser<\/strong>, Sie f\u00e4ngt <strong>65 % zus\u00e4tzliches Licht im Vergleich zu einem 70-mm-Modell<\/strong>, und liefert so hellere und detailreichere Bilder. Seine Brennweite von <strong>900 mm<\/strong> verbunden mit einem Fokusverh\u00e4ltnis von <strong>f\/10<\/strong> garantiert einen ausgezeichneten Kontrast und eine hohe Genauigkeit, die sich besonders f\u00fcr die Beobachtung bei starker Vergr\u00f6\u00dferung eignen.<\/p>\n<h3>Hochpr\u00e4zise achromatische Optik<\/h3>\n<p>Das Sky-Watcher EVOSTAR 90 ist ein Brillenglas mit zwei Linsen (achromatisches Dublett), das entwickelt wurde, um chromatische Aberrationen zu begrenzen und gleichzeitig eine hervorragende Bildsch\u00e4rfe zu erhalten. Dieses klassische, aber bew\u00e4hrte Design sorgt f\u00fcr klare, kontrastreiche und naturgetreue Bilder.<\/p>\n<p>Das Ziel profitiert von einer Behandlung <strong>mehrschichtig (Multi-Coated)<\/strong>, Die Lichtdurchl\u00e4ssigkeit wird verbessert und st\u00f6rende Reflexionen werden reduziert. Das Ergebnis sind hellere Bilder mit besserem Kontrast und feineren Details, egal ob Sie den Mond, die Planeten oder irdische Ziele beobachten.<\/p>\n<p>Dank seiner optischen Leistung nahe der Beugungsgrenze bietet dieser Refraktor eine f\u00fcr seine Klasse bemerkenswerte Bildqualit\u00e4t, insbesondere bei der Planeten- und Mondbeobachtung.<\/p>\n<h3>Ideale Leistung f\u00fcr starke Vergr\u00f6\u00dferung<\/h3>\n<p>Mit den mitgelieferten Okularen erreicht das EVOSTAR 90 AZ-3 Vergr\u00f6\u00dferungen von <strong>x36 und x90<\/strong>. Seine theoretisch maximale Kapazit\u00e4t erreicht <strong>x180<\/strong>, Die Mondoberfl\u00e4che, die Wolkenb\u00e4nder des Jupiters und die Ringe des Saturns lassen sich mit diesem Teleskop hervorragend untersuchen.<\/p>\n<p>Sein f\/10-Brennweitenverh\u00e4ltnis beg\u00fcnstigt eine hervorragende Detailwiedergabe bei hoher Vergr\u00f6\u00dferung und liefert ein stabiles, kontrastreiches Bild. Dies macht ihn zu einem besonders geeigneten Refraktor f\u00fcr die Beobachtung von Objekten des Sonnensystems.<\/p>\n<h3>Erdbeobachtung und Nachthimmel<\/h3>\n<p>Einer der gro\u00dfen Vorteile der Sky-Watcher EVOSTAR 90 AZ3 ist ihre Vielseitigkeit. Dank der abgewinkelten Umlenkung <strong>45\u00b0 bis aufgerichtetes Bild<\/strong>, ist es perfekt f\u00fcr die terrestrische Beobachtung am Tag geeignet. Sie k\u00f6nnen Landschaften, Tiere oder weit entfernte Objekte mit einem geraden und komfortablen Bild beobachten.<\/p>\n<p>In der Astronomie zeichnet es sich durch die Beobachtung des Mondes und der Planeten aus, w\u00e4hrend es auch die Beobachtung von hellen Sternhaufen und einigen Deep-Sky-Objekten erm\u00f6glicht. Seine optische Qualit\u00e4t sorgt f\u00fcr ein immersives und angenehmes Erlebnis.<\/p>\n<h3>AZ-3-Mount: Einfachheit und Pr\u00e4zision<\/h3>\n<p>Die L\u00fcnette ist auf einem <strong>AZ-3 Deluxe alt-azimutales Gestell<\/strong>, ist bekannt f\u00fcr seine einfache Bedienung und seine Pr\u00e4zision. Sie erm\u00f6glicht fl\u00fcssige Bewegungen auf der horizontalen (Azimut) und vertikalen (H\u00f6he) Achse.<\/p>\n<p>Die <strong>langsame Bewegungssteuerungen<\/strong> bieten eine pr\u00e4zise Steuerung der Ausrichtung, die ideal ist, um Himmels- oder Bodenobjekte mit Leichtigkeit zu verfolgen. Diese intuitive Montierung ist besonders f\u00fcr Anf\u00e4nger geeignet, bleibt aber auch bei fortgeschrittenen Beobachtungen effektiv.<\/p>\n<p>Das robuste Aluminiumstativ sorgt f\u00fcr eine gute Stabilit\u00e4t, die wichtig ist, um die optischen F\u00e4higkeiten des Spektivs voll auszusch\u00f6pfen. Die integrierte Zubeh\u00f6rablage sorgt daf\u00fcr, dass Okulare und Zubeh\u00f6r stets griffbereit sind.<\/p>\n<h3>Einfache Bedienung und schnelle Einarbeitung<\/h3>\n<p>Der Sky-Watcher EVOSTAR 90 AZ3 wurde f\u00fcr eine einfache und angenehme Benutzererfahrung entwickelt. Dank der schnellen Installation und der intuitiven Bedienung k\u00f6nnen Sie in nur wenigen Minuten mit der Beobachtung beginnen.<\/p>\n<p>Der Forscher <strong>6\u00d730<\/strong> erleichtert das Auffinden von Objekten, w\u00e4hrend die alt-azimutale Montierung eine nat\u00fcrliche Navigation am Himmel erm\u00f6glicht. Diese Kombination macht es zu einem idealen Instrument f\u00fcr den unkomplizierten Einstieg in die Astronomie.<\/p>\n<h3>Technische Daten des Sky-Watcher EVOSTAR 90 AZ-3<\/h3>\n<table border=\"1\" cellspacing=\"0\" cellpadding=\"8\">\n<tbody>\n<tr>\n<th>Merkmal<\/th>\n<th>Detail<\/th>\n<\/tr>\n<tr>\n<td>Typ<\/td>\n<td>Achromatisches astronomisches Fernrohr<\/td>\n<\/tr>\n<tr>\n<td>Durchmesser des Objektivs<\/td>\n<td>90 mm<\/td>\n<\/tr>\n<tr>\n<td>Brennweite<\/td>\n<td>900 mm<\/td>\n<\/tr>\n<tr>\n<td>Fokusbericht<\/td>\n<td>f\/10<\/td>\n<\/tr>\n<tr>\n<td>Sammeln von Licht<\/td>\n<td>65 % mehr als 70 mm<\/td>\n<\/tr>\n<tr>\n<td>Mitgelieferte Vergr\u00f6\u00dferungen<\/td>\n<td>x36 \/ x90<\/td>\n<\/tr>\n<tr>\n<td>Maximale Vergr\u00f6\u00dferung<\/td>\n<td>x180<\/td>\n<\/tr>\n<tr>\n<td>Okulare<\/td>\n<td>1,25\u2033 (bereitgestellt)<\/td>\n<\/tr>\n<tr>\n<td>Abgewinkelte Umlenkung<\/td>\n<td>45\u00b0 begradigtes Bild (1,25\u2033)<\/td>\n<\/tr>\n<tr>\n<td>Optische Verarbeitung<\/td>\n<td>Mehrschichtiges Objektiv<\/td>\n<\/tr>\n<tr>\n<td>Forscher<\/td>\n<td>6\u00d730<\/td>\n<\/tr>\n<tr>\n<td>Rahmen<\/td>\n<td>AZ3 Deluxe alt-azimutale<\/td>\n<\/tr>\n<tr>\n<td>Kontrolle<\/td>\n<td>Langsame Bewegungen auf zwei Achsen<\/td>\n<\/tr>\n<tr>\n<td>Stativ<\/td>\n<td>Aluminium mit Zubeh\u00f6rtablett<\/td>\n<\/tr>\n<\/tbody>\n<\/table>\n<h3>Warum sollte man sich f\u00fcr den Sky-Watcher EVOSTAR 90 AZ-3 entscheiden?<\/h3>\n<p>Das Sky-Watcher EVOSTAR 90 AZ3 ist ein vielseitiges, leistungsstarkes und einfach zu bedienendes Fernrohr. Er ist eine ausgezeichnete Wahl f\u00fcr alle, die terrestrische und astronomische Beobachtungen mit einem einzigen Instrument kombinieren m\u00f6chten.<\/p>\n<p>Dank der optischen Qualit\u00e4t, der Stabilit\u00e4t und der einfachen Bedienung k\u00f6nnen Sie jede Beobachtungssession voll und ganz genie\u00dfen, sei es am Tag oder unter dem Sternenhimmel. Es ist eine ideale Investition, um mit einer zuverl\u00e4ssigen und langlebigen Ausr\u00fcstung in die Astronomie einzusteigen oder Fortschritte zu machen.<\/p>","protected":false},"excerpt":{"rendered":"<p>Sky-Watcher EVOSTAR 90 AZ-3 : lunette astronomique polyvalente pour observation terrestre et c\u00e9leste La Sky-Watcher EVOSTAR 90 AZ-3 est une lunette astronomique achromatique con\u00e7ue pour offrir des performances \u00e9lev\u00e9es aussi bien en observation terrestre qu\u2019en astronomie. Id\u00e9ale pour les d\u00e9butants exigeants comme pour les utilisateurs plus exp\u00e9riment\u00e9s, elle se distingue par sa grande qualit\u00e9 optique, [&hellip;]<\/p>\n","protected":false},"featured_media":14322,"comment_status":"open","ping_status":"closed","template":"","meta":[],"product_brand":[822],"product_cat":[384,759,754,20],"product_tag":[],"class_list":{"0":"post-14321","1":"product","2":"type-product","3":"status-publish","4":"has-post-thumbnail","6":"product_brand-sky-watcher","7":"product_cat-lunettes_refracteurs","8":"product_cat-alt-azimutales","9":"product_cat-lunettes-achromatiques","10":"product_cat-montures","12":"first","13":"on_supplier","14":"taxable","15":"shipping-taxable","16":"purchasable","17":"product-type-simple"},"_links":{"self":[{"href":"https:\/\/deep-space-astronomy.ch\/de\/wp-json\/wp\/v2\/product\/14321","targetHints":{"allow":["GET"]}}],"collection":[{"href":"https:\/\/deep-space-astronomy.ch\/de\/wp-json\/wp\/v2\/product"}],"about":[{"href":"https:\/\/deep-space-astronomy.ch\/de\/wp-json\/wp\/v2\/types\/product"}],"replies":[{"embeddable":true,"href":"https:\/\/deep-space-astronomy.ch\/de\/wp-json\/wp\/v2\/comments?post=14321"}],"wp:featuredmedia":[{"embeddable":true,"href":"https:\/\/deep-space-astronomy.ch\/de\/wp-json\/wp\/v2\/media\/14322"}],"wp:attachment":[{"href":"https:\/\/deep-space-astronomy.ch\/de\/wp-json\/wp\/v2\/media?parent=14321"}],"wp:term":[{"taxonomy":"product_brand","embeddable":true,"href":"https:\/\/deep-space-astronomy.ch\/de\/wp-json\/wp\/v2\/product_brand?post=14321"},{"taxonomy":"product_cat","embeddable":true,"href":"https:\/\/deep-space-astronomy.ch\/de\/wp-json\/wp\/v2\/product_cat?post=14321"},{"taxonomy":"product_tag","embeddable":true,"href":"https:\/\/deep-space-astronomy.ch\/de\/wp-json\/wp\/v2\/product_tag?post=14321"}],"curies":[{"name":"wp","href":"https:\/\/api.w.org\/{rel}","templated":true}]}}