{"id":14331,"date":"2026-03-26T15:27:40","date_gmt":"2026-03-26T14:27:40","guid":{"rendered":"https:\/\/deep-space-astronomy.ch\/?post_type=product&#038;p=14331"},"modified":"2026-03-26T15:27:53","modified_gmt":"2026-03-26T14:27:53","slug":"sky-watcher-evostar-102-eq3-2","status":"publish","type":"product","link":"https:\/\/deep-space-astronomy.ch\/de\/produkt\/sky-watcher-evostar-102-eq3-2\/","title":{"rendered":"Sky-Watcher EVOSTAR 102 EQ3-2"},"content":{"rendered":"<h3>Sky-Watcher EVOSTAR 102 EQ3-2: Leistungsstarkes und pr\u00e4zises astronomisches Fernrohr f\u00fcr Planeten- und Deep-Sky-Beobachtungen<\/h3>\n<p>Die <strong>Sky-Watcher EVOSTAR 102 EQ3-2<\/strong> ist ein hochwertiges achromatisches astronomisches Fernrohr, das f\u00fcr eine \u00fcberragende optische Leistung und eine hohe Nachf\u00fchrgenauigkeit entwickelt wurde. Es eignet sich sowohl f\u00fcr anspruchsvolle Anf\u00e4nger als auch f\u00fcr fortgeschrittene Astronomen und zeichnet sich durch sein hervorragendes Aufl\u00f6sungsverm\u00f6gen und seine F\u00e4higkeit, helle und kontrastreiche Bilder zu liefern, aus. Dank seines Durchmessers von <strong>102 mm<\/strong>, Im Vergleich zu den 90-mm-Modellen stellt sie eine deutliche Verbesserung dar. <strong>28 % zus\u00e4tzliches Licht<\/strong> gesammelt.<\/p>\n<p>Seine Brennweite von <strong>1000 mm<\/strong> und sein Fokalverh\u00e4ltnis von <strong>f\/9,8<\/strong> machen es zu einem besonders geeigneten Instrument f\u00fcr die Beobachtung bei hoher Vergr\u00f6\u00dferung. Es zeichnet sich bei der detaillierten Untersuchung des Mondes, der Planeten und der Doppelsterne aus und erm\u00f6glicht es gleichzeitig, einige Deep-Sky-Objekte mit gro\u00dfer Klarheit zu erforschen.<\/p>\n<h3>Hochaufl\u00f6sende achromatische Optik<\/h3>\n<p>Das Sky-Watcher EVOSTAR 102 basiert auf einem klassischen optischen Design mit achromatischen Dubletten. Dieses System reduziert effektiv chromatische Aberrationen und bietet gleichzeitig eine hervorragende Bildsch\u00e4rfe. Es liefert pr\u00e4zise und naturgetreue Bilder, die sich ideal f\u00fcr detaillierte Beobachtungen eignen.<\/p>\n<p>Das Objektiv wird mit einer Beschichtung behandelt <strong>mehrschichtig (Multi-Coated)<\/strong>, die die Lichtdurchl\u00e4ssigkeit verbessert und interne Reflexionen reduziert. Diese Verg\u00fctung sorgt f\u00fcr helle und kontrastreiche Bilder, die f\u00fcr die Beobachtung der feinen Details von Planeten- und Mondoberfl\u00e4chen unerl\u00e4sslich sind.<\/p>\n<p>Dank seiner Leistung nahe der Beugungsgrenze bietet dieser Refraktor f\u00fcr seinen Durchmesser eine au\u00dfergew\u00f6hnliche Wiedergabe, sodass die optischen F\u00e4higkeiten voll ausgesch\u00f6pft werden k\u00f6nnen.<\/p>\n<h3>Optimierte Leistung f\u00fcr hohe Vergr\u00f6\u00dferung<\/h3>\n<p>Der Sky-Watcher EVOSTAR 102 EQ3-2 wird mit zwei Okularen von <strong>25 mm und 10 mm<\/strong>, Die Vergr\u00f6\u00dferungen betragen <strong>x40 und x100<\/strong>. Seine theoretisch maximale Kapazit\u00e4t erreicht <strong>x204<\/strong>, Der Mond ist ein idealer Ort, um die feinen Details der Mondoberfl\u00e4che und die Strukturen der Planeten zu beobachten.<\/p>\n<p>Sein Brennweitenverh\u00e4ltnis von f\/9,8 beg\u00fcnstigt einen ausgezeichneten Kontrast und eine hohe Bildstabilit\u00e4t bei hoher Vergr\u00f6\u00dferung. Dies macht es besonders geeignet f\u00fcr die Beobachtung des Sonnensystems, wobei es auch f\u00fcr andere Arten von Himmelsobjekten vielseitig einsetzbar ist.<\/p>\n<h3>\u00c4quatoriale Montierung EQ3-2: Pr\u00e4zision und reibungslose Verfolgung<\/h3>\n<p>Die L\u00fcnette ist auf einem <strong>\u00e4quatoriale Montierung EQ3-2 Deluxe<\/strong>, die f\u00fcr ihre Robustheit und Pr\u00e4zision bekannt ist. Wenn es mithilfe der integrierten Polsucherhalterung richtig ausgerichtet ist, k\u00f6nnen Sie Himmelsobjekte leicht verfolgen, indem Sie die Erdrotation ausgleichen.<\/p>\n<p>Die <strong>langsame Bewegungssteuerungen<\/strong> sorgen f\u00fcr eine pr\u00e4zise Justierung in beiden Achsen und erleichtern die Verfolgung von Objekten mit hoher Vergr\u00f6\u00dferung. Diese Montierung ist ideal f\u00fcr l\u00e4ngere Beobachtungen und bietet eine hervorragende Grundlage f\u00fcr den Einstieg in die Astrofotografie.<\/p>\n<p>Das robuste Aluminiumstativ sorgt f\u00fcr einen sicheren Stand, d\u00e4mpft Vibrationen und bietet so optimalen Beobachtungskomfort. Die integrierte Zubeh\u00f6rablage sorgt daf\u00fcr, dass Ihre Ausr\u00fcstung organisiert und zug\u00e4nglich bleibt.<\/p>\n<h3>Erweiterte Kompatibilit\u00e4t und Astrofotografie<\/h3>\n<p>Der Sky-Watcher EVOSTAR 102 EQ3-2 ist mit einem <strong>Dual-Fit 1,25\u201d\/2\u201d Okularhalter\u201d<\/strong>, und bietet Kompatibilit\u00e4t mit einer breiten Palette von Okularen und Zubeh\u00f6r. Diese Flexibilit\u00e4t erm\u00f6glicht es, das Instrument f\u00fcr verschiedene Zwecke anzupassen, von der visuellen Beobachtung bis hin zur Bildgebung.<\/p>\n<p>Die <strong>abgewinkelte Umlenkung 2\u201d (50,8 mm)<\/strong> sorgt f\u00fcr eine komfortable Beobachtung und ein gr\u00f6\u00dferes Feld mit kompatiblen Okularen. Dar\u00fcber hinaus ist die <strong>Direktanschluss f\u00fcr Spiegelreflexkameras (SLR)<\/strong> k\u00f6nnen Sie ganz einfach Bilder des Mondes und der Planeten aufnehmen.<\/p>\n<p>Diese Konfiguration macht die EVOSTAR 102 zu einer ausgezeichneten Wahl f\u00fcr Astronomen, die mit einem zuverl\u00e4ssigen und erweiterbaren Instrument in die Astrofotografie einsteigen m\u00f6chten.<\/p>\n<h3>Einfache Ortung und intuitive Handhabung<\/h3>\n<p>Der Forscher <strong>6\u00d730<\/strong> inclus erleichtert das Auffinden von Himmelsobjekten und erm\u00f6glicht eine schnelle und effiziente Stationierung. In Kombination mit der \u00e4quatorialen Montierung k\u00f6nnen Sie Objekte genau lokalisieren und verfolgen.<\/p>\n<p>Die Bedienung ist intuitiv, selbst f\u00fcr unerfahrene Benutzer. Die \u00e4quatoriale Montierung erfordert eine kleine Einarbeitung, bietet daf\u00fcr aber eine h\u00f6here Genauigkeit und mehr Komfort bei der Verfolgung von Himmelsobjekten.<\/p>\n<h3>Technische Daten des Sky-Watcher EVOSTAR 102 EQ3-2<\/h3>\n<table border=\"1\" cellspacing=\"0\" cellpadding=\"8\">\n<tbody>\n<tr>\n<th>Merkmal<\/th>\n<th>Detail<\/th>\n<\/tr>\n<tr>\n<td>Typ<\/td>\n<td>Achromatisches astronomisches Fernrohr<\/td>\n<\/tr>\n<tr>\n<td>Durchmesser des Objektivs<\/td>\n<td>102 mm<\/td>\n<\/tr>\n<tr>\n<td>Brennweite<\/td>\n<td>1000 mm<\/td>\n<\/tr>\n<tr>\n<td>Fokusbericht<\/td>\n<td>f\/9,8<\/td>\n<\/tr>\n<tr>\n<td>Sammeln von Licht<\/td>\n<td>28 % mehr als 90 mm<\/td>\n<\/tr>\n<tr>\n<td>Mitgelieferte Vergr\u00f6\u00dferungen<\/td>\n<td>x40 \/ x100<\/td>\n<\/tr>\n<tr>\n<td>Maximale Vergr\u00f6\u00dferung<\/td>\n<td>x204<\/td>\n<\/tr>\n<tr>\n<td>Okulare<\/td>\n<td>25 mm und 10 mm (1,25\u2033)<\/td>\n<\/tr>\n<tr>\n<td>Okularhalter<\/td>\n<td>Dual-Fit 1,25\u201d \/ 2\u201d<\/td>\n<\/tr>\n<tr>\n<td>Abgewinkelte Umlenkung<\/td>\n<td>2\" (50,8 mm)<\/td>\n<\/tr>\n<tr>\n<td>Optische Verarbeitung<\/td>\n<td>Mehrschichtiges Objektiv<\/td>\n<\/tr>\n<tr>\n<td>Forscher<\/td>\n<td>6\u00d730<\/td>\n<\/tr>\n<tr>\n<td>Rahmen<\/td>\n<td>EQ3-2 Deluxe \u00c4quatorial<\/td>\n<\/tr>\n<tr>\n<td>Polare Unterst\u00fctzung<\/td>\n<td>Integriert<\/td>\n<\/tr>\n<tr>\n<td>Kontrolle<\/td>\n<td>Langsame Bewegungen auf zwei Achsen<\/td>\n<\/tr>\n<tr>\n<td>Stativ<\/td>\n<td>Aluminium mit Zubeh\u00f6rtablett<\/td>\n<\/tr>\n<tr>\n<td>Foto-Kompatibilit\u00e4t<\/td>\n<td>Direkter Spiegelreflexanschluss (SLR)<\/td>\n<\/tr>\n<\/tbody>\n<\/table>\n<h3>Warum sollte man sich f\u00fcr den Sky-Watcher EVOSTAR 102 EQ3-2 entscheiden?<\/h3>\n<p>Das Sky-Watcher EVOSTAR 102 EQ3-2 ist ein leistungsstarkes und erweiterbares Teleskop, das sich ideal f\u00fcr Astronomen eignet, die eine h\u00f6here Beobachtungsstufe anstreben. Sein gr\u00f6\u00dferer Durchmesser, seine optische Qualit\u00e4t und die pr\u00e4zise \u00e4quatoriale Montierung machen ihn zu einem kompletten Instrument f\u00fcr die visuelle Beobachtung und den Einstieg in die Astrofotografie.<\/p>\n<p>Sie ist zuverl\u00e4ssig, vielseitig und pr\u00e4zise. Mit ihr k\u00f6nnen Sie den Nachthimmel mit detaillierten und kontrastreichen Bildern genie\u00dfen, und sie bietet eine hervorragende Grundlage f\u00fcr Fortschritte in der Astronomie.<\/p>","protected":false},"excerpt":{"rendered":"<p>Sky-Watcher EVOSTAR 102 EQ3-2 : lunette astronomique puissante et pr\u00e9cise pour observation plan\u00e9taire et ciel profond La Sky-Watcher EVOSTAR 102 EQ3-2 est une lunette astronomique achromatique de haute qualit\u00e9, con\u00e7ue pour offrir des performances optiques sup\u00e9rieures et une grande pr\u00e9cision de suivi. Destin\u00e9e aux astronomes d\u00e9butants exigeants comme aux utilisateurs interm\u00e9diaires, elle se distingue par [&hellip;]<\/p>\n","protected":false},"featured_media":14332,"comment_status":"open","ping_status":"closed","template":"","meta":[],"product_brand":[822],"product_cat":[384,762,754,20],"product_tag":[],"class_list":{"0":"post-14331","1":"product","2":"type-product","3":"status-publish","4":"has-post-thumbnail","6":"product_brand-sky-watcher","7":"product_cat-lunettes_refracteurs","8":"product_cat-equatoriales","9":"product_cat-lunettes-achromatiques","10":"product_cat-montures","12":"first","13":"on_supplier","14":"taxable","15":"shipping-taxable","16":"purchasable","17":"product-type-simple"},"_links":{"self":[{"href":"https:\/\/deep-space-astronomy.ch\/de\/wp-json\/wp\/v2\/product\/14331","targetHints":{"allow":["GET"]}}],"collection":[{"href":"https:\/\/deep-space-astronomy.ch\/de\/wp-json\/wp\/v2\/product"}],"about":[{"href":"https:\/\/deep-space-astronomy.ch\/de\/wp-json\/wp\/v2\/types\/product"}],"replies":[{"embeddable":true,"href":"https:\/\/deep-space-astronomy.ch\/de\/wp-json\/wp\/v2\/comments?post=14331"}],"wp:featuredmedia":[{"embeddable":true,"href":"https:\/\/deep-space-astronomy.ch\/de\/wp-json\/wp\/v2\/media\/14332"}],"wp:attachment":[{"href":"https:\/\/deep-space-astronomy.ch\/de\/wp-json\/wp\/v2\/media?parent=14331"}],"wp:term":[{"taxonomy":"product_brand","embeddable":true,"href":"https:\/\/deep-space-astronomy.ch\/de\/wp-json\/wp\/v2\/product_brand?post=14331"},{"taxonomy":"product_cat","embeddable":true,"href":"https:\/\/deep-space-astronomy.ch\/de\/wp-json\/wp\/v2\/product_cat?post=14331"},{"taxonomy":"product_tag","embeddable":true,"href":"https:\/\/deep-space-astronomy.ch\/de\/wp-json\/wp\/v2\/product_tag?post=14331"}],"curies":[{"name":"wp","href":"https:\/\/api.w.org\/{rel}","templated":true}]}}