{"id":14334,"date":"2026-03-26T15:43:30","date_gmt":"2026-03-26T14:43:30","guid":{"rendered":"https:\/\/deep-space-astronomy.ch\/?post_type=product&#038;p=14334"},"modified":"2026-03-26T15:44:46","modified_gmt":"2026-03-26T14:44:46","slug":"sky-watcher-evostar-120-eq3-2","status":"publish","type":"product","link":"https:\/\/deep-space-astronomy.ch\/de\/produkt\/sky-watcher-evostar-120-eq3-2\/","title":{"rendered":"Sky-Watcher EVOSTAR 120 EQ3-2"},"content":{"rendered":"<p>&nbsp;<\/p>\n<h3>Sky-Watcher EVOSTAR 120 EQ3-2: Leistungsstarkes astronomisches Fernrohr f\u00fcr detaillierte Beobachtungen und Astrofotografie<\/h3>\n<p>Die <strong>Sky-Watcher EVOSTAR 120 EQ3-2<\/strong> ist ein leistungsstarkes achromatisches Fernrohr, das f\u00fcr anspruchsvolle Astronomen entwickelt wurde, die eine neue Stufe der Beobachtung erreichen m\u00f6chten. Mit seinem gro\u00dfen Objektiv von <strong>120 mm Durchmesser<\/strong>, Sie bietet eine deutlich verbesserte Lichtsammelf\u00e4higkeit, die bis zu 100 % des Lichts einf\u00e4ngt. <strong>38 % zus\u00e4tzliches Licht im Vergleich zu einem 102-mm-Modell<\/strong>. Dies f\u00fchrt zu helleren, detailreicheren und kontrastreicheren Bildern.<\/p>\n<p>Mit einer Brennweite von <strong>1000 mm<\/strong> und ein Fokusverh\u00e4ltnis von <strong>f\/8,33<\/strong>, Dieses Fernrohr kombiniert eine ausgezeichnete Aufl\u00f6sung mit einer guten Helligkeit. Es ist ideal f\u00fcr die detaillierte Beobachtung des Mondes, der Planeten und der Objekte des Sonnensystems, w\u00e4hrend es gleichzeitig die Erkundung von Deep-Sky-Zielen wie Sternhaufen und einigen hellen Nebeln erm\u00f6glicht.<\/p>\n<h3>Hochpr\u00e4zise achromatische Optik<\/h3>\n<p>Das Sky-Watcher EVOSTAR 120 basiert auf einem klassischen optischen Design mit achromatischen Dubletten. Dieses System begrenzt effektiv chromatische Aberrationen und sorgt f\u00fcr ein scharfes und kontrastreiches Bild. Es bietet eine hervorragende Detailwiedergabe, die besonders bei Beobachtungen mit hoher Vergr\u00f6\u00dferung gesch\u00e4tzt wird.<\/p>\n<p>Das Ziel profitiert von einer Behandlung <strong>mehrschichtig (Multi-Coated)<\/strong>, Die Lichtdurchl\u00e4ssigkeit wird verbessert und interne Reflexionen werden reduziert. Dies f\u00fchrt zu helleren Bildern und einem st\u00e4rkeren Kontrast, ideal f\u00fcr die Beobachtung der feinen Details von Mond- und Planetenoberfl\u00e4chen.<\/p>\n<p>Dank seiner Leistung nahe der Beugungsgrenze kann dieses Fernrohr seinen Durchmesser von 120 mm voll ausnutzen und liefert pr\u00e4zise und immersive Bilder.<\/p>\n<h3>Optimierte Leistung f\u00fcr hohe Vergr\u00f6\u00dferung<\/h3>\n<p>Der Sky-Watcher EVOSTAR 120 EQ3-2 wird mit zwei Okularen von <strong>25 mm und 10 mm<\/strong>, Die Vergr\u00f6\u00dferungen betragen <strong>x40 und x100<\/strong>. Seine theoretisch maximale Kapazit\u00e4t erreicht <strong>x240<\/strong>, Das Teleskop ist ideal, um die feinen Details von Planeten, Mondkratern und Doppelsternen zu beobachten.<\/p>\n<p>Das Brennweitenverh\u00e4ltnis von 1:8,33 bietet einen hervorragenden Kompromiss zwischen Kontrast und Helligkeit, sodass Sie auch bei hoher Vergr\u00f6\u00dferung stabile und detailreiche Bilder erhalten.<\/p>\n<h3>\u00c4quatoriale Montierung EQ3-2: Pr\u00e4zision und reibungslose Verfolgung<\/h3>\n<p>Die L\u00fcnette ist auf einem <strong>\u00e4quatoriale Montierung EQ3-2 Deluxe<\/strong>, die f\u00fcr ihre Robustheit und Pr\u00e4zision bekannt ist. Wenn es mithilfe der integrierten Polsucherhalterung richtig aufgestellt ist, k\u00f6nnen Sie Himmelsobjekte leicht verfolgen, indem Sie die Erdrotation ausgleichen.<\/p>\n<p>Die <strong>langsame Bewegungssteuerungen<\/strong> bieten eine pr\u00e4zise Steuerung in beiden Achsen, wodurch die Verfolgung von Objekten mit hoher Vergr\u00f6\u00dferung erleichtert wird. Diese Montierung ist ideal f\u00fcr l\u00e4ngere Beobachtungen und bietet eine hervorragende Grundlage f\u00fcr den Einstieg in die Astrofotografie.<\/p>\n<p>Das robuste Aluminiumstativ sorgt f\u00fcr eine gute Stabilit\u00e4t, reduziert Vibrationen und garantiert einen optimalen Beobachtungskomfort. Die integrierte Zubeh\u00f6rablage erm\u00f6glicht eine einfache Organisation Ihrer Ausr\u00fcstung.<\/p>\n<h3>Erweiterte Kompatibilit\u00e4t und Astrofotografie<\/h3>\n<p>Der Sky-Watcher EVOSTAR 120 EQ3-2 ist mit einem <strong>Dual-Fit 1,25\u201d\/2\u201d Okularhalter\u201d<\/strong>, Sie k\u00f6nnen eine gro\u00dfe Auswahl an Okularen und Zubeh\u00f6r verwenden. Diese Flexibilit\u00e4t bietet viele M\u00f6glichkeiten, sich Ihren Bed\u00fcrfnissen entsprechend weiterzuentwickeln.<\/p>\n<p>Die <strong>abgewinkelte Umlenkung 1,25\u201d (31,7 mm)<\/strong> garantiert eine komfortable Beobachtung, insbesondere wenn das Teleskop auf den Himmel gerichtet ist. Dar\u00fcber hinaus ist die <strong>Direktanschluss f\u00fcr Spiegelreflexkameras (SLR)<\/strong> k\u00f6nnen Sie ganz einfach Bilder des Mondes und der Planeten aufnehmen.<\/p>\n<p>Dank seiner Stabilit\u00e4t und Nachf\u00fchrgenauigkeit ist dieses Fernrohr eine hervorragende Grundlage, um mit der Astrofotografie zu beginnen und sich in dieser Disziplin weiterzuentwickeln.<\/p>\n<h3>Einfache Ortung und intuitive Handhabung<\/h3>\n<p>Der Forscher <strong>6\u00d730<\/strong> inclus erleichtert das Auffinden von Himmelsobjekten und erm\u00f6glicht eine schnelle und effiziente Stationierung. In Kombination mit der \u00e4quatorialen Montierung k\u00f6nnen Sie Objekte genau lokalisieren und verfolgen.<\/p>\n<p>Die Handhabung ist selbst f\u00fcr motivierte Anf\u00e4nger zug\u00e4nglich. Die \u00e4quatoriale Montierung erfordert zwar eine kleine Einarbeitung, bietet aber im Gegenzug deutlich mehr Komfort und Genauigkeit bei der Verfolgung von Himmelsobjekten.<\/p>\n<h3>Technische Daten zum Sky-Watcher EVOSTAR 120 EQ3-2<\/h3>\n<table border=\"1\" cellspacing=\"0\" cellpadding=\"8\">\n<tbody>\n<tr>\n<th>Merkmal<\/th>\n<th>Detail<\/th>\n<\/tr>\n<tr>\n<td>Typ<\/td>\n<td>Achromatisches astronomisches Fernrohr<\/td>\n<\/tr>\n<tr>\n<td>Durchmesser des Objektivs<\/td>\n<td>120 mm<\/td>\n<\/tr>\n<tr>\n<td>Brennweite<\/td>\n<td>1000 mm<\/td>\n<\/tr>\n<tr>\n<td>Fokusbericht<\/td>\n<td>f\/8,33<\/td>\n<\/tr>\n<tr>\n<td>Sammeln von Licht<\/td>\n<td>38 % mehr als 102 mm<\/td>\n<\/tr>\n<tr>\n<td>Mitgelieferte Vergr\u00f6\u00dferungen<\/td>\n<td>x40 \/ x100<\/td>\n<\/tr>\n<tr>\n<td>Maximale Vergr\u00f6\u00dferung<\/td>\n<td>x240<\/td>\n<\/tr>\n<tr>\n<td>Okulare<\/td>\n<td>25 mm und 10 mm (1,25\u2033)<\/td>\n<\/tr>\n<tr>\n<td>Okularhalter<\/td>\n<td>Dual-Fit 1,25\u201d \/ 2\u201d<\/td>\n<\/tr>\n<tr>\n<td>Abgewinkelte Umlenkung<\/td>\n<td>1,25\u2033 (31,7 mm)<\/td>\n<\/tr>\n<tr>\n<td>Optische Verarbeitung<\/td>\n<td>Mehrschichtiges Objektiv<\/td>\n<\/tr>\n<tr>\n<td>Forscher<\/td>\n<td>6\u00d730<\/td>\n<\/tr>\n<tr>\n<td>Rahmen<\/td>\n<td>EQ3-2 Deluxe \u00c4quatorial<\/td>\n<\/tr>\n<tr>\n<td>Polare Unterst\u00fctzung<\/td>\n<td>Integriert<\/td>\n<\/tr>\n<tr>\n<td>Kontrolle<\/td>\n<td>Langsame Bewegungen auf zwei Achsen<\/td>\n<\/tr>\n<tr>\n<td>Stativ<\/td>\n<td>Aluminium mit Zubeh\u00f6rtablett<\/td>\n<\/tr>\n<tr>\n<td>Foto-Kompatibilit\u00e4t<\/td>\n<td>Direkter Spiegelreflexanschluss (SLR)<\/td>\n<\/tr>\n<\/tbody>\n<\/table>\n<h3>Warum sollte man sich f\u00fcr den Sky-Watcher EVOSTAR 120 EQ3-2 entscheiden?<\/h3>\n<p>Das Sky-Watcher EVOSTAR 120 EQ3-2 ist ein ideales Teleskop f\u00fcr Astronomen, die eine gro\u00dfe \u00d6ffnung w\u00fcnschen und gleichzeitig eine hervorragende optische Qualit\u00e4t beibehalten m\u00f6chten. Es bietet eine hervorragende Leistung bei der Planeten- und Mondbeobachtung sowie eine gute Vielseitigkeit f\u00fcr Deep Sky.<\/p>\n<p>Sie ist stabil, pr\u00e4zise und erweiterbar und stellt eine ausgezeichnete Wahl dar, um mit einem zuverl\u00e4ssigen und leistungsstarken Instrument Fortschritte in der Astronomie zu machen und in die Astrofotografie einzusteigen.<\/p>","protected":false},"excerpt":{"rendered":"<p>&nbsp; Sky-Watcher EVOSTAR 120 EQ3-2 : lunette astronomique puissante pour observation d\u00e9taill\u00e9e et astrophotographie La Sky-Watcher EVOSTAR 120 EQ3-2 est une lunette astronomique achromatique hautes performances con\u00e7ue pour les astronomes exigeants souhaitant acc\u00e9der \u00e0 un niveau d\u2019observation sup\u00e9rieur. Gr\u00e2ce \u00e0 son large objectif de 120 mm de diam\u00e8tre, elle offre une capacit\u00e9 de collecte de [&hellip;]<\/p>\n","protected":false},"featured_media":14335,"comment_status":"open","ping_status":"closed","template":"","meta":[],"product_brand":[822],"product_cat":[384,762,754,20],"product_tag":[],"class_list":{"0":"post-14334","1":"product","2":"type-product","3":"status-publish","4":"has-post-thumbnail","6":"product_brand-sky-watcher","7":"product_cat-lunettes_refracteurs","8":"product_cat-equatoriales","9":"product_cat-lunettes-achromatiques","10":"product_cat-montures","12":"first","13":"on_supplier","14":"taxable","15":"shipping-taxable","16":"purchasable","17":"product-type-simple"},"_links":{"self":[{"href":"https:\/\/deep-space-astronomy.ch\/de\/wp-json\/wp\/v2\/product\/14334","targetHints":{"allow":["GET"]}}],"collection":[{"href":"https:\/\/deep-space-astronomy.ch\/de\/wp-json\/wp\/v2\/product"}],"about":[{"href":"https:\/\/deep-space-astronomy.ch\/de\/wp-json\/wp\/v2\/types\/product"}],"replies":[{"embeddable":true,"href":"https:\/\/deep-space-astronomy.ch\/de\/wp-json\/wp\/v2\/comments?post=14334"}],"wp:featuredmedia":[{"embeddable":true,"href":"https:\/\/deep-space-astronomy.ch\/de\/wp-json\/wp\/v2\/media\/14335"}],"wp:attachment":[{"href":"https:\/\/deep-space-astronomy.ch\/de\/wp-json\/wp\/v2\/media?parent=14334"}],"wp:term":[{"taxonomy":"product_brand","embeddable":true,"href":"https:\/\/deep-space-astronomy.ch\/de\/wp-json\/wp\/v2\/product_brand?post=14334"},{"taxonomy":"product_cat","embeddable":true,"href":"https:\/\/deep-space-astronomy.ch\/de\/wp-json\/wp\/v2\/product_cat?post=14334"},{"taxonomy":"product_tag","embeddable":true,"href":"https:\/\/deep-space-astronomy.ch\/de\/wp-json\/wp\/v2\/product_tag?post=14334"}],"curies":[{"name":"wp","href":"https:\/\/api.w.org\/{rel}","templated":true}]}}