{"id":14339,"date":"2026-03-26T16:05:10","date_gmt":"2026-03-26T15:05:10","guid":{"rendered":"https:\/\/deep-space-astronomy.ch\/?post_type=product&#038;p=14339"},"modified":"2026-03-26T16:05:24","modified_gmt":"2026-03-26T15:05:24","slug":"sky-watcher-evostar-120-eq3-pro-synscan-goto","status":"publish","type":"product","link":"https:\/\/deep-space-astronomy.ch\/de\/produkt\/sky-watcher-evostar-120-eq3-pro-synscan-goto\/","title":{"rendered":"Sky-Watcher EVOSTAR 120 EQ3 PRO SynScan GoTo"},"content":{"rendered":"<p>&nbsp;<\/p>\n<h3>Sky-Watcher EVOSTAR 120 EQ3 PRO SynScan GoTo: Leistungsstarkes Refraktor mit Auto-Targeting f\u00fcr die moderne Astronomie<\/h3>\n<p>Die <strong>Sky-Watcher EVOSTAR 120 EQ3 PRO SynScan GoTo<\/strong> ist ein leistungsstarkes achromatisches astronomisches Fernrohr in Verbindung mit einer motorisierten und computergesteuerten \u00e4quatorialen Montierung. Es wurde f\u00fcr anspruchsvolle Astronomen entwickelt und bietet eine ideale Kombination aus optischer Qualit\u00e4t, hoher Beobachtungsleistung und einfacher Bedienung durch das GoTo-System. Ob motivierter Anf\u00e4nger oder fortgeschrittener Benutzer, mit diesem Instrument k\u00f6nnen Sie den Himmel pr\u00e4zise und effizient erkunden.<\/p>\n<p>Ausgestattet mit einem Ziel von <strong>120 mm Durchmesser<\/strong>, Dieses Fernrohr erfasst <strong>38 % zus\u00e4tzliches Licht im Vergleich zu einem 102-mm-Modell<\/strong>, und liefert helle, detailreiche Bilder. Ihre Brennweite von <strong>1000 mm<\/strong> und sein Fokalverh\u00e4ltnis von <strong>f\/8,33<\/strong> bieten einen hervorragenden Kompromiss zwischen Helligkeit und Aufl\u00f6sung und sind ideal f\u00fcr die Beobachtung von Planeten, des Mondes und einiger Deep-Sky-Objekte.<\/p>\n<h3>Hochaufl\u00f6sende achromatische Optik<\/h3>\n<p>Die Sky-Watcher EVOSTAR 120 ist mit einem achromatischen Dublett ausgestattet, einem klassischen Design mit zwei separaten Linsen, das chromatische Aberrationen effektiv reduziert. Im Gegensatz zu einer Einzellinse bringt dieses System die verschiedenen Wellenl\u00e4ngen im selben Brennpunkt zusammen und sorgt so f\u00fcr ein scharfes und kontrastreiches Bild.<\/p>\n<p>Das Ziel profitiert von einer Behandlung <strong>mehrschichtig (Multi-Coated)<\/strong>, Die Lichtdurchl\u00e4ssigkeit wird verbessert und interne Reflexionen werden reduziert. Das Ergebnis ist ein helles, scharfes und kontrastreiches Bild, das sich ideal f\u00fcr die Untersuchung von Planetenoberfl\u00e4chen, Mondkratern und Doppelsternen eignet.<\/p>\n<p>Dank seiner Leistung nahe der Beugungsgrenze bietet dieser Refraktor f\u00fcr seinen Durchmesser eine bemerkenswerte Bildqualit\u00e4t, die detaillierte Beobachtungen bei hoher Vergr\u00f6\u00dferung erm\u00f6glicht.<\/p>\n<h3>Optimierte Leistung f\u00fcr hohe Vergr\u00f6\u00dferung<\/h3>\n<p>Das Teleskop wird mit zwei Okularen von <strong>25 mm und 10 mm<\/strong>, Die Vergr\u00f6\u00dferungen betragen <strong>x40 und x100<\/strong>. Seine theoretisch maximale Kapazit\u00e4t erreicht <strong>x240<\/strong>, Diese Methode ist ideal, um die feinen Details des Mondes und der Planeten zu erforschen.<\/p>\n<p>Sein Brennweitenverh\u00e4ltnis von f\/8,33 garantiert eine hervorragende Bildstabilit\u00e4t bei hoher Vergr\u00f6\u00dferung. Dies macht es zu einem vielseitigen Instrument, das sich f\u00fcr verschiedene Arten von Beobachtungen eignet.<\/p>\n<h3>EQ3 PRO SynScan GoTo Montierung: Pr\u00e4zision und Automatisierung<\/h3>\n<p>Der eigentliche Vorteil dieser Konfiguration liegt in ihrer <strong>\u00c4quatorialer Rahmen EQ3 PRO SynScan GoTo<\/strong>. Dieses computergest\u00fctzte System erm\u00f6glicht die automatische Stempelung von mehr als <strong>42 900 Himmelsobjekte<\/strong>, einschlie\u00dflich der Kataloge Messier, NGC und IC.<\/p>\n<p>Dank seiner <strong>Schrittmotoren<\/strong> und dem Mikroschritt-System sorgt die Montierung f\u00fcr eine fl\u00fcssige und pr\u00e4zise Verfolgung. Seine Bewegungsgeschwindigkeit betr\u00e4gt bis zu <strong>3,4\u00b0 pro Sekunde<\/strong> (bis zu 800x), w\u00e4hrend die F\u00fchrungsgeschwindigkeit in mehreren Stufen einstellbar ist (0,25x bis 1x).<\/p>\n<p>Einmal richtig ausgerichtet, bietet das Gestell eine <strong>Zielgenauigkeit von bis zu 1 Bogenminute<\/strong>, Die Kamera verf\u00fcgt \u00fcber eine hohe Aufl\u00f6sung, die durch Softwarekorrekturen mechanischer Fehler verbessert wird. Sie enth\u00e4lt au\u00dferdem eine Funktion zur periodischen Fehlerkorrektur, die sich ideal f\u00fcr die Astrofotografie eignet.<\/p>\n<p>Das System ist PC-kompatibel und die Handsteuerung kann \u00fcber das Internet aktualisiert werden, wodurch eine langfristige Skalierbarkeit gew\u00e4hrleistet wird. Diese Montierung ist eine ideale L\u00f6sung f\u00fcr Nutzer, die ein leistungsstarkes GoTo-System w\u00fcnschen, ohne die Komplexit\u00e4t von schwereren Montierungen wie HEQ5 oder EQ6.<\/p>\n<h3>Robustes und ergonomisches Design<\/h3>\n<p>Die Montierung wird mit einem <strong>Aluminiumstativ<\/strong> stabil und leicht, mit einem Zubeh\u00f6rtablett ausgestattet. Diese Struktur sorgt f\u00fcr eine gute Stabilit\u00e4t und ist dennoch leicht zu transportieren.<\/p>\n<p>Der Okularhalter <strong>Dual-Fit 1,25\u201d\/2\u201d<\/strong> erm\u00f6glicht die Verwendung einer breiten Palette von Okularen und Zubeh\u00f6rteilen und bietet so eine hohe Flexibilit\u00e4t bei der Entwicklung. Die abgewinkelte Umlenkung <strong>1,25\u201d<\/strong> gew\u00e4hrleistet eine komfortable Beobachtung, insbesondere wenn das Teleskop auf den Himmel gerichtet ist.<\/p>\n<p>Der Forscher <strong>6\u00d730<\/strong> erleichtert das anf\u00e4ngliche Auffinden von Objekten und erg\u00e4nzt das GoTo-System wirksam f\u00fcr eine schnelle Stationierung.<\/p>\n<h3>Astrofotografie und Konnektivit\u00e4t<\/h3>\n<p>Der Sky-Watcher EVOSTAR 120 EQ3 PRO verf\u00fcgt \u00fcber eine <strong>Direktanschluss f\u00fcr Spiegelreflexkameras (SLR)<\/strong>, Mit dieser Kamera k\u00f6nnen Sie auf einfache Weise Bilder des Mondes, der Planeten und einiger Deep-Sky-Objekte aufnehmen.<\/p>\n<p>Mit ihrer motorisierten Montierung und den erweiterten Funktionen ist sie eine hervorragende Grundlage f\u00fcr den Einstieg in die Astrofotografie und den Fortschritt hin zu anspruchsvolleren Projekten.<\/p>\n<h3>Technische Daten des Sky-Watcher EVOSTAR 120 EQ3 PRO SynScan<\/h3>\n<table border=\"1\" cellspacing=\"0\" cellpadding=\"8\">\n<tbody>\n<tr>\n<th>Merkmal<\/th>\n<th>Detail<\/th>\n<\/tr>\n<tr>\n<td>Typ<\/td>\n<td>Achromatisches astronomisches Fernrohr<\/td>\n<\/tr>\n<tr>\n<td>Durchmesser des Objektivs<\/td>\n<td>120 mm<\/td>\n<\/tr>\n<tr>\n<td>Brennweite<\/td>\n<td>1000 mm<\/td>\n<\/tr>\n<tr>\n<td>Fokusbericht<\/td>\n<td>f\/8,33<\/td>\n<\/tr>\n<tr>\n<td>Sammeln von Licht<\/td>\n<td>38 % mehr als 102 mm<\/td>\n<\/tr>\n<tr>\n<td>Mitgelieferte Vergr\u00f6\u00dferungen<\/td>\n<td>x40 \/ x100<\/td>\n<\/tr>\n<tr>\n<td>Maximale Vergr\u00f6\u00dferung<\/td>\n<td>x240<\/td>\n<\/tr>\n<tr>\n<td>Okulare<\/td>\n<td>25 mm und 10 mm (1,25\u2033)<\/td>\n<\/tr>\n<tr>\n<td>Okularhalter<\/td>\n<td>Dual-Fit 1,25\u201d \/ 2\u201d<\/td>\n<\/tr>\n<tr>\n<td>Abgewinkelte Umlenkung<\/td>\n<td>1,25\u2033 (31,7 mm)<\/td>\n<\/tr>\n<tr>\n<td>Optische Verarbeitung<\/td>\n<td>Mehrschichtiges Objektiv<\/td>\n<\/tr>\n<tr>\n<td>Forscher<\/td>\n<td>6\u00d730<\/td>\n<\/tr>\n<tr>\n<td>Rahmen<\/td>\n<td>EQ3 PRO SynScan GoTo<\/td>\n<\/tr>\n<tr>\n<td>Datenbank<\/td>\n<td>42 900+ Gegenst\u00e4nde<\/td>\n<\/tr>\n<tr>\n<td>Motorisierung<\/td>\n<td>Doppelachsige Schrittmotoren<\/td>\n<\/tr>\n<tr>\n<td>Stativ<\/td>\n<td>Aluminium mit Zubeh\u00f6rtablett<\/td>\n<\/tr>\n<tr>\n<td>Foto-Kompatibilit\u00e4t<\/td>\n<td>Direkter Spiegelreflexanschluss (SLR)<\/td>\n<\/tr>\n<tr>\n<td>Ern\u00e4hrung<\/td>\n<td>12V DC erforderlich<\/td>\n<\/tr>\n<\/tbody>\n<\/table>\n<h3>Warum sollten Sie sich f\u00fcr den Sky-Watcher EVOSTAR 120 EQ3 PRO SynScan entscheiden?<\/h3>\n<p>Das Sky-Watcher EVOSTAR 120 EQ3 PRO SynScan GoTo ist eine Komplettl\u00f6sung f\u00fcr Astronomie-Enthusiasten, die optische Leistung mit Automatisierung kombinieren m\u00f6chten. Sein leistungsstarkes GoTo-Mount, seine optische Qualit\u00e4t und seine Kompatibilit\u00e4t mit der Astrofotografie machen es zu einem vielseitigen und erweiterbaren Instrument.<\/p>\n<p>Ob Sie nun die Planeten im Detail beobachten oder den Deep-Sky-Himmel mit Leichtigkeit erkunden m\u00f6chten, dieses Teleskop bietet Ihnen ein modernes, pr\u00e4zises und zug\u00e4ngliches Beobachtungserlebnis.<\/p>","protected":false},"excerpt":{"rendered":"<p>&nbsp; Sky-Watcher EVOSTAR 120 EQ3 PRO SynScan GoTo : lunette puissante avec pointage automatique pour l\u2019astronomie moderne La Sky-Watcher EVOSTAR 120 EQ3 PRO SynScan GoTo est une lunette astronomique achromatique haute performance associ\u00e9e \u00e0 une monture \u00e9quatoriale motoris\u00e9e et informatis\u00e9e. Con\u00e7ue pour les astronomes exigeants, elle offre une combinaison id\u00e9ale entre qualit\u00e9 optique, puissance d\u2019observation [&hellip;]<\/p>\n","protected":false},"featured_media":14340,"comment_status":"open","ping_status":"closed","template":"","meta":[],"product_brand":[822],"product_cat":[384,762,754,20],"product_tag":[],"class_list":{"0":"post-14339","1":"product","2":"type-product","3":"status-publish","4":"has-post-thumbnail","6":"product_brand-sky-watcher","7":"product_cat-lunettes_refracteurs","8":"product_cat-equatoriales","9":"product_cat-lunettes-achromatiques","10":"product_cat-montures","12":"first","13":"on_supplier","14":"taxable","15":"shipping-taxable","16":"purchasable","17":"product-type-simple"},"_links":{"self":[{"href":"https:\/\/deep-space-astronomy.ch\/de\/wp-json\/wp\/v2\/product\/14339","targetHints":{"allow":["GET"]}}],"collection":[{"href":"https:\/\/deep-space-astronomy.ch\/de\/wp-json\/wp\/v2\/product"}],"about":[{"href":"https:\/\/deep-space-astronomy.ch\/de\/wp-json\/wp\/v2\/types\/product"}],"replies":[{"embeddable":true,"href":"https:\/\/deep-space-astronomy.ch\/de\/wp-json\/wp\/v2\/comments?post=14339"}],"wp:featuredmedia":[{"embeddable":true,"href":"https:\/\/deep-space-astronomy.ch\/de\/wp-json\/wp\/v2\/media\/14340"}],"wp:attachment":[{"href":"https:\/\/deep-space-astronomy.ch\/de\/wp-json\/wp\/v2\/media?parent=14339"}],"wp:term":[{"taxonomy":"product_brand","embeddable":true,"href":"https:\/\/deep-space-astronomy.ch\/de\/wp-json\/wp\/v2\/product_brand?post=14339"},{"taxonomy":"product_cat","embeddable":true,"href":"https:\/\/deep-space-astronomy.ch\/de\/wp-json\/wp\/v2\/product_cat?post=14339"},{"taxonomy":"product_tag","embeddable":true,"href":"https:\/\/deep-space-astronomy.ch\/de\/wp-json\/wp\/v2\/product_tag?post=14339"}],"curies":[{"name":"wp","href":"https:\/\/api.w.org\/{rel}","templated":true}]}}