{"id":14341,"date":"2026-03-26T16:23:10","date_gmt":"2026-03-26T15:23:10","guid":{"rendered":"https:\/\/deep-space-astronomy.ch\/?post_type=product&#038;p=14341"},"modified":"2026-03-26T16:23:24","modified_gmt":"2026-03-26T15:23:24","slug":"sky-watcher-evostar-120-eq-5","status":"publish","type":"product","link":"https:\/\/deep-space-astronomy.ch\/de\/produkt\/sky-watcher-evostar-120-eq-5\/","title":{"rendered":"Sky-Watcher EVOSTAR 120 EQ-5"},"content":{"rendered":"<p>&nbsp;<\/p>\n<h3>Sky-Watcher EVOSTAR 120 EQ-5: Leistungsstarkes astronomisches Fernrohr mit robuster \u00e4quatorialer Montierung<\/h3>\n<p>Die <strong>Sky-Watcher EVOSTAR 120 EQ-5<\/strong> ist ein leistungsstarkes, achromatisches astronomisches Fernrohr, das f\u00fcr anspruchsvolle Astronomen entwickelt wurde, die eine hervorragende optische Qualit\u00e4t in Verbindung mit einer stabilen und pr\u00e4zisen Montierung w\u00fcnschen. Mit seinem Objektiv von <strong>120 mm Durchmesser<\/strong>, Sie bietet eine \u00fcberlegene Lichtsammelf\u00e4higkeit und erfasst bis zu <strong>38 % zus\u00e4tzliches Licht im Vergleich zu einem 102-mm-Modell<\/strong>. Diese Eigenschaft f\u00fchrt zu helleren, detailreicheren und kontrastreicheren Bildern.<\/p>\n<p>Mit einer Brennweite von <strong>1000 mm<\/strong> und ein Fokusverh\u00e4ltnis von <strong>f\/8,33<\/strong>, Dieses Fernrohr ist ideal f\u00fcr die Beobachtung bei hoher Vergr\u00f6\u00dferung. Es eignet sich hervorragend f\u00fcr die detaillierte Beobachtung des Mondes, von Planeten und Doppelsternen und bietet auch eine gute Leistung bei einigen Deep-Sky-Objekten wie Sternhaufen und hellen Nebeln.<\/p>\n<h3>Hochpr\u00e4zise achromatische Optik<\/h3>\n<p>Das Sky-Watcher EVOSTAR 120 basiert auf einem achromatischen Dubletten-Optikdesign, einer bew\u00e4hrten L\u00f6sung zur effektiven Reduzierung von chromatischen Aberrationen. Dieses System gew\u00e4hrleistet ein scharfes, kontrastreiches und naturgetreues Bild, das sich ideal f\u00fcr detaillierte Beobachtungen eignet.<\/p>\n<p>Das Objektiv verf\u00fcgt \u00fcber eine Verarbeitung <strong>mehrschichtig (Multi-Coated)<\/strong>, Die Lichtdurchl\u00e4ssigkeit wird verbessert und interne Reflexionen werden reduziert. Dies f\u00fchrt zu helleren Bildern und einem st\u00e4rkeren Kontrast, der besonders bei der Beobachtung von Mond- und Planetenoberfl\u00e4chen sp\u00fcrbar ist.<\/p>\n<p>Dank seiner Leistung nahe der Beugungsgrenze bietet dieses Fernrohr eine hervorragende optische Genauigkeit und erm\u00f6glicht es, den Durchmesser von 120 mm voll auszunutzen.<\/p>\n<h3>Optimierte Leistung f\u00fcr hohe Vergr\u00f6\u00dferung<\/h3>\n<p>Der Sky-Watcher EVOSTAR 120 EQ5 wird mit zwei Okularen von <strong>25 mm und 10 mm<\/strong>, Die Vergr\u00f6\u00dferungen betragen <strong>x40 und x100<\/strong>. Seine theoretisch maximale Kapazit\u00e4t erreicht <strong>x240<\/strong>, Das Teleskop ist ideal, um die feinen Details der Mond- und Planetenoberfl\u00e4che zu beobachten.<\/p>\n<p>Sein Brennweitenverh\u00e4ltnis von 1:8,33 bietet eine hervorragende Balance zwischen Helligkeit und Kontrast und sorgt so auch bei hoher Vergr\u00f6\u00dferung f\u00fcr stabile und scharfe Bilder.<\/p>\n<h3>EQ-5-Mount: Robustheit und Pr\u00e4zision<\/h3>\n<p>Die L\u00fcnette ist auf einem <strong>\u00e4quatoriale Montierung EQ5 Deluxe<\/strong>, ist auf h\u00f6chste Stabilit\u00e4t und Genauigkeit ausgelegt. Wenn es richtig aufgestellt ist, kann es Himmelsobjekte leicht verfolgen, indem es die Erdrotation ausgleicht.<\/p>\n<p>Die <strong>langsame Bewegungssteuerungen<\/strong> sorgen f\u00fcr eine pr\u00e4zise Steuerung in beiden Achsen und erleichtern die Verfolgung von Objekten auch bei hoher Vergr\u00f6\u00dferung. Diese Montierung ist ideal f\u00fcr l\u00e4ngere Beobachtungen und bietet eine hervorragende Grundlage f\u00fcr eine Weiterentwicklung in Richtung Astrofotografie.<\/p>\n<p>Das Stativ in <strong>1,5-Zoll-Edelstahl\u201d<\/strong> garantiert eine hervorragende Stabilit\u00e4t, minimiert Vibrationen und sorgt f\u00fcr einen optimalen Beobachtungskomfort. Die integrierte Zubeh\u00f6rablage sorgt f\u00fcr eine effiziente Organisation Ihrer Ausr\u00fcstung.<\/p>\n<p>Eine Halterung f\u00fcr einen Polsucher ist integriert und erm\u00f6glicht eine pr\u00e4zisere Stationierung (Polsucher nicht im Lieferumfang enthalten, aber optional erh\u00e4ltlich).<\/p>\n<h3>Vielseitigkeit und Astrofotografie<\/h3>\n<p>Der Sky-Watcher EVOSTAR 120 EQ5 ist mit einem <strong>Dual-Fit 1,25\u201d\/2\u201d Okularhalter\u201d<\/strong>, und bietet eine umfassende Kompatibilit\u00e4t mit zahlreichen Okularen und Zubeh\u00f6rteilen. Dank dieser Flexibilit\u00e4t kann das Instrument leicht an verschiedene Zwecke angepasst werden.<\/p>\n<p>Die <strong>abgewinkelte Umlenkung 2\u201d (50,8 mm)<\/strong> sorgt f\u00fcr eine bequeme Beobachtung und erm\u00f6glicht die Verwendung von Weitfeldokularen. Die <strong>Direktanschluss f\u00fcr Spiegelreflexkameras (SLR)<\/strong> k\u00f6nnen Sie ganz einfach Bilder des Mondes und der Planeten aufnehmen.<\/p>\n<p>Dank ihrer Stabilit\u00e4t und Genauigkeit ist diese Konfiguration eine hervorragende Grundlage, um mit der Astrofotografie zu beginnen und sich zu anspruchsvolleren Projekten weiterzuentwickeln.<\/p>\n<h3>Pr\u00e4zise Markierung und intuitive Bedienung<\/h3>\n<p>Der Forscher <strong>9\u00d750<\/strong> inclus erleichtert das Auffinden von Himmelsobjekten und erm\u00f6glicht eine schnelle und effektive Stationierung. Dank seiner Helligkeit und Vergr\u00f6\u00dferung lassen sich Ziele auch in sternreichen Gebieten leicht lokalisieren.<\/p>\n<p>Die Einarbeitung erfolgt schrittweise: Obwohl die \u00e4quatoriale Montierung eine leichte Einarbeitung erfordert, bietet sie im Gegenzug eine h\u00f6here Genauigkeit und einen gr\u00f6\u00dferen Komfort bei der Verfolgung von Himmelsobjekten.<\/p>\n<h3>Technische Daten des Sky-Watcher EVOSTAR 120 EQ5<\/h3>\n<table border=\"1\" cellspacing=\"0\" cellpadding=\"8\">\n<tbody>\n<tr>\n<th>Merkmal<\/th>\n<th>Detail<\/th>\n<\/tr>\n<tr>\n<td>Typ<\/td>\n<td>Achromatisches astronomisches Fernrohr<\/td>\n<\/tr>\n<tr>\n<td>Durchmesser des Objektivs<\/td>\n<td>120 mm<\/td>\n<\/tr>\n<tr>\n<td>Brennweite<\/td>\n<td>1000 mm<\/td>\n<\/tr>\n<tr>\n<td>Fokusbericht<\/td>\n<td>f\/8,33<\/td>\n<\/tr>\n<tr>\n<td>Sammeln von Licht<\/td>\n<td>38 % mehr als 102 mm<\/td>\n<\/tr>\n<tr>\n<td>Mitgelieferte Vergr\u00f6\u00dferungen<\/td>\n<td>x40 \/ x100<\/td>\n<\/tr>\n<tr>\n<td>Maximale Vergr\u00f6\u00dferung<\/td>\n<td>x240<\/td>\n<\/tr>\n<tr>\n<td>Okulare<\/td>\n<td>25 mm und 10 mm (1,25\u2033)<\/td>\n<\/tr>\n<tr>\n<td>Okularhalter<\/td>\n<td>Dual-Fit 1,25\u201d \/ 2\u201d<\/td>\n<\/tr>\n<tr>\n<td>Abgewinkelte Umlenkung<\/td>\n<td>2\" (50,8 mm)<\/td>\n<\/tr>\n<tr>\n<td>Optische Verarbeitung<\/td>\n<td>Mehrschichtiges Objektiv<\/td>\n<\/tr>\n<tr>\n<td>Forscher<\/td>\n<td>9\u00d750<\/td>\n<\/tr>\n<tr>\n<td>Rahmen<\/td>\n<td>EQ5 Deluxe \u00c4quatorial<\/td>\n<\/tr>\n<tr>\n<td>Polare Unterst\u00fctzung<\/td>\n<td>Integriert (Sucher nicht enthalten)<\/td>\n<\/tr>\n<tr>\n<td>Stativ<\/td>\n<td>Edelstahl 1,5\u201d mit Tablett<\/td>\n<\/tr>\n<tr>\n<td>Foto-Kompatibilit\u00e4t<\/td>\n<td>Direkter Spiegelreflexanschluss (SLR)<\/td>\n<\/tr>\n<\/tbody>\n<\/table>\n<h3>Warum sollten Sie sich f\u00fcr den Sky-Watcher EVOSTAR 120 EQ5 entscheiden?<\/h3>\n<p>Das Sky-Watcher EVOSTAR 120 EQ5 ist ein ideales Fernrohr f\u00fcr Astronomen, die eine gro\u00dfe \u00d6ffnung und eine stabile Montierung w\u00fcnschen. Es bietet eine hervorragende optische Qualit\u00e4t, eine hohe Nachf\u00fchrgenauigkeit und eine gute Vielseitigkeit f\u00fcr die visuelle Beobachtung und die Astrofotografie.<\/p>\n<p>Sie ist robust, leistungsstark und erweiterbar und eine hervorragende Investition, um den Nachthimmel genau zu erkunden und detaillierte, kontrastreiche Bilder zu genie\u00dfen.<\/p>","protected":false},"excerpt":{"rendered":"<p>&nbsp; Sky-Watcher EVOSTAR 120 EQ-5 : lunette astronomique puissante avec monture \u00e9quatoriale robuste La Sky-Watcher EVOSTAR 120 EQ-5 est une lunette astronomique achromatique hautes performances, con\u00e7ue pour les astronomes exigeants souhaitant b\u00e9n\u00e9ficier d\u2019une excellente qualit\u00e9 optique associ\u00e9e \u00e0 une monture stable et pr\u00e9cise. Gr\u00e2ce \u00e0 son objectif de 120 mm de diam\u00e8tre, elle offre une [&hellip;]<\/p>\n","protected":false},"featured_media":14342,"comment_status":"open","ping_status":"closed","template":"","meta":[],"product_brand":[822],"product_cat":[384,762,754,20],"product_tag":[],"class_list":{"0":"post-14341","1":"product","2":"type-product","3":"status-publish","4":"has-post-thumbnail","6":"product_brand-sky-watcher","7":"product_cat-lunettes_refracteurs","8":"product_cat-equatoriales","9":"product_cat-lunettes-achromatiques","10":"product_cat-montures","12":"first","13":"on_supplier","14":"taxable","15":"shipping-taxable","16":"purchasable","17":"product-type-simple"},"_links":{"self":[{"href":"https:\/\/deep-space-astronomy.ch\/de\/wp-json\/wp\/v2\/product\/14341","targetHints":{"allow":["GET"]}}],"collection":[{"href":"https:\/\/deep-space-astronomy.ch\/de\/wp-json\/wp\/v2\/product"}],"about":[{"href":"https:\/\/deep-space-astronomy.ch\/de\/wp-json\/wp\/v2\/types\/product"}],"replies":[{"embeddable":true,"href":"https:\/\/deep-space-astronomy.ch\/de\/wp-json\/wp\/v2\/comments?post=14341"}],"wp:featuredmedia":[{"embeddable":true,"href":"https:\/\/deep-space-astronomy.ch\/de\/wp-json\/wp\/v2\/media\/14342"}],"wp:attachment":[{"href":"https:\/\/deep-space-astronomy.ch\/de\/wp-json\/wp\/v2\/media?parent=14341"}],"wp:term":[{"taxonomy":"product_brand","embeddable":true,"href":"https:\/\/deep-space-astronomy.ch\/de\/wp-json\/wp\/v2\/product_brand?post=14341"},{"taxonomy":"product_cat","embeddable":true,"href":"https:\/\/deep-space-astronomy.ch\/de\/wp-json\/wp\/v2\/product_cat?post=14341"},{"taxonomy":"product_tag","embeddable":true,"href":"https:\/\/deep-space-astronomy.ch\/de\/wp-json\/wp\/v2\/product_tag?post=14341"}],"curies":[{"name":"wp","href":"https:\/\/api.w.org\/{rel}","templated":true}]}}