{"id":14344,"date":"2026-03-26T16:41:49","date_gmt":"2026-03-26T15:41:49","guid":{"rendered":"https:\/\/deep-space-astronomy.ch\/?post_type=product&#038;p=14344"},"modified":"2026-03-26T16:46:12","modified_gmt":"2026-03-26T15:46:12","slug":"sky-watcher-evostar-120-eq5-synscan-goto","status":"publish","type":"product","link":"https:\/\/deep-space-astronomy.ch\/de\/produkt\/sky-watcher-evostar-120-eq5-synscan-goto\/","title":{"rendered":"Sky-Watcher EVOSTAR 120 EQ5 SynScan GoTo"},"content":{"rendered":"<h3>Sky-Watcher EVOSTAR 120 EQ5 SynScan GoTo: Leistungsstarkes astronomisches Fernrohr mit automatischer Nachf\u00fchrung<\/h3>\n<p>Die <strong>Sky-Watcher EVOSTAR 120 EQ5 SynScan GoTo<\/strong> ist ein hochwertiges achromatisches astronomisches Fernrohr, das f\u00fcr ein fortschrittliches Beobachtungserlebnis entwickelt wurde, das optische Leistung und Automatisierung miteinander verbindet. Es ist ideal f\u00fcr passionierte Astronomen und erm\u00f6glicht dank seiner computergesteuerten \u00e4quatorialen Montierung eine pr\u00e4zise Erkundung des Himmels. Mit seinem Objektiv von <strong>120 mm Durchmesser<\/strong>, Sie erfasst bis zu <strong>38 % zus\u00e4tzliches Licht im Vergleich zu einem 102-mm-Modell<\/strong>, Die Bilder sind hell, detailreich und kontrastreich.<\/p>\n<p>Mit einer Brennweite von <strong>1000 mm<\/strong> und ein Fokusverh\u00e4ltnis von <strong>f\/8,33<\/strong>, Dieser Refraktor eignet sich hervorragend f\u00fcr Beobachtungen bei hoher Vergr\u00f6\u00dferung. Er eignet sich hervorragend f\u00fcr die detaillierte Beobachtung des Mondes, der Planeten und der Doppelsterne und bietet auch bei einigen Deep-Sky-Objekten eine gute Leistung.<\/p>\n<h3>Achromatische Hochleistungsoptik<\/h3>\n<p>Das Sky-Watcher EVOSTAR 120 basiert auf einem klassischen optischen Design mit achromatischen Dubletten. Dieses System reduziert effektiv chromatische Aberrationen und sorgt so f\u00fcr scharfe und naturgetreue Bilder. Im Gegensatz zu einer Einzellinse gew\u00e4hrleistet diese Konfiguration eine bessere Konvergenz der verschiedenen Wellenl\u00e4ngen, wodurch die Gesamtbildqualit\u00e4t verbessert wird.<\/p>\n<p>Das Objektiv verf\u00fcgt \u00fcber eine Verarbeitung <strong>mehrschichtig (Multi-Coated)<\/strong>, Die Lichtdurchl\u00e4ssigkeit wird optimiert und interne Reflexionen werden reduziert. Das Ergebnis ist ein helles, kontrastreiches und scharfes Bild, das sich ideal f\u00fcr die Beobachtung feiner Details auf dem Mond und den Planeten eignet.<\/p>\n<p>Dank seiner Leistung nahe der Beugungsgrenze nutzt dieser Refraktor seinen Durchmesser von 120 mm voll aus und bietet eine bemerkenswerte Bildqualit\u00e4t f\u00fcr die visuelle Beobachtung.<\/p>\n<h3>Optimierte Leistung f\u00fcr hohe Vergr\u00f6\u00dferung<\/h3>\n<p>Das Teleskop wird mit zwei Okularen von <strong>26 mm und 10 mm<\/strong>, Die Vergr\u00f6\u00dferungen betragen <strong>x40 und x100<\/strong>. Seine theoretisch maximale Kapazit\u00e4t erreicht <strong>x240<\/strong>, Diese Methode ist ideal, um die feinen Details der Planeten- und Mondoberfl\u00e4chen zu beobachten.<\/p>\n<p>Das Brennweitenverh\u00e4ltnis von f\/8,33 sorgt f\u00fcr ein hervorragendes Gleichgewicht zwischen Helligkeit und Kontrast und garantiert auch bei hoher Vergr\u00f6\u00dferung stabile und detailreiche Bilder. Dies macht es zu einem vielseitigen Instrument, das sich f\u00fcr verschiedene Arten von Beobachtungen eignet.<\/p>\n<h3>EQ5 SynScan GoTo Montierung: Pr\u00e4zision und Automatisierung<\/h3>\n<p>Die L\u00fcnette ist auf einem <strong>\u00e4quatoriale Montierung EQ5 SynScan GoTo<\/strong>, Ein computergest\u00fctztes System, mit dem Tausende von Himmelsobjekten automatisch lokalisiert und verfolgt werden k\u00f6nnen. Dank seiner <strong>Doppelachsen-Schrittmotoren<\/strong>, Mit der neuen, patentierten \"Screening\"-Technologie ist eine fl\u00fcssige und genaue Verfolgung auch bei starker Vergr\u00f6\u00dferung m\u00f6glich.<\/p>\n<p>Mit dem GoTo-System werden Himmelsobjekte in Sekundenschnelle automatisch angepeilt, sodass die Beobachtung auch ohne umfassende Kenntnisse des Himmels m\u00f6glich ist. Sobald die Montierung ausgerichtet ist, folgt sie den Objekten, indem sie die Erdrotation ausgleicht, und bietet so einen optimalen Beobachtungskomfort.<\/p>\n<p>Die integrierte Polsucherhalterung erleichtert die Stationierung und garantiert eine h\u00f6here Nachf\u00fchrgenauigkeit. Diese Montierung ist eine hervorragende Grundlage f\u00fcr fortgeschrittene visuelle Beobachtung und den Einstieg in die Astrofotografie.<\/p>\n<h3>Robustes, vielseitiges Design<\/h3>\n<p>Der Sky-Watcher EVOSTAR 120 EQ5 SynScan ist mit einem <strong>Dual-Fit 1,25\u201d\/2\u201d Okularhalter\u201d<\/strong>, Sie sind mit verschiedenem Zubeh\u00f6r kompatibel. Die <strong>abgewinkelte Umlenkung 2\u201d (50,8 mm)<\/strong> erm\u00f6glicht eine bequeme Beobachtung und die Verwendung von Gro\u00dffeldokularen.<\/p>\n<p>Der Forscher <strong>9\u00d750<\/strong> erleichtert das anf\u00e4ngliche Auffinden von Objekten und erg\u00e4nzt das GoTo-System wirksam. Die <strong>Direktanschluss f\u00fcr Spiegelreflexkameras (SLR)<\/strong> k\u00f6nnen Sie ganz einfach Bilder des Mondes und der Planeten aufnehmen.<\/p>\n<p>Das Stativ in <strong>1,75\u201d-Edelstahl\u201d<\/strong> sorgt f\u00fcr eine hervorragende Stabilit\u00e4t, verringert Vibrationen und gew\u00e4hrleistet eine komfortable Beobachtung. Die integrierte Zubeh\u00f6rablage sorgt daf\u00fcr, dass Ihre Ausr\u00fcstung organisiert und zug\u00e4nglich bleibt.<\/p>\n<h3>Astrofotografie und Skalierbarkeit<\/h3>\n<p>Dank der motorisierten Montierung und der pr\u00e4zisen Nachf\u00fchrung ist diese Konfiguration eine hervorragende Grundlage f\u00fcr den Einstieg in die Astrofotografie. Dank des direkten Kameraanschlusses und der stabilen Konstruktion k\u00f6nnen Sie detaillierte Aufnahmen des Nachthimmels machen.<\/p>\n<p>Die Montierung ben\u00f6tigt eine Stromversorgung <strong>12V DC<\/strong><\/p>\n<h3>Technische Daten des Sky-Watcher EVOSTAR 120 EQ5 SynScan GoTo<\/h3>\n<table border=\"1\" cellspacing=\"0\" cellpadding=\"8\">\n<tbody>\n<tr>\n<th>Merkmal<\/th>\n<th>Detail<\/th>\n<\/tr>\n<tr>\n<td>Typ<\/td>\n<td>Achromatisches astronomisches Fernrohr<\/td>\n<\/tr>\n<tr>\n<td>Durchmesser des Objektivs<\/td>\n<td>120 mm<\/td>\n<\/tr>\n<tr>\n<td>Brennweite<\/td>\n<td>1000 mm<\/td>\n<\/tr>\n<tr>\n<td>Fokusbericht<\/td>\n<td>f\/8,33<\/td>\n<\/tr>\n<tr>\n<td>Sammeln von Licht<\/td>\n<td>38 % mehr als 102 mm<\/td>\n<\/tr>\n<tr>\n<td>Mitgelieferte Vergr\u00f6\u00dferungen<\/td>\n<td>x40 \/ x100<\/td>\n<\/tr>\n<tr>\n<td>Maximale Vergr\u00f6\u00dferung<\/td>\n<td>x240<\/td>\n<\/tr>\n<tr>\n<td>Okulare<\/td>\n<td>26 mm und 10 mm (1,25\u2033)<\/td>\n<\/tr>\n<tr>\n<td>Okularhalter<\/td>\n<td>Dual-Fit 1,25\u201d \/ 2\u201d<\/td>\n<\/tr>\n<tr>\n<td>Abgewinkelte Umlenkung<\/td>\n<td>2\" (50,8 mm)<\/td>\n<\/tr>\n<tr>\n<td>Optische Verarbeitung<\/td>\n<td>Mehrschichtiges Objektiv<\/td>\n<\/tr>\n<tr>\n<td>Forscher<\/td>\n<td>9\u00d750<\/td>\n<\/tr>\n<tr>\n<td>Rahmen<\/td>\n<td>EQ5 SynScan GoTo \u00c4quatorial<\/td>\n<\/tr>\n<tr>\n<td>Motorisierung<\/td>\n<td>Doppelachsige Schrittmotoren<\/td>\n<\/tr>\n<tr>\n<td>Polare Unterst\u00fctzung<\/td>\n<td>Integriert<\/td>\n<\/tr>\n<tr>\n<td>Stativ<\/td>\n<td>Edelstahl 1,75\u201d mit Tablett<\/td>\n<\/tr>\n<tr>\n<td>Foto-Kompatibilit\u00e4t<\/td>\n<td>Direkter Spiegelreflexanschluss (SLR)<\/td>\n<\/tr>\n<tr>\n<td>Ern\u00e4hrung<\/td>\n<td>12V DC erforderlich<\/td>\n<\/tr>\n<\/tbody>\n<\/table>\n<h3>Warum sollten Sie sich f\u00fcr den Sky-Watcher EVOSTAR 120 EQ5 SynScan GoTo entscheiden?<\/h3>\n<p>Das Sky-Watcher EVOSTAR 120 EQ5 SynScan GoTo ist ein ideales Fernrohr f\u00fcr Astronomen, die Leistung, Pr\u00e4zision und Automatisierung kombinieren m\u00f6chten. Es bietet eine hervorragende optische Qualit\u00e4t, eine stabile Montierung und ein leistungsstarkes GoTo-System, mit dem Sie den Himmel ganz einfach erkunden k\u00f6nnen.<\/p>\n<p>Vielseitig, erweiterbar und leistungsstark, ist es eine ausgezeichnete Wahl f\u00fcr fortgeschrittene visuelle Beobachtung und Einsteiger in die Astrofotografie, mit der Sie die Wunder des Nachthimmels in vollen Z\u00fcgen genie\u00dfen k\u00f6nnen.<\/p>","protected":false},"excerpt":{"rendered":"<p>Sky-Watcher EVOSTAR 120 EQ5 SynScan GoTo : lunette astronomique puissante avec suivi automatique La Sky-Watcher EVOSTAR 120 EQ5 SynScan GoTo est une lunette astronomique achromatique haut de gamme, con\u00e7ue pour offrir une exp\u00e9rience d\u2019observation avanc\u00e9e alliant puissance optique et automatisation. Id\u00e9ale pour les astronomes passionn\u00e9s, elle permet d\u2019explorer le ciel avec pr\u00e9cision gr\u00e2ce \u00e0 sa [&hellip;]<\/p>\n","protected":false},"featured_media":14346,"comment_status":"open","ping_status":"closed","template":"","meta":[],"product_brand":[822],"product_cat":[384,762,754,20],"product_tag":[],"class_list":{"0":"post-14344","1":"product","2":"type-product","3":"status-publish","4":"has-post-thumbnail","6":"product_brand-sky-watcher","7":"product_cat-lunettes_refracteurs","8":"product_cat-equatoriales","9":"product_cat-lunettes-achromatiques","10":"product_cat-montures","12":"first","13":"on_supplier","14":"taxable","15":"shipping-taxable","16":"purchasable","17":"product-type-simple"},"_links":{"self":[{"href":"https:\/\/deep-space-astronomy.ch\/de\/wp-json\/wp\/v2\/product\/14344","targetHints":{"allow":["GET"]}}],"collection":[{"href":"https:\/\/deep-space-astronomy.ch\/de\/wp-json\/wp\/v2\/product"}],"about":[{"href":"https:\/\/deep-space-astronomy.ch\/de\/wp-json\/wp\/v2\/types\/product"}],"replies":[{"embeddable":true,"href":"https:\/\/deep-space-astronomy.ch\/de\/wp-json\/wp\/v2\/comments?post=14344"}],"wp:featuredmedia":[{"embeddable":true,"href":"https:\/\/deep-space-astronomy.ch\/de\/wp-json\/wp\/v2\/media\/14346"}],"wp:attachment":[{"href":"https:\/\/deep-space-astronomy.ch\/de\/wp-json\/wp\/v2\/media?parent=14344"}],"wp:term":[{"taxonomy":"product_brand","embeddable":true,"href":"https:\/\/deep-space-astronomy.ch\/de\/wp-json\/wp\/v2\/product_brand?post=14344"},{"taxonomy":"product_cat","embeddable":true,"href":"https:\/\/deep-space-astronomy.ch\/de\/wp-json\/wp\/v2\/product_cat?post=14344"},{"taxonomy":"product_tag","embeddable":true,"href":"https:\/\/deep-space-astronomy.ch\/de\/wp-json\/wp\/v2\/product_tag?post=14344"}],"curies":[{"name":"wp","href":"https:\/\/api.w.org\/{rel}","templated":true}]}}