{"id":14355,"date":"2026-03-26T17:54:18","date_gmt":"2026-03-26T16:54:18","guid":{"rendered":"https:\/\/deep-space-astronomy.ch\/?post_type=product&#038;p=14355"},"modified":"2026-03-26T23:02:47","modified_gmt":"2026-03-26T22:02:47","slug":"sky-watcher-evostar-150-eq5-pro-goto","status":"publish","type":"product","link":"https:\/\/deep-space-astronomy.ch\/de\/produkt\/sky-watcher-evostar-150-eq5-pro-goto\/","title":{"rendered":"Sky-Watcher Evostar 150 EQ5 Pro GoTo"},"content":{"rendered":"<p>&nbsp;<\/p>\n<h3>Sky-Watcher Evostar 150 EQ5 Pro GoTo - Pr\u00e4zise Beobachtung und Astrofotografie<\/h3>\n<p>Die <strong>Sky-Watcher Evostar 150<\/strong> ist ein hochwertiges achromatisches Refraktorteleskop, das entwickelt wurde, um eine au\u00dfergew\u00f6hnliche optische Leistung f\u00fcr Anf\u00e4nger und fortgeschrittene Astronomen sowie f\u00fcr Astrofotografie-Enthusiasten zu bieten. In Kombination mit der motorisierten \u00e4quatorialen Montierung <strong>EQ5 Pro SynScan\u2122<\/strong>, Mit diesem Set k\u00f6nnen Sie den Nachthimmel genau und bequem erkunden, die Vorbereitungszeit auf ein Minimum reduzieren und das Beobachtungserlebnis maximieren.<\/p>\n<h3>Hochleistungsoptik<\/h3>\n<p>Der optische Tubus des Sky-Watcher Evostar 150 ist ein klassischer achromatischer Refraktor mit zwei luftgetrennten Linsen, der eine effektive Korrektur von chromatischen Aberrationen und einen hohen Kontrast bietet. Mit einer \u00d6ffnung von 150 mm und einer Brennweite von 1200 mm liefert er scharfe und detailreiche Bilder des Mondes<strong>, Planeten und andere Objekte des Sonnensystems<\/strong>. Dank seiner Behandlung <em>Fully Multi Coated<\/em>, Die Lichttransmission wird optimiert und die Bildqualit\u00e4t maximiert, wodurch eine n\u00fctzliche visuelle Vergr\u00f6\u00dferung von bis zu 300x m\u00f6glich ist. Der mit 17 lb (\u22487,7 kg) leichte Tubus ist leicht zu handhaben und steht dennoch stabil auf seiner Montierung.<\/p>\n<h3>EQ5 Pro SynScan\u2122-Mount: Pr\u00e4zision und Automatisierung<\/h3>\n<p>Das Gestell <strong>EQ5 Pro SynScan\u2122<\/strong> ist eine motorisierte \u00e4quatoriale Montierung, die sich ideal f\u00fcr visuelle Beobachtungen und Astrofotografie eignet. Sie bietet die Technologie <em>Go-To<\/em>, mit dem das Teleskop automatisch auf mehr als 42 900 Himmelsobjekte in der Datenbank gerichtet werden kann. Astronomen k\u00f6nnen so auf Knopfdruck gezielte Beobachtungen oder Himmelsumrundungen durchf\u00fchren und profitieren dabei von einer hohen Stabilit\u00e4t und einer Nachf\u00fchrgenauigkeit von etwa einer Bogenminute.<\/p>\n<p>Die Montierung erm\u00f6glicht verschiedene Nachf\u00fchrungs- und Verschiebungsgeschwindigkeiten (0,25x bis 800x) sowie verschiedene Ausrichtungsmodi (1, 2 oder 3 Sterne) f\u00fcr eine schnelle und genaue Kalibrierung. Die integrierte PEC (Periodic Error Correction) sorgt f\u00fcr die Kompensation kleiner Nachf\u00fchrfehler, die f\u00fcr die Astrofotografie unerl\u00e4sslich ist. Die empfohlene Stromversorgung betr\u00e4gt 11 bis 15 V DC, 2 Amp, und das Gesamtgewicht der Montierung mit Gegengewicht erreicht 23,4 kg.<\/p>\n<h3>Inklusive Zubeh\u00f6r f\u00fcr eine vollst\u00e4ndige Nutzung<\/h3>\n<p>Der Sky-Watcher Evostar 150 wird mit allem Zubeh\u00f6r geliefert, das Sie zum Beobachten und Fotografieren ben\u00f6tigen:<\/p>\n<ul>\n<li>Refraktorrohr 150 mm<\/li>\n<li>Sucher 9\u00d750<\/li>\n<li>Fokussierer mit Adapter f\u00fcr 2\u2033 und 1,25\u2033 Okulare<\/li>\n<li>Diagonale 2\u2033.<\/li>\n<li>10 mm und 25 mm Okulare<\/li>\n<li>Anschluss f\u00fcr DSLR-Kamera<\/li>\n<li>EQ5 Pro SynScan\u2122-Montierung<\/li>\n<li>Stativ aus rostfreiem Stahl mit Ablage Zubeh\u00f6r<\/li>\n<li>SynScan\u2122-Kontrollbox mit Kabeln<\/li>\n<li>Gegengewicht<\/li>\n<\/ul>\n<p>Dieses Komplettset bietet die M\u00f6glichkeit, sofort mit der Beobachtung des Himmels oder dem Festhalten von Bildern in Form von Fotos zu beginnen. Batterien und Netzteil sind nicht enthalten, aber die Kompatibilit\u00e4t mit einem Standard-12V-Gleichstromnetzteil erleichtert die Installation vor Ort.<\/p>\n<h3>Technische Daten<\/h3>\n<table border=\"1\" cellspacing=\"0\" cellpadding=\"6\">\n<tbody>\n<tr>\n<th>Spezifikation<\/th>\n<th>Detail<\/th>\n<\/tr>\n<tr>\n<td>Art des Teleskops<\/td>\n<td>Achromatischer Refraktor<\/td>\n<\/tr>\n<tr>\n<td>Linse<\/td>\n<td>Zwei Elemente, durch Luft getrennt<\/td>\n<\/tr>\n<tr>\n<td>Er\u00f6ffnung<\/td>\n<td>150 mm<\/td>\n<\/tr>\n<tr>\n<td>Brennweite<\/td>\n<td>1200 mm<\/td>\n<\/tr>\n<tr>\n<td>Fokusbericht<\/td>\n<td>f\/8<\/td>\n<\/tr>\n<tr>\n<td>Maximale visuelle Vergr\u00f6\u00dferung<\/td>\n<td>300x<\/td>\n<\/tr>\n<tr>\n<td>Behandlung von Linsen<\/td>\n<td>Fully Multi Coated<\/td>\n<\/tr>\n<tr>\n<td>Kompatible Okulare<\/td>\n<td>1,25\u2033 und 2\u2033.<\/td>\n<\/tr>\n<tr>\n<td>Diagonale<\/td>\n<td>2\u2033<\/td>\n<\/tr>\n<tr>\n<td>Fokussieren<\/td>\n<td>2\u2033 mit Adapter 1,25\u2033.<\/td>\n<\/tr>\n<tr>\n<td>Forscher<\/td>\n<td>9 x 50<\/td>\n<\/tr>\n<tr>\n<td>Go-To-Datenbank<\/td>\n<td>42.900 Objekte<\/td>\n<\/tr>\n<tr>\n<td>Tracking-Geschwindigkeit<\/td>\n<td>0,25x, 0,5x, 0,75x, 1x<\/td>\n<\/tr>\n<tr>\n<td>Geschwindigkeit<\/td>\n<td>0,5x bis 800x<\/td>\n<\/tr>\n<tr>\n<td>Genauigkeit<\/td>\n<td>1 arcmin<\/td>\n<\/tr>\n<tr>\n<td>Gewicht der R\u00f6hre<\/td>\n<td>17 lb (\u22487,7 kg)<\/td>\n<\/tr>\n<tr>\n<td>Gewicht des Rahmens<\/td>\n<td>23,4 kg<\/td>\n<\/tr>\n<tr>\n<td>Maximale Belastbarkeit<\/td>\n<td>10 kg<\/td>\n<\/tr>\n<tr>\n<td>Ern\u00e4hrung<\/td>\n<td>11 bis 15 V DC, 2 Amp<\/td>\n<\/tr>\n<\/tbody>\n<\/table>\n<p>Die <strong>Sky-Watcher Evostar 150 mit EQ5 Pro SynScan\u2122 Montierung<\/strong> stellt somit ein komplettes Instrument f\u00fcr anspruchsvolle Astronomen dar, das hochpr\u00e4zise Optik, fortschrittliche Automatisierung und umfassendes Zubeh\u00f6r vereint. Ob f\u00fcr detaillierte visuelle Beobachtungen oder Astrofotografie - mit diesem Teleskop k\u00f6nnen Sie den Nachthimmel mit au\u00dfergew\u00f6hnlicher Leichtigkeit und Pr\u00e4zision erkunden.<\/p>","protected":false},"excerpt":{"rendered":"<p>&nbsp; Sky-Watcher Evostar 150 EQ5 Pro GoTo \u2013 Observation et astrophotographie de pr\u00e9cision Le Sky-Watcher Evostar 150 est un t\u00e9lescope r\u00e9fracteur achromatique de haute qualit\u00e9, con\u00e7u pour offrir des performances optiques exceptionnelles pour les astronomes d\u00e9butants et interm\u00e9diaires, ainsi que pour les passionn\u00e9s d&rsquo;astrophotographie. Combin\u00e9 avec la monture \u00e9quatoriale motoris\u00e9e EQ5 Pro SynScan\u2122, ce kit [&hellip;]<\/p>\n","protected":false},"featured_media":14363,"comment_status":"open","ping_status":"closed","template":"","meta":[],"product_brand":[822],"product_cat":[384,762,754,20],"product_tag":[],"class_list":{"0":"post-14355","1":"product","2":"type-product","3":"status-publish","4":"has-post-thumbnail","6":"product_brand-sky-watcher","7":"product_cat-lunettes_refracteurs","8":"product_cat-equatoriales","9":"product_cat-lunettes-achromatiques","10":"product_cat-montures","12":"first","13":"on_supplier","14":"taxable","15":"shipping-taxable","16":"purchasable","17":"product-type-simple"},"_links":{"self":[{"href":"https:\/\/deep-space-astronomy.ch\/de\/wp-json\/wp\/v2\/product\/14355","targetHints":{"allow":["GET"]}}],"collection":[{"href":"https:\/\/deep-space-astronomy.ch\/de\/wp-json\/wp\/v2\/product"}],"about":[{"href":"https:\/\/deep-space-astronomy.ch\/de\/wp-json\/wp\/v2\/types\/product"}],"replies":[{"embeddable":true,"href":"https:\/\/deep-space-astronomy.ch\/de\/wp-json\/wp\/v2\/comments?post=14355"}],"wp:featuredmedia":[{"embeddable":true,"href":"https:\/\/deep-space-astronomy.ch\/de\/wp-json\/wp\/v2\/media\/14363"}],"wp:attachment":[{"href":"https:\/\/deep-space-astronomy.ch\/de\/wp-json\/wp\/v2\/media?parent=14355"}],"wp:term":[{"taxonomy":"product_brand","embeddable":true,"href":"https:\/\/deep-space-astronomy.ch\/de\/wp-json\/wp\/v2\/product_brand?post=14355"},{"taxonomy":"product_cat","embeddable":true,"href":"https:\/\/deep-space-astronomy.ch\/de\/wp-json\/wp\/v2\/product_cat?post=14355"},{"taxonomy":"product_tag","embeddable":true,"href":"https:\/\/deep-space-astronomy.ch\/de\/wp-json\/wp\/v2\/product_tag?post=14355"}],"curies":[{"name":"wp","href":"https:\/\/api.w.org\/{rel}","templated":true}]}}