{"id":14366,"date":"2026-03-27T13:54:06","date_gmt":"2026-03-27T12:54:06","guid":{"rendered":"https:\/\/deep-space-astronomy.ch\/?post_type=product&#038;p=14366"},"modified":"2026-03-31T18:47:30","modified_gmt":"2026-03-31T16:47:30","slug":"sky-watcher-evostar-150-heq5-r-pro","status":"publish","type":"product","link":"https:\/\/deep-space-astronomy.ch\/de\/produkt\/sky-watcher-evostar-150-heq5-r-pro\/","title":{"rendered":"Sky-Watcher Evostar 150 HEQ5-R PRO"},"content":{"rendered":"<p>&nbsp;<\/p>\n<h3>Sky-Watcher Evostar 150 HEQ5-R PRO SynScan - Hochleistungsrefraktor f\u00fcr Beobachtung und Astrofotografie<\/h3>\n<p>Die <strong>Sky-Watcher Evostar 150<\/strong> ist ein achromatisches Refraktionsteleskop mit gro\u00dfer \u00d6ffnung, das f\u00fcr eine bemerkenswerte optische Leistung bei der visuellen Beobachtung und der Astrofotografie entwickelt wurde. Dank seines Designs mit zwei luftgetrennten Linsen und seiner langen Brennweite liefert es au\u00dfergew\u00f6hnlich scharfe Bilder mit hohem Kontrast. In Kombination mit der motorisierten \u00e4quatorialen Montierung <strong>HEQ5-R PRO SynScan<\/strong>, Dieses System ist eine vollst\u00e4ndige, pr\u00e4zise und skalierbare L\u00f6sung f\u00fcr anspruchsvolle Astronomen.<\/p>\n<h3>Eine leistungsstarke und pr\u00e4zise Optik f\u00fcr detaillierte Beobachtungen<\/h3>\n<p>Der Sky-Watcher Evostar 150 ist ein klassischer achromatischer Refraktor mit zwei Elementen, der nach hohen Standards f\u00fcr optische und mechanische Pr\u00e4zision gefertigt wurde. Sein Objektiv von <strong>150 mm Durchmesser<\/strong> und seine Brennweite von <strong>1200 mm (f\/8)<\/strong> sorgen f\u00fcr helle, kontrastreiche und detailreiche Bilder. Dank der Mehrschichtverg\u00fctung (<em>Multi-Coated<\/em>) wird die Lichtdurchl\u00e4ssigkeit optimiert, wodurch klare und naturgetreue Beobachtungen gew\u00e4hrleistet werden.<\/p>\n<p>Dieses Teleskop eignet sich besonders f\u00fcr die Beobachtung der <strong>Mond<\/strong>Die <strong>Planetenoberfl\u00e4chen<\/strong> und Objekte des Sonnensystems. Seine optische Leistung nahe der Beugungsgrenze erm\u00f6glicht die Nutzung hoher Vergr\u00f6\u00dferungen von bis zu <strong>300x<\/strong> unter optimalen Bedingungen. Die mitgelieferten Okulare (10 mm und 25 mm) bieten jeweils eine Vergr\u00f6\u00dferung von <strong>x120<\/strong> und <strong>x48<\/strong>, Diese B\u00fccher sind ideal, um sofort mit dem Lernen zu beginnen.<\/p>\n<p>Mit einer h\u00f6heren Lichtsammelf\u00e4higkeit von <strong>56 % im Vergleich zu einem 120-mm-Modell<\/strong>, enth\u00fcllt der Evostar 150 mehr Details \u00fcber Himmelsobjekte, wodurch die \u10d2\u10d0\u10db\u10dd\u10ea\u10d3\u10d8\u10da Beobachtung deutlich verbessert wird.<\/p>\n<h3>HEQ5-R PRO SynScan-Mount: Stabilit\u00e4t und Go-To-Technologie<\/h3>\n<p>Das Gestell <strong>HEQ5-R PRO SynScan<\/strong>\u00a0ist eine robuste und pr\u00e4zise computergesteuerte \u00e4quatoriale Montierung, die f\u00fcr die Unterst\u00fctzung anspruchsvoller Instrumente wie dem Evostar 150 entwickelt wurde. Ausgestattet mit Schrittmotoren in beiden Achsen erm\u00f6glicht sie eine fl\u00fcssige und pr\u00e4zise Nachf\u00fchrung von Himmelsobjekten, die f\u00fcr die Astrofotografie unerl\u00e4sslich ist.<\/p>\n<p>Das System <strong>Go-To SynScan<\/strong>\u00a0erm\u00f6glicht die automatische Lokalisierung von Tausenden von Himmelsobjekten \u00fcber eine integrierte Datenbank. W\u00e4hlen Sie einfach ein Ziel aus, und das Teleskop steuert es automatisch an. Diese Funktion macht die Erkundung des Himmels auch f\u00fcr unerfahrene Benutzer sehr viel einfacher.<\/p>\n<p>Die Montierung verf\u00fcgt au\u00dferdem \u00fcber eine integrierte Polsucherhalterung, die eine genaue Ausrichtung auf die Rotationsachse der Erde erm\u00f6glicht. Sie ist auf einem robusten Stativ aus rostfreiem Stahl von <strong>1,75\u2033<\/strong>, Dies garantiert eine hervorragende Stabilit\u00e4t auf dem Feld. Ein externes Netzteil von <strong>12V DC<\/strong> f\u00fcr seinen Betrieb notwendig ist.<\/p>\n<h3>Komplette Ausstattung f\u00fcr den sofortigen Einsatz<\/h3>\n<p>Der Sky-Watcher Evostar 150 wird mit einem kompletten Zubeh\u00f6rpaket geliefert, das einen sofortigen Einsatz erm\u00f6glicht :<\/p>\n<ul>\n<li>Okulare 10 mm und 25 mm (Format 1,25\u2033)<\/li>\n<li>Sucher 9\u00d750 f\u00fcr einfaches Auffinden<\/li>\n<li>Abgewinkelte Umlenkung 2\u2033 (50,8 mm)<\/li>\n<li>Doppelter Okularhalter Format 1,25\u2033\/2\u2033<\/li>\n<li>Direkter Anschluss f\u00fcr Spiegelreflexkameras (SLR)<\/li>\n<li>HEQ5-R PRO SynScan-Montierung mit zweiachsigen Motoren<\/li>\n<li>Stativ aus rostfreiem Stahl mit Zubeh\u00f6rtablett<\/li>\n<\/ul>\n<p>Diese Konfiguration erm\u00f6glicht den einfachen \u00dcbergang von der visuellen Beobachtung zur Astrofotografie, indem eine Spiegelreflexkamera direkt angeschlossen wird, um die Wunder des Nachthimmels einzufangen.<\/p>\n<h3>Technische Daten<\/h3>\n<table border=\"1\" cellspacing=\"0\" cellpadding=\"6\">\n<tbody>\n<tr>\n<th>Spezifikation<\/th>\n<th>Detail<\/th>\n<\/tr>\n<tr>\n<td>Art des Teleskops<\/td>\n<td>Achromatischer Refraktor<\/td>\n<\/tr>\n<tr>\n<td>Optisches Design<\/td>\n<td>Zwei Linsen, durch Luft getrennt<\/td>\n<\/tr>\n<tr>\n<td>Durchmesser des Objektivs<\/td>\n<td>150 mm<\/td>\n<\/tr>\n<tr>\n<td>Brennweite<\/td>\n<td>1200 mm<\/td>\n<\/tr>\n<tr>\n<td>Fokusbericht<\/td>\n<td>f\/8<\/td>\n<\/tr>\n<tr>\n<td>Mitgelieferte Vergr\u00f6\u00dferungen<\/td>\n<td>x48 und x120<\/td>\n<\/tr>\n<tr>\n<td>Maximal nutzbare Vergr\u00f6\u00dferung<\/td>\n<td>x300<\/td>\n<\/tr>\n<tr>\n<td>Inklusive Okulare<\/td>\n<td>10 mm und 25 mm (1,25\u2033)<\/td>\n<\/tr>\n<tr>\n<td>Okularhalter<\/td>\n<td>Doppelformat 1,25\u2033 \/ 2\u2033.<\/td>\n<\/tr>\n<tr>\n<td>Abgewinkelte Umlenkung<\/td>\n<td>2\u2033 (50,8 mm)<\/td>\n<\/tr>\n<tr>\n<td>Forscher<\/td>\n<td>9\u00d750<\/td>\n<\/tr>\n<tr>\n<td>Optische Verarbeitung<\/td>\n<td>Multi-Coated<\/td>\n<\/tr>\n<tr>\n<td>Kameraverbindung<\/td>\n<td>Direkt SLR-kompatibel<\/td>\n<\/tr>\n<tr>\n<td>Rahmen<\/td>\n<td>HEQ5-R PRO SynScan\u2122 Go-To<\/td>\n<\/tr>\n<tr>\n<td>Motoren<\/td>\n<td>Schritt f\u00fcr Schritt Doppelachse<\/td>\n<\/tr>\n<tr>\n<td>Stativ<\/td>\n<td>Edelstahl 1,75\u2033 mit Tablett<\/td>\n<\/tr>\n<tr>\n<td>Polarausrichtung<\/td>\n<td>Integrierte Halterung<\/td>\n<\/tr>\n<tr>\n<td>Ern\u00e4hrung<\/td>\n<td>12V DC (nicht im Lieferumfang enthalten)<\/td>\n<\/tr>\n<tr>\n<td>Sammeln von Licht<\/td>\n<td>+56 % vs. 120 mm<\/td>\n<\/tr>\n<\/tbody>\n<\/table>\n<p>Die <strong>Sky-Watcher Evostar 150 HEQ5-R PRO SynScan\u2122<\/strong> ist das Instrument der Wahl f\u00fcr Astronomen, die optische Leistung, mechanische Pr\u00e4zision und fortschrittliche Automatisierung kombinieren m\u00f6chten. Es eignet sich ideal f\u00fcr die detaillierte Untersuchung von Planeten und dem Mond sowie f\u00fcr den Einstieg in die Astrofotografie und bietet ein immersives und leistungsstarkes Beobachtungserlebnis.<\/p>","protected":false},"excerpt":{"rendered":"<p>&nbsp; Sky-Watcher Evostar 150 HEQ5-R PRO SynScan \u2013 R\u00e9fracteur haute performance pour observation et astrophotographie Le Sky-Watcher Evostar 150 est un t\u00e9lescope r\u00e9fracteur achromatique de grande ouverture con\u00e7u pour offrir des performances optiques remarquables en observation visuelle comme en astrophotographie. Gr\u00e2ce \u00e0 sa conception \u00e0 deux lentilles s\u00e9par\u00e9es par air et \u00e0 sa longue focale, [&hellip;]<\/p>\n","protected":false},"featured_media":14367,"comment_status":"open","ping_status":"closed","template":"","meta":[],"product_brand":[],"product_cat":[384,762,754,20],"product_tag":[],"class_list":{"0":"post-14366","1":"product","2":"type-product","3":"status-publish","4":"has-post-thumbnail","6":"product_cat-lunettes_refracteurs","7":"product_cat-equatoriales","8":"product_cat-lunettes-achromatiques","9":"product_cat-montures","11":"first","12":"on_supplier","13":"taxable","14":"shipping-taxable","15":"purchasable","16":"product-type-simple"},"_links":{"self":[{"href":"https:\/\/deep-space-astronomy.ch\/de\/wp-json\/wp\/v2\/product\/14366","targetHints":{"allow":["GET"]}}],"collection":[{"href":"https:\/\/deep-space-astronomy.ch\/de\/wp-json\/wp\/v2\/product"}],"about":[{"href":"https:\/\/deep-space-astronomy.ch\/de\/wp-json\/wp\/v2\/types\/product"}],"replies":[{"embeddable":true,"href":"https:\/\/deep-space-astronomy.ch\/de\/wp-json\/wp\/v2\/comments?post=14366"}],"wp:featuredmedia":[{"embeddable":true,"href":"https:\/\/deep-space-astronomy.ch\/de\/wp-json\/wp\/v2\/media\/14367"}],"wp:attachment":[{"href":"https:\/\/deep-space-astronomy.ch\/de\/wp-json\/wp\/v2\/media?parent=14366"}],"wp:term":[{"taxonomy":"product_brand","embeddable":true,"href":"https:\/\/deep-space-astronomy.ch\/de\/wp-json\/wp\/v2\/product_brand?post=14366"},{"taxonomy":"product_cat","embeddable":true,"href":"https:\/\/deep-space-astronomy.ch\/de\/wp-json\/wp\/v2\/product_cat?post=14366"},{"taxonomy":"product_tag","embeddable":true,"href":"https:\/\/deep-space-astronomy.ch\/de\/wp-json\/wp\/v2\/product_tag?post=14366"}],"curies":[{"name":"wp","href":"https:\/\/api.w.org\/{rel}","templated":true}]}}