{"id":14369,"date":"2026-03-27T14:10:27","date_gmt":"2026-03-27T13:10:27","guid":{"rendered":"https:\/\/deep-space-astronomy.ch\/?post_type=product&#038;p=14369"},"modified":"2026-03-27T14:18:09","modified_gmt":"2026-03-27T13:18:09","slug":"sky-watcher-evostar-150-eq6-r-pro-synscan","status":"publish","type":"product","link":"https:\/\/deep-space-astronomy.ch\/de\/produkt\/sky-watcher-evostar-150-eq6-r-pro-synscan\/","title":{"rendered":"Sky-Watcher Evostar 150 EQ6-R PRO SynScan"},"content":{"rendered":"<p>&nbsp;<\/p>\n<h3>Sky-Watcher Evostar 150 EQ6-R PRO SynScan - Hochpr\u00e4zises Refraktor-Teleskop f\u00fcr fortgeschrittene Beobachtung und Astrofotografie<\/h3>\n<p>Die <strong>Sky-Watcher Evostar 150 mit Montierung EQ6-R PRO SynScan<\/strong>\u00a0ist eine komplette High-End-L\u00f6sung f\u00fcr anspruchsvolle Astronomen. Durch die Kombination einer hochwertigen achromatischen Refraktionsoptik mit einer leistungsstarken motorisierten \u00e4quatorialen Montierung eignet sich dieses Set perfekt f\u00fcr die detaillierte Himmelsbeobachtung und die fortgeschrittene Astrofotografie. Es wurde nach hohen Pr\u00e4zisionsstandards entwickelt und garantiert sowohl passionierten als auch erfahrenen Anwendern ein immersives und zuverl\u00e4ssiges Erlebnis.<\/p>\n<h3>Eine leistungsstarke und kontrastreiche achromatische Optik<\/h3>\n<p>Die Teleskope <strong>Sky-Watcher Evostar<\/strong> sind klassische achromatische astronomische Brillen mit zwei Linsen. Mit diesem bew\u00e4hrten Design werden chromatische Aberrationen wirksam begrenzt, w\u00e4hrend gleichzeitig eine hervorragende Bildsch\u00e4rfe erhalten bleibt. Das Objektiv verf\u00fcgt \u00fcber eine Mehrschichtverg\u00fctung (<em>multi-coated<\/em>), die die Lichtdurchl\u00e4ssigkeit verbessert und den Kontrast optimiert.<\/p>\n<p>Mit einer <strong>150 mm \u00d6ffnung<\/strong> und eine <strong>1200 mm Brennweite (f\/8)<\/strong>, Dieses Teleskop bietet eine hohe Aufl\u00f6sung und helle Bilder, die sich ideal f\u00fcr Beobachtungen bei hoher Vergr\u00f6\u00dferung eignen. Seine Optik, die sich nahe der Beugungsgrenze befindet, erm\u00f6glicht eine detaillierte Erforschung der <strong>Mond<\/strong>Die <strong>Planeten<\/strong> und Objekte des Sonnensystems mit hoher Genauigkeit. Die Bilder, die Sie erhalten, sind scharf, kontrastreich und detailreich, selbst bei hoher Vergr\u00f6\u00dferung.<\/p>\n<p>Der Okularhalter von <strong>2 Zoll<\/strong> mit 1,25\u2033-Adapter gew\u00e4hrleistet eine umfassende Kompatibilit\u00e4t mit zahlreichen Zubeh\u00f6rteilen und erleichtert die Erweiterung des Setups. Der optische Tubus mit einem Gewicht von <strong>7,7 kg<\/strong>, Das Modell ist relativ wendig und bietet nach der Installation eine ausgezeichnete Stabilit\u00e4t.<\/p>\n<h3>EQ6-R PRO SynScan-Mount: leistungsstark, pr\u00e4zise und fl\u00fcssig<\/h3>\n<p>Das Gestell <strong>EQ6-R PRO SynScan\u2122<\/strong> stellt eine bedeutende Weiterentwicklung der beliebten EQ6 PRO dar. Sie enth\u00e4lt ein modernisiertes und optimiertes Design, das speziell auf die Anforderungen der modernen Astrofotografie zugeschnitten ist.<\/p>\n<p>Mit einer <strong>Tragf\u00e4higkeit von bis zu 20 kg<\/strong> in der Astrofotografie kann sie problemlos schwere und komplexe Konfigurationen bew\u00e4ltigen. Sein <strong>Riemenantrieb<\/strong> reduziert das mechanische Spiel erheblich und sorgt so f\u00fcr einen leisen, reibungslosen Betrieb und eine h\u00f6here Genauigkeit bei der Verfolgung von Himmelsobjekten.<\/p>\n<p>Die Montierung verf\u00fcgt au\u00dferdem \u00fcber einen <strong>PPEC-System<\/strong> (Permanent Periodic Error Correction), die automatisch periodische Fehler der Schnecke korrigiert, wodurch die Qualit\u00e4t der Nachf\u00fchrung deutlich verbessert wird, ohne dass eine st\u00e4ndige Neukalibrierung erforderlich ist. Die Einstellung der Polarh\u00f6he wurde mit einem erweiterten Bereich von <strong>5\u00b0 \u00e0 65\u00b0<\/strong>, Die meisten von ihnen sind in der Lage, sich in verschiedenen Regionen niederzulassen.<\/p>\n<p>Zu seinen praktischen Funktionen geh\u00f6rt eine <strong>integrierter Tragegriff<\/strong>ein <strong>SNAP-Anschluss f\u00fcr die Kamerasteuerung<\/strong> sowie eine <strong>Autoguide-Anschluss<\/strong> f\u00fcr lange Belichtungszeiten. Der enthaltene Polsucher erm\u00f6glicht eine pr\u00e4zise Ausrichtung, um die Leistung bei der Astrofotografie zu optimieren.<\/p>\n<h3>Go-To SynScan\u2122-System und intuitive Steuerung<\/h3>\n<p>Die Steuerrakete <strong>SynScan\u2122 V5<\/strong> erm\u00f6glicht die einfache Steuerung des Teleskops \u00fcber eine intuitive Benutzeroberfl\u00e4che. Das integrierte Go-To-System bietet Zugriff auf eine Datenbank mit \u00fcber <strong>42.000 Himmelsobjekte<\/strong>. So ist es m\u00f6glich, in Sekundenschnelle automatisch auf ein Ziel zu zeigen oder vordefinierten Beobachtungsrouten zu folgen.<\/p>\n<p>Diese Automatisierung vereinfacht die Bedienung erheblich, sodass sich die Benutzer voll und ganz auf das Beobachten oder das Aufnehmen von Bildern konzentrieren k\u00f6nnen.<\/p>\n<h3>Vollst\u00e4ndiger Inhalt f\u00fcr den sofortigen Einsatz<\/h3>\n<p>Der Sky-Watcher Evostar 150 EQ6-R PRO wird mit einem umfangreichen Zubeh\u00f6rpaket geliefert:<\/p>\n<ul>\n<li>Refraktiver optischer Tubus 150 mm<\/li>\n<li>Sucher 9\u00d750<\/li>\n<li>2\u2033-Okularhalter mit 1,25\u2033-Adapter<\/li>\n<li>Zenitspiegel 2\u2033<\/li>\n<li>Okulare 10 mm und 25 mm<\/li>\n<li>Anschluss f\u00fcr DSLR-Kamera<\/li>\n<li>Montierung EQ6-R PRO SynScan\u2122<\/li>\n<li>Robustes Dreibeinstativ mit 5 cm hohen Beinen aus rostfreiem Stahl<\/li>\n<li>Ablage f\u00fcr Zubeh\u00f6r<\/li>\n<li>SynScan V5 Steuereinheit mit Kabeln<\/li>\n<li>Gegengewichtsstange<\/li>\n<li>2 Gegengewichte \u00e0 5 kg<\/li>\n<li>Polsucher<\/li>\n<li>Autoguide-Port<\/li>\n<\/ul>\n<p><strong>Bemerkung :<\/strong> das Netzteil und die Batterien sind nicht im Lieferumfang enthalten.<\/p>\n<h3>Technische Daten<\/h3>\n<table border=\"1\" cellspacing=\"0\" cellpadding=\"6\">\n<tbody>\n<tr>\n<th>Spezifikation<\/th>\n<th>Detail<\/th>\n<\/tr>\n<tr>\n<td>Typ<\/td>\n<td>Achromatischer Refraktor<\/td>\n<\/tr>\n<tr>\n<td>Er\u00f6ffnung<\/td>\n<td>150 mm<\/td>\n<\/tr>\n<tr>\n<td>Brennweite<\/td>\n<td>1200 mm<\/td>\n<\/tr>\n<tr>\n<td>Fokusbericht<\/td>\n<td>f\/8<\/td>\n<\/tr>\n<tr>\n<td>Okularhalter<\/td>\n<td>2\u2033 (Adapter 1,25\u2033)<\/td>\n<\/tr>\n<tr>\n<td>Gewicht der R\u00f6hre<\/td>\n<td>7,7 kg<\/td>\n<\/tr>\n<tr>\n<td>Rahmen<\/td>\n<td>EQ6-R PRO SynScan\u2122 Go-To<\/td>\n<\/tr>\n<tr>\n<td>Art der Fassung<\/td>\n<td>\u00c4quatorialguinea<\/td>\n<\/tr>\n<tr>\n<td>Maximale Belastung<\/td>\n<td>20 kg<\/td>\n<\/tr>\n<tr>\n<td>Gesamtgewicht Brillengestell<\/td>\n<td>34,8 kg<\/td>\n<\/tr>\n<tr>\n<td>Datenbank<\/td>\n<td>+42.000 Gegenst\u00e4nde<\/td>\n<\/tr>\n<tr>\n<td>\u00dcbertragung<\/td>\n<td>Riemen (belt drive)<\/td>\n<\/tr>\n<tr>\n<td>Fehler korrigieren<\/td>\n<td>PPEC (Permanent PEC)<\/td>\n<\/tr>\n<tr>\n<td>Breitengrad einstellen<\/td>\n<td>5\u00b0 \u00e0 65\u00b0<\/td>\n<\/tr>\n<tr>\n<td>Stativ<\/td>\n<td>Edelstahl (F\u00fc\u00dfe 5 cm)<\/td>\n<\/tr>\n<\/tbody>\n<\/table>\n<p>Die <strong>Sky-Watcher Evostar 150 EQ6-R PRO SynScan\u2122<\/strong> ist die erste Wahl f\u00fcr Astronomen, die eine perfekte Kombination aus optischer Leistung, mechanischer Stabilit\u00e4t und fortschrittlicher Automatisierung suchen. Es ist ideal f\u00fcr die detaillierte Planetenbeobachtung sowie f\u00fcr die Astrofotografie mit langer Belichtungszeit und bietet eine zuverl\u00e4ssige und langlebige Leistung, um den Himmel pr\u00e4zise zu erkunden.<\/p>","protected":false},"excerpt":{"rendered":"<p>&nbsp; Sky-Watcher Evostar 150 EQ6-R PRO SynScan \u2013 T\u00e9lescope r\u00e9fracteur haute pr\u00e9cision pour observation et astrophotographie avanc\u00e9e Le Sky-Watcher Evostar 150 avec monture EQ6-R PRO SynScan\u00a0est une solution compl\u00e8te et haut de gamme destin\u00e9e aux astronomes exigeants. Alliant une optique r\u00e9fractive achromatique de grande qualit\u00e9 \u00e0 une monture \u00e9quatoriale motoris\u00e9e ultra-performante, cet ensemble est parfaitement [&hellip;]<\/p>\n","protected":false},"featured_media":14372,"comment_status":"open","ping_status":"closed","template":"","meta":[],"product_brand":[822],"product_cat":[384,762,754,20],"product_tag":[],"class_list":{"0":"post-14369","1":"product","2":"type-product","3":"status-publish","4":"has-post-thumbnail","6":"product_brand-sky-watcher","7":"product_cat-lunettes_refracteurs","8":"product_cat-equatoriales","9":"product_cat-lunettes-achromatiques","10":"product_cat-montures","12":"first","13":"on_supplier","14":"taxable","15":"shipping-taxable","16":"purchasable","17":"product-type-simple"},"_links":{"self":[{"href":"https:\/\/deep-space-astronomy.ch\/de\/wp-json\/wp\/v2\/product\/14369","targetHints":{"allow":["GET"]}}],"collection":[{"href":"https:\/\/deep-space-astronomy.ch\/de\/wp-json\/wp\/v2\/product"}],"about":[{"href":"https:\/\/deep-space-astronomy.ch\/de\/wp-json\/wp\/v2\/types\/product"}],"replies":[{"embeddable":true,"href":"https:\/\/deep-space-astronomy.ch\/de\/wp-json\/wp\/v2\/comments?post=14369"}],"wp:featuredmedia":[{"embeddable":true,"href":"https:\/\/deep-space-astronomy.ch\/de\/wp-json\/wp\/v2\/media\/14372"}],"wp:attachment":[{"href":"https:\/\/deep-space-astronomy.ch\/de\/wp-json\/wp\/v2\/media?parent=14369"}],"wp:term":[{"taxonomy":"product_brand","embeddable":true,"href":"https:\/\/deep-space-astronomy.ch\/de\/wp-json\/wp\/v2\/product_brand?post=14369"},{"taxonomy":"product_cat","embeddable":true,"href":"https:\/\/deep-space-astronomy.ch\/de\/wp-json\/wp\/v2\/product_cat?post=14369"},{"taxonomy":"product_tag","embeddable":true,"href":"https:\/\/deep-space-astronomy.ch\/de\/wp-json\/wp\/v2\/product_tag?post=14369"}],"curies":[{"name":"wp","href":"https:\/\/api.w.org\/{rel}","templated":true}]}}