{"id":14403,"date":"2026-03-30T13:47:28","date_gmt":"2026-03-30T11:47:28","guid":{"rendered":"https:\/\/deep-space-astronomy.ch\/?post_type=product&#038;p=14403"},"modified":"2026-03-30T13:47:42","modified_gmt":"2026-03-30T11:47:42","slug":"startravel-80-400-eq-1","status":"publish","type":"product","link":"https:\/\/deep-space-astronomy.ch\/de\/produkt\/startravel-80-400-eq-1\/","title":{"rendered":"StarTravel 80\/400 EQ-1"},"content":{"rendered":"<p>&nbsp;<\/p>\n<h3>StarTravel 80\/400 EQ-1 - Kompaktes Instrument f\u00fcr astronomische und terrestrische Beobachtungen<\/h3>\n<p>Die <strong>StarTravel 80\/400 EQ-1<\/strong> ist ein ideales Instrument f\u00fcr Anf\u00e4nger, die die Astronomie entdecken oder terrestrische Beobachtungen genie\u00dfen m\u00f6chten. Es ist kompakt, leicht und einfach zu bedienen und bietet einen hervorragenden Kompromiss zwischen Leistung, Tragbarkeit und erschwinglichem Preis. Mit seiner 80-mm-Optik und der kurzen Brennweite erm\u00f6glicht dieses Teleskop die Erkundung des Himmels mit einem gro\u00dfen Gesichtsfeld und liefert gleichzeitig helle und detailreiche Bilder.<\/p>\n<h3>Eine leistungsstarke Weitwinkeloptik<\/h3>\n<p>Dieses Teleskop ist ein <strong>achromatischer Refraktor<\/strong> mit einem Ziel von <strong>80 mm Durchmesser<\/strong> und einer <strong>Brennweite von 400 mm<\/strong>, Das entspricht einem Schnell\u00f6ffnungsverh\u00e4ltnis von <strong>f\/5<\/strong>. Diese Konfiguration macht es zu einem sogenannten <em>\u201crich field\u201d<\/em>, ist perfekt f\u00fcr die Beobachtung im weiten Feld geeignet. Es erm\u00f6glicht Ihnen, gro\u00dfe Bereiche des Himmels mit einer bemerkenswerten Immersion zu bewundern, die den Eindruck eines echten Spaziergangs im Weltraum vermittelt.<\/p>\n<p>Die optische Qualit\u00e4t dieses Modells erm\u00f6glicht eine <strong>Aufl\u00f6sung von 1,44 Bogensekunden<\/strong>, und bietet eine h\u00f6here Genauigkeit als die 70-mm-Modelle. Planetenbeobachtungen profitieren so von einer h\u00f6heren Detailgenauigkeit, w\u00e4hrend helle Himmelsobjekte wie die Andromedagalaxie oder der Orionnebel ihre Struktur mit einem beeindruckenden Eindruck von Tiefe offenbaren.<\/p>\n<p>Mit einer Lichtsammelkapazit\u00e4t von <strong>130 Mal die des menschlichen Auges<\/strong> und eine Grenzmagnitude von <strong>11,3<\/strong>, Mit diesem Teleskop k\u00f6nnen Sie eine Vielzahl von Himmelsobjekten erforschen. Die maximale nutzbare Vergr\u00f6\u00dferung betr\u00e4gt <strong>x160<\/strong>, Der Mond und die Planeten lassen sich von hier aus gut beobachten.<\/p>\n<h3>\u00c4quatoriale Montierung EQ-1: Pr\u00e4zision und Einfachheit<\/h3>\n<p>Das Teleskop ist auf einem <strong>\u00c4quatoriale Montierung EQ-1<\/strong>, wurde entwickelt, um die Verfolgung von Himmelsobjekten zu erleichtern. Diese Montierung erm\u00f6glicht eine pr\u00e4zise Ausrichtung auf den Polarstern und garantiert so eine reibungslose Verfolgung der scheinbaren Bewegung des Himmels. Die Einstellung des Breitengrades erm\u00f6glicht eine angepasste Verwendung an verschiedenen Beobachtungsorten.<\/p>\n<p>Die langsamen Bewegungen auf der Rektaszensions- und Deklinationsachse bieten eine pr\u00e4zise Kontrolle \u00fcber Bildausschnitt und Nachf\u00fchrung. Ein Gegengewicht ist enthalten, um den optischen Tubus optimal auszubalancieren und so die Stabilit\u00e4t und Genauigkeit zu verbessern.<\/p>\n<p>Die EQ-1-Montierung ist mit einem <strong>verstellbares Aluminiumstativ<\/strong>, Das Modell ist von 70 auf 120 cm ausziehbar und mit einer Zubeh\u00f6rablage ausgestattet. Es gibt auch eine kompakte Version mit Tischstativ, die sich ideal f\u00fcr unterwegs und auf Reisen eignet. Das Ganze ist sehr leicht und transportabel und passt problemlos in eine Reisetasche.<\/p>\n<p>Optional kann eine Rektaszensions-Tracking-Engine hinzugef\u00fcgt werden, um die Verfolgung von Objekten zu automatisieren und so ein noch komfortableres Erlebnis zu bieten.<\/p>\n<h3>Inklusive Zubeh\u00f6r f\u00fcr einen guten Start<\/h3>\n<p>Der AC 80\/400 EQ-1 wird mit einem umfangreichen Zubeh\u00f6rpaket geliefert, sodass Sie sofort mit der Beobachtung beginnen k\u00f6nnen:<\/p>\n<ul>\n<li>Okulare 25 mm und 10 mm (1,25\u2033)<\/li>\n<li>Barlow-Linse x2<\/li>\n<li>Sucher 6\u00d730<\/li>\n<li>Okularhalter mit Zahnstange (Rack &amp; Pinion)<\/li>\n<li>\u00c4quatorialer Rahmen EQ-1<\/li>\n<li>Aluminiumstativ mit Platte<\/li>\n<li>Passendes Gegengewicht<\/li>\n<\/ul>\n<p>Zus\u00e4tzlich wird in der Regel ein Leitfaden zur Einf\u00fchrung in die Astronomie mitgeliefert, der es Anf\u00e4ngern erm\u00f6glicht, sich schnell mit ihrem Instrument vertraut zu machen.<\/p>\n<h3>Ein ideales Teleskop f\u00fcr Anf\u00e4nger<\/h3>\n<p>Dieses Teleskop ist einfach zu montieren und zu verwenden und eignet sich hervorragend f\u00fcr <strong>Anf\u00e4nger<\/strong> und sogar f\u00fcr Kinder geeignet. Es eignet sich besonders f\u00fcr die Beobachtung der <strong>Mond<\/strong>Die <strong>Planeten<\/strong> und f\u00fcr die terrestrische Beobachtung. F\u00fcr die detaillierte Untersuchung schwacher Deep-Sky-Objekte ist es hingegen nicht besonders geeignet.<\/p>\n<p>Sein geringes Gewicht und seine Kompaktheit machen es zu einem hervorragenden Reisebegleiter, mit dem Sie den Himmel von jedem Ort aus beobachten k\u00f6nnen, sei es im Urlaub oder unterwegs.<\/p>\n<h3>Technische Daten<\/h3>\n<table border=\"1\" cellspacing=\"0\" cellpadding=\"6\">\n<tbody>\n<tr>\n<th>Spezifikation<\/th>\n<th>Detail<\/th>\n<\/tr>\n<tr>\n<td>Typ<\/td>\n<td>Achromatischer Refraktor<\/td>\n<\/tr>\n<tr>\n<td>Durchmesser<\/td>\n<td>80 mm<\/td>\n<\/tr>\n<tr>\n<td>Brennweite<\/td>\n<td>400 mm<\/td>\n<\/tr>\n<tr>\n<td>Fokusbericht<\/td>\n<td>f\/5<\/td>\n<\/tr>\n<tr>\n<td>Aufl\u00f6sung<\/td>\n<td>1,44 arcsec<\/td>\n<\/tr>\n<tr>\n<td>Grenzmagnitude<\/td>\n<td>11,3<\/td>\n<\/tr>\n<tr>\n<td>Sammeln von Licht<\/td>\n<td>130x das menschliche Auge<\/td>\n<\/tr>\n<tr>\n<td>Maximale Vergr\u00f6\u00dferung<\/td>\n<td>x160<\/td>\n<\/tr>\n<tr>\n<td>Okularhalter<\/td>\n<td>Zahnstange, 1,25\u2033.<\/td>\n<\/tr>\n<tr>\n<td>Okulare<\/td>\n<td>25 mm und 10 mm<\/td>\n<\/tr>\n<tr>\n<td>Zubeh\u00f6r<\/td>\n<td>Barlow x2<\/td>\n<\/tr>\n<tr>\n<td>Forscher<\/td>\n<td>6\u00d730<\/td>\n<\/tr>\n<tr>\n<td>Rahmen<\/td>\n<td>\u00c4quatorial EQ-1<\/td>\n<\/tr>\n<tr>\n<td>Go-To-Steuerung<\/td>\n<td>Nicht<\/td>\n<\/tr>\n<tr>\n<td>Stativ<\/td>\n<td>Verstellbares Aluminium<\/td>\n<\/tr>\n<tr>\n<td>Empfohlene Verwendung<\/td>\n<td>Anf\u00e4nger, Mond-, Planeten- und Erdbeobachtung<\/td>\n<\/tr>\n<\/tbody>\n<\/table>\n<p>Die <strong>Teleskop AC 80\/400 EQ-1<\/strong> ist eine ausgezeichnete Wahl, um mit der Astronomie zu beginnen. Es ist einfach, effizient und transportabel und erm\u00f6glicht es Ihnen, die Wunder des Himmels zu entdecken, wobei es schnell und intuitiv zu bedienen ist.<\/p>","protected":false},"excerpt":{"rendered":"<p>&nbsp; StarTravel 80\/400 EQ-1 \u2013 Instrument compact pour observation astronomique et terrestre Le StarTravel 80\/400 EQ-1 est un instrument id\u00e9al pour les d\u00e9butants souhaitant d\u00e9couvrir l\u2019astronomie ou profiter d\u2019observations terrestres. Compact, l\u00e9ger et simple d\u2019utilisation, il offre un excellent compromis entre performance, portabilit\u00e9 et prix abordable. Gr\u00e2ce \u00e0 son optique de 80 mm et sa [&hellip;]<\/p>\n","protected":false},"featured_media":14404,"comment_status":"open","ping_status":"closed","template":"","meta":[],"product_brand":[822],"product_cat":[384,754],"product_tag":[],"class_list":{"0":"post-14403","1":"product","2":"type-product","3":"status-publish","4":"has-post-thumbnail","6":"product_brand-sky-watcher","7":"product_cat-lunettes_refracteurs","8":"product_cat-lunettes-achromatiques","10":"first","11":"on_supplier","12":"taxable","13":"shipping-taxable","14":"purchasable","15":"product-type-simple"},"_links":{"self":[{"href":"https:\/\/deep-space-astronomy.ch\/de\/wp-json\/wp\/v2\/product\/14403","targetHints":{"allow":["GET"]}}],"collection":[{"href":"https:\/\/deep-space-astronomy.ch\/de\/wp-json\/wp\/v2\/product"}],"about":[{"href":"https:\/\/deep-space-astronomy.ch\/de\/wp-json\/wp\/v2\/types\/product"}],"replies":[{"embeddable":true,"href":"https:\/\/deep-space-astronomy.ch\/de\/wp-json\/wp\/v2\/comments?post=14403"}],"wp:featuredmedia":[{"embeddable":true,"href":"https:\/\/deep-space-astronomy.ch\/de\/wp-json\/wp\/v2\/media\/14404"}],"wp:attachment":[{"href":"https:\/\/deep-space-astronomy.ch\/de\/wp-json\/wp\/v2\/media?parent=14403"}],"wp:term":[{"taxonomy":"product_brand","embeddable":true,"href":"https:\/\/deep-space-astronomy.ch\/de\/wp-json\/wp\/v2\/product_brand?post=14403"},{"taxonomy":"product_cat","embeddable":true,"href":"https:\/\/deep-space-astronomy.ch\/de\/wp-json\/wp\/v2\/product_cat?post=14403"},{"taxonomy":"product_tag","embeddable":true,"href":"https:\/\/deep-space-astronomy.ch\/de\/wp-json\/wp\/v2\/product_tag?post=14403"}],"curies":[{"name":"wp","href":"https:\/\/api.w.org\/{rel}","templated":true}]}}