{"id":14406,"date":"2026-03-30T13:59:08","date_gmt":"2026-03-30T11:59:08","guid":{"rendered":"https:\/\/deep-space-astronomy.ch\/?post_type=product&#038;p=14406"},"modified":"2026-03-30T14:00:43","modified_gmt":"2026-03-30T12:00:43","slug":"startravel-80t","status":"publish","type":"product","link":"https:\/\/deep-space-astronomy.ch\/de\/produkt\/startravel-80t\/","title":{"rendered":"Startravel-80T"},"content":{"rendered":"<p>&nbsp;<\/p>\n<h3>Startravel-80T - Kompaktes Refraktor-Teleskop mit gro\u00dfem Blickfeld f\u00fcr Beobachtung und Astrofotografie<\/h3>\n<p>Die <strong>StarTravel-80T<\/strong>\u00a0ist ein kompaktes achromatisches Refraktorteleskop, das f\u00fcr ein au\u00dfergew\u00f6hnliches Weitwinkelbeobachtungserlebnis entwickelt wurde. Es ist ideal f\u00fcr Anf\u00e4nger und Amateure, die sich ein leichtes und vielseitiges Instrument w\u00fcnschen, und erm\u00f6glicht die Erkundung der Wunder des Deep Sky und der Landschaften der Erde. Dank des kurzen Tubus und des kurzen \u00d6ffnungsverh\u00e4ltnisses eignet sich dieses Teleskop auch hervorragend f\u00fcr die Astro- und Naturfotografie.<\/p>\n<h3>Eine helle und vielseitige Weitwinkeloptik<\/h3>\n<p>Ausgestattet mit einem Ziel von <strong>80 mm<\/strong> und einer <strong>Brennweite von 400 mm<\/strong>, Der Sky-Watcher 80\/400 bietet ein schnelles \u00d6ffnungsverh\u00e4ltnis von <strong>f\/5<\/strong>. Diese Konfiguration bietet ein gro\u00dfes, helles Sichtfeld, das sich ideal f\u00fcr die Beobachtung ausgedehnter Deep-Sky-Objekte eignet, wie z. B. <strong>Nebel<\/strong>Die <strong>Sternhaufen<\/strong>Die <strong>Sternfelder<\/strong> und einige <strong>Galaxien<\/strong>.<\/p>\n<p>Sein achromatisches Refraktordesign sorgt f\u00fcr ein scharfes, kontrastreiches Bild und minimiert chromatische Aberrationen. Dieses Teleskop erm\u00f6glicht auch die Beobachtung der <strong>Mond<\/strong>Die <strong>Planeten<\/strong> und die <strong>helle Kometen<\/strong> mit guter Detailgenauigkeit und ist dabei einfach zu bedienen.<\/p>\n<p>Dank des gro\u00dfen Gesichtsfeldes wird die Beobachtung immersiv, vermittelt ein Gef\u00fchl von Tiefe und macht es einfacher, Himmelsobjekte zu finden. Diese Art von Teleskop ist besonders beliebt f\u00fcr schnelle Beobachtungen und Sitzungen unter einem klaren Himmel.<\/p>\n<h3>Ideal f\u00fcr Astrofotografie und terrestrische Fotografie<\/h3>\n<p>Der Sky-Watcher 80\/400 ist nicht auf die visuelle Beobachtung beschr\u00e4nkt. Sein schnelles Fokussierungsverh\u00e4ltnis macht ihn zu einem hervorragenden Werkzeug f\u00fcr die <strong>astronomische Gro\u00dffeldfotografie<\/strong>. Er ist besonders effektiv bei der Erfassung von Ph\u00e4nomenen wie <strong>Mondfinsternisse<\/strong> und <strong>Solaranlagen<\/strong>, Die meisten von ihnen sind in der Lage, sich in der N\u00e4he von Sternen zu bewegen.<\/p>\n<p>Dieses Teleskop kann auch als Festobjektiv f\u00fcr die <strong>Erdfotografie<\/strong>. Es erm\u00f6glicht einzigartige Landschafts- und Naturaufnahmen und bietet eine gro\u00dfe Vielseitigkeit f\u00fcr Nutzer, die Beobachtung und Fotografie kombinieren m\u00f6chten.<\/p>\n<h3>Kompakt, leicht und einfach zu transportieren<\/h3>\n<p>Mit einem Gewicht der R\u00f6hre von nur <strong>1,8 kg<\/strong> und ein Gesamtversandgewicht von <strong>3 kg<\/strong>, Der Sky-Watcher 80\/400 ist extrem leicht zu transportieren. Seine kompakten Abmessungen (<strong>45 x 22 x 22 cm<\/strong>) machen es zu einem idealen Instrument f\u00fcr unterwegs, auf Reisen oder f\u00fcr improvisierte Beobachtungen.<\/p>\n<p>Sein geringes Gewicht erm\u00f6glicht eine schnelle Anbringung an verschiedenen Arten von Brillengestellen (nicht im Lieferumfang enthalten), und seine intuitive Bedienung macht es sowohl f\u00fcr Anf\u00e4nger als auch f\u00fcr Gelegenheitsnutzer geeignet.<\/p>\n<h3>Inklusive Zubeh\u00f6r f\u00fcr den sofortigen Einsatz<\/h3>\n<p>Das Teleskop wird mit dem wichtigsten Zubeh\u00f6r geliefert, damit Sie schnell loslegen k\u00f6nnen:<\/p>\n<ul>\n<li>Optischer Tubus Refraktor 80 mm<\/li>\n<li>6\u00d730-Sucher f\u00fcr einfache Orientierung<\/li>\n<li>1,25\u2033 Okulare 10 mm und 25 mm<\/li>\n<li>Amici-Prisma f\u00fcr ein aufgerichtetes Bild<\/li>\n<li>Barlow-Linse x2 zur Erh\u00f6hung der Vergr\u00f6\u00dferung<\/li>\n<li>Rohrringe zur Fixierung<\/li>\n<\/ul>\n<p>Mit diesem Zubeh\u00f6r k\u00f6nnen Sie sofort den Himmel erkunden oder die Erdbeobachtung praktizieren. <strong>Bemerkung :<\/strong> das Netzteil und die Batterien sind nicht im Lieferumfang enthalten.<\/p>\n<h3>Ein ideales Teleskop f\u00fcr Einsteiger und Entdecker<\/h3>\n<p>Der Sky-Watcher 80\/400 ist eine ausgezeichnete Wahl f\u00fcr neue Astronomen, die die Deep-Sky-Beobachtung mit einem einfachen und leistungsstarken Instrument entdecken m\u00f6chten. Er eignet sich auch f\u00fcr erfahrene Benutzer, die ein kompaktes Sekund\u00e4rteleskop f\u00fcr schnelle Beobachtungen oder auf Reisen suchen.<\/p>\n<p>Seine Vielseitigkeit, einfache Bedienung und seine F\u00e4higkeiten in der Astrofotografie machen es zu einem umfassenden und erschwinglichen Instrument, das viele Bed\u00fcrfnisse erf\u00fcllen kann.<\/p>\n<h3>Technische Daten<\/h3>\n<table border=\"1\" cellspacing=\"0\" cellpadding=\"6\">\n<tbody>\n<tr>\n<th>Spezifikation<\/th>\n<th>Detail<\/th>\n<\/tr>\n<tr>\n<td>Typ<\/td>\n<td>Achromatischer Refraktor<\/td>\n<\/tr>\n<tr>\n<td>Durchmesser<\/td>\n<td>80 mm<\/td>\n<\/tr>\n<tr>\n<td>Brennweite<\/td>\n<td>400 mm<\/td>\n<\/tr>\n<tr>\n<td>Fokusbericht<\/td>\n<td>f\/5<\/td>\n<\/tr>\n<tr>\n<td>Okularhalter<\/td>\n<td>1,25\u2033<\/td>\n<\/tr>\n<tr>\n<td>Gewicht der R\u00f6hre<\/td>\n<td>1,8 kg<\/td>\n<\/tr>\n<tr>\n<td>Versandgewicht<\/td>\n<td>3,0 kg<\/td>\n<\/tr>\n<tr>\n<td>Abmessungen f\u00fcr den Versand<\/td>\n<td>45 x 22 x 22 cm<\/td>\n<\/tr>\n<tr>\n<td>Okulare<\/td>\n<td>10 mm und 25 mm (1,25\u2033)<\/td>\n<\/tr>\n<tr>\n<td>Optisches Zubeh\u00f6r<\/td>\n<td>Barlow x2<\/td>\n<\/tr>\n<tr>\n<td>Sucher<\/td>\n<td>6\u00d730<\/td>\n<\/tr>\n<tr>\n<td>Verwendung<\/td>\n<td>Deep Sky, Planetarischer Himmel, Erde, Astrofotografie<\/td>\n<\/tr>\n<\/tbody>\n<\/table>\n<p>Die <strong>Sky-Watcher 80\/400<\/strong> ist ein kompaktes, leistungsstarkes und vielseitiges Teleskop, das ideal ist, um spektakul\u00e4re Weitwinkelbeobachtungen zu genie\u00dfen und einen einfachen Einstieg in die Astrofotografie zu finden.<\/p>","protected":false},"excerpt":{"rendered":"<p>&nbsp; Startravel-80T \u2013 T\u00e9lescope r\u00e9fracteur compact grand champ pour observation et astrophotographie Le StarTravel-80T\u00a0est un t\u00e9lescope r\u00e9fracteur achromatique compact con\u00e7u pour offrir une exp\u00e9rience d\u2019observation grand champ exceptionnelle. Id\u00e9al pour les d\u00e9butants comme pour les amateurs souhaitant un instrument l\u00e9ger et polyvalent, il permet d\u2019explorer aussi bien les merveilles du ciel profond que les paysages [&hellip;]<\/p>\n","protected":false},"featured_media":14407,"comment_status":"open","ping_status":"closed","template":"","meta":[],"product_brand":[822],"product_cat":[15,384,754],"product_tag":[],"class_list":{"0":"post-14406","1":"product","2":"type-product","3":"status-publish","4":"has-post-thumbnail","6":"product_brand-sky-watcher","7":"product_cat-non-classe","8":"product_cat-lunettes_refracteurs","9":"product_cat-lunettes-achromatiques","11":"first","12":"on_supplier","13":"taxable","14":"shipping-taxable","15":"purchasable","16":"product-type-simple"},"_links":{"self":[{"href":"https:\/\/deep-space-astronomy.ch\/de\/wp-json\/wp\/v2\/product\/14406","targetHints":{"allow":["GET"]}}],"collection":[{"href":"https:\/\/deep-space-astronomy.ch\/de\/wp-json\/wp\/v2\/product"}],"about":[{"href":"https:\/\/deep-space-astronomy.ch\/de\/wp-json\/wp\/v2\/types\/product"}],"replies":[{"embeddable":true,"href":"https:\/\/deep-space-astronomy.ch\/de\/wp-json\/wp\/v2\/comments?post=14406"}],"wp:featuredmedia":[{"embeddable":true,"href":"https:\/\/deep-space-astronomy.ch\/de\/wp-json\/wp\/v2\/media\/14407"}],"wp:attachment":[{"href":"https:\/\/deep-space-astronomy.ch\/de\/wp-json\/wp\/v2\/media?parent=14406"}],"wp:term":[{"taxonomy":"product_brand","embeddable":true,"href":"https:\/\/deep-space-astronomy.ch\/de\/wp-json\/wp\/v2\/product_brand?post=14406"},{"taxonomy":"product_cat","embeddable":true,"href":"https:\/\/deep-space-astronomy.ch\/de\/wp-json\/wp\/v2\/product_cat?post=14406"},{"taxonomy":"product_tag","embeddable":true,"href":"https:\/\/deep-space-astronomy.ch\/de\/wp-json\/wp\/v2\/product_tag?post=14406"}],"curies":[{"name":"wp","href":"https:\/\/api.w.org\/{rel}","templated":true}]}}