{"id":14409,"date":"2026-03-30T14:17:57","date_gmt":"2026-03-30T12:17:57","guid":{"rendered":"https:\/\/deep-space-astronomy.ch\/?post_type=product&#038;p=14409"},"modified":"2026-03-30T14:18:11","modified_gmt":"2026-03-30T12:18:11","slug":"startravel-102-500-eq-1","status":"publish","type":"product","link":"https:\/\/deep-space-astronomy.ch\/de\/produkt\/startravel-102-500-eq-1\/","title":{"rendered":"StarTravel 102\/500 EQ-1"},"content":{"rendered":"<p>&nbsp;<\/p>\n<h3>StarTravel 102\/500 EQ-1 - Kompaktes Refraktor-Teleskop mit gro\u00dfem Blickfeld f\u00fcr Einsteiger<\/h3>\n<p>Die <strong>StarTravel 102\/500 EQ-1<\/strong> ist ein achromatisches Refraktorteleskop, das f\u00fcr ein hervorragendes Beobachtungserlebnis sowohl in der Astronomie als auch in der terrestrischen Beobachtung entwickelt wurde. Kompakt, leicht und einfach zu bedienen, ist es die ideale Wahl f\u00fcr Anf\u00e4nger, die den Himmel erkunden m\u00f6chten, ohne Kompromisse bei der Qualit\u00e4t einzugehen. Mit einem Durchmesser von 102 mm und einer kurzen Brennweite erm\u00f6glicht es eine Vielzahl von Himmelsobjekten mit einem gro\u00dfen und immersiven Sichtfeld.<\/p>\n<h3>Eine helle Optik mit gro\u00dfem Sehfeld<\/h3>\n<p>Der Sky-Watcher AC 102\/500 ist ein <strong>achromatisches Fernrohr<\/strong> mit einer \u00d6ffnung von <strong>102 mm<\/strong> und einer Brennweite von <strong>500 mm<\/strong>, Das entspricht einem schnellen Fokusverh\u00e4ltnis von <strong>f\/4,9<\/strong>. Diese Konfiguration macht es zu einem Instrument, das sich besonders f\u00fcr die Gro\u00dffeldbeobachtung eignet, ideal f\u00fcr die Betrachtung von <strong>Nebel<\/strong>, <strong>Sternhaufen<\/strong> und gro\u00dfe <strong>Galaxien<\/strong>.<\/p>\n<p>Mit einem <strong>Trennsch\u00e4rfe von etwa 1,13 Bogensekunden<\/strong>, Dieses Teleskop bietet eine h\u00f6here Aufl\u00f6sung als Modelle mit kleinerem Durchmesser und erm\u00f6glicht es, mehr Details zu beobachten, insbesondere auf den Planeten und dem Mond. Seine <strong>Lichtsammelkapazit\u00e4t<\/strong> 210 Mal so gro\u00df wie das des menschlichen Auges und seine <strong>Grenzmagnitude von 11,8<\/strong> erm\u00f6glichen die Erkundung zahlreicher Deep-Sky-Objekte.<\/p>\n<p>Sein gro\u00dfes Sichtfeld l\u00e4sst jede Beobachtung zu einem echten Eintauchen in den Raum werden. Die <strong>Andromeda-Galaxie<\/strong> oder die <strong>Orionnebel<\/strong> enth\u00fcllen sich mit einem bemerkenswerten Eindruck von Tiefe und machen jede Beobachtungssession einzigartig und fesselnd.<\/p>\n<h3>Montierung EQ-1: Einfachheit und Pr\u00e4zision<\/h3>\n<p>Das Teleskop ist auf einem <strong>\u00c4quatoriale Montierung EQ-1<\/strong>, Diese Montierung ist ideal, um die Verfolgung von Himmelsobjekten zu erlernen. Diese Montierung erm\u00f6glicht eine pr\u00e4zise Ausrichtung auf den Polarstern und l\u00e4sst sich dank der Neigungsverstellung an verschiedene Breitengrade anpassen.<\/p>\n<p>Mikrometrische Bewegungen auf der Rektaszensions- und Deklinationsachse sorgen f\u00fcr eine pr\u00e4zise Ausrichtung und eine fl\u00fcssige Verfolgung von Objekten am Himmel. Das mitgelieferte Gegengewicht sorgt f\u00fcr eine optimale Ausbalancierung des optischen Tubus und verbessert so die Stabilit\u00e4t und den Bedienkomfort.<\/p>\n<p>Die EQ-1-Montierung ist extrem leicht und kompakt und l\u00e4sst sich leicht transportieren und aufstellen. Sie ist ideal f\u00fcr Anf\u00e4nger und sogar f\u00fcr Kinder geeignet. Optional kann ein Antrieb f\u00fcr die Rektaszensionsachse hinzugef\u00fcgt werden, um die Objektverfolgung zu automatisieren.<\/p>\n<h3>Umfangreiches Zubeh\u00f6r f\u00fcr den sofortigen Start<\/h3>\n<p>Der Sky-Watcher AC 102\/500 EQ-1 wird mit einer Reihe von Zubeh\u00f6rteilen geliefert, die einen sofortigen Einsatz erm\u00f6glichen :<\/p>\n<ul>\n<li>Okulare 26 mm und 12,5 mm (1,25\u2033)<\/li>\n<li>Barlow-Linse x2<\/li>\n<li>Rotpunktsucher<\/li>\n<li>Abgewinkelte Umlenkung Spiegel 90\u00b0 (31,75 mm)<\/li>\n<li>2\u2033 Zahnstangen-Okularhalter<\/li>\n<li>T2-Gewinde f\u00fcr Kameraanschluss<\/li>\n<li>Integrierter Beschlagschutz<\/li>\n<li>\u00c4quatorialer Rahmen EQ-1<\/li>\n<li>Stativ aus Aluminium<\/li>\n<li>Angepasstes Gegengewicht<\/li>\n<li>Flexible Achse f\u00fcr pr\u00e4zise Einstellungen<\/li>\n<\/ul>\n<p>Ein umfassendes 80-seitiges Handbuch wird ebenfalls mitgeliefert, um Anf\u00e4nger bei der Entdeckung der Astronomie zu begleiten. Der spezialisierte Kundendienst garantiert eine Begleitung nach dem Kauf, damit Sie sich optimal in die Materie einarbeiten k\u00f6nnen.<\/p>\n<h3>Ein ideales Teleskop f\u00fcr Anf\u00e4nger<\/h3>\n<p>Dank seines intuitiven Designs und seiner ausgewogenen Leistung ist der Sky-Watcher AC 102\/500 EQ-1 perfekt geeignet f\u00fcr <strong>Anf\u00e4nger<\/strong>. Es erm\u00f6glicht die Beobachtung der <strong>Mond<\/strong>Die <strong>Planeten<\/strong> sowie zahlreiche Deep-Sky-Objekte, wobei das Ger\u00e4t einfach zu transportieren und zu installieren ist.<\/p>\n<p>Es ist vielseitig und erschwinglich, bietet einen hervorragenden Einstieg in die Welt der Astronomie und l\u00e4sst sich dank des kompatiblen Zubeh\u00f6rs noch weiter ausbauen.<\/p>\n<h3>Technische Daten<\/h3>\n<table border=\"1\" cellspacing=\"0\" cellpadding=\"6\">\n<tbody>\n<tr>\n<th>Spezifikation<\/th>\n<th>Detail<\/th>\n<\/tr>\n<tr>\n<td>Typ<\/td>\n<td>Achromatischer Refraktor<\/td>\n<\/tr>\n<tr>\n<td>Durchmesser<\/td>\n<td>102 mm<\/td>\n<\/tr>\n<tr>\n<td>Brennweite<\/td>\n<td>500 mm<\/td>\n<\/tr>\n<tr>\n<td>Fokusbericht<\/td>\n<td>f\/4,9<\/td>\n<\/tr>\n<tr>\n<td>Trennende Kraft<\/td>\n<td>1,13 arcsec<\/td>\n<\/tr>\n<tr>\n<td>Grenzmagnitude<\/td>\n<td>11,8<\/td>\n<\/tr>\n<tr>\n<td>Sammeln von Licht<\/td>\n<td>210x Das menschliche Auge<\/td>\n<\/tr>\n<tr>\n<td>Maximale Vergr\u00f6\u00dferung<\/td>\n<td>x204<\/td>\n<\/tr>\n<tr>\n<td>Okularhalter<\/td>\n<td>Zahnstange 2\u2033<\/td>\n<\/tr>\n<tr>\n<td>Kamera-Anschluss<\/td>\n<td>T2-Gewinde<\/td>\n<\/tr>\n<tr>\n<td>Okulare<\/td>\n<td>26 mm und 12,5 mm<\/td>\n<\/tr>\n<tr>\n<td>Zubeh\u00f6r<\/td>\n<td>Barlow x2<\/td>\n<\/tr>\n<tr>\n<td>Sucher<\/td>\n<td>Roter Punkt<\/td>\n<\/tr>\n<tr>\n<td>Rahmen<\/td>\n<td>\u00c4quatorial EQ-1<\/td>\n<\/tr>\n<tr>\n<td>Stativ<\/td>\n<td>Aluminium<\/td>\n<\/tr>\n<tr>\n<td>Gewicht der R\u00f6hre<\/td>\n<td>3,48 kg<\/td>\n<\/tr>\n<tr>\n<td>Empfohlene Verwendung<\/td>\n<td>Anf\u00e4nger, Mond-, Planeten- und Deep-Sky-Beobachtung<\/td>\n<\/tr>\n<\/tbody>\n<\/table>\n<p>Die <strong>Sky-Watcher AC 102\/500 EQ-1<\/strong> ist ein vielseitiges, leistungsstarkes und erschwingliches Teleskop, das sich ideal f\u00fcr die ersten Schritte in der Astronomie eignet, w\u00e4hrend Sie spektakul\u00e4re Beobachtungen genie\u00dfen.<\/p>","protected":false},"excerpt":{"rendered":"<p>&nbsp; StarTravel 102\/500 EQ-1 \u2013 T\u00e9lescope r\u00e9fracteur compact grand champ pour d\u00e9butants Le StarTravel 102\/500 EQ-1 est un t\u00e9lescope r\u00e9fracteur achromatique con\u00e7u pour offrir une excellente exp\u00e9rience d\u2019observation, aussi bien en astronomie qu\u2019en observation terrestre. Compact, l\u00e9ger et simple d\u2019utilisation, il constitue un choix id\u00e9al pour les d\u00e9butants souhaitant explorer le ciel sans compromis sur [&hellip;]<\/p>\n","protected":false},"featured_media":14410,"comment_status":"open","ping_status":"closed","template":"","meta":[],"product_brand":[822],"product_cat":[384,762,754,20],"product_tag":[],"class_list":{"0":"post-14409","1":"product","2":"type-product","3":"status-publish","4":"has-post-thumbnail","6":"product_brand-sky-watcher","7":"product_cat-lunettes_refracteurs","8":"product_cat-equatoriales","9":"product_cat-lunettes-achromatiques","10":"product_cat-montures","12":"first","13":"on_supplier","14":"taxable","15":"shipping-taxable","16":"purchasable","17":"product-type-simple"},"_links":{"self":[{"href":"https:\/\/deep-space-astronomy.ch\/de\/wp-json\/wp\/v2\/product\/14409","targetHints":{"allow":["GET"]}}],"collection":[{"href":"https:\/\/deep-space-astronomy.ch\/de\/wp-json\/wp\/v2\/product"}],"about":[{"href":"https:\/\/deep-space-astronomy.ch\/de\/wp-json\/wp\/v2\/types\/product"}],"replies":[{"embeddable":true,"href":"https:\/\/deep-space-astronomy.ch\/de\/wp-json\/wp\/v2\/comments?post=14409"}],"wp:featuredmedia":[{"embeddable":true,"href":"https:\/\/deep-space-astronomy.ch\/de\/wp-json\/wp\/v2\/media\/14410"}],"wp:attachment":[{"href":"https:\/\/deep-space-astronomy.ch\/de\/wp-json\/wp\/v2\/media?parent=14409"}],"wp:term":[{"taxonomy":"product_brand","embeddable":true,"href":"https:\/\/deep-space-astronomy.ch\/de\/wp-json\/wp\/v2\/product_brand?post=14409"},{"taxonomy":"product_cat","embeddable":true,"href":"https:\/\/deep-space-astronomy.ch\/de\/wp-json\/wp\/v2\/product_cat?post=14409"},{"taxonomy":"product_tag","embeddable":true,"href":"https:\/\/deep-space-astronomy.ch\/de\/wp-json\/wp\/v2\/product_tag?post=14409"}],"curies":[{"name":"wp","href":"https:\/\/api.w.org\/{rel}","templated":true}]}}