{"id":14416,"date":"2026-03-30T14:41:25","date_gmt":"2026-03-30T12:41:25","guid":{"rendered":"https:\/\/deep-space-astronomy.ch\/?post_type=product&#038;p=14416"},"modified":"2026-03-30T14:43:27","modified_gmt":"2026-03-30T12:43:27","slug":"startravel-120-600","status":"publish","type":"product","link":"https:\/\/deep-space-astronomy.ch\/de\/produkt\/startravel-120-600\/","title":{"rendered":"StarTravel 120\/600"},"content":{"rendered":"<p>&nbsp;<\/p>\n<h3>StarTravel 120\/600 - Leistungsstarkes Weitwinkelteleskop f\u00fcr Beobachtung und Astrofotografie<\/h3>\n<p>Die <strong>Sky-Watcher StarTravel 120\/600<\/strong> ist ein achromatisches Refraktorteleskop, das f\u00fcr eine bemerkenswerte Leistung bei der Beobachtung im gro\u00dfen Feld bei Tag und bei Nacht entwickelt wurde. Es ist vielseitig, hell und einfach zu bedienen und eignet sich sowohl f\u00fcr Anf\u00e4nger als auch f\u00fcr Astronomen, die ein transportables und leistungsstarkes Instrument suchen. Mit seiner 120-mm-\u00d6ffnung und der kurzen Brennweite erm\u00f6glicht es die Erkundung des Deep-Sky-Himmels, die Beobachtung von Planeten und des Mondes und ist gleichzeitig perfekt f\u00fcr die terrestrische Beobachtung geeignet.<\/p>\n<h3>Achromatische Weitfeldoptik mit hellem Licht<\/h3>\n<p>Der StarTravel 120 ist mit einer achromatischen Optik mit <strong>zwei Linsen<\/strong>, die f\u00fcr ihre Zuverl\u00e4ssigkeit und Leistung bei der Beobachtung bekannt ist. Mit einem <strong>120 mm Durchmesser<\/strong> und eine <strong>Brennweite von 600 mm<\/strong>, Das entspricht einem schnellen Fokusverh\u00e4ltnis von <strong>f\/5<\/strong>, Dieses Teleskop bietet ein gro\u00dfes Sichtfeld und eine ausgezeichnete Helligkeit.<\/p>\n<p>Diese Art von Instrument ist ideal f\u00fcr Beobachtungen, die als <em>\u201crich-field\u201d<\/em>, Sie k\u00f6nnen damit gro\u00dfe Bereiche des Himmels betrachten. Er zeichnet sich durch die Beobachtung von <strong>Kometen<\/strong>Die <strong>Sternhaufen<\/strong>Die <strong>Nebel<\/strong>Die <strong>Sternfelder<\/strong> und <strong>helle Galaxien<\/strong>. Es erm\u00f6glicht auch sehr sch\u00f6ne Ansichten der <strong>Mond<\/strong> und <strong>Planeten<\/strong>, sowie des <strong>Sonne<\/strong> mit einem geeigneten Filter.<\/p>\n<p>Sein behandeltes Ziel <strong>Multi-Coated<\/strong> verbessert die Lichtdurchl\u00e4ssigkeit und den Kontrast und liefert so scharfe und helle Bilder. Mit einer h\u00f6heren Lichtsammelf\u00e4higkeit von <strong>38 % im Vergleich zu einem 102-mm-Modell<\/strong>, In der Regel werden mehr Details sichtbar und die Beobachtungsqualit\u00e4t wird erheblich verbessert.<\/p>\n<h3>Ein ideales Instrument f\u00fcr die Astro- und Erdfotografie<\/h3>\n<p>Dank seines schnellen Fokusverh\u00e4ltnisses eignet sich der StarTravel 120 perfekt f\u00fcr die <strong>astronomische Gro\u00dffeldfotografie<\/strong>. Damit lassen sich Himmelsereignisse wie die <strong>Mondfinsternisse<\/strong> und <strong>Solaranlagen<\/strong>, Sie k\u00f6nnen auch gro\u00dfe Teile des Sternenhimmels sehen.<\/p>\n<p>Dieses Teleskop kann auch als Festobjektiv f\u00fcr die <strong>Erdfotografie<\/strong>. Es bietet interessante kreative M\u00f6glichkeiten f\u00fcr die Landschafts- und Naturfotografie. Die <strong>Direktanschluss f\u00fcr Spiegelreflexkameras (SLR)<\/strong> erleichtert die Verwendung mit einer Fotokamera.<\/p>\n<p>Eine <strong>Universaladapter f\u00fcr Smartphones<\/strong> ist im Lieferumfang enthalten, das mit Telefonen mit einer Breite von 54 bis 90 mm kompatibel ist, sodass Sie ganz einfach Bilder vom Himmel oder aus der Natur aufnehmen k\u00f6nnen.<\/p>\n<h3>Praktisches und skalierbares Design<\/h3>\n<p>Der Sky-Watcher StarTravel 120\/600 ist so konzipiert, dass er einfach zu installieren und zu verwenden ist. Er wird mit <strong>Rohrringe<\/strong> und eine <strong>Schwalbenschwanzstange<\/strong>, Sie k\u00f6nnen schnell an vielen verschiedenen Montierungen befestigt werden. Dank seines kompakten Designs l\u00e4sst es sich leicht transportieren und ist ideal f\u00fcr Beobachtungen im Freien.<\/p>\n<p>Die <strong>doppelter Okularhalter Format 1,25\u2033\/2\u2033<\/strong> bietet eine hohe Kompatibilit\u00e4t mit verschiedenem Zubeh\u00f6r, sodass die Ausr\u00fcstung je nach Bedarf verbessert oder angepasst werden kann. Der um 45\u00b0 gleichrichtende Winkelumlenker sorgt f\u00fcr ein gerades Bild, das besonders bei der Erdbeobachtung hilfreich ist.<\/p>\n<h3>Inklusive Zubeh\u00f6r f\u00fcr den sofortigen Einsatz<\/h3>\n<p>Das Teleskop wird mit einem kompletten Satz an Zubeh\u00f6r geliefert :<\/p>\n<ul>\n<li>Okulare 10 mm und 20 mm (1,25\u2033)<\/li>\n<li>Rotpunktsucher (Red Dot Finder)<\/li>\n<li>Universaladapter f\u00fcr Smartphones<\/li>\n<li>Abgewinkelte Umlenkung Gleichrichter 45\u00b0 (1,25\u2033)<\/li>\n<li>Doppelter Okularhalter Format 1,25\u2033\/2\u2033<\/li>\n<li>Direkter Anschluss f\u00fcr Spiegelreflexkameras (SLR)<\/li>\n<li>Rohrringe und Schwalbenschwanzstange<\/li>\n<\/ul>\n<p>Mit diesem Set k\u00f6nnen Sie sofort mit dem Beobachten und Fotografieren beginnen, ohne zus\u00e4tzliches Zubeh\u00f6r zu ben\u00f6tigen.<\/p>\n<h3>Technische Daten<\/h3>\n<table border=\"1\" cellspacing=\"0\" cellpadding=\"6\">\n<tbody>\n<tr>\n<th>Spezifikation<\/th>\n<th>Detail<\/th>\n<\/tr>\n<tr>\n<td>Typ<\/td>\n<td>Achromatischer Refraktor<\/td>\n<\/tr>\n<tr>\n<td>Optisches Design<\/td>\n<td>Zwei Linsen<\/td>\n<\/tr>\n<tr>\n<td>Durchmesser<\/td>\n<td>120 mm<\/td>\n<\/tr>\n<tr>\n<td>Brennweite<\/td>\n<td>600 mm<\/td>\n<\/tr>\n<tr>\n<td>Fokusbericht<\/td>\n<td>f\/5<\/td>\n<\/tr>\n<tr>\n<td>Mitgelieferte Vergr\u00f6\u00dferungen<\/td>\n<td>x30 und x60<\/td>\n<\/tr>\n<tr>\n<td>Maximale Vergr\u00f6\u00dferung<\/td>\n<td>x240<\/td>\n<\/tr>\n<tr>\n<td>Okulare<\/td>\n<td>10 mm und 20 mm (1,25\u2033)<\/td>\n<\/tr>\n<tr>\n<td>Okularhalter<\/td>\n<td>Doppelformat 1,25\u2033\/2\u2033.<\/td>\n<\/tr>\n<tr>\n<td>Abgewinkelte Umlenkung<\/td>\n<td>45\u00b0 Gleichrichter (1,25\u2033)<\/td>\n<\/tr>\n<tr>\n<td>Sucher<\/td>\n<td>Roter Punkt<\/td>\n<\/tr>\n<tr>\n<td>Kameraverbindung<\/td>\n<td>SLR- und Smartphone-kompatibel<\/td>\n<\/tr>\n<tr>\n<td>Befestigung<\/td>\n<td>Ringe + Schwalbenschwanz<\/td>\n<\/tr>\n<tr>\n<td>Optische Verarbeitung<\/td>\n<td>Multi-Coated<\/td>\n<\/tr>\n<tr>\n<td>Sammeln von Licht<\/td>\n<td>+38 % vs 102 mm<\/td>\n<\/tr>\n<\/tbody>\n<\/table>\n<p>Die <strong>Sky-Watcher StarTravel 120\/600<\/strong> ist ein leistungsstarkes und vielseitiges Teleskop, das sich ideal f\u00fcr Amateure eignet, die mit einem einfachen und leistungsstarken Instrument den Deep-Sky-Himmel erforschen, Bilder aufnehmen und terrestrische Beobachtungen genie\u00dfen m\u00f6chten.<\/p>\n<p>&nbsp;<\/p>","protected":false},"excerpt":{"rendered":"<p>&nbsp; StarTravel 120\/600 \u2013 T\u00e9lescope grand champ puissant pour observation et astrophotographie Le Sky-Watcher StarTravel 120\/600 est un t\u00e9lescope r\u00e9fracteur achromatique con\u00e7u pour offrir des performances remarquables en observation grand champ, aussi bien de jour que de nuit. Polyvalent, lumineux et facile \u00e0 utiliser, il s\u2019adresse aussi bien aux d\u00e9butants qu\u2019aux astronomes souhaitant un instrument [&hellip;]<\/p>\n","protected":false},"featured_media":14417,"comment_status":"open","ping_status":"closed","template":"","meta":[],"product_brand":[822],"product_cat":[384,754],"product_tag":[],"class_list":{"0":"post-14416","1":"product","2":"type-product","3":"status-publish","4":"has-post-thumbnail","6":"product_brand-sky-watcher","7":"product_cat-lunettes_refracteurs","8":"product_cat-lunettes-achromatiques","10":"first","11":"on_supplier","12":"taxable","13":"shipping-taxable","14":"purchasable","15":"product-type-simple"},"_links":{"self":[{"href":"https:\/\/deep-space-astronomy.ch\/de\/wp-json\/wp\/v2\/product\/14416","targetHints":{"allow":["GET"]}}],"collection":[{"href":"https:\/\/deep-space-astronomy.ch\/de\/wp-json\/wp\/v2\/product"}],"about":[{"href":"https:\/\/deep-space-astronomy.ch\/de\/wp-json\/wp\/v2\/types\/product"}],"replies":[{"embeddable":true,"href":"https:\/\/deep-space-astronomy.ch\/de\/wp-json\/wp\/v2\/comments?post=14416"}],"wp:featuredmedia":[{"embeddable":true,"href":"https:\/\/deep-space-astronomy.ch\/de\/wp-json\/wp\/v2\/media\/14417"}],"wp:attachment":[{"href":"https:\/\/deep-space-astronomy.ch\/de\/wp-json\/wp\/v2\/media?parent=14416"}],"wp:term":[{"taxonomy":"product_brand","embeddable":true,"href":"https:\/\/deep-space-astronomy.ch\/de\/wp-json\/wp\/v2\/product_brand?post=14416"},{"taxonomy":"product_cat","embeddable":true,"href":"https:\/\/deep-space-astronomy.ch\/de\/wp-json\/wp\/v2\/product_cat?post=14416"},{"taxonomy":"product_tag","embeddable":true,"href":"https:\/\/deep-space-astronomy.ch\/de\/wp-json\/wp\/v2\/product_tag?post=14416"}],"curies":[{"name":"wp","href":"https:\/\/api.w.org\/{rel}","templated":true}]}}