{"id":14419,"date":"2026-03-30T14:55:32","date_gmt":"2026-03-30T12:55:32","guid":{"rendered":"https:\/\/deep-space-astronomy.ch\/?post_type=product&#038;p=14419"},"modified":"2026-03-30T14:55:46","modified_gmt":"2026-03-30T12:55:46","slug":"startravel-120-600-az3","status":"publish","type":"product","link":"https:\/\/deep-space-astronomy.ch\/de\/produkt\/startravel-120-600-az3\/","title":{"rendered":"StarTravel 120\/600 AZ3"},"content":{"rendered":"<p>&nbsp;<\/p>\n<h3>StarTravel 120\/600 AZ3 - Helles, vielseitiges Gro\u00dffeld-Refraktor-Teleskop<\/h3>\n<p>Die <strong>StarTravel 120\/600 AZ3<\/strong> ist ein achromatisches Refraktorteleskop, das f\u00fcr ein au\u00dfergew\u00f6hnliches Weitwinkelbeobachtungserlebnis sowohl in der Astronomie als auch in der terrestrischen Beobachtung entwickelt wurde. Mit seiner gro\u00dfz\u00fcgigen \u00d6ffnung von 120 mm und der kurzen Brennweite von 600 mm vereint dieses Instrument Leistung, Helligkeit und einfache Bedienung. Es ist ideal f\u00fcr Anf\u00e4nger und Amateure, die sich ein leistungsstarkes, transportables Teleskop w\u00fcnschen, und erm\u00f6glicht es, den Himmel mit bemerkenswertem Komfort zu entdecken.<\/p>\n<h3>Eine helle und leistungsstarke Weitfeldoptik<\/h3>\n<p>Der Sky-Watcher AC 120\/600 ist ein achromatischer Refraktor mit einem <strong>120-mm-Objektiv<\/strong> und einer <strong>Brennweite von 600 mm<\/strong>, und bietet ein schnelles \u00d6ffnungsverh\u00e4ltnis von <strong>f\/5<\/strong>. Diese Konfiguration macht ihn zu einem besonders geeigneten Instrument f\u00fcr die Beobachtung in <em>Rich Field<\/em>, Mit der neuen, sehr hellen und klaren Darstellung k\u00f6nnen Sie gro\u00dfe Bereiche des Himmels betrachten.<\/p>\n<p>Sein achromatisches optisches System korrigiert effektiv chromatische Aberrationen im blauen und roten Spektrum und sorgt so f\u00fcr scharfe und kontrastreiche Bilder.<\/p>\n<p>Sie k\u00f6nnen Folgendes bewundern <strong>Saturn<\/strong> und seine Ringe oder <strong>Jupiter<\/strong> mit seinen Wolkenb\u00e4ndern und dem gro\u00dfen roten Fleck. Unter guten Bedingungen ist es sogar m\u00f6glich, subtile Details wie atmosph\u00e4rische Verwirbelungen zu erkennen, insbesondere wenn man geeignete Filter hinzuf\u00fcgt.<\/p>\n<p>Dank seines gro\u00dfen Gesichtsfeldes zeichnet sich dieses Teleskop auch bei der Beobachtung von <strong>Nebel<\/strong>Die <strong>Sternhaufen<\/strong> und gro\u00dfe <strong>Galaxien<\/strong>, Sie k\u00f6nnen in die Tiefen des Himmels eintauchen.<\/p>\n<h3>AZ3-Montierung: Stabilit\u00e4t und intuitive Pr\u00e4zision<\/h3>\n<p>Der Sky-Watcher AC 120\/600 ist mit der <strong>azimutale Montierung AZ3<\/strong>, die f\u00fcr ihre einfache Handhabung und hohe Stabilit\u00e4t bekannt ist. Diese Montierung eignet sich hervorragend f\u00fcr Beobachtungen am Boden und am Himmel und erm\u00f6glicht eine fl\u00fcssige und pr\u00e4zise Verfolgung von Objekten.<\/p>\n<p>Sie bietet einen <strong>schnelle horizontale Einstellung<\/strong> mit Feststellschraube und einem <strong>vertikale Einstellung mit Drehmomentbegrenzer<\/strong>, Dies garantiert eine sichere und komfortable Steuerung. Die <strong>flexible Bestellungen<\/strong> auf beiden Achsen erm\u00f6glichen Feineinstellungen auch bei starker Vergr\u00f6\u00dferung.<\/p>\n<p>Der AZ3 erm\u00f6glicht eine horizontale Rotation von <strong>360\u00b0<\/strong> und eine vertikale Einstellung von <strong>-50\u00b0 \u00e0 +90\u00b0<\/strong>, wodurch der gesamte Himmel vom Horizont bis zum Zenit abgedeckt wird. Diese Vielseitigkeit macht es zu einem idealen Montierung f\u00fcr den vielseitigen Einsatz bei Tag und bei Nacht.<\/p>\n<p>Das h\u00f6henverstellbare Aluminiumstativ von <strong>70 cm bis 123 cm<\/strong> sorgt f\u00fcr eine gute Stabilit\u00e4t und ist dabei leicht und einfach zu transportieren. Die Halterung kann Instrumente bis zu <strong>5 kg<\/strong>, Dies passt perfekt zu diesem Teleskop.<\/p>\n<h3>Inklusive Zubeh\u00f6r f\u00fcr eine vollst\u00e4ndige Nutzung<\/h3>\n<p>Der Sky-Watcher StarTravel 120\/600 AZ3 wird mit einer Reihe von Zubeh\u00f6rteilen geliefert, die einen sofortigen Einsatz erm\u00f6glichen :<\/p>\n<ul>\n<li>Optischer Tubus 120 mm \/ 600 mm<\/li>\n<li>Super 25 mm und 10 mm (31,75 mm) Okulare<\/li>\n<li>Amici 45\u00b0 Prisma f\u00fcr aufgerichtetes Bild<\/li>\n<li>2\u2033 zu 1,25\u2033 Adapter<\/li>\n<li>Piggyback-Adapter f\u00fcr Kameras<\/li>\n<li>Lichtpunktsucher<\/li>\n<li>Azimutale Montierung AZ3<\/li>\n<li>Verstellbares Aluminium-Stativ<\/li>\n<\/ul>\n<h3>Ein vielseitiges Teleskop f\u00fcr alle Zwecke<\/h3>\n<p>Dank seines kompakten Designs und seiner hohen Helligkeit ist der Sky-Watcher AC 120\/600 AZ3 eine ausgezeichnete Wahl f\u00fcr die Deep-Sky-, Planeten- und Mondbeobachtung, aber auch f\u00fcr die terrestrische Beobachtung. Er eignet sich hervorragend f\u00fcr Benutzer, die ein einfaches, effizientes und erweiterbares Instrument suchen.<\/p>\n<p>Seine Vielseitigkeit und Benutzerfreundlichkeit machen es zu einem idealen Teleskop f\u00fcr Anf\u00e4nger, w\u00e4hrend es gleichzeitig gen\u00fcgend Leistung bietet, um auch erfahrenere Amateure zufriedenzustellen.<\/p>\n<h3>Technische Daten<\/h3>\n<table border=\"1\" cellspacing=\"0\" cellpadding=\"6\">\n<tbody>\n<tr>\n<th>Spezifikation<\/th>\n<th>Detail<\/th>\n<\/tr>\n<tr>\n<td>Typ<\/td>\n<td>Achromatischer Refraktor<\/td>\n<\/tr>\n<tr>\n<td>Durchmesser<\/td>\n<td>120 mm<\/td>\n<\/tr>\n<tr>\n<td>Brennweite<\/td>\n<td>600 mm<\/td>\n<\/tr>\n<tr>\n<td>Fokusbericht<\/td>\n<td>f\/5<\/td>\n<\/tr>\n<tr>\n<td>L\u00f6sungsbefugnis<\/td>\n<td>&lt; 1 arcsec<\/td>\n<\/tr>\n<tr>\n<td>Okulare<\/td>\n<td>25 mm und 10 mm<\/td>\n<\/tr>\n<tr>\n<td>Abgewinkelte Umlenkung<\/td>\n<td>Prisma Amici 45\u00b0<\/td>\n<\/tr>\n<tr>\n<td>Okularhalter<\/td>\n<td>2\u2033 mit Adapter 1,25\u2033.<\/td>\n<\/tr>\n<tr>\n<td>Sucher<\/td>\n<td>Lichtpunkt<\/td>\n<\/tr>\n<tr>\n<td>Rahmen<\/td>\n<td>AZ3 azimutal<\/td>\n<\/tr>\n<tr>\n<td>Rotation<\/td>\n<td>360\u00b0<\/td>\n<\/tr>\n<tr>\n<td>Vertikale Neigung<\/td>\n<td>-50\u00b0 \u00e0 +90\u00b0<\/td>\n<\/tr>\n<tr>\n<td>Tragf\u00e4higkeit<\/td>\n<td>5 kg<\/td>\n<\/tr>\n<tr>\n<td>Stativ<\/td>\n<td>Aluminium (70 bis 123 cm)<\/td>\n<\/tr>\n<\/tbody>\n<\/table>\n<p>Die <strong>Sky-Watcher AC 120\/600 AZ3<\/strong> ist ein leistungsstarkes, helles und vielseitiges Teleskop, das sich ideal f\u00fcr die einfache und effektive Erkundung des Himmels und der Natur eignet.<\/p>","protected":false},"excerpt":{"rendered":"<p>&nbsp; StarTravel 120\/600 AZ3 \u2013 T\u00e9lescope r\u00e9fracteur grand champ lumineux et polyvalent Le StarTravel 120\/600 AZ3 est un t\u00e9lescope r\u00e9fracteur achromatique con\u00e7u pour offrir une exp\u00e9rience d\u2019observation grand champ exceptionnelle, aussi bien en astronomie qu\u2019en observation terrestre. Gr\u00e2ce \u00e0 son ouverture g\u00e9n\u00e9reuse de 120 mm et sa focale courte de 600 mm, cet instrument combine [&hellip;]<\/p>\n","protected":false},"featured_media":14420,"comment_status":"open","ping_status":"closed","template":"","meta":[],"product_brand":[822],"product_cat":[384,759,754,20],"product_tag":[],"class_list":{"0":"post-14419","1":"product","2":"type-product","3":"status-publish","4":"has-post-thumbnail","6":"product_brand-sky-watcher","7":"product_cat-lunettes_refracteurs","8":"product_cat-alt-azimutales","9":"product_cat-lunettes-achromatiques","10":"product_cat-montures","12":"first","13":"on_supplier","14":"taxable","15":"shipping-taxable","16":"purchasable","17":"product-type-simple"},"_links":{"self":[{"href":"https:\/\/deep-space-astronomy.ch\/de\/wp-json\/wp\/v2\/product\/14419","targetHints":{"allow":["GET"]}}],"collection":[{"href":"https:\/\/deep-space-astronomy.ch\/de\/wp-json\/wp\/v2\/product"}],"about":[{"href":"https:\/\/deep-space-astronomy.ch\/de\/wp-json\/wp\/v2\/types\/product"}],"replies":[{"embeddable":true,"href":"https:\/\/deep-space-astronomy.ch\/de\/wp-json\/wp\/v2\/comments?post=14419"}],"wp:featuredmedia":[{"embeddable":true,"href":"https:\/\/deep-space-astronomy.ch\/de\/wp-json\/wp\/v2\/media\/14420"}],"wp:attachment":[{"href":"https:\/\/deep-space-astronomy.ch\/de\/wp-json\/wp\/v2\/media?parent=14419"}],"wp:term":[{"taxonomy":"product_brand","embeddable":true,"href":"https:\/\/deep-space-astronomy.ch\/de\/wp-json\/wp\/v2\/product_brand?post=14419"},{"taxonomy":"product_cat","embeddable":true,"href":"https:\/\/deep-space-astronomy.ch\/de\/wp-json\/wp\/v2\/product_cat?post=14419"},{"taxonomy":"product_tag","embeddable":true,"href":"https:\/\/deep-space-astronomy.ch\/de\/wp-json\/wp\/v2\/product_tag?post=14419"}],"curies":[{"name":"wp","href":"https:\/\/api.w.org\/{rel}","templated":true}]}}