{"id":14422,"date":"2026-03-30T15:04:47","date_gmt":"2026-03-30T13:04:47","guid":{"rendered":"https:\/\/deep-space-astronomy.ch\/?post_type=product&#038;p=14422"},"modified":"2026-03-30T15:05:00","modified_gmt":"2026-03-30T13:05:00","slug":"startravel-150-750","status":"publish","type":"product","link":"https:\/\/deep-space-astronomy.ch\/de\/produkt\/startravel-150-750\/","title":{"rendered":"StarTravel 150\/750"},"content":{"rendered":"<p>&nbsp;<\/p>\n<h3>StarTravel 150\/750 - Leistungsstarkes Weitwinkelteleskop f\u00fcr Beobachtung und Astrofotografie<\/h3>\n<p>Die <strong>Sky-Watcher StarTravel 150\/750<\/strong> ist ein achromatisches Refraktorteleskop mit gro\u00dfer \u00d6ffnung, das f\u00fcr eine au\u00dfergew\u00f6hnliche Leistung bei der Weitfeldbeobachtung entwickelt wurde. Es ist ideal f\u00fcr anspruchsvolle Amateurastronomen. Es erm\u00f6glicht die einfache Erkundung von Deep-Sky-Objekten und ist gleichzeitig vielseitig f\u00fcr die planetarische und terrestrische Beobachtung einsetzbar. Dank seines kurzen Fokusverh\u00e4ltnisses und seines Durchmessers von 150 mm zeichnet sich dieses Instrument durch seine Helligkeit und seine bemerkenswerte visuelle Immersion aus.<\/p>\n<h3>Leistungsstarke achromatische Weitfeldoptik<\/h3>\n<p>Der StarTravel 150 basiert auf einem optischen Design mit <strong>zwei Linsen<\/strong>, das f\u00fcr die achromatischen Refraktoren von Sky-Watcher typisch ist. Dieses System bietet einen hervorragenden Kompromiss zwischen Bildqualit\u00e4t, Kontrast und Kosten und begrenzt gleichzeitig die chromatische Aberration.<\/p>\n<p>Mit einer <strong>150 mm \u00d6ffnung<\/strong> und eine <strong>750 mm Brennweite (f\/5)<\/strong>, Dieses Teleskop ist f\u00fcr Beobachtungen in den Bereichen <em>rich-field<\/em>, Sie bietet ein gro\u00dfes und helles Sichtfeld. Er ist besonders effektiv bei der Beobachtung von <strong>Nebel<\/strong>Die <strong>Sternhaufen<\/strong>Die <strong>Sternfelder<\/strong>Die <strong>Kometen<\/strong> und die <strong>helle Galaxien<\/strong>.<\/p>\n<p>Dieses Teleskop erm\u00f6glicht auch sch\u00f6ne Beobachtungen der <strong>Mond<\/strong>Die <strong>Planeten<\/strong> und des <strong>Sonne<\/strong> (mit passendem Sicherheitsfilter). Dank des verg\u00fcteten Objektivs <strong>Multi-Coated<\/strong>, Die Lichtdurchl\u00e4ssigkeit wird optimiert, was zu scharfen, hellen und kontrastreichen Bildern f\u00fchrt.<\/p>\n<p>Die mitgelieferten Okulare erm\u00f6glichen Vergr\u00f6\u00dferungen von <strong>x30 und x75<\/strong>, Die maximale nutzbare Vergr\u00f6\u00dferung betr\u00e4gt bis zu <strong>x300<\/strong> unter guten Beobachtungsbedingungen.<\/p>\n<h3>Ein ideales Instrument f\u00fcr die Astrofotografie<\/h3>\n<p>Das schnelle f\/5-Brennweitenverh\u00e4ltnis des StarTravel 150 macht ihn zu einer ausgezeichneten Wahl f\u00fcr die <strong>astronomische Gro\u00dffeldfotografie<\/strong>. Damit lassen sich gro\u00dfe Teile des Himmels, Ph\u00e4nomene wie die <strong>Mond- und Sonnenfinsternisse<\/strong>, In der Nacht ist die Landschaft reich an Sternen.<\/p>\n<p>Dank seiner <strong>Direktanschluss f\u00fcr Spiegelreflexkameras (SLR)<\/strong>, Das Teleskop kann einfach mit einer Fotokamera verwendet werden, um detaillierte Bilder zu erhalten. Dieses Teleskop kann auch als Festobjektiv f\u00fcr die <strong>Erdfotografie<\/strong>, Die meisten Sch\u00fclerinnen und Sch\u00fcler sind in der Lage, sich in der Schule zu bewegen, was eine gro\u00dfe Vielfalt an Einsatzm\u00f6glichkeiten bietet.<\/p>\n<h3>Praktisches Design und umfassende Kompatibilit\u00e4t<\/h3>\n<p>Der Sky-Watcher StarTravel 150\/750 ist so konzipiert, dass er eine hohe Flexibilit\u00e4t bietet. Seine <strong>doppelter Okularhalter Format 1,25\u2033\/2\u2033<\/strong> erm\u00f6glicht die Verwendung einer breiten Palette von Zubeh\u00f6rteilen und bietet damit viele Erweiterungsm\u00f6glichkeiten.<\/p>\n<p>Die <strong>Sucher 9\u00d750<\/strong> erleichtert das Auffinden von Himmelsobjekten und macht die Beobachtung intuitiver. Die <strong>abgewinkelte Umlenkung 1,25\u2033.<\/strong> erm\u00f6glicht eine komfortable Beobachtung, insbesondere von hoch gelegenen Objekten.<\/p>\n<p>F\u00fcr die terrestrische Beobachtung kann ein gleichrichtendes Prisma (nicht im Lieferumfang enthalten) hinzugef\u00fcgt werden, um ein gerades Bild zu erhalten, das f\u00fcr die Verwendung am Tag geeignet ist.<\/p>\n<h3>Inklusive Zubeh\u00f6r f\u00fcr den sofortigen Einsatz<\/h3>\n<p>Der StarTravel 150\/750 wird mit dem wichtigsten Zubeh\u00f6r f\u00fcr den Anfang geliefert:<\/p>\n<ul>\n<li>Okulare 10 mm und 25 mm (1,25\u2033)<\/li>\n<li>Sucher 9\u00d750<\/li>\n<li>Abgewinkelte Umlenkung 1,25\u2033.<\/li>\n<li>Doppelter Okularhalter Format 1,25\u2033\/2\u2033<\/li>\n<li>Direkter Anschluss f\u00fcr Spiegelreflexkameras<\/li>\n<\/ul>\n<p>Mit dieser Konfiguration k\u00f6nnen Sie sofort mit dem Beobachten oder Fotografieren beginnen, wobei Sie je nach Bedarf Zubeh\u00f6r hinzuf\u00fcgen k\u00f6nnen.<\/p>\n<h3>Technische Daten<\/h3>\n<table border=\"1\" cellspacing=\"0\" cellpadding=\"6\">\n<tbody>\n<tr>\n<th>Spezifikation<\/th>\n<th>Detail<\/th>\n<\/tr>\n<tr>\n<td>Typ<\/td>\n<td>Achromatischer Refraktor<\/td>\n<\/tr>\n<tr>\n<td>Optisches Design<\/td>\n<td>Zwei Linsen<\/td>\n<\/tr>\n<tr>\n<td>Durchmesser<\/td>\n<td>150 mm<\/td>\n<\/tr>\n<tr>\n<td>Brennweite<\/td>\n<td>750 mm<\/td>\n<\/tr>\n<tr>\n<td>Fokusbericht<\/td>\n<td>f\/5<\/td>\n<\/tr>\n<tr>\n<td>Mitgelieferte Vergr\u00f6\u00dferungen<\/td>\n<td>x30 und x75<\/td>\n<\/tr>\n<tr>\n<td>Maximale Vergr\u00f6\u00dferung<\/td>\n<td>x300<\/td>\n<\/tr>\n<tr>\n<td>Okulare<\/td>\n<td>10 mm und 25 mm (1,25\u2033)<\/td>\n<\/tr>\n<tr>\n<td>Okularhalter<\/td>\n<td>Doppelformat 1,25\u2033\/2\u2033.<\/td>\n<\/tr>\n<tr>\n<td>Abgewinkelte Umlenkung<\/td>\n<td>1,25\u2033 (31,7 mm)<\/td>\n<\/tr>\n<tr>\n<td>Forscher<\/td>\n<td>9\u00d750<\/td>\n<\/tr>\n<tr>\n<td>Kameraverbindung<\/td>\n<td>SLR-kompatibel<\/td>\n<\/tr>\n<tr>\n<td>Optische Verarbeitung<\/td>\n<td>Multi-Coated<\/td>\n<\/tr>\n<\/tbody>\n<\/table>\n<p>Die <strong>Sky-Watcher StarTravel 150\/750<\/strong> ist ein leistungsstarkes und vielseitiges Teleskop, das sich ideal f\u00fcr Weitfeldbeobachtungen und Astrofotografie eignet. Seine gro\u00dfe \u00d6ffnung, Helligkeit und einfache Bedienung machen es zu einer ausgezeichneten Wahl, um den Himmel zu erforschen und seine Wunder festzuhalten.<\/p>","protected":false},"excerpt":{"rendered":"<p>&nbsp; StarTravel 150\/750 \u2013 T\u00e9lescope grand champ puissant pour observation et astrophotographie Le Sky-Watcher StarTravel 150\/750 est un t\u00e9lescope r\u00e9fracteur achromatique de grande ouverture, con\u00e7u pour offrir des performances exceptionnelles en observation grand champ. Id\u00e9al pour les astronomes amateurs exigeants, il permet d\u2019explorer facilement les objets du ciel profond tout en restant polyvalent pour l\u2019observation [&hellip;]<\/p>\n","protected":false},"featured_media":14423,"comment_status":"open","ping_status":"closed","template":"","meta":[],"product_brand":[822],"product_cat":[384,754],"product_tag":[],"class_list":{"0":"post-14422","1":"product","2":"type-product","3":"status-publish","4":"has-post-thumbnail","6":"product_brand-sky-watcher","7":"product_cat-lunettes_refracteurs","8":"product_cat-lunettes-achromatiques","10":"first","11":"on_supplier","12":"taxable","13":"shipping-taxable","14":"purchasable","15":"product-type-simple"},"_links":{"self":[{"href":"https:\/\/deep-space-astronomy.ch\/de\/wp-json\/wp\/v2\/product\/14422","targetHints":{"allow":["GET"]}}],"collection":[{"href":"https:\/\/deep-space-astronomy.ch\/de\/wp-json\/wp\/v2\/product"}],"about":[{"href":"https:\/\/deep-space-astronomy.ch\/de\/wp-json\/wp\/v2\/types\/product"}],"replies":[{"embeddable":true,"href":"https:\/\/deep-space-astronomy.ch\/de\/wp-json\/wp\/v2\/comments?post=14422"}],"wp:featuredmedia":[{"embeddable":true,"href":"https:\/\/deep-space-astronomy.ch\/de\/wp-json\/wp\/v2\/media\/14423"}],"wp:attachment":[{"href":"https:\/\/deep-space-astronomy.ch\/de\/wp-json\/wp\/v2\/media?parent=14422"}],"wp:term":[{"taxonomy":"product_brand","embeddable":true,"href":"https:\/\/deep-space-astronomy.ch\/de\/wp-json\/wp\/v2\/product_brand?post=14422"},{"taxonomy":"product_cat","embeddable":true,"href":"https:\/\/deep-space-astronomy.ch\/de\/wp-json\/wp\/v2\/product_cat?post=14422"},{"taxonomy":"product_tag","embeddable":true,"href":"https:\/\/deep-space-astronomy.ch\/de\/wp-json\/wp\/v2\/product_tag?post=14422"}],"curies":[{"name":"wp","href":"https:\/\/api.w.org\/{rel}","templated":true}]}}