{"id":14425,"date":"2026-03-30T15:15:41","date_gmt":"2026-03-30T13:15:41","guid":{"rendered":"https:\/\/deep-space-astronomy.ch\/?post_type=product&#038;p=14425"},"modified":"2026-03-30T15:15:55","modified_gmt":"2026-03-30T13:15:55","slug":"startravel-150-750-eq5","status":"publish","type":"product","link":"https:\/\/deep-space-astronomy.ch\/de\/produkt\/startravel-150-750-eq5\/","title":{"rendered":"StarTravel 150\/750 EQ5"},"content":{"rendered":"<p>&nbsp;<\/p>\n<h3>StarTravel 150\/750 EQ5 - Leistungsstarkes Weitwinkelteleskop mit \u00e4quatorialer Montierung<\/h3>\n<p>Die <strong>Sky-Watcher StarTravel 150\/750 EQ5<\/strong> ist ein achromatisches Refraktorteleskop mit gro\u00dfer \u00d6ffnung, das f\u00fcr au\u00dfergew\u00f6hnliche Leistungen bei der Weitfeldbeobachtung und der Astrofotografie entwickelt wurde. In Verbindung mit einer robusten \u00e4quatorialen Montierung <strong>EQ5 Deluxe<\/strong>, Dieses Instrument ist eine Komplettl\u00f6sung f\u00fcr Astronomen, die eine Kombination aus optischer Leistung, Stabilit\u00e4t und Nachf\u00fchrgenauigkeit w\u00fcnschen. Es ist vielseitig einsetzbar und eignet sich sowohl f\u00fcr Deep-Sky- als auch f\u00fcr terrestrische Beobachtungen am Tag.<\/p>\n<h3>Eine helle und immersive Weitfeldoptik<\/h3>\n<p>Der StarTravel 150 basiert auf einem optischen Design mit <strong>zwei Linsen<\/strong>, die f\u00fcr achromatische Refraktoren charakteristisch ist. Diese Technologie garantiert helle, kontrastreiche Bilder, die sich f\u00fcr Weitfeldbeobachtungen eignen.<\/p>\n<p>Mit einer <strong>150 mm \u00d6ffnung<\/strong> und eine <strong>750 mm Brennweite (f\/5)<\/strong>, Dieses Teleskop bietet ein besonders gro\u00dfes Sichtfeld. Es eignet sich ideal zur Erkundung von <strong>Nebel<\/strong>Die <strong>Sternhaufen<\/strong>Die <strong>Sternfelder<\/strong>Die <strong>Kometen<\/strong> und die <strong>helle Galaxien<\/strong>. Die visuelle Immersion ist bemerkenswert und vermittelt das Gef\u00fchl, ins Herz des Weltalls zu reisen.<\/p>\n<p>Dieses Modell erm\u00f6glicht auch sch\u00f6ne Beobachtungen der <strong>Mond<\/strong>Die <strong>Planeten<\/strong> und des <strong>Sonne<\/strong> (mit passendem Sicherheitsfilter). Die Behandlung <strong>Multi-Coated<\/strong> des Objektivs verbessert die Lichtdurchl\u00e4ssigkeit und verst\u00e4rkt den Kontrast, wodurch scharfe und detailreiche Bilder gew\u00e4hrleistet werden.<\/p>\n<p>Die mitgelieferten Okulare bieten Vergr\u00f6\u00dferungen von <strong>x30 und x75<\/strong>, Die maximale nutzbare Vergr\u00f6\u00dferung betr\u00e4gt bis zu <strong>x300<\/strong> unter optimalen Bedingungen.<\/p>\n<h3>EQ5 Deluxe Montierung: Stabilit\u00e4t und pr\u00e4zise Nachf\u00fchrung<\/h3>\n<p>Der Sky-Watcher StarTravel 150\/750 wird mit der <strong>\u00e4quatoriale Montierung EQ5 Deluxe<\/strong>, ist eine robuste und zuverl\u00e4ssige Montierung, die f\u00fcr die pr\u00e4zise Verfolgung von Himmelsobjekten entwickelt wurde. Wenn sie richtig auf den Himmelspol ausgerichtet ist, gleicht sie die Erdrotation aus und erm\u00f6glicht eine reibungslose Verfolgung von Objekten am Himmel.<\/p>\n<p>Die <strong>Befehle f\u00fcr langsame Bewegungen<\/strong> auf der Rektaszensions- und Deklinationsachse erm\u00f6glichen eine pr\u00e4zise Anpassung und eine komfortable Nachf\u00fchrung, selbst bei hoher Vergr\u00f6\u00dferung. Die Montierung verf\u00fcgt au\u00dferdem \u00fcber einen <strong>integrierte Halterung f\u00fcr Polsucher<\/strong>, Die Ausrichtungshilfe erleichtert die Ausrichtung und sorgt so f\u00fcr eine h\u00f6here Genauigkeit.<\/p>\n<p>Das robuste Design garantiert eine hervorragende Stabilit\u00e4t, die f\u00fcr detaillierte Beobachtungen und erste Experimente in der Astrofotografie unerl\u00e4sslich ist.<\/p>\n<h3>Ideal f\u00fcr Astrofotografie und terrestrische Fotografie<\/h3>\n<p>Dank seines schnellen f\/5-Brennweitenverh\u00e4ltnisses ist dieses Teleskop besonders geeignet f\u00fcr die <strong>astronomische Gro\u00dffeldfotografie<\/strong>. Damit lassen sich Himmelsph\u00e4nomene wie die <strong>Mond- und Sonnenfinsternisse<\/strong>, Sie k\u00f6nnen auch gro\u00dfe Teile des Sternenhimmels sehen.<\/p>\n<p>Die <strong>Direktanschluss f\u00fcr Spiegelreflexkameras (SLR)<\/strong> erm\u00f6glicht die einfache Verwendung einer Fotokamera. Dieses Teleskop kann auch als Festobjektiv f\u00fcr die <strong>Erdfotografie<\/strong>, Sie sind vielseitig einsetzbar.<\/p>\n<p>Bei Tageslichtbeobachtungen sorgt die Verwendung eines Richtprismas (nicht im Lieferumfang enthalten) f\u00fcr ein gerades Bild, das sich ideal f\u00fcr die Beobachtung von Landschaften oder Tieren eignet.<\/p>\n<h3>Inklusive Zubeh\u00f6r f\u00fcr den sofortigen Einsatz<\/h3>\n<p>Der Sky-Watcher StarTravel 150\/750 EQ5 wird mit dem wichtigsten Zubeh\u00f6r geliefert:<\/p>\n<ul>\n<li>Okulare 10 mm und 25 mm (1,25\u2033)<\/li>\n<li>Sucher 9\u00d750<\/li>\n<li>Abgewinkelte Umlenkung 1,25\u2033.<\/li>\n<li>Doppelter Okularhalter Format 1,25\u2033\/2\u2033<\/li>\n<li>Direkter Anschluss f\u00fcr Spiegelreflexkameras<\/li>\n<li>\u00c4quatorialer Rahmen EQ5 Deluxe<\/li>\n<\/ul>\n<p>Dieses Komplettset erm\u00f6glicht den sofortigen Einstieg in die Beobachtung und bietet gleichzeitig viele Erweiterungsm\u00f6glichkeiten.<\/p>\n<h3>Technische Daten<\/h3>\n<table border=\"1\" cellspacing=\"0\" cellpadding=\"6\">\n<tbody>\n<tr>\n<th>Spezifikation<\/th>\n<th>Detail<\/th>\n<\/tr>\n<tr>\n<td>Typ<\/td>\n<td>Achromatischer Refraktor<\/td>\n<\/tr>\n<tr>\n<td>Optisches Design<\/td>\n<td>Zwei Linsen<\/td>\n<\/tr>\n<tr>\n<td>Durchmesser<\/td>\n<td>150 mm<\/td>\n<\/tr>\n<tr>\n<td>Brennweite<\/td>\n<td>750 mm<\/td>\n<\/tr>\n<tr>\n<td>Fokusbericht<\/td>\n<td>f\/5<\/td>\n<\/tr>\n<tr>\n<td>Mitgelieferte Vergr\u00f6\u00dferungen<\/td>\n<td>x30 und x75<\/td>\n<\/tr>\n<tr>\n<td>Maximale Vergr\u00f6\u00dferung<\/td>\n<td>x300<\/td>\n<\/tr>\n<tr>\n<td>Okulare<\/td>\n<td>10 mm und 25 mm (1,25\u2033)<\/td>\n<\/tr>\n<tr>\n<td>Okularhalter<\/td>\n<td>Doppelformat 1,25\u2033\/2\u2033.<\/td>\n<\/tr>\n<tr>\n<td>Abgewinkelte Umlenkung<\/td>\n<td>1,25\u2033 (31,7 mm)<\/td>\n<\/tr>\n<tr>\n<td>Forscher<\/td>\n<td>9\u00d750<\/td>\n<\/tr>\n<tr>\n<td>Kameraverbindung<\/td>\n<td>SLR-kompatibel<\/td>\n<\/tr>\n<tr>\n<td>Rahmen<\/td>\n<td>EQ5 Deluxe \u00c4quatorial<\/td>\n<\/tr>\n<tr>\n<td>Polarausrichtung<\/td>\n<td>Integrierte Halterung<\/td>\n<\/tr>\n<tr>\n<td>Optische Verarbeitung<\/td>\n<td>Multi-Coated<\/td>\n<\/tr>\n<\/tbody>\n<\/table>\n<p>Die <strong>Sky-Watcher StarTravel 150\/750 EQ5<\/strong> ist ein vollst\u00e4ndiges, leistungsstarkes und erweiterbares Teleskop, das sich ideal f\u00fcr Amateure eignet, die den Deep-Sky-Himmel erkunden, Planeten beobachten und die Astrofotografie mit Pr\u00e4zision und Komfort erlernen m\u00f6chten.<\/p>","protected":false},"excerpt":{"rendered":"<p>&nbsp; StarTravel 150\/750 EQ5 \u2013 T\u00e9lescope grand champ puissant avec monture \u00e9quatoriale Le Sky-Watcher StarTravel 150\/750 EQ5 est un t\u00e9lescope r\u00e9fracteur achromatique de grande ouverture con\u00e7u pour offrir des performances exceptionnelles en observation grand champ et en astrophotographie. Associ\u00e9 \u00e0 une monture \u00e9quatoriale robuste EQ5 Deluxe, cet instrument constitue une solution compl\u00e8te pour les astronomes [&hellip;]<\/p>\n","protected":false},"featured_media":14426,"comment_status":"open","ping_status":"closed","template":"","meta":[],"product_brand":[822],"product_cat":[384,762,754,20],"product_tag":[],"class_list":{"0":"post-14425","1":"product","2":"type-product","3":"status-publish","4":"has-post-thumbnail","6":"product_brand-sky-watcher","7":"product_cat-lunettes_refracteurs","8":"product_cat-equatoriales","9":"product_cat-lunettes-achromatiques","10":"product_cat-montures","12":"first","13":"on_supplier","14":"taxable","15":"shipping-taxable","16":"purchasable","17":"product-type-simple"},"_links":{"self":[{"href":"https:\/\/deep-space-astronomy.ch\/de\/wp-json\/wp\/v2\/product\/14425","targetHints":{"allow":["GET"]}}],"collection":[{"href":"https:\/\/deep-space-astronomy.ch\/de\/wp-json\/wp\/v2\/product"}],"about":[{"href":"https:\/\/deep-space-astronomy.ch\/de\/wp-json\/wp\/v2\/types\/product"}],"replies":[{"embeddable":true,"href":"https:\/\/deep-space-astronomy.ch\/de\/wp-json\/wp\/v2\/comments?post=14425"}],"wp:featuredmedia":[{"embeddable":true,"href":"https:\/\/deep-space-astronomy.ch\/de\/wp-json\/wp\/v2\/media\/14426"}],"wp:attachment":[{"href":"https:\/\/deep-space-astronomy.ch\/de\/wp-json\/wp\/v2\/media?parent=14425"}],"wp:term":[{"taxonomy":"product_brand","embeddable":true,"href":"https:\/\/deep-space-astronomy.ch\/de\/wp-json\/wp\/v2\/product_brand?post=14425"},{"taxonomy":"product_cat","embeddable":true,"href":"https:\/\/deep-space-astronomy.ch\/de\/wp-json\/wp\/v2\/product_cat?post=14425"},{"taxonomy":"product_tag","embeddable":true,"href":"https:\/\/deep-space-astronomy.ch\/de\/wp-json\/wp\/v2\/product_tag?post=14425"}],"curies":[{"name":"wp","href":"https:\/\/api.w.org\/{rel}","templated":true}]}}