{"id":14453,"date":"2026-03-31T19:31:19","date_gmt":"2026-03-31T17:31:19","guid":{"rendered":"https:\/\/deep-space-astronomy.ch\/?post_type=product&#038;p=14453"},"modified":"2026-03-31T19:31:33","modified_gmt":"2026-03-31T17:31:33","slug":"sky-watcher-mercury-707","status":"publish","type":"product","link":"https:\/\/deep-space-astronomy.ch\/de\/produkt\/sky-watcher-mercury-707\/","title":{"rendered":"Sky-Watcher Mercury-707"},"content":{"rendered":"<p>&nbsp;<\/p>\n<h3>Sky-Watcher Mercury-707 - 70 mm Refraktor-Teleskop ideal f\u00fcr Anf\u00e4nger<\/h3>\n<p>Die <strong>Sky-Watcher Mercury-707<\/strong> ist ein Refraktorteleskop, das f\u00fcr einen hervorragenden Einstieg in die Astronomie entwickelt wurde. Es ist leistungsf\u00e4higer als das Modell Mercury-607 und verf\u00fcgt \u00fcber eine verbesserte Optik und einen gr\u00f6\u00dferen Durchmesser von 70 mm, wodurch es hellere und detailreichere Bilder liefert. Es ist einfach zu bedienen, leicht und vollst\u00e4ndig und damit die ideale Wahl f\u00fcr Anf\u00e4nger, die den Mond, die Planeten und die hellsten Objekte am Nachthimmel entdecken m\u00f6chten.<\/p>\n<h3>Leistungsstarke Optik f\u00fcr detaillierte Beobachtungen<\/h3>\n<p>Der Mercury-707 ist mit einem Objektiv von <strong>70 mm Durchmesser<\/strong> mit einer Behandlung <strong>Multi-Coated<\/strong>, Dies sorgt f\u00fcr eine bessere Lichtdurchl\u00e4ssigkeit und einen h\u00f6heren Kontrast. Seine <strong>700 mm Brennweite<\/strong> und sein Er\u00f6ffnungsbericht von <strong>f\/10<\/strong> machen es zu einem besonders geeigneten Instrument f\u00fcr die Planeten- und Mondbeobachtung.<\/p>\n<p>Mit einer h\u00f6heren Lichtsammelf\u00e4higkeit von <strong>36 % im Vergleich zu einem 60-mm-Modell<\/strong>, Mit diesem Teleskop k\u00f6nnen Sie mehr Details \u00fcber die beobachteten Objekte erkennen. Sie k\u00f6nnen die Krater der <strong>Mond<\/strong>, Sie k\u00f6nnen die Phasen der <strong>Venus<\/strong>, Die Ringe von <strong>Saturn<\/strong> oder auch die Wolkenb\u00e4nder von <strong>Jupiter<\/strong>.<\/p>\n<p>Die verschiedenen Kombinationen aus Okular und Barlow-Linse bieten Vergr\u00f6\u00dferungen von <strong>x28, x56, x70 und x140<\/strong>, So k\u00f6nnen Sie die Beobachtung an die jeweiligen Objekte und Bedingungen anpassen. Die empfohlene maximale Vergr\u00f6\u00dferung von <strong>x140<\/strong> garantiert scharfe Bilder ohne \u00fcberm\u00e4\u00dfigen Qualit\u00e4tsverlust.<\/p>\n<h3>Einfache und intuitive azimutale Montierung<\/h3>\n<p>Der Sky-Watcher Mercury-707 ist auf einer <strong>azimutale Montierung<\/strong>, Diese Kamera ist dank ihrer einfachen Bedienung ideal f\u00fcr Anf\u00e4nger. Sie erm\u00f6glicht fl\u00fcssige Bewegungen auf der horizontalen und vertikalen Achse und erleichtert das Anvisieren von Himmelsobjekten.<\/p>\n<p>Eine <strong>System zur Mikroanpassung in der Elevation<\/strong> erm\u00f6glicht eine pr\u00e4zise Feineinstellung der Positionierung und bietet so einen h\u00f6heren Beobachtungskomfort, insbesondere bei hoher Vergr\u00f6\u00dferung. Mit dieser intuitiven Montierung lassen sich Objekte am Himmel leicht verfolgen, ohne dass fortgeschrittene technische Kenntnisse erforderlich sind.<\/p>\n<p>Die <strong>Aluminiumstativ<\/strong> sorgt f\u00fcr eine gute Stabilit\u00e4t und ist dabei leicht und einfach zu transportieren. Er ist mit einem <strong>Zubeh\u00f6rtablett<\/strong> praktisch, um die Okulare griffbereit zu halten.<\/p>\n<h3>Umfangreiches Zubeh\u00f6r, um sofort loszulegen<\/h3>\n<p>Der Mercury-707 wird mit einem kompletten Zubeh\u00f6rpaket geliefert, das einen sofortigen Einsatz erm\u00f6glicht :<\/p>\n<ul>\n<li>Okulare 10 mm und 25 mm (1,25\u2033)<\/li>\n<li>Barlow-Linse x2<\/li>\n<li>Sucher 6\u00d724<\/li>\n<li>Abgewinkelte Umlenkung 1,25\u2033 (31,7 mm)<\/li>\n<li>Azimutale Montierung<\/li>\n<li>Aluminiumstativ mit Platte<\/li>\n<\/ul>\n<p>Mit diesem Komplettset k\u00f6nnen Sie den Himmel schnell erkunden und schon beim ersten Gebrauch ein angenehmes Beobachtungserlebnis genie\u00dfen.<\/p>\n<h3>Ein ideales Teleskop f\u00fcr Einsteiger in die Astronomie<\/h3>\n<p>Dank seiner Benutzerfreundlichkeit, seines geringen Gewichts und seiner ausgewogenen Leistung ist der Sky-Watcher Mercury-707 perfekt geeignet f\u00fcr <strong>Anf\u00e4nger<\/strong>. Es bietet die M\u00f6glichkeit, die Grundlagen der Astronomie zu entdecken und gleichzeitig qualitativ hochwertige Beobachtungen zu machen.<\/p>\n<p>Es ist vielseitig und eignet sich auch f\u00fcr gelegentliche Erdbeobachtungen, was es zu einem kompletten Instrument f\u00fcr die ganze Familie macht.<\/p>\n<h3>Technische Daten<\/h3>\n<table border=\"1\" cellspacing=\"0\" cellpadding=\"6\">\n<tbody>\n<tr>\n<th>Spezifikation<\/th>\n<th>Detail<\/th>\n<\/tr>\n<tr>\n<td>Typ<\/td>\n<td>Refraktor<\/td>\n<\/tr>\n<tr>\n<td>Durchmesser<\/td>\n<td>70 mm<\/td>\n<\/tr>\n<tr>\n<td>Brennweite<\/td>\n<td>700 mm<\/td>\n<\/tr>\n<tr>\n<td>Fokusbericht<\/td>\n<td>f\/10<\/td>\n<\/tr>\n<tr>\n<td>Mitgelieferte Vergr\u00f6\u00dferungen<\/td>\n<td>x28, x56, x70, x140<\/td>\n<\/tr>\n<tr>\n<td>Maximale Vergr\u00f6\u00dferung<\/td>\n<td>x140<\/td>\n<\/tr>\n<tr>\n<td>Okulare<\/td>\n<td>10 mm und 25 mm (1,25\u2033)<\/td>\n<\/tr>\n<tr>\n<td>Zubeh\u00f6r<\/td>\n<td>Barlow-Linse x2<\/td>\n<\/tr>\n<tr>\n<td>Forscher<\/td>\n<td>6\u00d724<\/td>\n<\/tr>\n<tr>\n<td>Abgewinkelte Umlenkung<\/td>\n<td>1,25\u2033 (31,7 mm)<\/td>\n<\/tr>\n<tr>\n<td>Rahmen<\/td>\n<td>Azimutal<\/td>\n<\/tr>\n<tr>\n<td>Stativ<\/td>\n<td>Aluminium mit Tablett<\/td>\n<\/tr>\n<tr>\n<td>Material des Rohrs<\/td>\n<td>Aluminium<\/td>\n<\/tr>\n<tr>\n<td>Sammeln von Licht<\/td>\n<td>+36 % vs 60 mm<\/td>\n<\/tr>\n<\/tbody>\n<\/table>\n<p>Die <strong>Sky-Watcher Mercury-707<\/strong> ist ein zuverl\u00e4ssiges, erschwingliches und leistungsstarkes Teleskop, das sich ideal f\u00fcr den Einstieg in die Astronomie und f\u00fcr sch\u00f6ne Beobachtungen des Nachthimmels eignet.<\/p>","protected":false},"excerpt":{"rendered":"<p>&nbsp; Sky-Watcher Mercury-707 \u2013 T\u00e9lescope r\u00e9fracteur 70 mm id\u00e9al pour d\u00e9butants Le Sky-Watcher Mercury-707 est un t\u00e9lescope r\u00e9fracteur con\u00e7u pour offrir une excellente initiation \u00e0 l\u2019astronomie. Plus performant que le mod\u00e8le Mercury-607, il b\u00e9n\u00e9ficie d\u2019une optique am\u00e9lior\u00e9e et d\u2019un diam\u00e8tre sup\u00e9rieur de 70 mm, permettant d\u2019obtenir des images plus lumineuses et d\u00e9taill\u00e9es. Facile \u00e0 utiliser, [&hellip;]<\/p>\n","protected":false},"featured_media":14454,"comment_status":"open","ping_status":"closed","template":"","meta":[],"product_brand":[822],"product_cat":[815,759,384,754,20],"product_tag":[],"class_list":{"0":"post-14453","1":"product","2":"type-product","3":"status-publish","4":"has-post-thumbnail","6":"product_brand-sky-watcher","7":"product_cat-debutants","8":"product_cat-alt-azimutales","9":"product_cat-lunettes_refracteurs","10":"product_cat-lunettes-achromatiques","11":"product_cat-montures","13":"first","14":"on_supplier","15":"taxable","16":"shipping-taxable","17":"purchasable","18":"product-type-simple"},"_links":{"self":[{"href":"https:\/\/deep-space-astronomy.ch\/de\/wp-json\/wp\/v2\/product\/14453","targetHints":{"allow":["GET"]}}],"collection":[{"href":"https:\/\/deep-space-astronomy.ch\/de\/wp-json\/wp\/v2\/product"}],"about":[{"href":"https:\/\/deep-space-astronomy.ch\/de\/wp-json\/wp\/v2\/types\/product"}],"replies":[{"embeddable":true,"href":"https:\/\/deep-space-astronomy.ch\/de\/wp-json\/wp\/v2\/comments?post=14453"}],"wp:featuredmedia":[{"embeddable":true,"href":"https:\/\/deep-space-astronomy.ch\/de\/wp-json\/wp\/v2\/media\/14454"}],"wp:attachment":[{"href":"https:\/\/deep-space-astronomy.ch\/de\/wp-json\/wp\/v2\/media?parent=14453"}],"wp:term":[{"taxonomy":"product_brand","embeddable":true,"href":"https:\/\/deep-space-astronomy.ch\/de\/wp-json\/wp\/v2\/product_brand?post=14453"},{"taxonomy":"product_cat","embeddable":true,"href":"https:\/\/deep-space-astronomy.ch\/de\/wp-json\/wp\/v2\/product_cat?post=14453"},{"taxonomy":"product_tag","embeddable":true,"href":"https:\/\/deep-space-astronomy.ch\/de\/wp-json\/wp\/v2\/product_tag?post=14453"}],"curies":[{"name":"wp","href":"https:\/\/api.w.org\/{rel}","templated":true}]}}