{"id":14463,"date":"2026-04-02T19:32:18","date_gmt":"2026-04-02T17:32:18","guid":{"rendered":"https:\/\/deep-space-astronomy.ch\/?post_type=product&#038;p=14463"},"modified":"2026-04-02T19:34:19","modified_gmt":"2026-04-02T17:34:19","slug":"acuter-voyager-mak80-fast","status":"publish","type":"product","link":"https:\/\/deep-space-astronomy.ch\/de\/produkt\/acuter-voyager-mak80-fast\/","title":{"rendered":"Acuter Voyager MAK80-FAST"},"content":{"rendered":"<p>&nbsp;<\/p>\n<h3>Acuter Voyager MAK80-FAST - Kompaktes, vielseitiges Maksutov-Teleskop f\u00fcr Astronomie und Erdbeobachtung<\/h3>\n<p>Die <strong>Acuter Voyager MAK80-FAST<\/strong> ist ein hochwertiges Maksutov-Cassegrain-Teleskop, das entwickelt wurde, um eine bemerkenswerte Leistung in einem ultrakompakten, transportablen Format zu bieten. Dieses vielseitige Instrument ist ideal f\u00fcr alle, die sich f\u00fcr Astronomie, Naturbeobachtung und Fotografie begeistern. Es erm\u00f6glicht die Erkundung des Nachthimmels und ist dank seines aufgerichteten Bildes auch f\u00fcr den terrestrischen Einsatz am Tag bestens geeignet.<\/p>\n<p>Dieses Teleskop wurde von der Marke Acuter entworfen, die f\u00fcr ihre innovativen und leistungsstarken Produkte bekannt ist. Es ist eine ausgezeichnete Wahl f\u00fcr Anf\u00e4nger sowie f\u00fcr Benutzer, die ein tragbares und effizientes Instrument w\u00fcnschen.<\/p>\n<h3>Leistungsstarke und kompakte Maksutov-Cassegrain-Optik<\/h3>\n<p>Die Voyager MAK80-FAST basiert auf einem optischen Design <strong>Maksutov-Cassegrain<\/strong>, und bietet einen ausgezeichneten Kontrast und eine hohe Bildsch\u00e4rfe. Mit einem <strong>80 mm Durchmesser<\/strong> und eine <strong>850 mm Brennweite (f\/10.6)<\/strong>, Er ist besonders geeignet f\u00fcr die detaillierte Beobachtung der <strong>Mond<\/strong>Die <strong>Planeten<\/strong> und helle Himmelsobjekte.<\/p>\n<p>Sein optisches System profitiert von einer Behandlung <strong>mehrschichtig<\/strong> die Lichtdurchl\u00e4ssigkeit und die Bildqualit\u00e4t verbessern. Das Maksutov-Design wurde von dem russischen Optiker Dmitri Maksutov erfunden und ist f\u00fcr seine Kompaktheit und optische Pr\u00e4zision bekannt.<\/p>\n<p>Die mitgelieferten Okulare bieten Vergr\u00f6\u00dferungen von <strong>x42,5 und x68<\/strong>, mit einem breiten scheinbaren Feld von <strong>70\u00b0<\/strong>, Dies garantiert eine komfortable und immersive Beobachtung. Die empfohlene maximale Vergr\u00f6\u00dferung betr\u00e4gt <strong>x160<\/strong>.<\/p>\n<h3>Innovativer FAST-Fokussierer f\u00fcr schnelles Fokussieren<\/h3>\n<p>Eine der wichtigsten Innovationen dieses Modells ist das Fokussierungssystem <strong>FAST<\/strong> mit Reibungsantrieb (Patent angemeldet). Im Gegensatz zu herk\u00f6mmlichen Systemen mit R\u00e4ndelrad verwendet dieser Mechanismus einen <strong>doppelte Fokussierknopf<\/strong> mit dem der Hauptspiegel pr\u00e4zise und schnell bewegt werden kann.<\/p>\n<p>Eine <strong>Indikator f\u00fcr die Fokusposition<\/strong> erleichtert die Anpassung an die Beobachtungsentfernung (8 m, 17 m und unendlich) und macht die Fokussierung intuitiver und schneller, egal ob f\u00fcr die Astronomie oder die Erdbeobachtung.<\/p>\n<h3>Vielseitigkeit: Beobachtung, Natur und Fotografie<\/h3>\n<p>Der Voyager MAK80-FAST ist f\u00fcr den vielseitigen Einsatz konzipiert. Dank seiner <strong>abgewinkelte Umlenkung Gleichrichter 90\u00b0<\/strong> von hoher Qualit\u00e4t mit Phasenverarbeitung bietet es ein gerades Bild, das ideal f\u00fcr die Erdbeobachtung ist.<\/p>\n<p>Es eignet sich auch hervorragend f\u00fcr die <strong>Fotografie<\/strong>, mit einem <strong>Smartphone-Adapter<\/strong> mit dem Sie ganz einfach Bilder vom Himmel oder von der Natur aufnehmen k\u00f6nnen. Die Kamera ist kompakt und leicht und kann problemlos auf Reisen oder Wanderungen mitgenommen werden.<\/p>\n<h3>Kompaktes Design und einfacher Transport<\/h3>\n<p>Mit einem Gewicht von ca. <strong>1,5 kg<\/strong> und einem kompakten Design ist dieses Teleskop extrem leicht zu transportieren. Es kann auf ein Standard-Fotostativ montiert werden, dank seiner <strong>1\/4\u2033-Gewinde<\/strong>, oder auf einer astronomischen Montierung \u00fcber seine <strong>Schwalbenschwanz Typ Vixen\/Sky-Watcher<\/strong>.<\/p>\n<p>Der optische Tubus wird mit einer <strong>Transportkoffer<\/strong>, Dadurch ist es leicht zu verstauen und zu transportieren. Seine geringe Gr\u00f6\u00dfe macht ihn zum idealen Begleiter f\u00fcr nomadische Beobachtungen.<\/p>\n<h3>Inklusive Zubeh\u00f6r f\u00fcr eine vollst\u00e4ndige Nutzung<\/h3>\n<p>Der Voyager MAK80-FAST wird mit einer Reihe von hochwertigem Zubeh\u00f6r geliefert:<\/p>\n<ul>\n<li>Okulare 12,5 mm und 20 mm (1,25\u2033) 70\u00b0-Weitwinkelobjektiv<\/li>\n<li>Optischer Sucher 6\u00d721<\/li>\n<li>Abgewinkelte Umlenkung Gleichrichter 90\u00b0 mit Phasenbehandlung<\/li>\n<li>Smartphone-Adapter<\/li>\n<li>Anzeige der Fokussierung<\/li>\n<li>Transportkoffer<\/li>\n<li>Schutzkappen<\/li>\n<\/ul>\n<p>Mit diesem Komplettset k\u00f6nnen Sie sofort mit dem Beobachten und Fotografieren beginnen.<\/p>\n<h3>Technische Daten<\/h3>\n<table border=\"1\" cellspacing=\"0\" cellpadding=\"6\">\n<tbody>\n<tr>\n<th>Spezifikation<\/th>\n<th>Detail<\/th>\n<\/tr>\n<tr>\n<td>Typ<\/td>\n<td>Maksutov-Cassegrain<\/td>\n<\/tr>\n<tr>\n<td>Durchmesser<\/td>\n<td>80 mm<\/td>\n<\/tr>\n<tr>\n<td>Brennweite<\/td>\n<td>850 mm<\/td>\n<\/tr>\n<tr>\n<td>Fokusbericht<\/td>\n<td>f\/10.6<\/td>\n<\/tr>\n<tr>\n<td>Mitgelieferte Vergr\u00f6\u00dferungen<\/td>\n<td>x42,5 und x68<\/td>\n<\/tr>\n<tr>\n<td>Maximale Vergr\u00f6\u00dferung<\/td>\n<td>x160<\/td>\n<\/tr>\n<tr>\n<td>Okulare<\/td>\n<td>12,5 mm und 20 mm (70\u00b0)<\/td>\n<\/tr>\n<tr>\n<td>Abgewinkelte Umlenkung<\/td>\n<td>90\u00b0 Gleichrichter mit Phasenbehandlung<\/td>\n<\/tr>\n<tr>\n<td>Forscher<\/td>\n<td>6\u00d721<\/td>\n<\/tr>\n<tr>\n<td>Fokussieren<\/td>\n<td>Friction Drive mit Indikator<\/td>\n<\/tr>\n<tr>\n<td>Verbindung<\/td>\n<td>1\/4\u2033-Gewinde + Vixen-Schwalbenschwanz<\/td>\n<\/tr>\n<tr>\n<td>Gewicht<\/td>\n<td>1,5 kg<\/td>\n<\/tr>\n<tr>\n<td>Zubeh\u00f6r<\/td>\n<td>Smartphone-Adapter, Koffer<\/td>\n<\/tr>\n<\/tbody>\n<\/table>\n<p>Die <strong>Acuter Voyager MAK80-FAST<\/strong> ist ein kompaktes, innovatives und leistungsstarkes Teleskop, das sich perfekt f\u00fcr mobile Beobachtungen, die Entdeckung des Himmels und die Fotografie eignet und dabei eine einfache Bedienung bietet.<\/p>","protected":false},"excerpt":{"rendered":"<p>&nbsp; Acuter Voyager MAK80-FAST \u2013 T\u00e9lescope Maksutov compact et polyvalent pour astronomie et observation terrestre Le Acuter Voyager MAK80-FAST est un t\u00e9lescope Maksutov-Cassegrain de haute qualit\u00e9 con\u00e7u pour offrir des performances remarquables dans un format ultra compact et transportable. Id\u00e9al pour les passionn\u00e9s d\u2019astronomie, d\u2019observation de la nature et de photographie, cet instrument polyvalent permet [&hellip;]<\/p>\n","protected":false},"featured_media":14464,"comment_status":"open","ping_status":"closed","template":"","meta":[],"product_brand":[849],"product_cat":[392,752],"product_tag":[],"class_list":{"0":"post-14463","1":"product","2":"type-product","3":"status-publish","4":"has-post-thumbnail","6":"product_brand-acuter","7":"product_cat-telescopes_reflecteurs","8":"product_cat-maksutov-cassegrain","10":"first","11":"on_supplier","12":"taxable","13":"shipping-taxable","14":"purchasable","15":"product-type-simple"},"_links":{"self":[{"href":"https:\/\/deep-space-astronomy.ch\/de\/wp-json\/wp\/v2\/product\/14463","targetHints":{"allow":["GET"]}}],"collection":[{"href":"https:\/\/deep-space-astronomy.ch\/de\/wp-json\/wp\/v2\/product"}],"about":[{"href":"https:\/\/deep-space-astronomy.ch\/de\/wp-json\/wp\/v2\/types\/product"}],"replies":[{"embeddable":true,"href":"https:\/\/deep-space-astronomy.ch\/de\/wp-json\/wp\/v2\/comments?post=14463"}],"wp:featuredmedia":[{"embeddable":true,"href":"https:\/\/deep-space-astronomy.ch\/de\/wp-json\/wp\/v2\/media\/14464"}],"wp:attachment":[{"href":"https:\/\/deep-space-astronomy.ch\/de\/wp-json\/wp\/v2\/media?parent=14463"}],"wp:term":[{"taxonomy":"product_brand","embeddable":true,"href":"https:\/\/deep-space-astronomy.ch\/de\/wp-json\/wp\/v2\/product_brand?post=14463"},{"taxonomy":"product_cat","embeddable":true,"href":"https:\/\/deep-space-astronomy.ch\/de\/wp-json\/wp\/v2\/product_cat?post=14463"},{"taxonomy":"product_tag","embeddable":true,"href":"https:\/\/deep-space-astronomy.ch\/de\/wp-json\/wp\/v2\/product_tag?post=14463"}],"curies":[{"name":"wp","href":"https:\/\/api.w.org\/{rel}","templated":true}]}}