{"id":14468,"date":"2026-04-02T19:51:01","date_gmt":"2026-04-02T17:51:01","guid":{"rendered":"https:\/\/deep-space-astronomy.ch\/?post_type=product&#038;p=14468"},"modified":"2026-04-02T19:51:15","modified_gmt":"2026-04-02T17:51:15","slug":"telescope-newton-discovery-50-200","status":"publish","type":"product","link":"https:\/\/deep-space-astronomy.ch\/de\/produkt\/telescope-newton-discovery-50-200\/","title":{"rendered":"Newton-Teleskop Discovery 50\/200"},"content":{"rendered":"<p>&nbsp;<\/p>\n<h3>Newton Discovery 50\/200 Teleskop - Kompaktes Bildungsinstrument f\u00fcr Anf\u00e4nger und Vorf\u00fchrung<\/h3>\n<p>Die <strong>Newton-Teleskop Discovery 50\/200<\/strong> ist ein einzigartiges Instrument, das speziell f\u00fcr das Erlernen und Entdecken der Astronomie entwickelt wurde. Ideal f\u00fcr <strong>Schulen<\/strong>Die <strong>Bildungszentren<\/strong> oder neugierige Anf\u00e4nger: Dieses Teleskop zeichnet sich durch sein innovatives offenes Design aus, das einen direkten Blick auf sein Innenleben erm\u00f6glicht. Es ist kompakt, leicht und einfach zu transportieren und bietet eine hervorragende Einf\u00fchrung in die Welt der Teleskope.<\/p>\n<h3>Ein Bildungsteleskop, um die Optik zu verstehen<\/h3>\n<p>Der Discovery 50\/200 ist ein <strong>Reflektor vom Typ Newton<\/strong>, Ein klassisches optisches Design, das in der Astronomie weit verbreitet ist. Seine Besonderheit liegt in seiner <strong>abnehmbare Seitenabdeckung<\/strong>, Die Kamera erm\u00f6glicht den Zugang zum Inneren des optischen Tubus. Diese Funktion bietet eine einzigartige Gelegenheit, den Weg des Lichts, die Rolle der Spiegel und die gesamte Funktionsweise eines Teleskops zu verstehen.<\/p>\n<p>Mit einer <strong>50 mm \u00d6ffnung<\/strong> und eine <strong>200 mm Brennweite (f\/4)<\/strong>, Dieses Instrument ist so konzipiert, dass es ein gro\u00dfes Sichtfeld und eine einfache Bedienung bietet. Sein <strong>Trennsch\u00e4rfe von 2,76 Bogensekunden<\/strong> und seine <strong>Grenzmagnitude von 10,3<\/strong> erm\u00f6glichen die Beobachtung der wichtigsten Objekte am Himmel, darunter die <strong>Mond<\/strong>Die <strong>Planeten<\/strong> und einige Deep-Sky-Objekte wie Sternhaufen.<\/p>\n<p>Obwohl es in erster Linie f\u00fcr den p\u00e4dagogischen Gebrauch gedacht ist, erm\u00f6glicht dieses Teleskop echte astronomische Beobachtungen und bietet eine konkrete und immersive Erfahrung.<\/p>\n<h3>Kompakt, leicht und einfach zu bedienen<\/h3>\n<p>Mit einem Gewicht der R\u00f6hre von nur <strong>0,3 kg<\/strong> und ein Gesamtversandgewicht von <strong>0,6 kg<\/strong>, ist der Discovery 50\/200 extrem portabel. Dank seiner kompakten Gr\u00f6\u00dfe ist er ideal f\u00fcr den Einsatz im Klassenzimmer oder bei Aktivit\u00e4ten im Freien.<\/p>\n<p>Er ist auf einem <strong>azimutale Montierung<\/strong> einfach, verbunden mit einem <strong>Tischstativ<\/strong>, Dies erm\u00f6glicht eine schnelle Installation und einen sofortigen Einstieg. Diese Art von Montierung ist besonders f\u00fcr Anf\u00e4nger geeignet, da sie das Teleskop intuitiv in der horizontalen und vertikalen Achse bewegen kann.<\/p>\n<p>Die <strong>spiralf\u00f6rmiger Okularhalter<\/strong> sorgt f\u00fcr eine einfache und pr\u00e4zise Fokussierung und erleichtert selbst unerfahrenen Benutzern die Beobachtung.<\/p>\n<h3>Einfaches Fotografieren mit dem Smartphone<\/h3>\n<p>Das Teleskop ist mit einem <strong>Smartphone-Adapter<\/strong>, Mit dieser Funktion k\u00f6nnen Sie auf einfache Weise Bilder von der <strong>Mond<\/strong>von <strong>Jupiter<\/strong> oder von <strong>Saturn<\/strong>. Ein Projektionsokular ist ebenfalls enthalten, das die Aufnahme erleichtert und das Erlebnis noch interaktiver macht.<\/p>\n<p>Diese Funktion wird besonders im Bildungsbereich gesch\u00e4tzt, da sie es erm\u00f6glicht, die gemachten Beobachtungen zu teilen und aufzubewahren.<\/p>\n<h3>Ein komplettes Set, das sofort einsatzbereit ist<\/h3>\n<p>Der Discovery 50\/200 wird als komplettes Set mit allem notwendigen Zubeh\u00f6r geliefert, damit Sie sofort loslegen k\u00f6nnen :<\/p>\n<ul>\n<li>Okular 10 mm (1,25\u2033)<\/li>\n<li>Projektionsokular f\u00fcr die Fotografie<\/li>\n<li>Smartphone-Adapter<\/li>\n<li>Azimutale Montierung<\/li>\n<li>Tischstativ<\/li>\n<li>Befestigungsschellen<\/li>\n<\/ul>\n<p>Das Ganze wird in einem <strong>attraktive Verpackung mit Tragegriff<\/strong>, Das ist ideal zum Aufbewahren und f\u00fcr unterwegs. Ein <strong>80-seitiges Handbuch<\/strong> f\u00fcr Anf\u00e4nger ist ebenfalls enthalten und bietet eine umfassende Einf\u00fchrung in die Astronomie.<\/p>\n<h3>Ein ideales Instrument zum Anfangen und Lernen<\/h3>\n<p>In erster Linie konzipiert f\u00fcr <strong>Anf\u00e4nger<\/strong> und Bildungsumgebungen bietet das Discovery 50\/200 die M\u00f6glichkeit, die Grundlagen der Astronomie zu verstehen und gleichzeitig echte Beobachtungen durchzuf\u00fchren. Er ist ein hervorragendes Lehrmittel, um die Prinzipien der Optik zu erkl\u00e4ren und die wissenschaftliche Neugier zu wecken.<\/p>\n<p>Einfach, spielerisch und lehrreich - dieses Teleskop ist perfekt f\u00fcr einen ersten Einblick in das Universum.<\/p>\n<h3>Technische Daten<\/h3>\n<table border=\"1\" cellspacing=\"0\" cellpadding=\"6\">\n<tbody>\n<tr>\n<th>Spezifikation<\/th>\n<th>Detail<\/th>\n<\/tr>\n<tr>\n<td>Typ<\/td>\n<td>Newton-Reflektor<\/td>\n<\/tr>\n<tr>\n<td>Er\u00f6ffnung<\/td>\n<td>50 mm<\/td>\n<\/tr>\n<tr>\n<td>Brennweite<\/td>\n<td>200 mm<\/td>\n<\/tr>\n<tr>\n<td>Fokusbericht<\/td>\n<td>f\/4<\/td>\n<\/tr>\n<tr>\n<td>Trennende Kraft<\/td>\n<td>2,76 arcsec<\/td>\n<\/tr>\n<tr>\n<td>Grenzmagnitude<\/td>\n<td>10,3<\/td>\n<\/tr>\n<tr>\n<td>Sammeln von Licht<\/td>\n<td>50x das menschliche Auge<\/td>\n<\/tr>\n<tr>\n<td>Maximale Vergr\u00f6\u00dferung<\/td>\n<td>x100<\/td>\n<\/tr>\n<tr>\n<td>Okular<\/td>\n<td>10 mm (1,25\u2033)<\/td>\n<\/tr>\n<tr>\n<td>Okularhalter<\/td>\n<td>Helikoidal<\/td>\n<\/tr>\n<tr>\n<td>Rahmen<\/td>\n<td>Azimutal<\/td>\n<\/tr>\n<tr>\n<td>Stativ<\/td>\n<td>Tisch<\/td>\n<\/tr>\n<tr>\n<td>Gewicht der R\u00f6hre<\/td>\n<td>0,3 kg<\/td>\n<\/tr>\n<tr>\n<td>Zubeh\u00f6r<\/td>\n<td>Smartphone-Adapter, Projektionsokular<\/td>\n<\/tr>\n<tr>\n<td>Empfohlene Verwendung<\/td>\n<td>Anf\u00e4nger, Schulen, Vorf\u00fchrung<\/td>\n<\/tr>\n<\/tbody>\n<\/table>\n<p>Die <strong>Discovery-Teleskop 50\/200<\/strong> ist ein innovatives und zug\u00e4ngliches Lehrmittel, das ideal ist, um die Astronomie zu entdecken und dabei die Grundprinzipien der Funktionsweise eines Teleskops zu verstehen.<\/p>","protected":false},"excerpt":{"rendered":"<p>&nbsp; T\u00e9lescope Newton Discovery 50\/200 \u2013 Instrument \u00e9ducatif compact pour d\u00e9butants et d\u00e9monstration Le t\u00e9lescope Newton Discovery 50\/200 est un instrument unique con\u00e7u sp\u00e9cialement pour l\u2019apprentissage et la d\u00e9couverte de l\u2019astronomie. Id\u00e9al pour les \u00e9coles, les centres \u00e9ducatifs ou les d\u00e9butants curieux, ce t\u00e9lescope se distingue par sa conception ouverte innovante permettant d\u2019observer directement son [&hellip;]<\/p>\n","protected":false},"featured_media":14469,"comment_status":"open","ping_status":"closed","template":"","meta":[],"product_brand":[849],"product_cat":[745,747,815,392],"product_tag":[],"class_list":{"0":"post-14468","1":"product","2":"type-product","3":"status-publish","4":"has-post-thumbnail","6":"product_brand-acuter","7":"product_cat-telescope-dinitiation","8":"product_cat-newton","9":"product_cat-debutants","10":"product_cat-telescopes_reflecteurs","12":"first","13":"on_supplier","14":"taxable","15":"shipping-taxable","16":"purchasable","17":"product-type-simple"},"_links":{"self":[{"href":"https:\/\/deep-space-astronomy.ch\/de\/wp-json\/wp\/v2\/product\/14468","targetHints":{"allow":["GET"]}}],"collection":[{"href":"https:\/\/deep-space-astronomy.ch\/de\/wp-json\/wp\/v2\/product"}],"about":[{"href":"https:\/\/deep-space-astronomy.ch\/de\/wp-json\/wp\/v2\/types\/product"}],"replies":[{"embeddable":true,"href":"https:\/\/deep-space-astronomy.ch\/de\/wp-json\/wp\/v2\/comments?post=14468"}],"wp:featuredmedia":[{"embeddable":true,"href":"https:\/\/deep-space-astronomy.ch\/de\/wp-json\/wp\/v2\/media\/14469"}],"wp:attachment":[{"href":"https:\/\/deep-space-astronomy.ch\/de\/wp-json\/wp\/v2\/media?parent=14468"}],"wp:term":[{"taxonomy":"product_brand","embeddable":true,"href":"https:\/\/deep-space-astronomy.ch\/de\/wp-json\/wp\/v2\/product_brand?post=14468"},{"taxonomy":"product_cat","embeddable":true,"href":"https:\/\/deep-space-astronomy.ch\/de\/wp-json\/wp\/v2\/product_cat?post=14468"},{"taxonomy":"product_tag","embeddable":true,"href":"https:\/\/deep-space-astronomy.ch\/de\/wp-json\/wp\/v2\/product_tag?post=14468"}],"curies":[{"name":"wp","href":"https:\/\/api.w.org\/{rel}","templated":true}]}}