{"id":14471,"date":"2026-04-02T20:18:53","date_gmt":"2026-04-02T18:18:53","guid":{"rendered":"https:\/\/deep-space-astronomy.ch\/?post_type=product&#038;p=14471"},"modified":"2026-04-02T20:19:07","modified_gmt":"2026-04-02T18:19:07","slug":"acuter-traverse-go-to","status":"publish","type":"product","link":"https:\/\/deep-space-astronomy.ch\/de\/produkt\/acuter-traverse-go-to\/","title":{"rendered":"Acuter Traverse Go-To"},"content":{"rendered":"<p>&nbsp;<\/p>\n<h3>Acuter Traverse Go-To \/ Montierung f\u00fcr Time-Laps - Tragbare intelligente Montierung f\u00fcr Astronomie und visuelle Kreation<\/h3>\n<p>Die <strong>Acuter Traverse Go-To \/ Time-Lapse Mount (Lifestyle Outfit)<\/strong> ist eine innovative und vielseitige Montierung, die f\u00fcr Liebhaber der Astronomie und der kreativen Fotografie entwickelt wurde. Sie ist kompakt, leicht und voll vernetzt und erm\u00f6glicht sowohl die Steuerung eines Teleskops im automatisierten Go-To-Modus als auch die Erstellung von <strong>dynamische Zeitraffer mit einem Smartphone<\/strong>. Sie ist ideal f\u00fcr den Einsatz unterwegs und bietet eine moderne, intuitive Erfahrung, die f\u00fcr jeden zug\u00e4nglich ist.<\/p>\n<h3>Ein kompaktes und leistungsstarkes Go-To-Mount<\/h3>\n<p>Das Acuter Traverse Mount ist ein <strong>motorisiertes alt-azimutales Gestell<\/strong> der in der Lage ist, eine optische R\u00f6hre bis zu <strong>2,5 kg<\/strong>. Dank seines computergest\u00fctzten Go-To-Systems kann er innerhalb von Sekunden automatisch auf Himmelsobjekte zeigen.<\/p>\n<p>\u00dcber die App gesteuert <strong>Acuter Sky<\/strong>, Sie bietet Zugang zu einer Datenbank mit mehr als <strong>11.000 Himmelsobjekte<\/strong>, einschlie\u00dflich Sternen, Planeten und Deep-Sky-Objekten. Nach einem einfachen Ausrichtungsverfahren auf <strong>1, 2 oder 3 Sterne<\/strong>, k\u00f6nnen Sie den Himmel direkt von Ihrem Smartphone oder Tablet aus \u00fcber eine intuitive Touchscreen-Schnittstelle erkunden.<\/p>\n<p>Sein Motor <strong>DC Servo<\/strong> sorgt f\u00fcr fl\u00fcssige und pr\u00e4zise Bewegungen und erm\u00f6glicht so eine effektive Verfolgung der beobachteten Objekte.<\/p>\n<h3>Volle drahtlose Verbindung: Wi-Fi und Bluetooth integriert<\/h3>\n<p>Das Gestell verf\u00fcgt \u00fcber eine <strong>integrierte Wi-Fi- und Bluetooth-Konnektivit\u00e4t<\/strong>, Dies erm\u00f6glicht einen autonomen Betrieb, ohne auf ein externes Netzwerk angewiesen zu sein. So k\u00f6nnen Sie Ihre Anlage von jedem Ort aus steuern, sei es in der freien Natur oder auf Reisen.<\/p>\n<p>Kompatibel mit <strong>iOS, Android und MacOS<\/strong>, Sie passt sich an die meisten modernen Mobilger\u00e4te an und ist somit flexibel einsetzbar.<\/p>\n<h3>Kreativer Time-Lapse-Modus mit Smartphone<\/h3>\n<p>\u00dcber die Astronomie hinaus zeichnet sich die Acuter Traverse durch ihre <strong>Time-Lapse-Modus<\/strong> innovativ zu sein. Dank des mitgelieferten Kits und der App <strong>Acuter Landscape<\/strong>, k\u00f6nnen Sie mit Ihrem Smartphone dynamische und k\u00fcnstlerische Videos erstellen.<\/p>\n<p>Viele Anpassungsoptionen stehen direkt in der App zur Verf\u00fcgung:<\/p>\n<ul>\n<li>Einstellung der Rotationsgeschwindigkeit<\/li>\n<li>Dauer der Aufnahme<\/li>\n<li>Drehwinkel<\/li>\n<li>Drehrichtung<\/li>\n<li>Anzahl der Zyklen (hin und zur\u00fcck)<\/li>\n<\/ul>\n<p>Mit diesem Modus k\u00f6nnen Sie einzigartige Szenen wie Sonnenunterg\u00e4nge, Stadtlandschaften oder Sternenbewegungen aus originellen und professionellen Perspektiven festhalten.<\/p>\n<h3>Tragbares Design, ideal f\u00fcr die Reise<\/h3>\n<p>Mit einem optimierten Gesamtgewicht und einem kompakten Design ist die Acuter Traverse-Montierung perfekt f\u00fcr den mobilen Einsatz geeignet. Der Montierungskopf wiegt nur <strong>0,82 kg<\/strong>, Das robuste Aluminiumstativ sorgt f\u00fcr Stabilit\u00e4t und Leichtigkeit.<\/p>\n<p>Die <strong>Stativ Acuter T8<\/strong> ist in der H\u00f6he verstellbar von <strong>780 mm bis 1600 mm<\/strong>, Sie k\u00f6nnen sich an alle Beobachtungs- und Aufnahmesituationen anpassen. Das Set wird mit einer <strong>Transportkoffer<\/strong> und eine praktische Tasche, in der ein externer Akku Platz findet.<\/p>\n<p>Die universelle Befestigung <strong>3\/8\u2033-Gewinde<\/strong> und die <strong>Schwalbenschwanz 45 mm<\/strong> gew\u00e4hrleisten die Kompatibilit\u00e4t mit vielen Ger\u00e4ten.<\/p>\n<h3>Flexible Ern\u00e4hrung und Autonomie<\/h3>\n<p>Die Montierung kann mit <strong>4 AA-Batterien<\/strong> (nicht enthalten) oder \u00fcber eine externe Stromversorgung durch den <strong>USB-C-Anschluss<\/strong>. Diese Flexibilit\u00e4t erm\u00f6glicht einen l\u00e4ngeren Einsatz im Feld, ideal f\u00fcr Beobachtungs- oder Fotosessions im Freien.<\/p>\n<h3>Ein modernes Werkzeug f\u00fcr Astronomen und Kreative<\/h3>\n<p>Die <strong>Acuter Traverse Go-To \/ Time-Lapse Mount<\/strong> ist eine einzigartige Ausr\u00fcstung, die astronomische Beobachtung und visuelle Gestaltung miteinander verbindet. Sie eignet sich sowohl f\u00fcr Anf\u00e4nger als auch f\u00fcr erfahrene Nutzer, die eine kompakte, vernetzte und vielseitige L\u00f6sung w\u00fcnschen.<\/p>\n<p>Achtung: Das Smartphone ist nicht im Lieferumfang enthalten und dieses Produkt ist nicht f\u00fcr die Verwendung mit herk\u00f6mmlichen Kameras gedacht.<\/p>\n<h3>Technische Daten<\/h3>\n<table border=\"1\" cellspacing=\"0\" cellpadding=\"6\">\n<tbody>\n<tr>\n<th>Spezifikation<\/th>\n<th>Detail<\/th>\n<\/tr>\n<tr>\n<td>Typ<\/td>\n<td>Alt-azimutale Go-To \/ Time-Lapse-Fassung<\/td>\n<\/tr>\n<tr>\n<td>Maximale Belastung<\/td>\n<td>2,5 kg<\/td>\n<\/tr>\n<tr>\n<td>Datenbank<\/td>\n<td>11.000+ Gegenst\u00e4nde<\/td>\n<\/tr>\n<tr>\n<td>Ausrichtung<\/td>\n<td>1, 2 oder 3 Sterne<\/td>\n<\/tr>\n<tr>\n<td>Konnektivit\u00e4t<\/td>\n<td>Wi-Fi und Bluetooth<\/td>\n<\/tr>\n<tr>\n<td>Anwendungen<\/td>\n<td>Acuter Sky \/ Acuter Landscape<\/td>\n<\/tr>\n<tr>\n<td>Kompatible Systeme<\/td>\n<td>iOS, Android, MacOS<\/td>\n<\/tr>\n<tr>\n<td>Motor<\/td>\n<td>DC Servo<\/td>\n<\/tr>\n<tr>\n<td>Ern\u00e4hrung<\/td>\n<td>4 AA- oder USB-C-Batterien (5V-6,5V, 1A)<\/td>\n<\/tr>\n<tr>\n<td>H\u00f6he des Stativs<\/td>\n<td>780 mm bis 1600 mm<\/td>\n<\/tr>\n<tr>\n<td>Gewicht Kopf<\/td>\n<td>0,82 kg<\/td>\n<\/tr>\n<tr>\n<td>Gewicht Stativ<\/td>\n<td>1,3 kg<\/td>\n<\/tr>\n<tr>\n<td>Smartphone-Kompatibilit\u00e4t<\/td>\n<td>55 mm bis 85 mm<\/td>\n<\/tr>\n<tr>\n<td>Befestigung<\/td>\n<td>3\/8\u2033-Gewinde + Schwalbenschwanz 45 mm<\/td>\n<\/tr>\n<\/tbody>\n<\/table>\n<p>Die <strong>Acuter Traverse<\/strong> ist eine innovative Komplettl\u00f6sung, mit der Sie den Himmel erkunden und spektakul\u00e4re Bilder aufnehmen k\u00f6nnen, egal wo Sie sich befinden.<\/p>","protected":false},"excerpt":{"rendered":"<p>&nbsp; Acuter Traverse Go-To \/ Monture pour Time-Laps \u2013 Monture intelligente portable pour astronomie et cr\u00e9ation visuelle La Acuter Traverse Go-To \/ Time-Lapse Mount (Lifestyle Outfit) est une monture innovante et polyvalente con\u00e7ue pour les passionn\u00e9s d\u2019astronomie et de photographie cr\u00e9ative. Compacte, l\u00e9g\u00e8re et enti\u00e8rement connect\u00e9e, elle permet \u00e0 la fois de piloter un t\u00e9lescope [&hellip;]<\/p>\n","protected":false},"featured_media":14472,"comment_status":"open","ping_status":"closed","template":"","meta":[],"product_brand":[849],"product_cat":[20,759,765],"product_tag":[],"class_list":{"0":"post-14471","1":"product","2":"type-product","3":"status-publish","4":"has-post-thumbnail","6":"product_brand-acuter","7":"product_cat-montures","8":"product_cat-alt-azimutales","9":"product_cat-ultra-portables","11":"first","12":"on_supplier","13":"taxable","14":"shipping-taxable","15":"purchasable","16":"product-type-simple"},"_links":{"self":[{"href":"https:\/\/deep-space-astronomy.ch\/de\/wp-json\/wp\/v2\/product\/14471","targetHints":{"allow":["GET"]}}],"collection":[{"href":"https:\/\/deep-space-astronomy.ch\/de\/wp-json\/wp\/v2\/product"}],"about":[{"href":"https:\/\/deep-space-astronomy.ch\/de\/wp-json\/wp\/v2\/types\/product"}],"replies":[{"embeddable":true,"href":"https:\/\/deep-space-astronomy.ch\/de\/wp-json\/wp\/v2\/comments?post=14471"}],"wp:featuredmedia":[{"embeddable":true,"href":"https:\/\/deep-space-astronomy.ch\/de\/wp-json\/wp\/v2\/media\/14472"}],"wp:attachment":[{"href":"https:\/\/deep-space-astronomy.ch\/de\/wp-json\/wp\/v2\/media?parent=14471"}],"wp:term":[{"taxonomy":"product_brand","embeddable":true,"href":"https:\/\/deep-space-astronomy.ch\/de\/wp-json\/wp\/v2\/product_brand?post=14471"},{"taxonomy":"product_cat","embeddable":true,"href":"https:\/\/deep-space-astronomy.ch\/de\/wp-json\/wp\/v2\/product_cat?post=14471"},{"taxonomy":"product_tag","embeddable":true,"href":"https:\/\/deep-space-astronomy.ch\/de\/wp-json\/wp\/v2\/product_tag?post=14471"}],"curies":[{"name":"wp","href":"https:\/\/api.w.org\/{rel}","templated":true}]}}