{"id":14474,"date":"2026-04-02T20:35:00","date_gmt":"2026-04-02T18:35:00","guid":{"rendered":"https:\/\/deep-space-astronomy.ch\/?post_type=product&#038;p=14474"},"modified":"2026-04-02T20:35:14","modified_gmt":"2026-04-02T18:35:14","slug":"telescope-acuter-voyager-mak90-fast","status":"publish","type":"product","link":"https:\/\/deep-space-astronomy.ch\/de\/produkt\/telescope-acuter-voyager-mak90-fast\/","title":{"rendered":"Acuter Voyager-Teleskop MAK90-FAST"},"content":{"rendered":"<p>&nbsp;<\/p>\n<h3>Acuter Voyager MAK90-FAST Teleskop: kompakte Leistung und Vielseitigkeit<\/h3>\n<p>Die Marke Acuter hat sich mit ihren innovativen, zuverl\u00e4ssigen und leistungsstarken Instrumenten als weltweite Referenz im Bereich der Amateur- und Bildungsastronomie etabliert. Der <strong>Acuter Voyager MAK90-FAST<\/strong> bildet hier keine Ausnahme und zeichnet sich als kompaktes, leistungsstarkes und \u00e4u\u00dferst vielseitiges Teleskop aus. Es wurde entwickelt, um die Bed\u00fcrfnisse von Astronomie-Enthusiasten und Naturbeobachtern gleicherma\u00dfen zu erf\u00fcllen, und vereint optische Qualit\u00e4t, Benutzerfreundlichkeit und Transportierbarkeit.<\/p>\n<p>Mit einem Durchmesser von 90 mm und basierend auf einem Maksutov-Cassegrain-Optikdesign bietet dieses Teleskop eine hervorragende Aufl\u00f6sung und einen bemerkenswerten Kontrast. Es eignet sich besonders f\u00fcr die Beobachtung von Doppelsternen, Details auf der Mondoberfl\u00e4che sowie von hellen Planeten. Dank seines aufgerichteten und perfekt korrigierten Bildes kann es auch f\u00fcr terrestrische Beobachtungen verwendet werden, sei es f\u00fcr Landschafts- und Tierbeobachtungen oder f\u00fcr Sportsch\u00fctzen.<\/p>\n<p>Eine der gr\u00f6\u00dften St\u00e4rken des MAK90-FAST ist sein innovatives Fokussierungssystem. Im Gegensatz zu herk\u00f6mmlichen Systemen mit Drehrad verf\u00fcgt dieses Modell \u00fcber einen integrierten <strong>fokussierer mit friktionsantrieb<\/strong> mit doppelter Steuerung. Dieses patentierte System erm\u00f6glicht eine schnelle, fl\u00fcssige und pr\u00e4zise Einstellung. Es wird von einer Anzeige f\u00fcr die Fokussierungsentfernung begleitet, die deutlich die optimalen Positionen f\u00fcr Entfernungen von 8 Metern, 17 Metern und unendlich anzeigt. Diese Innovation macht das Scharfstellen besonders intuitiv und schnell, selbst f\u00fcr Anf\u00e4nger.<\/p>\n<p>Das optische System verf\u00fcgt \u00fcber eine Mehrschichtverg\u00fctung, die die Lichtdurchl\u00e4ssigkeit optimiert und so den Kontrast und die Sch\u00e4rfe der Bilder verbessert. Mit einer Brennweite von 1170 mm (f\/13) ist dieses Teleskop ideal f\u00fcr detaillierte Beobachtungen bei hoher Vergr\u00f6\u00dferung. Das mitgelieferte 20-mm-Okular erm\u00f6glicht eine 58,5-fache Vergr\u00f6\u00dferung mit einem breiten scheinbaren Feld von 70\u00b0 und bietet so ein immersives und komfortables Erlebnis.<\/p>\n<p>Auch der Voyager MAK90-FAST ist auf Mobilit\u00e4t ausgelegt. Er ist kompakt und leicht (nur 1,9 kg) und l\u00e4sst sich dank des mitgelieferten Transportkoffers problemlos transportieren. Ob f\u00fcr einen spontanen n\u00e4chtlichen Ausflug oder eine Reise, er l\u00e4sst sich ohne Einschr\u00e4nkungen \u00fcberall hin mitnehmen. Dank seiner kompakten L\u00e4nge ist es besonders praktisch f\u00fcr den Einsatz im Gel\u00e4nde.<\/p>\n<p>Dieses Teleskop wird mit einem kompletten Zubeh\u00f6rpaket geliefert, damit Sie es sofort einsetzen k\u00f6nnen :<\/p>\n<ul>\n<li>Ein 20-mm-Weitwinkelokular (1,25\u2033)<\/li>\n<li>Ein gleichgerichteter 6\u00d721-Sucher f\u00fcr eine einfache Markierung<\/li>\n<li>Ein gleichrichtendes 90\u00b0-Diagonalprisma mit Phasenverarbeitung<\/li>\n<li>Ein universeller Smartphone-Adapter, um Ihre Beobachtungen festzuhalten<\/li>\n<li>Ein robuster Transportkoffer<\/li>\n<\/ul>\n<p>Mit dem Smartphone-Adapter k\u00f6nnen Sie Ihre Beobachtungen am Himmel und auf der Erde ganz einfach festhalten. Befestigen Sie einfach Ihr Telefon, um den Mond, Landschaften oder weit entfernte Objekte einzufangen. Das macht ihn zu einem hervorragenden Lehrmittel und einem idealen Begleiter, um Ihre Entdeckungen mit anderen zu teilen.<\/p>\n<p>Schlie\u00dflich ist das Teleskop dank seiner Kompatibilit\u00e4t mit 1,25\u2033-Standardokularen skalierbar, sodass Sie die Vergr\u00f6\u00dferungen erh\u00f6hen und Ihre Erfahrung nach Bedarf anpassen k\u00f6nnen. Es verf\u00fcgt au\u00dferdem \u00fcber eine 45-mm-Schwalbenschwanzstange, die eine einfache Montage an verschiedenen Halterungen erm\u00f6glicht.<\/p>\n<h3>Technische Daten zum Acuter Voyager MAK90-FAST<\/h3>\n<table border=\"1\" cellspacing=\"0\" cellpadding=\"8\">\n<tbody>\n<tr>\n<th>Merkmal<\/th>\n<th>Detail<\/th>\n<\/tr>\n<tr>\n<td>Typ<\/td>\n<td>Maksutov-Cassegrain<\/td>\n<\/tr>\n<tr>\n<td>Durchmesser<\/td>\n<td>90 mm<\/td>\n<\/tr>\n<tr>\n<td>Brennweite<\/td>\n<td>1170 mm (f\/13)<\/td>\n<\/tr>\n<tr>\n<td>Gelieferte Vergr\u00f6\u00dferung<\/td>\n<td>58,5x<\/td>\n<\/tr>\n<tr>\n<td>Maximale nutzbare Vergr\u00f6\u00dferung<\/td>\n<td>180x<\/td>\n<\/tr>\n<tr>\n<td>Inklusive Okular<\/td>\n<td>20 mm - 70\u00b0 (1,25\u2033)<\/td>\n<\/tr>\n<tr>\n<td>Abgewinkelte Umlenkung<\/td>\n<td>90\u00b0 Gleichrichter mit Phasenbehandlung<\/td>\n<\/tr>\n<tr>\n<td>Forscher<\/td>\n<td>6\u00d721 begradigt<\/td>\n<\/tr>\n<tr>\n<td>Fokussieren<\/td>\n<td>Durch Verschieben des Hauptspiegels mit Friktionssystem<\/td>\n<\/tr>\n<tr>\n<td>Anzeige der Fokussierung<\/td>\n<td>Ja (8 m, 17 m, unendlich)<\/td>\n<\/tr>\n<tr>\n<td>Befestigung<\/td>\n<td>Schwalbenschwanz 45 mm<\/td>\n<\/tr>\n<tr>\n<td>OTA-L\u00e4nge<\/td>\n<td>380 mm<\/td>\n<\/tr>\n<tr>\n<td>OTA-Gewicht<\/td>\n<td>1,9 kg<\/td>\n<\/tr>\n<tr>\n<td>Inklusive Zubeh\u00f6r<\/td>\n<td>Smartphone-Adapter, Koffer, St\u00f6psel<\/td>\n<\/tr>\n<\/tbody>\n<\/table>\n<p>Zusammenfassend l\u00e4sst sich sagen, dass der <strong>Acuter Voyager MAK90-FAST<\/strong> ist ein komplettes, modernes und leistungsstarkes Teleskop, das sowohl f\u00fcr Anf\u00e4nger als auch f\u00fcr fortgeschrittene Astronomen, die ein kompaktes Instrument suchen, perfekt geeignet ist. Seine Vielseitigkeit, das innovative Fokussierungssystem und die optische Qualit\u00e4t machen es zu einer ausgezeichneten Wahl, um sowohl den Himmel als auch die Erde zu erforschen.<\/p>","protected":false},"excerpt":{"rendered":"<p>&nbsp; T\u00e9lescope Acuter Voyager MAK90-FAST : performance compacte et polyvalence La marque Acuter s\u2019impose comme une r\u00e9f\u00e9rence mondiale dans le domaine de l\u2019astronomie amateur et \u00e9ducative gr\u00e2ce \u00e0 ses instruments innovants, fiables et performants. Le Acuter Voyager MAK90-FAST ne fait pas exception \u00e0 la r\u00e8gle et se distingue comme un t\u00e9lescope compact, puissant et extr\u00eamement [&hellip;]<\/p>\n","protected":false},"featured_media":14475,"comment_status":"open","ping_status":"closed","template":"","meta":[],"product_brand":[849],"product_cat":[392,752],"product_tag":[],"class_list":{"0":"post-14474","1":"product","2":"type-product","3":"status-publish","4":"has-post-thumbnail","6":"product_brand-acuter","7":"product_cat-telescopes_reflecteurs","8":"product_cat-maksutov-cassegrain","10":"first","11":"on_supplier","12":"taxable","13":"shipping-taxable","14":"purchasable","15":"product-type-simple"},"_links":{"self":[{"href":"https:\/\/deep-space-astronomy.ch\/de\/wp-json\/wp\/v2\/product\/14474","targetHints":{"allow":["GET"]}}],"collection":[{"href":"https:\/\/deep-space-astronomy.ch\/de\/wp-json\/wp\/v2\/product"}],"about":[{"href":"https:\/\/deep-space-astronomy.ch\/de\/wp-json\/wp\/v2\/types\/product"}],"replies":[{"embeddable":true,"href":"https:\/\/deep-space-astronomy.ch\/de\/wp-json\/wp\/v2\/comments?post=14474"}],"wp:featuredmedia":[{"embeddable":true,"href":"https:\/\/deep-space-astronomy.ch\/de\/wp-json\/wp\/v2\/media\/14475"}],"wp:attachment":[{"href":"https:\/\/deep-space-astronomy.ch\/de\/wp-json\/wp\/v2\/media?parent=14474"}],"wp:term":[{"taxonomy":"product_brand","embeddable":true,"href":"https:\/\/deep-space-astronomy.ch\/de\/wp-json\/wp\/v2\/product_brand?post=14474"},{"taxonomy":"product_cat","embeddable":true,"href":"https:\/\/deep-space-astronomy.ch\/de\/wp-json\/wp\/v2\/product_cat?post=14474"},{"taxonomy":"product_tag","embeddable":true,"href":"https:\/\/deep-space-astronomy.ch\/de\/wp-json\/wp\/v2\/product_tag?post=14474"}],"curies":[{"name":"wp","href":"https:\/\/api.w.org\/{rel}","templated":true}]}}