{"id":14477,"date":"2026-04-02T20:50:20","date_gmt":"2026-04-02T18:50:20","guid":{"rendered":"https:\/\/deep-space-astronomy.ch\/?post_type=product&#038;p=14477"},"modified":"2026-04-02T20:50:42","modified_gmt":"2026-04-02T18:50:42","slug":"telescope-acuter-voyager-mak127-fast","status":"publish","type":"product","link":"https:\/\/deep-space-astronomy.ch\/de\/produkt\/telescope-acuter-voyager-mak127-fast\/","title":{"rendered":"Acuter Voyager-Teleskop MAK127-FAST"},"content":{"rendered":"<p data-rm-block-id=\"block-1\">\n<h3 data-rm-block-id=\"block-2\">Acuter Voyager MAK127-FAST Teleskop: Leistung, Pr\u00e4zision und Innovation<\/h3>\n<p data-rm-block-id=\"block-3\">Die Marke Acuter ist weltweit f\u00fcr ihre innovativen und hochwertigen Astronomieinstrumente bekannt, die sowohl f\u00fcr den Amateur- als auch f\u00fcr den Bildungsbereich bestimmt sind. Die <strong>Acuter Voyager MAK127-FAST<\/strong> verk\u00f6rpert diese Philosophie perfekt, indem es ein leistungsstarkes, vielseitiges Maksutov-Cassegrain-Teleskop mit modernen Technologien f\u00fcr ein optimales Beobachtungserlebnis bietet.<\/p>\n<p data-rm-block-id=\"block-4\">Mit seiner gro\u00dfz\u00fcgigen \u00d6ffnung von 127 mm bietet dieses Teleskop eine hervorragende Leistung bei der Beobachtung von Doppelsternen, feinen Details auf der Mondoberfl\u00e4che und hellen Planeten. Sein langbrennweitiges optisches System mit einer Brennweite von 1359 mm (f\/10,7) sorgt f\u00fcr detailreiche, kontrastreiche und gestochen scharfe Bilder. Die auf die Optik angewandte Broadband-Mehrschichtverg\u00fctung maximiert die Lichtdurchl\u00e4ssigkeit und verbessert die visuelle Qualit\u00e4t erheblich.<\/p>\n<p data-rm-block-id=\"block-5\">Eine der wichtigsten Innovationen dieses Modells ist sein revolution\u00e4res Fokussierungssystem. Das <strong>fokussierer mit friktionsantrieb<\/strong>, Das patentierte System ersetzt die herk\u00f6mmlichen Drehr\u00e4der. Dieses System verwendet eine Doppelsteuerung, die eine schnelle, reibungslose und pr\u00e4zise Einstellung durch Bewegen des Hauptspiegels erm\u00f6glicht. Erg\u00e4nzt wird es durch eine praktische Fokusentfernungsanzeige, die die idealen Positionen f\u00fcr Entfernungen von 16 Metern, 32 Metern und Unendlich anzeigt. Diese Technologie gew\u00e4hrleistet eine schnelle und m\u00fchelose Fokussierung, die ideal f\u00fcr Beobachtungen vor Ort ist.<\/p>\n<p data-rm-block-id=\"block-6\">Das Voyager MAK127-FAST wird mit einem kompletten Satz hochwertiger Zubeh\u00f6rteile geliefert, die einen sofortigen Einsatz erm\u00f6glichen. Es enth\u00e4lt ein 20-mm-Okular mit 68-facher Vergr\u00f6\u00dferung und einem gro\u00dfen scheinbaren Gesichtsfeld von 70\u00b0, das eine optimale Immersion erm\u00f6glicht. Der optische 6\u00d730-Sucher mit aufgerichtetem Bild erleichtert das Auffinden von Himmelsobjekten, w\u00e4hrend der um 90\u00b0 abgewinkelte Umlenkspiegel f\u00fcr erh\u00f6hten Beobachtungskomfort sorgt.<\/p>\n<p data-rm-block-id=\"block-7\">Dieses Modell ist auch f\u00fcr die Fotografie konzipiert. Mit dem mitgelieferten Universal-Smartphone-Adapter k\u00f6nnen Sie ganz einfach Bilder vom Mond, von Planeten oder sogar von Landschaften auf der Erde aufnehmen. Dieses Zubeh\u00f6r verwandelt das Teleskop in ein vielseitiges Werkzeug, das ideal ist, um Ihre Beobachtungen mit anderen zu teilen und Fortschritte in der Astrofotografie zu machen.<\/p>\n<p data-rm-block-id=\"block-8\">Das MAK127-FAST ist skalierbar und kompatibel mit 1,25\u2033-Standardokularen, sodass Sie die Vergr\u00f6\u00dferungen je nach Bedarf erh\u00f6hen k\u00f6nnen. Es wird auch mit einem 2\u2033 auf 1,25\u2033 Adapter geliefert, der die M\u00f6glichkeit bietet, eine 2\u2033 Winkelumlenkung (optional) f\u00fcr noch mehr Flexibilit\u00e4t zu installieren. Die 45-mm-Schwalbenschwanzstange erm\u00f6glicht eine einfache Montage an verschiedenen Fassungen.<\/p>\n<p data-rm-block-id=\"block-9\">Trotz seiner hohen Leistung bleibt dieses Teleskop dank seines kompakten Designs und des im Lieferumfang enthaltenen Transportkoffers transportabel. Mit einem Gewicht von 4,3 kg bleibt es leicht zu handhaben und zu bewegen, was es zu einem ausgezeichneten Begleiter f\u00fcr Beobachtungen im Freien macht.<\/p>\n<p data-rm-block-id=\"block-10\">Das Maksutov-Cassegrain-Design hat seinen Namen von <strong>Dmitri Maksutov<\/strong>, Ein russischer Optiker und Astronom, der dieses Konzept 1941 einf\u00fchrte. Dieses Design ist f\u00fcr seine Kompaktheit, Robustheit und au\u00dfergew\u00f6hnliche Bildqualit\u00e4t bekannt.<\/p>\n<h3 data-rm-block-id=\"block-11\">Technische Daten zum Acuter Voyager MAK127-FAST<\/h3>\n<table border=\"1\" cellspacing=\"0\" cellpadding=\"8\">\n<tbody>\n<tr>\n<th data-rm-block-id=\"block-12\">Merkmal<\/th>\n<th data-rm-block-id=\"block-13\">Detail<\/th>\n<\/tr>\n<tr>\n<td data-rm-block-id=\"block-14\">Typ<\/td>\n<td data-rm-block-id=\"block-15\">Maksutov-Cassegrain<\/td>\n<\/tr>\n<tr>\n<td data-rm-block-id=\"block-16\">Durchmesser<\/td>\n<td data-rm-block-id=\"block-17\">127 mm<\/td>\n<\/tr>\n<tr>\n<td data-rm-block-id=\"block-18\">Brennweite<\/td>\n<td data-rm-block-id=\"block-19\">1359 mm (f\/10,7)<\/td>\n<\/tr>\n<tr>\n<td data-rm-block-id=\"block-20\">Gelieferte Vergr\u00f6\u00dferung<\/td>\n<td data-rm-block-id=\"block-21\">68x<\/td>\n<\/tr>\n<tr>\n<td data-rm-block-id=\"block-22\">Maximale nutzbare Vergr\u00f6\u00dferung<\/td>\n<td data-rm-block-id=\"block-23\">254x<\/td>\n<\/tr>\n<tr>\n<td data-rm-block-id=\"block-24\">Inklusive Okular<\/td>\n<td data-rm-block-id=\"block-25\">20 mm - 70\u00b0 (1,25\u2033)<\/td>\n<\/tr>\n<tr>\n<td data-rm-block-id=\"block-26\">Abgewinkelte Umlenkung<\/td>\n<td data-rm-block-id=\"block-27\">90\u00b0 Star Diagonal (1,25\u2033)<\/td>\n<\/tr>\n<tr>\n<td data-rm-block-id=\"block-28\">Adapter<\/td>\n<td data-rm-block-id=\"block-29\">2\u2033 zu 1,25\u2033 einschlie\u00dflich<\/td>\n<\/tr>\n<tr>\n<td data-rm-block-id=\"block-30\">Forscher<\/td>\n<td data-rm-block-id=\"block-31\">6\u00d730 aufgerichtet<\/td>\n<\/tr>\n<tr>\n<td data-rm-block-id=\"block-32\">Fokussieren<\/td>\n<td data-rm-block-id=\"block-33\">Durch Verschieben des Hauptspiegels mit Friktionssystem<\/td>\n<\/tr>\n<tr>\n<td data-rm-block-id=\"block-34\">Anzeige der Fokussierung<\/td>\n<td data-rm-block-id=\"block-35\">Ja (16 m, 32 m, unendlich)<\/td>\n<\/tr>\n<tr>\n<td data-rm-block-id=\"block-36\">Befestigung<\/td>\n<td data-rm-block-id=\"block-37\">Schwalbenschwanz 45 mm<\/td>\n<\/tr>\n<tr>\n<td data-rm-block-id=\"block-38\">OTA-L\u00e4nge<\/td>\n<td data-rm-block-id=\"block-39\">480 mm<\/td>\n<\/tr>\n<tr>\n<td data-rm-block-id=\"block-40\">OTA-Gewicht<\/td>\n<td data-rm-block-id=\"block-41\">4,3 kg<\/td>\n<\/tr>\n<tr>\n<td data-rm-block-id=\"block-42\">Inklusive Zubeh\u00f6r<\/td>\n<td data-rm-block-id=\"block-43\">Smartphone-Adapter, Koffer, St\u00f6psel<\/td>\n<\/tr>\n<\/tbody>\n<\/table>\n<p data-rm-block-id=\"block-44\">Die <strong>Acuter Voyager MAK127-FAST<\/strong> ist ein leistungsstarkes, modernes Teleskop, das ideal f\u00fcr anspruchsvolle Astronomen ist, die Leistung, Pr\u00e4zision und einfache Bedienung kombinieren m\u00f6chten. Sein innovatives Fokussiersystem, seine optische Qualit\u00e4t und seine Vielseitigkeit machen es zu einer ausgezeichneten Wahl f\u00fcr die Erkundung des Himmels oder um Ihre sch\u00f6nsten Beobachtungen festzuhalten.<\/p>","protected":false},"excerpt":{"rendered":"<p>T\u00e9lescope Acuter Voyager MAK127-FAST : puissance, pr\u00e9cision et innovation La marque Acuter est reconnue \u00e0 l\u2019\u00e9chelle mondiale pour ses instruments d\u2019astronomie innovants et de haute qualit\u00e9, destin\u00e9s aussi bien aux amateurs qu\u2019\u00e0 un usage \u00e9ducatif. Le Acuter Voyager MAK127-FAST incarne parfaitement cette philosophie en proposant un t\u00e9lescope Maksutov-Cassegrain puissant, polyvalent et dot\u00e9 de technologies modernes [&hellip;]<\/p>\n","protected":false},"featured_media":14478,"comment_status":"open","ping_status":"closed","template":"","meta":[],"product_brand":[849],"product_cat":[392,752],"product_tag":[],"class_list":{"0":"post-14477","1":"product","2":"type-product","3":"status-publish","4":"has-post-thumbnail","6":"product_brand-acuter","7":"product_cat-telescopes_reflecteurs","8":"product_cat-maksutov-cassegrain","10":"first","11":"on_supplier","12":"taxable","13":"shipping-taxable","14":"purchasable","15":"product-type-simple"},"_links":{"self":[{"href":"https:\/\/deep-space-astronomy.ch\/de\/wp-json\/wp\/v2\/product\/14477","targetHints":{"allow":["GET"]}}],"collection":[{"href":"https:\/\/deep-space-astronomy.ch\/de\/wp-json\/wp\/v2\/product"}],"about":[{"href":"https:\/\/deep-space-astronomy.ch\/de\/wp-json\/wp\/v2\/types\/product"}],"replies":[{"embeddable":true,"href":"https:\/\/deep-space-astronomy.ch\/de\/wp-json\/wp\/v2\/comments?post=14477"}],"wp:featuredmedia":[{"embeddable":true,"href":"https:\/\/deep-space-astronomy.ch\/de\/wp-json\/wp\/v2\/media\/14478"}],"wp:attachment":[{"href":"https:\/\/deep-space-astronomy.ch\/de\/wp-json\/wp\/v2\/media?parent=14477"}],"wp:term":[{"taxonomy":"product_brand","embeddable":true,"href":"https:\/\/deep-space-astronomy.ch\/de\/wp-json\/wp\/v2\/product_brand?post=14477"},{"taxonomy":"product_cat","embeddable":true,"href":"https:\/\/deep-space-astronomy.ch\/de\/wp-json\/wp\/v2\/product_cat?post=14477"},{"taxonomy":"product_tag","embeddable":true,"href":"https:\/\/deep-space-astronomy.ch\/de\/wp-json\/wp\/v2\/product_tag?post=14477"}],"curies":[{"name":"wp","href":"https:\/\/api.w.org\/{rel}","templated":true}]}}