{"id":14480,"date":"2026-04-02T21:16:02","date_gmt":"2026-04-02T19:16:02","guid":{"rendered":"https:\/\/deep-space-astronomy.ch\/?post_type=product&#038;p=14480"},"modified":"2026-04-02T21:16:16","modified_gmt":"2026-04-02T19:16:16","slug":"monture-acuter-traverse-pro-go-to","status":"publish","type":"product","link":"https:\/\/deep-space-astronomy.ch\/de\/produkt\/monture-acuter-traverse-pro-go-to\/","title":{"rendered":"Acuter Traverse PRO Go-To-Rahmen"},"content":{"rendered":"<p>&nbsp;<\/p>\n<h3>Acuter Traverse PRO Go-To Brillengestell: Pr\u00e4zision, Mobilit\u00e4t und intelligente Steuerung<\/h3>\n<p>Die Marke Acuter ist bekannt f\u00fcr ihre innovativen und hochwertigen Produkte, die der Amateurastronomie und dem Bildungsbereich gewidmet sind. Die <strong>Acuter Traverse PRO Go-To Mount &amp; Tripod<\/strong> passt perfekt zu dieser Philosophie und bietet eine kompakte, leistungsstarke, motorisierte Altazimutmontierung, die sowohl f\u00fcr Anf\u00e4nger als auch f\u00fcr erfahrene Astronomen ideal ist.<\/p>\n<p>Diese computergesteuerte Go-To-Montierung wurde als tragbare und effiziente L\u00f6sung konzipiert und erm\u00f6glicht es Ihnen, Tausende von Himmelsobjekten ganz einfach automatisch anzupeilen. Sie ist leise im Betrieb und eine hervorragende \u00abGrab-and-Go\u00bb-Option, die sich perfekt f\u00fcr schnelle Beobachtungssessions eignet, ohne Kompromisse bei der Genauigkeit eingehen zu m\u00fcssen.<\/p>\n<p>Die Traverse PRO zeichnet sich durch eine Tragf\u00e4higkeit von <strong>5 kg<\/strong>, Das ist doppelt so viel wie bei der vorherigen Version. Diese Verbesserung erm\u00f6glicht die Aufnahme gr\u00f6\u00dferer optischer Tuben und bietet somit eine gr\u00f6\u00dfere Vielseitigkeit bei der Auswahl Ihrer Ausr\u00fcstung. Die Montierung wird mit einem robusten Stativ aus rostfreiem Stahl geliefert, das \u00fcber ausziehbare Beine mit zwei Abschnitten und eine Zubeh\u00f6rplatte verf\u00fcgt, die eine hervorragende Stabilit\u00e4t im Gel\u00e4nde gew\u00e4hrleisten.<\/p>\n<p>Dank seiner Verbindungen <strong>Bluetooth und Wi-Fi integriert<\/strong>, kann das Gestell drahtlos \u00fcber ein Smartphone oder einen Tablet-PC gesteuert werden. Die kostenlose App <strong>Acuter Sky<\/strong>, ist f\u00fcr iOS, Android und sogar macOS erh\u00e4ltlich und erm\u00f6glicht eine vollst\u00e4ndige Kontrolle \u00fcber die Montierung. Sobald Sie Ihre Koordinaten eingegeben und die Ausrichtung (1, 2 oder 3 Sterne) vorgenommen haben, k\u00f6nnen Sie auf eine beeindruckende Datenbank mit \u00fcber 11.000 Himmelsobjekten zugreifen und automatisch die Ausrichtung auf das Ziel Ihrer Wahl starten.<\/p>\n<p>Die intuitive Benutzeroberfl\u00e4che der Anwendung erleichtert die Navigation und die Auswahl von Objekten erheblich und macht die Erkundung des Himmels f\u00fcr jedermann zug\u00e4nglich. Diese Go-To-Technologie spart nicht nur Zeit, sondern macht es auch einfach, neue Himmelsobjekte zu entdecken, selbst wenn Sie keine tiefgreifenden astronomischen Kenntnisse haben.<\/p>\n<p>Die Montierung ist mit Gleichstrommotoren (DC Servo Motor) ausgestattet, die eine pr\u00e4zise und fl\u00fcssige Nachf\u00fchrung mit einer Aufl\u00f6sung von 0,676 Winkelsekunden gew\u00e4hrleisten. Das Schnecken- und Zahnradantriebssystem garantiert eine hervorragende Nachf\u00fchrgenauigkeit. Kupplungen an der H\u00f6hen- und Azimutachse erm\u00f6glichen bei Bedarf auch schnelle manuelle Anpassungen.<\/p>\n<p>In Bezug auf die Stromversorgung bietet die Traverse PRO eine gro\u00dfe Flexibilit\u00e4t. Sie kann \u00fcber ein Batteriepaket (8 x AA, nicht im Lieferumfang enthalten), eine Powerbank mit mitgeliefertem 12-V-Boosterkabel oder ein externes, geregeltes 12-V-Netzteil betrieben werden. Eine spezielle Halterung f\u00fcr externe Batterien ist ebenfalls im Lieferumfang enthalten und erleichtert die saubere und praktische Installation vor Ort.<\/p>\n<p>Der Montierungskopf ist kompakt und leicht und wiegt nur 1,2 kg, w\u00e4hrend das Stativ ein Gewicht von 2,7 kg aufweist. Mit einer einstellbaren H\u00f6he von 870 mm bis 1340 mm passt er sich an alle Beobachtungssituationen an. Dank seiner geringen Gr\u00f6\u00dfe l\u00e4sst es sich leicht transportieren und aufstellen.<\/p>\n<h3>Technische Daten des Acuter Traverse PRO Go-To<\/h3>\n<table border=\"1\" cellspacing=\"0\" cellpadding=\"8\">\n<tbody>\n<tr>\n<th>Merkmal<\/th>\n<th>Detail<\/th>\n<\/tr>\n<tr>\n<td>Typ<\/td>\n<td>Alt-Azimutale Go-To motorisierte Fassung<\/td>\n<\/tr>\n<tr>\n<td>Tragf\u00e4higkeit<\/td>\n<td>5 kg<\/td>\n<\/tr>\n<tr>\n<td>Kompatibilit\u00e4t<\/td>\n<td>Schwalbenschwanz 45 mm<\/td>\n<\/tr>\n<tr>\n<td>Kontrolle<\/td>\n<td>Acuter Sky App (iOS, Android, macOS)<\/td>\n<\/tr>\n<tr>\n<td>Datenbank<\/td>\n<td>11.000+ Himmelsobjekte<\/td>\n<\/tr>\n<tr>\n<td>Ausrichtungsmethode<\/td>\n<td>1, 2 oder 3 Sterne<\/td>\n<\/tr>\n<tr>\n<td>Konnektivit\u00e4t<\/td>\n<td>Integriertes Wi-Fi und Bluetooth<\/td>\n<\/tr>\n<tr>\n<td>Motor<\/td>\n<td>DC Servo Motor<\/td>\n<\/tr>\n<tr>\n<td>Aufl\u00f6sung<\/td>\n<td>0,676 Bogensekunden<\/td>\n<\/tr>\n<tr>\n<td>\u00dcbertragung<\/td>\n<td>Schnecke und Zahnrad<\/td>\n<\/tr>\n<tr>\n<td>Ports<\/td>\n<td>USB-C, SNAP<\/td>\n<\/tr>\n<tr>\n<td>Ern\u00e4hrung<\/td>\n<td>12V DC \/ Batteriepack \/ Power bank<\/td>\n<\/tr>\n<tr>\n<td>Stativ<\/td>\n<td>Acuter T10 Edelstahl, ausziehbare Beine<\/td>\n<\/tr>\n<tr>\n<td>H\u00f6he min \/ max<\/td>\n<td>870 mm \/ 1340 mm<\/td>\n<\/tr>\n<tr>\n<td>Gewicht Kopf<\/td>\n<td>1,2 kg<\/td>\n<\/tr>\n<tr>\n<td>Gewicht Stativ<\/td>\n<td>2,7 kg<\/td>\n<\/tr>\n<\/tbody>\n<\/table>\n<p>Die <strong>Acuter Traverse PRO Go-To<\/strong> ist eine moderne, zuverl\u00e4ssige und intuitive Montierung, die alle Astronomiefans ansprechen wird, die ein leistungsstarkes, tragbares und einfach zu bedienendes System suchen. Sie ist die ideale L\u00f6sung, um den Himmel einfach und mit maximalem Komfort und Genauigkeit zu erkunden.<\/p>","protected":false},"excerpt":{"rendered":"<p>&nbsp; Monture Acuter Traverse PRO Go-To : pr\u00e9cision, mobilit\u00e9 et contr\u00f4le intelligent La marque Acuter est reconnue pour ses produits innovants et de haute qualit\u00e9 d\u00e9di\u00e9s \u00e0 l\u2019astronomie amateur et \u00e0 l\u2019\u00e9ducation. La Acuter Traverse PRO Go-To Mount &amp; Tripod s\u2019inscrit parfaitement dans cette philosophie en proposant une monture alt-azimutale motoris\u00e9e, compacte et performante, id\u00e9ale [&hellip;]<\/p>\n","protected":false},"featured_media":14481,"comment_status":"open","ping_status":"closed","template":"","meta":[],"product_brand":[822],"product_cat":[20,759],"product_tag":[],"class_list":{"0":"post-14480","1":"product","2":"type-product","3":"status-publish","4":"has-post-thumbnail","6":"product_brand-sky-watcher","7":"product_cat-montures","8":"product_cat-alt-azimutales","10":"first","11":"on_supplier","12":"taxable","13":"shipping-taxable","14":"purchasable","15":"product-type-simple"},"_links":{"self":[{"href":"https:\/\/deep-space-astronomy.ch\/de\/wp-json\/wp\/v2\/product\/14480","targetHints":{"allow":["GET"]}}],"collection":[{"href":"https:\/\/deep-space-astronomy.ch\/de\/wp-json\/wp\/v2\/product"}],"about":[{"href":"https:\/\/deep-space-astronomy.ch\/de\/wp-json\/wp\/v2\/types\/product"}],"replies":[{"embeddable":true,"href":"https:\/\/deep-space-astronomy.ch\/de\/wp-json\/wp\/v2\/comments?post=14480"}],"wp:featuredmedia":[{"embeddable":true,"href":"https:\/\/deep-space-astronomy.ch\/de\/wp-json\/wp\/v2\/media\/14481"}],"wp:attachment":[{"href":"https:\/\/deep-space-astronomy.ch\/de\/wp-json\/wp\/v2\/media?parent=14480"}],"wp:term":[{"taxonomy":"product_brand","embeddable":true,"href":"https:\/\/deep-space-astronomy.ch\/de\/wp-json\/wp\/v2\/product_brand?post=14480"},{"taxonomy":"product_cat","embeddable":true,"href":"https:\/\/deep-space-astronomy.ch\/de\/wp-json\/wp\/v2\/product_cat?post=14480"},{"taxonomy":"product_tag","embeddable":true,"href":"https:\/\/deep-space-astronomy.ch\/de\/wp-json\/wp\/v2\/product_tag?post=14480"}],"curies":[{"name":"wp","href":"https:\/\/api.w.org\/{rel}","templated":true}]}}