{"id":14490,"date":"2026-04-02T21:59:00","date_gmt":"2026-04-02T19:59:00","guid":{"rendered":"https:\/\/deep-space-astronomy.ch\/?post_type=product&#038;p=14490"},"modified":"2026-04-02T21:59:22","modified_gmt":"2026-04-02T19:59:22","slug":"telescope-k100-klevtsov-cassegrain","status":"publish","type":"product","link":"https:\/\/deep-space-astronomy.ch\/de\/produkt\/telescope-k100-klevtsov-cassegrain\/","title":{"rendered":"K100 Klevtsov-Cassegrain-Teleskop"},"content":{"rendered":"<p>&nbsp;<\/p>\n<h3>K100 Klevtsov-Cassegrain-Teleskop: Kompaktheit, Pr\u00e4zision und optische Innovation<\/h3>\n<p>Die <strong>Teleskop <\/strong><strong>K100 Klevtsov-Cassegrain<\/strong> ist ein kompaktes, leistungsstarkes Teleskop, das auf eine hervorragende Bildqualit\u00e4t bei gleichzeitig geringen Abmessungen ausgelegt ist. Dank seines ausgekl\u00fcgelten optischen Designs kombiniert es Prim\u00e4r- und Sekund\u00e4rspiegel mit einer Subapertur-Korrekturlinse, wodurch die Brennweite in einen kurzen, leicht transportierbaren Tubus \u201cgefaltet\u201d werden kann.<\/p>\n<p>Mit einem Durchmesser von 100 mm und einer Brennweite von 1000 mm (f\/10) eignet sich dieses Teleskop besonders gut f\u00fcr die Beobachtung von Doppelsternen, Details auf der Mondoberfl\u00e4che und hellen Planeten. Sein optisches Design sorgt f\u00fcr scharfe, kontrastreiche Bilder, die sich ideal f\u00fcr Beobachtungen mit hoher Vergr\u00f6\u00dferung eignen.<\/p>\n<p>Der Prim\u00e4r- und der Sekund\u00e4rspiegel profitieren von einer Behandlung <strong>Radiant\u2122 Aluminum Quarz (RAQ\u2122)<\/strong>, mit einem Reflexionsverm\u00f6gen von bis zu 94 %. Diese Technologie garantiert eine hervorragende Lichtdurchl\u00e4ssigkeit, eine l\u00e4ngere Haltbarkeit und eine gleichbleibende Leistung im Laufe der Zeit.<\/p>\n<p>Die K100 zeichnet sich auch durch ihr innovatives Fokussierungssystem aus. Sie ist mit einem <strong>fokussierer mit friktionsantrieb<\/strong> mit Doppelsteuerung (patentiertes Design), die eine schnelle, fl\u00fcssige und pr\u00e4zise Einstellung durch Bewegen des Hauptspiegels erm\u00f6glicht. Ein eingebauter Indikator f\u00fcr die Fokussierungsentfernung zeigt deutlich die optimalen Positionen f\u00fcr Entfernungen von 8 Metern, 14 Metern und unendlich an. Diese Funktion macht das Fokussieren intuitiv und besonders effektiv, selbst f\u00fcr unerfahrene Benutzer.<\/p>\n<p>Das Teleskop wird mit zwei Okularen (10 mm und 20 mm) geliefert, die eine 50-fache und 100-fache Vergr\u00f6\u00dferung bieten, sowie mit einem 90\u00b0-Winkelumlenker f\u00fcr optimalen Beobachtungskomfort. Der optische Sucher 5\u00d724 erleichtert das Auffinden von Himmelsobjekten und macht die Bedienung einfach und angenehm.<\/p>\n<p>Im Lieferumfang ist ein universeller Smartphone-Adapter enthalten, mit dem Sie ganz einfach Bilder von Ihren Beobachtungen aufnehmen k\u00f6nnen. Er ist mit Smartphones mit einer Breite von 54 bis 90 mm kompatibel und verwandelt dieses Teleskop in ein vielseitiges Werkzeug f\u00fcr die Amateur-Astrofotografie.<\/p>\n<p>Mit einer L\u00e4nge von nur 363 mm und einem Gewicht von ca. 1,68 kg (inkl. Zubeh\u00f6r) ist das K100 kompakt und leicht und somit ideal f\u00fcr mobile Beobachtungen. Er ist mit einer 45 mm langen Schwalbenschwanzstange mit 1\/4\u2033-20 Gewinde ausgestattet, wodurch er mit vielen Fotostativen und Montierungen kompatibel ist.<\/p>\n<p>Dieses Teleskop ist eine ausgezeichnete Wahl f\u00fcr Amateure, die sich ein leistungsstarkes Instrument w\u00fcnschen, das leicht zu transportieren und einfach zu bedienen ist und gleichzeitig von modernen technischen Innovationen profitiert.<\/p>\n<h3>Technische Daten f\u00fcr K100 Klevtsov-Cassegrain<\/h3>\n<table border=\"1\" cellspacing=\"0\" cellpadding=\"8\">\n<tbody>\n<tr>\n<th>Merkmal<\/th>\n<th>Detail<\/th>\n<\/tr>\n<tr>\n<td>Typ<\/td>\n<td>Klevtsov-Cassegrain (katadioptrisch)<\/td>\n<\/tr>\n<tr>\n<td>Durchmesser<\/td>\n<td>100 mm<\/td>\n<\/tr>\n<tr>\n<td>Brennweite<\/td>\n<td>1000 mm (f\/10)<\/td>\n<\/tr>\n<tr>\n<td>Mitgelieferte Vergr\u00f6\u00dferungen<\/td>\n<td>50x und 100x<\/td>\n<\/tr>\n<tr>\n<td>Maximale nutzbare Vergr\u00f6\u00dferung<\/td>\n<td>200x<\/td>\n<\/tr>\n<tr>\n<td>Inklusive Okulare<\/td>\n<td>10 mm und 20 mm (1,25\u2033)<\/td>\n<\/tr>\n<tr>\n<td>Forscher<\/td>\n<td>5\u00d724<\/td>\n<\/tr>\n<tr>\n<td>Abgewinkelte Umlenkung<\/td>\n<td>90\u00b0 Star Diagonal (1,25\u2033)<\/td>\n<\/tr>\n<tr>\n<td>Optische Verarbeitung<\/td>\n<td>RAQ\u2122 (bis zu 94 % Reflektivit\u00e4t)<\/td>\n<\/tr>\n<tr>\n<td>Fokussieren<\/td>\n<td>Durch Verschieben des Hauptspiegels mit Friktionssystem<\/td>\n<\/tr>\n<tr>\n<td>Anzeige der Fokussierung<\/td>\n<td>Ja (8 m, 14 m, unendlich)<\/td>\n<\/tr>\n<tr>\n<td>Befestigung<\/td>\n<td>Schwalbenschwanz 45 mm + Gewinde 1\/4\u2033-20<\/td>\n<\/tr>\n<tr>\n<td>OTA-L\u00e4nge<\/td>\n<td>363 mm<\/td>\n<\/tr>\n<tr>\n<td>OTA-Gewicht<\/td>\n<td>1,68 kg (mit Zubeh\u00f6r)<\/td>\n<\/tr>\n<tr>\n<td>Zubeh\u00f6r<\/td>\n<td>Universal-Smartphone-Adapter (54-90 mm)<\/td>\n<\/tr>\n<\/tbody>\n<\/table>\n<p>Die <strong>K100 Klevtsov-Cassegrain<\/strong> ist ein kompaktes und innovatives Teleskop, das eine hervorragende Bildqualit\u00e4t in einem tragbaren Format bietet. Es eignet sich perfekt f\u00fcr die Planeten- und Mondbeobachtung und wird Benutzer ansprechen, die ein leistungsstarkes, praktisches und modernes Instrument suchen.<\/p>","protected":false},"excerpt":{"rendered":"<p>&nbsp; T\u00e9lescope K100 Klevtsov-Cassegrain : compacit\u00e9, pr\u00e9cision et innovation optique Le T\u00e9lescope K100 Klevtsov-Cassegrain est un t\u00e9lescope compact et performant, con\u00e7u pour offrir une excellente qualit\u00e9 d\u2019image tout en conservant des dimensions r\u00e9duites. Gr\u00e2ce \u00e0 son design optique ing\u00e9nieux, il combine miroirs primaire et secondaire avec une lentille correctrice sub-aperture, permettant de \u201cplier\u201d la longueur [&hellip;]<\/p>\n","protected":false},"featured_media":14491,"comment_status":"open","ping_status":"closed","template":"","meta":[],"product_brand":[822],"product_cat":[392,879],"product_tag":[],"class_list":{"0":"post-14490","1":"product","2":"type-product","3":"status-publish","4":"has-post-thumbnail","6":"product_brand-sky-watcher","7":"product_cat-telescopes_reflecteurs","8":"product_cat-klevtsov-cassegrain","10":"first","11":"on_supplier","12":"taxable","13":"shipping-taxable","14":"purchasable","15":"product-type-simple"},"_links":{"self":[{"href":"https:\/\/deep-space-astronomy.ch\/de\/wp-json\/wp\/v2\/product\/14490","targetHints":{"allow":["GET"]}}],"collection":[{"href":"https:\/\/deep-space-astronomy.ch\/de\/wp-json\/wp\/v2\/product"}],"about":[{"href":"https:\/\/deep-space-astronomy.ch\/de\/wp-json\/wp\/v2\/types\/product"}],"replies":[{"embeddable":true,"href":"https:\/\/deep-space-astronomy.ch\/de\/wp-json\/wp\/v2\/comments?post=14490"}],"wp:featuredmedia":[{"embeddable":true,"href":"https:\/\/deep-space-astronomy.ch\/de\/wp-json\/wp\/v2\/media\/14491"}],"wp:attachment":[{"href":"https:\/\/deep-space-astronomy.ch\/de\/wp-json\/wp\/v2\/media?parent=14490"}],"wp:term":[{"taxonomy":"product_brand","embeddable":true,"href":"https:\/\/deep-space-astronomy.ch\/de\/wp-json\/wp\/v2\/product_brand?post=14490"},{"taxonomy":"product_cat","embeddable":true,"href":"https:\/\/deep-space-astronomy.ch\/de\/wp-json\/wp\/v2\/product_cat?post=14490"},{"taxonomy":"product_tag","embeddable":true,"href":"https:\/\/deep-space-astronomy.ch\/de\/wp-json\/wp\/v2\/product_tag?post=14490"}],"curies":[{"name":"wp","href":"https:\/\/api.w.org\/{rel}","templated":true}]}}