{"id":14500,"date":"2026-04-03T18:35:20","date_gmt":"2026-04-03T16:35:20","guid":{"rendered":"https:\/\/deep-space-astronomy.ch\/?post_type=product&#038;p=14500"},"modified":"2026-04-03T18:35:34","modified_gmt":"2026-04-03T16:35:34","slug":"telescope-skymax-127-az5-deluxe","status":"publish","type":"product","link":"https:\/\/deep-space-astronomy.ch\/de\/produkt\/telescope-skymax-127-az5-deluxe\/","title":{"rendered":"Teleskop Skymax-127 AZ5 Deluxe"},"content":{"rendered":"<p>&nbsp;<\/p>\n<h3>Skymax-127 AZ5 Deluxe-Teleskop: Kompakte Leistung f\u00fcr Astronomie und Erdbeobachtung<\/h3>\n<p>Die <strong>Skymax-127 AZ5 Deluxe<\/strong> ist der ideale Begleiter f\u00fcr alle Astronomiebegeisterten, die ein leistungsstarkes, einfach zu bedienendes und leicht zu transportierendes Instrument suchen. Es wurde als echtes \u201cGrab-and-Go\u201d-Teleskop konzipiert und erm\u00f6glicht es Ihnen, den Nachthimmel schnell und ohne komplizierte Installation zu genie\u00dfen, w\u00e4hrend es gleichzeitig eine bemerkenswerte optische Leistung bietet. Dank seines kompakten und leistungsstarken Designs eignet es sich sowohl f\u00fcr anspruchsvolle Anf\u00e4nger als auch f\u00fcr erfahrene Beobachter, die ein hochwertiges Zusatzinstrument w\u00fcnschen.<\/p>\n<p>Ausgestattet mit einem optischen System vom Typ Maksutov-Cassegrain bietet dieses Teleskop eine <strong>lange Brennweite von 1500 mm<\/strong> f\u00fcr ein Fokusverh\u00e4ltnis von <strong>f\/11.8<\/strong>, Das Ergebnis sind detaillierte und kontrastreiche Bilder. Er zeichnet sich besonders bei der Beobachtung von <strong>Doppelsterne<\/strong>, der <strong>Mond<\/strong> und <strong>leuchtende Planeten<\/strong>, Die Kamera ist in der Lage, feine Details mit hoher Pr\u00e4zision zu erkennen. Die Optik ist vollst\u00e4ndig mehrfach verg\u00fctet, um die Lichtdurchl\u00e4ssigkeit zu optimieren und so die Sch\u00e4rfe und den Kontrast der Bilder zu verbessern.<\/p>\n<p>Der Hauptspiegel von <strong>127 mm Durchmesser<\/strong> profitiert von der Behandlung <strong>Radiant\u2122 Aluminum Quarz (RAQ\u2122)<\/strong>, und bietet bis zu <strong>94% Reflektivit\u00e4t<\/strong>. Diese Technologie garantiert nicht nur eine hervorragende Helligkeit, sondern auch eine l\u00e4ngere Haltbarkeit der Leistung im Laufe der Zeit. Im Vergleich zu einem 102-mm-Modell sammelt der Skymax-127 <strong>55% mehr Licht<\/strong>, Dies f\u00fchrt zu helleren und detaillierteren Beobachtungen, insbesondere von schwachen Himmelsobjekten.<\/p>\n<p>Dieses vielseitige Teleskop ist nicht auf die Astronomie beschr\u00e4nkt. Dank des <strong>abgewinkelte Umlenkung Gleichrichter 90\u00b0<\/strong> Es erzeugt ein perfekt korrigiertes, gerades Bild, das ideal f\u00fcr terrestrische Beobachtungen mit hoher Vergr\u00f6\u00dferung ist. Egal, ob Sie ferne Landschaften, Wildtiere oder architektonische Details beobachten m\u00f6chten, das Skymax-127 l\u00e4sst sich problemlos f\u00fcr den Einsatz am Tag anpassen.<\/p>\n<p>Das Teleskop wird mit zwei Okularen (10 mm und 20 mm) geliefert, die Vergr\u00f6\u00dferungen von <strong>x150 und x75<\/strong>. Er kann eine maximal nutzbare Vergr\u00f6\u00dferung von <strong>x254<\/strong>, Sie k\u00f6nnen damit die kleinsten Details der beobachteten Objekte erforschen. Der Forscher <strong>6\u00d730<\/strong> erleichtert das Auffinden von Zielen am Himmel und macht das Beobachtungserlebnis noch angenehmer und intuitiver.<\/p>\n<p>Das Gestell <strong>AZ5 Deluxe Alt-Azimuth<\/strong> ist ein weiterer gro\u00dfer Vorteil dieses Sets. Es ist elegant, robust und perfekt konstruiert und sorgt f\u00fcr eine hervorragende Stabilit\u00e4t bei der Beobachtung. Dank seiner <strong>Befehle f\u00fcr langsame Bewegung<\/strong> auf der horizontalen (Azimut) und vertikalen (H\u00f6he) Achse erm\u00f6glicht er eine pr\u00e4zise und fl\u00fcssige Verfolgung von Himmelsobjekten. Seine kontinuierliche 360\u00b0-Rotation im Azimut und sein H\u00f6henbereich von -50\u00b0 bis +90\u00b0 bieten eine gro\u00dfe Bewegungsfreiheit.<\/p>\n<p>Das h\u00f6henverstellbare Aluminiumstativ (von <strong>86,5 cm bis 158,5 cm<\/strong>) garantiert eine bequeme Beobachtungsposition f\u00fcr alle Benutzer. Es ist au\u00dferdem mit einer praktischen Zubeh\u00f6rablage ausgestattet, damit Sie Ihre Okulare stets griffbereit haben. Trotz seiner fortschrittlichen Leistung bleibt das Ganze leicht transportierbar mit einem Gesamtgewicht von <strong>8,6 kg<\/strong>.<\/p>\n<p>Schlie\u00dflich wird der Skymax-127 mit einem <strong>Universaladapter f\u00fcr Smartphones<\/strong>, kompatibel mit Kameras mit einer Breite von 54 bis 90 mm. Mit diesem Zubeh\u00f6r k\u00f6nnen Sie ganz einfach Bilder des Mondes oder der Planeten aufnehmen und Ihr Teleskop in ein Werkzeug f\u00fcr den Einstieg in die Astrofotografie verwandeln.<\/p>\n<p>Zusammenfassend l\u00e4sst sich sagen, dass das Skymax-127 AZ5 Deluxe ein komplettes, vielseitiges und leistungsstarkes Teleskop ist, das ideal f\u00fcr diejenigen ist, die qualitativ hochwertige Beobachtungen ohne Einschr\u00e4nkungen genie\u00dfen m\u00f6chten. Seine Benutzerfreundlichkeit, optische Qualit\u00e4t und Vielseitigkeit machen es zu einer ausgezeichneten Wahl sowohl f\u00fcr die visuelle Astronomie als auch f\u00fcr die terrestrische Beobachtung.<\/p>\n<h3>Technische Daten<\/h3>\n<table border=\"1\" cellspacing=\"0\" cellpadding=\"8\">\n<tbody>\n<tr>\n<th>Merkmal<\/th>\n<th>Detail<\/th>\n<\/tr>\n<tr>\n<td>Optischer Typ<\/td>\n<td>Maksutov-Cassegrain<\/td>\n<\/tr>\n<tr>\n<td>Durchmesser des Hauptspiegels<\/td>\n<td>127 mm<\/td>\n<\/tr>\n<tr>\n<td>Brennweite<\/td>\n<td>1500 mm<\/td>\n<\/tr>\n<tr>\n<td>Fokusbericht<\/td>\n<td>f\/11.8<\/td>\n<\/tr>\n<tr>\n<td>Mitgelieferte Vergr\u00f6\u00dferungen<\/td>\n<td>x75 (20 mm) \/ x150 (10 mm)<\/td>\n<\/tr>\n<tr>\n<td>Maximal nutzbare Vergr\u00f6\u00dferung<\/td>\n<td>x254<\/td>\n<\/tr>\n<tr>\n<td>Optische Verarbeitung<\/td>\n<td>RAQ\u2122 (94% Reflektivit\u00e4t)<\/td>\n<\/tr>\n<tr>\n<td>Sammeln von Licht<\/td>\n<td>+55% vs 102 mm<\/td>\n<\/tr>\n<tr>\n<td>Mitgelieferte Okulare<\/td>\n<td>10 mm &amp; 20 mm<\/td>\n<\/tr>\n<tr>\n<td>Forscher<\/td>\n<td>6\u00d730<\/td>\n<\/tr>\n<tr>\n<td>Abgewinkelte Umlenkung<\/td>\n<td>90\u00b0 Gleichrichter 1.25\u2033<\/td>\n<\/tr>\n<tr>\n<td>Rahmen<\/td>\n<td>AZ5 Deluxe Alt-Azimuth<\/td>\n<\/tr>\n<tr>\n<td>Bewegungen<\/td>\n<td>Langsame Kommandos Azimut &amp; H\u00f6he<\/td>\n<\/tr>\n<tr>\n<td>Drehen des Rahmens<\/td>\n<td>360\u00b0 (Azimut), -50\u00b0 bis +90\u00b0 (H\u00f6he)<\/td>\n<\/tr>\n<tr>\n<td>Stativ<\/td>\n<td>Aluminium mit Tablett Zubeh\u00f6r<\/td>\n<\/tr>\n<tr>\n<td>H\u00f6he des Stativs<\/td>\n<td>86,5 cm bis 158,5 cm<\/td>\n<\/tr>\n<tr>\n<td>Smartphone-Adapter<\/td>\n<td>54 bis 90 mm (universell)<\/td>\n<\/tr>\n<tr>\n<td>Gesamtgewicht<\/td>\n<td>8,6 kg<\/td>\n<\/tr>\n<\/tbody>\n<\/table>\n<p>&nbsp;<\/p>","protected":false},"excerpt":{"rendered":"<p>&nbsp; T\u00e9lescope Skymax-127 AZ5 Deluxe : Performance compacte pour l\u2019astronomie et l\u2019observation terrestre Le Skymax-127 AZ5 Deluxe est le compagnon id\u00e9al pour tous les passionn\u00e9s d\u2019astronomie \u00e0 la recherche d\u2019un instrument performant, simple \u00e0 utiliser et facilement transportable. Con\u00e7u comme un v\u00e9ritable t\u00e9lescope \u201cgrab-and-go\u201d, il permet de profiter rapidement du ciel nocturne sans installation complexe, [&hellip;]<\/p>\n","protected":false},"featured_media":14501,"comment_status":"open","ping_status":"closed","template":"","meta":[],"product_brand":[822],"product_cat":[752,759,20,392],"product_tag":[],"class_list":{"0":"post-14500","1":"product","2":"type-product","3":"status-publish","4":"has-post-thumbnail","6":"product_brand-sky-watcher","7":"product_cat-maksutov-cassegrain","8":"product_cat-alt-azimutales","9":"product_cat-montures","10":"product_cat-telescopes_reflecteurs","12":"first","13":"on_supplier","14":"taxable","15":"shipping-taxable","16":"purchasable","17":"product-type-simple"},"_links":{"self":[{"href":"https:\/\/deep-space-astronomy.ch\/de\/wp-json\/wp\/v2\/product\/14500","targetHints":{"allow":["GET"]}}],"collection":[{"href":"https:\/\/deep-space-astronomy.ch\/de\/wp-json\/wp\/v2\/product"}],"about":[{"href":"https:\/\/deep-space-astronomy.ch\/de\/wp-json\/wp\/v2\/types\/product"}],"replies":[{"embeddable":true,"href":"https:\/\/deep-space-astronomy.ch\/de\/wp-json\/wp\/v2\/comments?post=14500"}],"wp:featuredmedia":[{"embeddable":true,"href":"https:\/\/deep-space-astronomy.ch\/de\/wp-json\/wp\/v2\/media\/14501"}],"wp:attachment":[{"href":"https:\/\/deep-space-astronomy.ch\/de\/wp-json\/wp\/v2\/media?parent=14500"}],"wp:term":[{"taxonomy":"product_brand","embeddable":true,"href":"https:\/\/deep-space-astronomy.ch\/de\/wp-json\/wp\/v2\/product_brand?post=14500"},{"taxonomy":"product_cat","embeddable":true,"href":"https:\/\/deep-space-astronomy.ch\/de\/wp-json\/wp\/v2\/product_cat?post=14500"},{"taxonomy":"product_tag","embeddable":true,"href":"https:\/\/deep-space-astronomy.ch\/de\/wp-json\/wp\/v2\/product_tag?post=14500"}],"curies":[{"name":"wp","href":"https:\/\/api.w.org\/{rel}","templated":true}]}}