{"id":14505,"date":"2026-04-03T19:04:39","date_gmt":"2026-04-03T17:04:39","guid":{"rendered":"https:\/\/deep-space-astronomy.ch\/?post_type=product&#038;p=14505"},"modified":"2026-04-03T19:04:53","modified_gmt":"2026-04-03T17:04:53","slug":"sky-watcher-startravel-102-500-az-pronto","status":"publish","type":"product","link":"https:\/\/deep-space-astronomy.ch\/de\/produkt\/sky-watcher-startravel-102-500-az-pronto\/","title":{"rendered":"Sky-Watcher Startravel 102\/500 AZ PRONTO"},"content":{"rendered":"<p>&nbsp;<\/p>\n<h3>Sky-Watcher Startravel 102\/500 AZ PRONTO Teleskop: Gro\u00dfes Feld, vielseitig und einfach<\/h3>\n<p>Die <strong>Sky-Watcher Startravel 102\/500 AZ PRONTO<\/strong> ist das ideale Teleskop f\u00fcr Amateurastronomen, die ein einfaches, leistungsstarkes und \u00e4u\u00dferst vielseitiges Instrument suchen. Es wurde nach dem \u201cGrab-and-Go\u201d-Prinzip entwickelt und bietet eine schnelle Inbetriebnahme und Benutzerfreundlichkeit, w\u00e4hrend es gleichzeitig helle und immersive Bilder liefert. Dank seines kompakten Designs und seines hervorragenden Preis-Leistungs-Verh\u00e4ltnisses ist es die perfekte Wahl f\u00fcr Anf\u00e4nger und erfahrene Beobachter, die sich ein leichtes und vielseitiges Instrument w\u00fcnschen.<\/p>\n<p>Dieses Modell geh\u00f6rt zur <strong>Startravel<\/strong>, Das Teleskop ist f\u00fcr seine Leistungen in der Gro\u00dffeldbeobachtung bekannt. Es handelt sich um ein <strong>achromatischer Refraktor mit zwei Linsen<\/strong>, und bietet eine hervorragende optische Qualit\u00e4t. Mit einem Durchmesser von <strong>102 mm<\/strong> und eine kurze Brennweite von <strong>500 mm<\/strong> (d.h. ein schnelles Fokusverh\u00e4ltnis von <strong>f\/4.9<\/strong>) ist dieses Teleskop besonders f\u00fcr Rich-Field-Beobachtungen geeignet. Es erm\u00f6glicht die Erkundung gro\u00dfer Bereiche des Himmels mit hellen und detaillierten Bildern.<\/p>\n<p>Die Startravel 102 zeichnet sich bei der Beobachtung von <strong>Sternhaufen<\/strong>Die <strong>Nebel<\/strong>Die <strong>Sternfelder<\/strong>Die <strong>Kometen<\/strong> und <strong>helle Galaxien<\/strong>. Er ist auch sehr leistungsf\u00e4hig bei der Beobachtung der <strong>Mond<\/strong> und die <strong>Planeten<\/strong>, Sie k\u00f6nnen die Mond- und Sonnenfinsternis (mit einem geeigneten Filter) spektakul\u00e4r beobachten. Seine F\u00e4higkeit, Folgendes einzufangen <strong>62,5% mehr Licht als ein 80-mm-Modell<\/strong> garantiert hellere und detailreichere Bilder.<\/p>\n<p>Dieses vielseitig einsetzbare Teleskop eignet sich auch hervorragend f\u00fcr die Erdbeobachtung. Dank des <strong>abgewinkelte Umlenkung Gleichrichter 45\u00b0<\/strong> Es bietet ein gerades Bild, das ideal f\u00fcr die Beobachtung der Natur oder weit entfernter Motive bei Tageslicht ist. Dank ihres kurzen Brennweitenverh\u00e4ltnisses ist sie auch eine hervorragende Wahl f\u00fcr die Fotografie, sei es f\u00fcr die Astrofotografie oder f\u00fcr terrestrische Aufnahmen mit einer digitalen Spiegelreflexkamera (DSLR), dank ihrer <strong>Direktanschluss f\u00fcr Kamera<\/strong>.<\/p>\n<p>Das Teleskop wird mit zwei Okularen von <strong>10 mm und 20 mm<\/strong>, Die Vergr\u00f6\u00dferungen betragen <strong>x50 und x25<\/strong>. Er kann eine maximal nutzbare Vergr\u00f6\u00dferung von <strong>x204<\/strong>, Dies erm\u00f6glicht eine gro\u00dfe Flexibilit\u00e4t in Bezug auf die beobachteten Ziele. Die <strong>Rotpunktsucher<\/strong>\u00a0erleichtert das Zeigen auf Gegenst\u00e4nde und macht das Erlebnis fl\u00fcssig und zug\u00e4nglich, auch f\u00fcr Anf\u00e4nger.<\/p>\n<p>Die <strong>Dual-Fit 1.25\u2033\/2\u2033 Okularhalter<\/strong> ist ein wichtiger Vorteil, der die Verwendung von Zubeh\u00f6r in verschiedenen Formaten erm\u00f6glicht, um die Beobachtungsm\u00f6glichkeiten zu erweitern. Diese Flexibilit\u00e4t wird besonders von Nutzern gesch\u00e4tzt, die ihre Ausr\u00fcstung im Laufe der Zeit erweitern m\u00f6chten.<\/p>\n<p>Das Gestell <strong>AZ PRONTO Alt-Azimuth<\/strong> ist auf hohe Stabilit\u00e4t und intuitive Bedienung ausgelegt. Ausgestattet mit <strong>Befehle f\u00fcr langsame Bewegung<\/strong> auf der Azimut- und H\u00f6henachse erm\u00f6glicht er eine genaue und komfortable Verfolgung von Himmelsobjekten. Seine vollst\u00e4ndige Drehung um <strong>360\u00b0 im Azimut<\/strong> und seine Amplitude von <strong>-70\u00b0 bis +90\u00b0 in der H\u00f6he<\/strong> gew\u00e4hrleisten eine gro\u00dfe Bewegungsfreiheit.<\/p>\n<p>Das Stativ in <strong>rostfreier Stahl<\/strong> ist robust und stabil und kann in der H\u00f6he verstellt werden. <strong>680 mm bis 1160 mm<\/strong>. Er wird begleitet von einem <strong>21,5 cm langes Verl\u00e4ngerungsrohr<\/strong>, So kann die Arbeitsh\u00f6he bei Bedarf erh\u00f6ht werden, um den Beobachtungskomfort zu verbessern. Ein Zubeh\u00f6rtablett vervollst\u00e4ndigt das Set f\u00fcr den praktischen Einsatz im Feld.<\/p>\n<p>Schlie\u00dflich wird das Teleskop mit einem <strong>Universaladapter f\u00fcr Smartphones<\/strong>, kompatibel mit den Ger\u00e4ten von <strong>54 bis 90 mm Breite<\/strong>. Mit diesem Zubeh\u00f6r k\u00f6nnen Sie ganz einfach Bilder des Mondes oder des Himmels aufnehmen, was eine hervorragende Einf\u00fchrung in die Astrofotografie bietet.<\/p>\n<p>Das Sky-Watcher Startravel 102\/500 AZ PRONTO ist ein komplettes, leistungsstarkes und erweiterbares Instrument. Seine Vielseitigkeit, Benutzerfreundlichkeit und Weitfeldbeobachtungsf\u00e4higkeiten machen es zu einer ausgezeichneten Wahl, um die Astronomie und die Fotografie zu entdecken und gleichzeitig von einem praktischen und transportablen Teleskop zu profitieren.<\/p>\n<h3>Technische Daten<\/h3>\n<table border=\"1\" cellspacing=\"0\" cellpadding=\"8\">\n<tbody>\n<tr>\n<th>Merkmal<\/th>\n<th>Detail<\/th>\n<\/tr>\n<tr>\n<td>Optischer Typ<\/td>\n<td>Achromatischer Refraktor<\/td>\n<\/tr>\n<tr>\n<td>Durchmesser des Objektivs<\/td>\n<td>102 mm<\/td>\n<\/tr>\n<tr>\n<td>Brennweite<\/td>\n<td>500 mm<\/td>\n<\/tr>\n<tr>\n<td>Fokusbericht<\/td>\n<td>f\/4.9<\/td>\n<\/tr>\n<tr>\n<td>Mitgelieferte Vergr\u00f6\u00dferungen<\/td>\n<td>x25 (20 mm) \/ x50 (10 mm)<\/td>\n<\/tr>\n<tr>\n<td>Maximal nutzbare Vergr\u00f6\u00dferung<\/td>\n<td>x204<\/td>\n<\/tr>\n<tr>\n<td>Optische Verarbeitung<\/td>\n<td>Mehrschichtig<\/td>\n<\/tr>\n<tr>\n<td>Sammeln von Licht<\/td>\n<td>+62,5% vs 80 mm<\/td>\n<\/tr>\n<tr>\n<td>Mitgelieferte Okulare<\/td>\n<td>10 mm &amp; 20 mm (1.25\u2033)<\/td>\n<\/tr>\n<tr>\n<td>Forscher<\/td>\n<td>Rotpunktsucher<\/td>\n<\/tr>\n<tr>\n<td>Okularhalter<\/td>\n<td>Dual-Fit 1.25\u2033\/2\u2033<\/td>\n<\/tr>\n<tr>\n<td>Abgewinkelte Umlenkung<\/td>\n<td>45\u00b0 Gleichrichter 1.25\u2033<\/td>\n<\/tr>\n<tr>\n<td>Foto-Kompatibilit\u00e4t<\/td>\n<td>Direkter DSLR-Anschluss<\/td>\n<\/tr>\n<tr>\n<td>Rahmen<\/td>\n<td>AZ PRONTO Alt-Azimuth<\/td>\n<\/tr>\n<tr>\n<td>Bewegungen<\/td>\n<td>Langsame Kommandos Azimut &amp; H\u00f6he<\/td>\n<\/tr>\n<tr>\n<td>Drehen des Rahmens<\/td>\n<td>360\u00b0 (Azimut), -70\u00b0 bis +90\u00b0 (H\u00f6he)<\/td>\n<\/tr>\n<tr>\n<td>Stativ<\/td>\n<td>Edelstahl mit Tablett Zubeh\u00f6r<\/td>\n<\/tr>\n<tr>\n<td>H\u00f6he des Stativs<\/td>\n<td>680 mm bis 1160 mm<\/td>\n<\/tr>\n<tr>\n<td>Erweiterung<\/td>\n<td>Inklusive 21,5 cm Rohr<\/td>\n<\/tr>\n<tr>\n<td>Smartphone-Adapter<\/td>\n<td>54 bis 90 mm (universell)<\/td>\n<\/tr>\n<\/tbody>\n<\/table>\n<p>&nbsp;<\/p>","protected":false},"excerpt":{"rendered":"<p>&nbsp; T\u00e9lescope Sky-Watcher Startravel 102\/500 AZ PRONTO : grand champ, polyvalence et simplicit\u00e9 Le Sky-Watcher Startravel 102\/500 AZ PRONTO est un t\u00e9lescope id\u00e9al pour les astronomes amateurs \u00e0 la recherche d\u2019un instrument simple, performant et extr\u00eamement polyvalent. Con\u00e7u dans l\u2019esprit \u201cgrab-and-go\u201d, il offre une mise en \u0153uvre rapide et une grande facilit\u00e9 d\u2019utilisation, tout en [&hellip;]<\/p>\n","protected":false},"featured_media":14506,"comment_status":"open","ping_status":"closed","template":"","meta":[],"product_brand":[],"product_cat":[754,759,384,20],"product_tag":[],"class_list":{"0":"post-14505","1":"product","2":"type-product","3":"status-publish","4":"has-post-thumbnail","6":"product_cat-lunettes-achromatiques","7":"product_cat-alt-azimutales","8":"product_cat-lunettes_refracteurs","9":"product_cat-montures","11":"first","12":"on_supplier","13":"taxable","14":"shipping-taxable","15":"purchasable","16":"product-type-simple"},"_links":{"self":[{"href":"https:\/\/deep-space-astronomy.ch\/de\/wp-json\/wp\/v2\/product\/14505","targetHints":{"allow":["GET"]}}],"collection":[{"href":"https:\/\/deep-space-astronomy.ch\/de\/wp-json\/wp\/v2\/product"}],"about":[{"href":"https:\/\/deep-space-astronomy.ch\/de\/wp-json\/wp\/v2\/types\/product"}],"replies":[{"embeddable":true,"href":"https:\/\/deep-space-astronomy.ch\/de\/wp-json\/wp\/v2\/comments?post=14505"}],"wp:featuredmedia":[{"embeddable":true,"href":"https:\/\/deep-space-astronomy.ch\/de\/wp-json\/wp\/v2\/media\/14506"}],"wp:attachment":[{"href":"https:\/\/deep-space-astronomy.ch\/de\/wp-json\/wp\/v2\/media?parent=14505"}],"wp:term":[{"taxonomy":"product_brand","embeddable":true,"href":"https:\/\/deep-space-astronomy.ch\/de\/wp-json\/wp\/v2\/product_brand?post=14505"},{"taxonomy":"product_cat","embeddable":true,"href":"https:\/\/deep-space-astronomy.ch\/de\/wp-json\/wp\/v2\/product_cat?post=14505"},{"taxonomy":"product_tag","embeddable":true,"href":"https:\/\/deep-space-astronomy.ch\/de\/wp-json\/wp\/v2\/product_tag?post=14505"}],"curies":[{"name":"wp","href":"https:\/\/api.w.org\/{rel}","templated":true}]}}