{"id":14508,"date":"2026-04-03T19:19:08","date_gmt":"2026-04-03T17:19:08","guid":{"rendered":"https:\/\/deep-space-astronomy.ch\/?post_type=product&#038;p=14508"},"modified":"2026-04-03T19:19:34","modified_gmt":"2026-04-03T17:19:34","slug":"sky-watcher-skyhawk-1145p-az-go2","status":"publish","type":"product","link":"https:\/\/deep-space-astronomy.ch\/de\/produkt\/sky-watcher-skyhawk-1145p-az-go2\/","title":{"rendered":"Sky-Watcher Skyhawk-1145P AZ-Go2"},"content":{"rendered":"<p>&nbsp;<\/p>\n<h3>Sky-Watcher Skyhawk-1145P AZ-Go2-Teleskop: Go-To WiFi, Leistung und Einfachheit<\/h3>\n<p>Die <strong>Sky-Watcher Skyhawk-1145P AZ-Go2<\/strong> ist ein Teleskop der n\u00e4chsten Generation, das f\u00fcr ein intuitives, vernetztes und leistungsstarkes Beobachtungserlebnis entwickelt wurde. Es ist ultraportabel und einfach zu bedienen und eignet sich sowohl f\u00fcr Anf\u00e4nger als auch f\u00fcr Amateure, die sich ein modernes Instrument w\u00fcnschen, das Himmelsobjekte automatisch lokalisieren kann. Dank der motorisierten Montierung mit <strong>Integriertes WiFi<\/strong>, Mit dem Astronomischen Beobachtungsger\u00e4t k\u00f6nnen Sie Ihr Smartphone oder Ihren Tablet-PC in ein astronomisches Kontrollzentrum verwandeln.<\/p>\n<p>Das Gestell <strong>AZ-Go2 Go-To Alt-Azimuth<\/strong> erstellt ein eigenes WiFi-Netzwerk und erm\u00f6glicht so eine v\u00f6llig unabh\u00e4ngige Nutzung, ohne auf ein externes Netzwerk oder eine mobile Verbindung angewiesen zu sein. Installieren Sie einfach die kostenlose App <strong>SynScan<\/strong> (iOS oder Android), geben Sie Ihre Koordinaten ein und f\u00fchren Sie eine einfache Ausrichtung durch, um mit der Erkundung des Himmels zu beginnen. Mit der intuitiven Touchscreen-Schnittstelle k\u00f6nnen Sie ganz einfach durch die Himmelsobjekte navigieren und automatisch die Ausrichtung des Teleskops starten.<\/p>\n<p>Das Go-To-System bietet Zugang zu einer beeindruckenden Datenbank von <strong>\u00fcber 10.000 Objekte<\/strong>, Dazu geh\u00f6ren die Kataloge Messier, NGC, IC und Caldwell, sowie benannte Sterne, Doppelsterne und die wichtigsten Objekte des Sonnensystems. Erweiterte Funktionen wie <strong>\u201cTonight's Best Tour\u201d<\/strong>, Die Funktionen zur Objekterkennung und zum direkten Anvisieren \u00fcber Ihr Mobilger\u00e4t machen das Erlebnis immersiv und zug\u00e4nglich. Die motorisierte Nachf\u00fchrung in zwei Achsen sorgt daf\u00fcr, dass die Objekte pr\u00e4zise im Feld bleiben, wobei verschiedene Nachf\u00fchrungsmodi zur Verf\u00fcgung stehen: siderisch, lunar und solar.<\/p>\n<p>Optisch ist die Skyhawk-1145P mit einem Hauptspiegel ausgestattet <strong>parabolisch 114 mm<\/strong>, Dies garantiert scharfe Bilder ohne sph\u00e4rische Aberrationen. Mit einer Brennweite von <strong>500 mm<\/strong> (Fokusbericht <strong>f\/4.4<\/strong>), bietet es ein breites Feld, das ideal f\u00fcr die Beobachtung einer Vielzahl von Himmelsobjekten ist. Es eignet sich hervorragend f\u00fcr die Beobachtung der <strong>Mond<\/strong>Die <strong>Planeten<\/strong>, sondern auch von <strong>Nebel<\/strong>, <strong>Sternhaufen<\/strong> und <strong>Galaxien<\/strong>.<\/p>\n<p>Der Prim\u00e4r- und der Sekund\u00e4rspiegel profitieren von der Behandlung <strong>Radiant\u2122 Aluminum Quarz (RAQ\u2122)<\/strong>, und bietet bis zu <strong>94% Reflektivit\u00e4t<\/strong>. Diese Beschichtung verbessert die Helligkeit der Bilder und sorgt gleichzeitig f\u00fcr eine ausgezeichnete Haltbarkeit \u00fcber die Zeit. Das Teleskop wird mit zwei Okularen von <strong>10 mm und 20 mm<\/strong>, Die Vergr\u00f6\u00dferungen betragen <strong>x50 und x25<\/strong>, mit einem maximalen Potenzial von <strong>x228<\/strong>.<\/p>\n<p>Die <strong>Rotpunktsucher<\/strong>\u00a0erleichtert das anf\u00e4ngliche Auffinden von Objekten, insbesondere w\u00e4hrend der Ausrichtungsphase. Einmal eingerichtet, \u00fcbernimmt das Go-To-System die Aufgabe, automatisch auf die ausgew\u00e4hlten Ziele zu zeigen. Mehrere Bewegungsgeschwindigkeiten (bis zu <strong>800x<\/strong>) erm\u00f6glichen schnelle und genaue Anpassungen.<\/p>\n<p>Der Skyhawk-1145P AZ-Go2 ist au\u00dferdem so konzipiert, dass er mit Ihren Bed\u00fcrfnissen w\u00e4chst. Er ist kompatibel mit der Plattform <strong>ASCOM<\/strong> f\u00fcr die Steuerung \u00fcber den Computer sowie mit Planetariumsanwendungen wie <strong>SkySafari Plus\/Pro<\/strong>. Es kann auch mit einem SynScan-Schl\u00e4ger (optional) verwendet werden, um eine traditionellere Kontrolle zu erm\u00f6glichen.<\/p>\n<p>Das Stativ in <strong>verstellbarer Edelstahl<\/strong> sorgt f\u00fcr eine ausgezeichnete Stabilit\u00e4t auch bei hoher Vergr\u00f6\u00dferung. Es ist mit einer praktischen Zubeh\u00f6rablage ausgestattet, um Ihre Ausr\u00fcstung zu organisieren. Das Ganze bleibt leicht und transportabel, ideal f\u00fcr Beobachtungssessions im Freien.<\/p>\n<p>Schlie\u00dflich wird das Teleskop mit einem <strong>Universaladapter f\u00fcr Smartphones<\/strong> (kompatibel mit Kameras mit einer Breite von 54 bis 90 mm), mit dem Sie ganz einfach Bilder vom Mond und von hellen Objekten aufnehmen k\u00f6nnen. Er kann mit <strong>8 AA-Batterien<\/strong> oder eine externe Stromversorgung <strong>12V<\/strong>, Sie k\u00f6nnen die Daten in der Datenbank speichern und so flexibel nutzen.<\/p>\n<p>Das Sky-Watcher Skyhawk-1145P AZ-Go2 ist ein komplettes, modernes und leistungsstarkes Teleskop, das hochwertige Optik, fortschrittliche Automatisierung und einfache Bedienung kombiniert. Es ist die ideale L\u00f6sung f\u00fcr die einfache Erkundung des Himmels mit der Leistung von Go-To und der Freiheit von Wireless.<\/p>\n<h3>Technische Daten<\/h3>\n<table border=\"1\" cellspacing=\"0\" cellpadding=\"8\">\n<tbody>\n<tr>\n<th>Merkmal<\/th>\n<th>Detail<\/th>\n<\/tr>\n<tr>\n<td>Optischer Typ<\/td>\n<td>Newton (Parabolspiegel)<\/td>\n<\/tr>\n<tr>\n<td>Spiegeldurchmesser<\/td>\n<td>114 mm<\/td>\n<\/tr>\n<tr>\n<td>Brennweite<\/td>\n<td>500 mm<\/td>\n<\/tr>\n<tr>\n<td>Fokusbericht<\/td>\n<td>f\/4.4<\/td>\n<\/tr>\n<tr>\n<td>Mitgelieferte Vergr\u00f6\u00dferungen<\/td>\n<td>x25 (20 mm) \/ x50 (10 mm)<\/td>\n<\/tr>\n<tr>\n<td>Maximal nutzbare Vergr\u00f6\u00dferung<\/td>\n<td>x228<\/td>\n<\/tr>\n<tr>\n<td>Optische Verarbeitung<\/td>\n<td>RAQ\u2122 (94% Reflektivit\u00e4t)<\/td>\n<\/tr>\n<tr>\n<td>Mitgelieferte Okulare<\/td>\n<td>10 mm &amp; 20 mm (1.25\u2033)<\/td>\n<\/tr>\n<tr>\n<td>Forscher<\/td>\n<td>Rotpunktsucher<\/td>\n<\/tr>\n<tr>\n<td>Rahmen<\/td>\n<td>AZ-Go2 Go-To Alt-Azimuth WiFi<\/td>\n<\/tr>\n<tr>\n<td>Kontrolle<\/td>\n<td>SynScan-App (iOS\/Android) \/ optionaler Schl\u00e4ger<\/td>\n<\/tr>\n<tr>\n<td>Datenbank<\/td>\n<td>10.000+ Objekte (Messier, NGC, IC, Caldwell...)<\/td>\n<\/tr>\n<tr>\n<td>Nachverfolgungsmodi<\/td>\n<td>Siderisch, lunar, solar<\/td>\n<\/tr>\n<tr>\n<td>Reisegeschwindigkeiten<\/td>\n<td>1x bis 800x<\/td>\n<\/tr>\n<tr>\n<td>Motorisierung<\/td>\n<td>DC-Servomotoren (Doppelachse)<\/td>\n<\/tr>\n<tr>\n<td>Konnektivit\u00e4t<\/td>\n<td>Integriertes WiFi, ASCOM, mobile Apps<\/td>\n<\/tr>\n<tr>\n<td>Befestigung<\/td>\n<td>Schwalbenschwanz Typ Vixen (45 mm)<\/td>\n<\/tr>\n<tr>\n<td>Stativ<\/td>\n<td>Edelstahl mit Tablett Zubeh\u00f6r<\/td>\n<\/tr>\n<tr>\n<td>Ern\u00e4hrung<\/td>\n<td>8 AA-Batterien oder externe 12V-Batterien<\/td>\n<\/tr>\n<tr>\n<td>Smartphone-Adapter<\/td>\n<td>54 bis 90 mm (universell)<\/td>\n<\/tr>\n<\/tbody>\n<\/table>\n<p>&nbsp;<\/p>","protected":false},"excerpt":{"rendered":"<p>&nbsp; T\u00e9lescope Sky-Watcher Skyhawk-1145P AZ-Go2 : Go-To WiFi, performance et simplicit\u00e9 Le Sky-Watcher Skyhawk-1145P AZ-Go2 est un t\u00e9lescope nouvelle g\u00e9n\u00e9ration con\u00e7u pour offrir une exp\u00e9rience d\u2019observation intuitive, connect\u00e9e et performante. Ultra portable et facile \u00e0 utiliser, il s\u2019adresse aussi bien aux d\u00e9butants qu\u2019aux amateurs souhaitant un instrument moderne capable de localiser automatiquement les objets c\u00e9lestes. [&hellip;]<\/p>\n","protected":false},"featured_media":14509,"comment_status":"open","ping_status":"closed","template":"","meta":[],"product_brand":[822],"product_cat":[392,759,20,747],"product_tag":[],"class_list":{"0":"post-14508","1":"product","2":"type-product","3":"status-publish","4":"has-post-thumbnail","6":"product_brand-sky-watcher","7":"product_cat-telescopes_reflecteurs","8":"product_cat-alt-azimutales","9":"product_cat-montures","10":"product_cat-newton","12":"first","13":"on_supplier","14":"taxable","15":"shipping-taxable","16":"purchasable","17":"product-type-simple"},"_links":{"self":[{"href":"https:\/\/deep-space-astronomy.ch\/de\/wp-json\/wp\/v2\/product\/14508","targetHints":{"allow":["GET"]}}],"collection":[{"href":"https:\/\/deep-space-astronomy.ch\/de\/wp-json\/wp\/v2\/product"}],"about":[{"href":"https:\/\/deep-space-astronomy.ch\/de\/wp-json\/wp\/v2\/types\/product"}],"replies":[{"embeddable":true,"href":"https:\/\/deep-space-astronomy.ch\/de\/wp-json\/wp\/v2\/comments?post=14508"}],"wp:featuredmedia":[{"embeddable":true,"href":"https:\/\/deep-space-astronomy.ch\/de\/wp-json\/wp\/v2\/media\/14509"}],"wp:attachment":[{"href":"https:\/\/deep-space-astronomy.ch\/de\/wp-json\/wp\/v2\/media?parent=14508"}],"wp:term":[{"taxonomy":"product_brand","embeddable":true,"href":"https:\/\/deep-space-astronomy.ch\/de\/wp-json\/wp\/v2\/product_brand?post=14508"},{"taxonomy":"product_cat","embeddable":true,"href":"https:\/\/deep-space-astronomy.ch\/de\/wp-json\/wp\/v2\/product_cat?post=14508"},{"taxonomy":"product_tag","embeddable":true,"href":"https:\/\/deep-space-astronomy.ch\/de\/wp-json\/wp\/v2\/product_tag?post=14508"}],"curies":[{"name":"wp","href":"https:\/\/api.w.org\/{rel}","templated":true}]}}