{"id":14511,"date":"2026-04-03T19:29:20","date_gmt":"2026-04-03T17:29:20","guid":{"rendered":"https:\/\/deep-space-astronomy.ch\/?post_type=product&#038;p=14511"},"modified":"2026-04-03T19:29:35","modified_gmt":"2026-04-03T17:29:35","slug":"sky-watcher-explorer-130p-az-go2","status":"publish","type":"product","link":"https:\/\/deep-space-astronomy.ch\/de\/produkt\/sky-watcher-explorer-130p-az-go2\/","title":{"rendered":"Sky-Watcher Explorer-130P AZ-Go2"},"content":{"rendered":"<p>&nbsp;<\/p>\n<h3>Sky-Watcher Teleskop Explorer-130P AZ-Go2: leistungsstark, Go-To WiFi und einfach<\/h3>\n<p>Die <strong>Sky-Watcher Explorer-130P AZ-Go2<\/strong> ist ein modernes und leistungsstarkes Teleskop, das f\u00fcr ein intuitives, vernetztes und erschwingliches Beobachtungserlebnis entwickelt wurde. Dank seiner motorisierten Montierung mit <strong>Integriertes WiFi<\/strong>, Es erm\u00f6glicht die vollst\u00e4ndige Steuerung \u00fcber ein Smartphone oder einen Tablet-PC, sodass jede Beobachtungssitzung zu einer gef\u00fchrten Erkundung des Himmels wird. Das kompakte, leistungsstarke und leicht zu transportierende Ger\u00e4t ist ideal f\u00fcr Anf\u00e4nger und Amateure, die sich ein fortschrittliches und vielseitiges Instrument w\u00fcnschen.<\/p>\n<p>Das Gestell <strong>AZ-Go2 Go-To Alt-Azimuth<\/strong> erstellt ein eigenes WiFi-Netzwerk und erm\u00f6glicht so eine v\u00f6llig unabh\u00e4ngige Nutzung, ohne auf ein externes Netzwerk angewiesen zu sein. Verwenden Sie einfach die kostenlose App <strong>SynScan<\/strong> (iOS oder Android), geben Sie Ihre Koordinaten ein und f\u00fchren Sie eine einfache Ausrichtung durch, um mit der Erkundung des Himmels zu beginnen. \u00dcber die intuitive Benutzeroberfl\u00e4che k\u00f6nnen Sie ein Objekt ausw\u00e4hlen und das Teleskop automatisch pr\u00e4zise darauf richten lassen.<\/p>\n<p>Das Go-To-System bietet Zugang zu einer Datenbank mit <strong>\u00fcber 10.000 Himmelsobjekte<\/strong>, Dazu geh\u00f6ren die Kataloge Messier, NGC, IC und Caldwell, sowie benannte Sterne, Doppelsterne und Objekte des Sonnensystems. Erweiterte Funktionen wie <strong>\u201cTonight's Best Sky Tour\u201d<\/strong>, Die Funktionen zur Objekterkennung und Fernsteuerung bereichern die Benutzererfahrung. Die motorisierte Nachf\u00fchrung in zwei Achsen sorgt daf\u00fcr, dass die Objekte pr\u00e4zise im Feld bleiben, wobei verschiedene Nachf\u00fchrungsmodi zur Verf\u00fcgung stehen: Sideral, Lunar und Solar.<\/p>\n<p>Optisch ist der Explorer-130P mit einem Hauptspiegel ausgestattet. <strong>parabolisch 130 mm<\/strong>, und bietet eine hervorragende Bildqualit\u00e4t ohne sph\u00e4rische Aberration. Mit einer Brennweite von <strong>650 mm<\/strong> und ein Fokusverh\u00e4ltnis von <strong>f\/5<\/strong>, Es bietet ein ideales Gleichgewicht zwischen Leistung und Sichtfeld. Er zeichnet sich aus bei der Beobachtung von <strong>Mond<\/strong>Die <strong>Planeten<\/strong>, sowie Deep-Sky-Objekte wie die <strong>Nebel<\/strong>, <strong>Galaxien<\/strong> und <strong>Sternhaufen<\/strong>.<\/p>\n<p>Die Spiegel profitieren von der Behandlung <strong>Radiant\u2122 Aluminum Quarz (RAQ\u2122)<\/strong>, und bietet bis zu <strong>94% Reflektivit\u00e4t<\/strong>. Diese Beschichtung verbessert die Helligkeit und den Kontrast der Bilder deutlich und sorgt f\u00fcr eine ausgezeichnete Haltbarkeit. Das Teleskop wird mit zwei Okularen von <strong>10 mm und 20 mm<\/strong>, Die Vergr\u00f6\u00dferungen betragen <strong>x65 und x32.5<\/strong>, mit einem maximalen Potenzial von <strong>x260<\/strong>.<\/p>\n<p>Die <strong>Rotpunktsucher<\/strong>\u00a0erleichtert das anf\u00e4ngliche Auffinden von Objekten, insbesondere beim Ausrichten. Sobald dies geschehen ist, \u00fcbernimmt das Go-To-System die Aufgabe, die Ziele automatisch anzupeilen. Die verschiedenen Geschwindigkeiten (bis zu <strong>800x<\/strong>) erm\u00f6glichen eine schnelle und genaue Positionierung.<\/p>\n<p>Der Explorer-130P AZ-Go2 ist auch kompatibel mit der Plattform <strong>ASCOM<\/strong> f\u00fcr die Steuerung \u00fcber einen Computer sowie mit Planetariumsanwendungen wie <strong>SkySafari Plus\/Pro<\/strong>. Es kann auch mit einem SynScan-Schl\u00e4ger (optional) verwendet werden und bietet so volle Flexibilit\u00e4t nach Ihren Vorlieben.<\/p>\n<p>Das Stativ in <strong>verstellbarer Edelstahl<\/strong> garantiert eine ausgezeichnete Stabilit\u00e4t w\u00e4hrend der Beobachtungen. Es ist mit einem praktischen Zubeh\u00f6rfach ausgestattet, in dem Sie Ihre Ausr\u00fcstung organisieren k\u00f6nnen. Das gesamte Set ist leicht zu transportieren, was es zu einer ausgezeichneten Wahl f\u00fcr mobile Beobachtungen macht.<\/p>\n<p>Das Teleskop wird gespeist von <strong>8 AA-Batterien<\/strong> oder \u00fcber eine externe Stromversorgung <strong>12V<\/strong>, Das erm\u00f6glicht eine gro\u00dfe Freiheit bei der Verwendung im Feld. Schlie\u00dflich ist der\u2019<strong>Universaladapter f\u00fcr Smartphones<\/strong> im Lieferumfang enthalten (kompatibel mit Kameras mit einer Breite von 54 bis 90 mm) k\u00f6nnen Sie ganz einfach Bilder vom Mond und von hellen Objekten aufnehmen.<\/p>\n<p>Das Sky-Watcher Explorer-130P AZ-Go2 ist ein komplettes Teleskop, das optische Leistung, fortschrittliche Automatisierung und einfache Bedienung vereint. Es ist die ideale L\u00f6sung, um den Himmel selbstst\u00e4ndig zu erkunden, mit der Pr\u00e4zision von Go-To und der Freiheit der drahtlosen Steuerung.<\/p>\n<h3>Technische Daten<\/h3>\n<table border=\"1\" cellspacing=\"0\" cellpadding=\"8\">\n<tbody>\n<tr>\n<th>Merkmal<\/th>\n<th>Detail<\/th>\n<\/tr>\n<tr>\n<td>Optischer Typ<\/td>\n<td>Newton (Parabolspiegel)<\/td>\n<\/tr>\n<tr>\n<td>Spiegeldurchmesser<\/td>\n<td>130 mm<\/td>\n<\/tr>\n<tr>\n<td>Brennweite<\/td>\n<td>650 mm<\/td>\n<\/tr>\n<tr>\n<td>Fokusbericht<\/td>\n<td>f\/5<\/td>\n<\/tr>\n<tr>\n<td>Mitgelieferte Vergr\u00f6\u00dferungen<\/td>\n<td>x32.5 (20 mm) \/ x65 (10 mm)<\/td>\n<\/tr>\n<tr>\n<td>Maximal nutzbare Vergr\u00f6\u00dferung<\/td>\n<td>x260<\/td>\n<\/tr>\n<tr>\n<td>Optische Verarbeitung<\/td>\n<td>RAQ\u2122 (94% Reflektivit\u00e4t)<\/td>\n<\/tr>\n<tr>\n<td>Mitgelieferte Okulare<\/td>\n<td>10 mm &amp; 20 mm (1.25\u2033)<\/td>\n<\/tr>\n<tr>\n<td>Forscher<\/td>\n<td>Rotpunktsucher<\/td>\n<\/tr>\n<tr>\n<td>Rahmen<\/td>\n<td>AZ-Go2 Go-To Alt-Azimuth WiFi<\/td>\n<\/tr>\n<tr>\n<td>Kontrolle<\/td>\n<td>SynScan-App (iOS\/Android) \/ optionaler Schl\u00e4ger<\/td>\n<\/tr>\n<tr>\n<td>Datenbank<\/td>\n<td>10.000+ Objekte (Messier, NGC, IC, Caldwell...)<\/td>\n<\/tr>\n<tr>\n<td>Nachverfolgungsmodi<\/td>\n<td>Siderisch, lunar, solar<\/td>\n<\/tr>\n<tr>\n<td>Reisegeschwindigkeiten<\/td>\n<td>1x bis 800x<\/td>\n<\/tr>\n<tr>\n<td>Motorisierung<\/td>\n<td>DC-Servomotoren (Doppelachse)<\/td>\n<\/tr>\n<tr>\n<td>Konnektivit\u00e4t<\/td>\n<td>Integriertes WiFi, ASCOM, mobile Apps<\/td>\n<\/tr>\n<tr>\n<td>Befestigung<\/td>\n<td>Schwalbenschwanz Typ Vixen (45 mm)<\/td>\n<\/tr>\n<tr>\n<td>Stativ<\/td>\n<td>Edelstahl mit Tablett Zubeh\u00f6r<\/td>\n<\/tr>\n<tr>\n<td>Ern\u00e4hrung<\/td>\n<td>8 AA-Batterien oder externe 12V-Batterien<\/td>\n<\/tr>\n<tr>\n<td>Smartphone-Adapter<\/td>\n<td>54 bis 90 mm (universell)<\/td>\n<\/tr>\n<\/tbody>\n<\/table>\n<p>&nbsp;<\/p>","protected":false},"excerpt":{"rendered":"<p>&nbsp; T\u00e9lescope Sky-Watcher Explorer-130P AZ-Go2 : puissance, Go-To WiFi et simplicit\u00e9 Le Sky-Watcher Explorer-130P AZ-Go2 est un t\u00e9lescope moderne et performant, con\u00e7u pour offrir une exp\u00e9rience d\u2019observation intuitive, connect\u00e9e et accessible. Gr\u00e2ce \u00e0 sa monture motoris\u00e9e avec WiFi int\u00e9gr\u00e9, il permet un contr\u00f4le complet via smartphone ou tablette, transformant chaque session d\u2019observation en une exploration [&hellip;]<\/p>\n","protected":false},"featured_media":14512,"comment_status":"open","ping_status":"closed","template":"","meta":[],"product_brand":[822],"product_cat":[392,759,20,747],"product_tag":[],"class_list":{"0":"post-14511","1":"product","2":"type-product","3":"status-publish","4":"has-post-thumbnail","6":"product_brand-sky-watcher","7":"product_cat-telescopes_reflecteurs","8":"product_cat-alt-azimutales","9":"product_cat-montures","10":"product_cat-newton","12":"first","13":"on_supplier","14":"taxable","15":"shipping-taxable","16":"purchasable","17":"product-type-simple"},"_links":{"self":[{"href":"https:\/\/deep-space-astronomy.ch\/de\/wp-json\/wp\/v2\/product\/14511","targetHints":{"allow":["GET"]}}],"collection":[{"href":"https:\/\/deep-space-astronomy.ch\/de\/wp-json\/wp\/v2\/product"}],"about":[{"href":"https:\/\/deep-space-astronomy.ch\/de\/wp-json\/wp\/v2\/types\/product"}],"replies":[{"embeddable":true,"href":"https:\/\/deep-space-astronomy.ch\/de\/wp-json\/wp\/v2\/comments?post=14511"}],"wp:featuredmedia":[{"embeddable":true,"href":"https:\/\/deep-space-astronomy.ch\/de\/wp-json\/wp\/v2\/media\/14512"}],"wp:attachment":[{"href":"https:\/\/deep-space-astronomy.ch\/de\/wp-json\/wp\/v2\/media?parent=14511"}],"wp:term":[{"taxonomy":"product_brand","embeddable":true,"href":"https:\/\/deep-space-astronomy.ch\/de\/wp-json\/wp\/v2\/product_brand?post=14511"},{"taxonomy":"product_cat","embeddable":true,"href":"https:\/\/deep-space-astronomy.ch\/de\/wp-json\/wp\/v2\/product_cat?post=14511"},{"taxonomy":"product_tag","embeddable":true,"href":"https:\/\/deep-space-astronomy.ch\/de\/wp-json\/wp\/v2\/product_tag?post=14511"}],"curies":[{"name":"wp","href":"https:\/\/api.w.org\/{rel}","templated":true}]}}