{"id":14519,"date":"2026-04-04T15:43:31","date_gmt":"2026-04-04T13:43:31","guid":{"rendered":"https:\/\/deep-space-astronomy.ch\/?post_type=product&#038;p=14519"},"modified":"2026-04-04T15:49:10","modified_gmt":"2026-04-04T13:49:10","slug":"sky-watcher-skymax-102-az-gti","status":"publish","type":"product","link":"https:\/\/deep-space-astronomy.ch\/de\/produkt\/sky-watcher-skymax-102-az-gti\/","title":{"rendered":"Sky-Watcher Skymax-102 AZ-GTi"},"content":{"rendered":"<p>&nbsp;<\/p>\n<h3>Sky-Watcher Skymax-102 AZ-GTi-Teleskop: Erweitertes Go-To WiFi und v\u00f6llige Freiheit bei der Beobachtung<\/h3>\n<p>Die <strong>Sky-Watcher Skymax-102 AZ-GTi<\/strong> ist ein kompaktes, leichtes und technologisch fortschrittliches Teleskop, das sich ideal f\u00fcr Astronomen eignet, die optische Leistung mit intelligenter Steuerung kombinieren m\u00f6chten. Es wurde f\u00fcr den \u201cGrab-and-Go\u201d-Einsatz konzipiert und zeichnet sich durch seine <strong>Montierung AZ-GTi Go-To WiFi<\/strong> und seine exklusive Technologie <strong>Freedom-Find\u2122<\/strong>, Die meisten Sch\u00fclerinnen und Sch\u00fcler sind in der Lage, ihre eigenen Texte zu verfassen, was eine auf dem Markt einzigartige Freiheit bei der Verwendung erm\u00f6glicht.<\/p>\n<p>Dank seiner <strong>eingebautes WiFi-Modul<\/strong>, Die AZ-GTi-Montierung baut ihr eigenes drahtloses Netzwerk auf und erm\u00f6glicht so die vollst\u00e4ndige Steuerung \u00fcber Smartphones oder Tablets mit der kostenlosen App. <strong>SynScan<\/strong> (iOS und Android). Es ist kein externes Netzwerk erforderlich: Geben Sie einfach Ihre Koordinaten ein, f\u00fchren Sie eine einfache Ausrichtung durch, und schon k\u00f6nnen Sie mithilfe einer intuitiven Touchscreen-Schnittstelle den Himmel erkunden.<\/p>\n<p>Das Go-To-System erm\u00f6glicht den Zugriff auf eine Datenbank von <strong>\u00fcber 10.000 Himmelsobjekte<\/strong>, Dazu geh\u00f6ren die Kataloge Messier, NGC, IC und Caldwell, sowie benannte Sterne, Doppelsterne und Objekte des Sonnensystems. Erweiterte Funktionen wie <strong>\u201cTonight's Best Tour\u201d<\/strong>, Die Funktionen f\u00fcr das direkte Anvisieren, die Objekterkennung und die Fernsteuerung bereichern das Beobachtungserlebnis erheblich.<\/p>\n<p>Die gro\u00dfe Innovation dieses Brillengestells ist die Technologie <strong>Freedom-Find\u2122 Dual-Encoder<\/strong>, mit dem das Teleskop manuell auf der Azimut- und H\u00f6henachse bewegt werden kann. <strong>ohne die Ausrichtung zu verlieren<\/strong>. Dies bietet eine au\u00dfergew\u00f6hnliche Flexibilit\u00e4t, die den Komfort des automatisierten Go-To mit der Freiheit des sofortigen manuellen Zeigens verbindet.<\/p>\n<p>Optisch basiert der Skymax-102 auf einem Design <strong>Maksutov-Cassegrain<\/strong> die f\u00fcr ihre Kompaktheit und Pr\u00e4zision bekannt ist. Mit einem Durchmesser von <strong>102 mm<\/strong> und eine lange Brennweite von <strong>1300 mm<\/strong> (Fokusbericht <strong>f\/12.7<\/strong>), zeichnet er sich durch die Beobachtung von <strong>Doppelsterne<\/strong>, sowie feine Details der <strong>Mond<\/strong> und <strong>Planeten<\/strong>. Sein mehrfach verg\u00fctetes optisches System garantiert einen hohen Kontrast und eine ausgezeichnete Sch\u00e4rfe.<\/p>\n<p>Der Prim\u00e4r- und der Sekund\u00e4rspiegel werden mit der Beschichtung <strong>Radiant\u2122 Aluminum Quarz (RAQ\u2122)<\/strong>, und bietet bis zu <strong>94% Reflektivit\u00e4t<\/strong> f\u00fcr helle und lang anhaltende Bilder. Das Teleskop wird mit zwei Okularen von <strong>10 mm und 20 mm<\/strong>, Die Vergr\u00f6\u00dferungen betragen <strong>x130 und x65<\/strong>, mit einem maximalen Potenzial von <strong>x204<\/strong>.<\/p>\n<p>Die <strong>Rotpunktsucher<\/strong>\u00a0erleichtert die anf\u00e4ngliche Stempelung, w\u00e4hrend der <strong>90\u00b0 abgewinkelte Umlenkung<\/strong> sorgt f\u00fcr einen optimalen Beobachtungskomfort. L\u2019<strong>Universaladapter f\u00fcr Smartphones<\/strong> im Lieferumfang enthalten (kompatibel mit Kameras mit einer Breite von 54 bis 90 mm) k\u00f6nnen Sie ganz einfach Bilder des Mondes und der Planeten aufnehmen.<\/p>\n<p>Die AZ-GTi-Montierung ist auch kompatibel mit der Plattform <strong>ASCOM<\/strong> f\u00fcr die Steuerung \u00fcber den PC, sowie mit Anwendungen wie <strong>SkySafari Plus\/Pro<\/strong>. Sie verf\u00fcgt \u00fcber einen Anschluss f\u00fcr SynScan-Schneeschuhe (optional) und einen DSLR-Ausl\u00f6seranschluss f\u00fcr Fotografie.<\/p>\n<p>Das Stativ in <strong>verstellbares Aluminium<\/strong> bietet eine hervorragende Stabilit\u00e4t bei gleichzeitig geringem Gewicht. Einstellbar von <strong>80,5 cm bis 152 cm<\/strong>, passt es sich jeder Beobachtungssituation an. Mit einem Gesamtgewicht von nur <strong>5,75 kg<\/strong>, Die gesamte Ausr\u00fcstung ist \u00e4u\u00dferst tragbar.<\/p>\n<p>Die Einspeisung kann erfolgen \u00fcber <strong>8 AA-Batterien<\/strong> oder eine externe Quelle <strong>7,5 bis 14V<\/strong>, Mit einer Empfehlung zur Verwendung eines <strong>Power Tank Sky-Watcher<\/strong> f\u00fcr eine optimale Autonomie.<\/p>\n<p>Das Sky-Watcher Skymax-102 AZ-GTi ist ein voll ausgestattetes Teleskop, das optische Pr\u00e4zision, fortschrittliche Automatisierung und Benutzerfreiheit vereint. Es ist eine ausgezeichnete Wahl f\u00fcr Enthusiasten, die den Himmel mit einem modernen, erweiterbaren und leicht zu transportierenden Instrument erkunden m\u00f6chten.<\/p>\n<h3>Technische Daten<\/h3>\n<table border=\"1\" cellspacing=\"0\" cellpadding=\"8\">\n<tbody>\n<tr>\n<th>Merkmal<\/th>\n<th>Detail<\/th>\n<\/tr>\n<tr>\n<td>Optischer Typ<\/td>\n<td>Maksutov-Cassegrain<\/td>\n<\/tr>\n<tr>\n<td>Spiegeldurchmesser<\/td>\n<td>102 mm<\/td>\n<\/tr>\n<tr>\n<td>Brennweite<\/td>\n<td>1300 mm<\/td>\n<\/tr>\n<tr>\n<td>Fokusbericht<\/td>\n<td>f\/12.7<\/td>\n<\/tr>\n<tr>\n<td>Mitgelieferte Vergr\u00f6\u00dferungen<\/td>\n<td>x65 (20 mm) \/ x130 (10 mm)<\/td>\n<\/tr>\n<tr>\n<td>Maximal nutzbare Vergr\u00f6\u00dferung<\/td>\n<td>x204<\/td>\n<\/tr>\n<tr>\n<td>Optische Verarbeitung<\/td>\n<td>RAQ\u2122 (94% Reflektivit\u00e4t) + Multilayer<\/td>\n<\/tr>\n<tr>\n<td>Mitgelieferte Okulare<\/td>\n<td>10 mm &amp; 20 mm (1.25\u2033)<\/td>\n<\/tr>\n<tr>\n<td>Forscher<\/td>\n<td>Rotpunktsucher<\/td>\n<\/tr>\n<tr>\n<td>Abgewinkelte Umlenkung<\/td>\n<td>90\u00b0 1.25\u2033<\/td>\n<\/tr>\n<tr>\n<td>Rahmen<\/td>\n<td>AZ-GTi Go-To Alt-Azimuth WiFi<\/td>\n<\/tr>\n<tr>\n<td>Technologie<\/td>\n<td>Freedom-Find\u2122 Dual-Encoder<\/td>\n<\/tr>\n<tr>\n<td>Genauigkeit beim Zeigen<\/td>\n<td>Bis zu 10 Bogenminuten (RMS)<\/td>\n<\/tr>\n<tr>\n<td>Nachverfolgungsmodi<\/td>\n<td>Siderisch, lunar, solar<\/td>\n<\/tr>\n<tr>\n<td>Reisegeschwindigkeiten<\/td>\n<td>0,5x bis 800x<\/td>\n<\/tr>\n<tr>\n<td>Motorisierung<\/td>\n<td>DC-Servomotoren (Doppelachse)<\/td>\n<\/tr>\n<tr>\n<td>Konnektivit\u00e4t<\/td>\n<td>WiFi, ASCOM, mobile Apps, DSLR-Anschluss<\/td>\n<\/tr>\n<tr>\n<td>Befestigung<\/td>\n<td>Schwalbenschwanz Typ Vixen (45 mm)<\/td>\n<\/tr>\n<tr>\n<td>Stativ<\/td>\n<td>Aluminium mit Tablett Zubeh\u00f6r<\/td>\n<\/tr>\n<tr>\n<td>H\u00f6he des Stativs<\/td>\n<td>80,5 cm bis 152 cm<\/td>\n<\/tr>\n<tr>\n<td>Gesamtgewicht<\/td>\n<td>5,75 kg<\/td>\n<\/tr>\n<tr>\n<td>Ern\u00e4hrung<\/td>\n<td>8 AA- oder externe 7,5-14V-Batterien<\/td>\n<\/tr>\n<tr>\n<td>Smartphone-Adapter<\/td>\n<td>54 bis 90 mm (universell)<\/td>\n<\/tr>\n<\/tbody>\n<\/table>\n<p>&nbsp;<\/p>","protected":false},"excerpt":{"rendered":"<p>&nbsp; T\u00e9lescope Sky-Watcher Skymax-102 AZ-GTi : Go-To WiFi avanc\u00e9 et libert\u00e9 totale d\u2019observation Le Sky-Watcher Skymax-102 AZ-GTi est un t\u00e9lescope compact, l\u00e9ger et technologiquement avanc\u00e9, id\u00e9al pour les astronomes souhaitant allier performance optique et contr\u00f4le intelligent. Con\u00e7u pour une utilisation \u201cgrab-and-go\u201d, il se distingue par sa monture AZ-GTi Go-To WiFi et sa technologie exclusive Freedom-Find\u2122, [&hellip;]<\/p>\n","protected":false},"featured_media":14521,"comment_status":"open","ping_status":"closed","template":"","meta":[],"product_brand":[822],"product_cat":[752,759,20,392],"product_tag":[],"class_list":{"0":"post-14519","1":"product","2":"type-product","3":"status-publish","4":"has-post-thumbnail","6":"product_brand-sky-watcher","7":"product_cat-maksutov-cassegrain","8":"product_cat-alt-azimutales","9":"product_cat-montures","10":"product_cat-telescopes_reflecteurs","12":"first","13":"on_supplier","14":"taxable","15":"shipping-taxable","16":"purchasable","17":"product-type-simple"},"_links":{"self":[{"href":"https:\/\/deep-space-astronomy.ch\/de\/wp-json\/wp\/v2\/product\/14519","targetHints":{"allow":["GET"]}}],"collection":[{"href":"https:\/\/deep-space-astronomy.ch\/de\/wp-json\/wp\/v2\/product"}],"about":[{"href":"https:\/\/deep-space-astronomy.ch\/de\/wp-json\/wp\/v2\/types\/product"}],"replies":[{"embeddable":true,"href":"https:\/\/deep-space-astronomy.ch\/de\/wp-json\/wp\/v2\/comments?post=14519"}],"wp:featuredmedia":[{"embeddable":true,"href":"https:\/\/deep-space-astronomy.ch\/de\/wp-json\/wp\/v2\/media\/14521"}],"wp:attachment":[{"href":"https:\/\/deep-space-astronomy.ch\/de\/wp-json\/wp\/v2\/media?parent=14519"}],"wp:term":[{"taxonomy":"product_brand","embeddable":true,"href":"https:\/\/deep-space-astronomy.ch\/de\/wp-json\/wp\/v2\/product_brand?post=14519"},{"taxonomy":"product_cat","embeddable":true,"href":"https:\/\/deep-space-astronomy.ch\/de\/wp-json\/wp\/v2\/product_cat?post=14519"},{"taxonomy":"product_tag","embeddable":true,"href":"https:\/\/deep-space-astronomy.ch\/de\/wp-json\/wp\/v2\/product_tag?post=14519"}],"curies":[{"name":"wp","href":"https:\/\/api.w.org\/{rel}","templated":true}]}}