{"id":14524,"date":"2026-04-04T15:59:04","date_gmt":"2026-04-04T13:59:04","guid":{"rendered":"https:\/\/deep-space-astronomy.ch\/?post_type=product&#038;p=14524"},"modified":"2026-04-04T15:59:17","modified_gmt":"2026-04-04T13:59:17","slug":"sky-watcher-explorer-130ps-az-gti","status":"publish","type":"product","link":"https:\/\/deep-space-astronomy.ch\/de\/produkt\/sky-watcher-explorer-130ps-az-gti\/","title":{"rendered":"Sky-Watcher Explorer-130PS AZ-GTi"},"content":{"rendered":"<p>&nbsp;<\/p>\n<h3>Sky-Watcher Explorer-130PS AZ-GTi-Teleskop: Leistung, Go-To WiFi und v\u00f6llige Freiheit<\/h3>\n<p>Die <strong>Sky-Watcher Explorer-130PS AZ-GTi<\/strong> ist ein leistungsstarkes, modernes Teleskop, das f\u00fcr ein intuitives und vernetztes Beobachtungserlebnis entwickelt wurde. Dank seiner Montierung <strong>AZ-GTi Go-To WiFi<\/strong> und seiner innovativen Technologie <strong>Freedom-Find\u2122<\/strong>, Es vereint fortschrittliche Automatisierung und Benutzerfreundlichkeit. Es ist leicht, tragbar und einfach zu installieren. Es ist eine ausgezeichnete Wahl f\u00fcr Anf\u00e4nger und Amateurastronomen, die ein erweiterbares Instrument suchen.<\/p>\n<p>Die Montierung AZ-GTi ist mit einem <strong>eingebautes WiFi-Modul<\/strong> die ihr eigenes Netzwerk aufbaut und mit der kostenlosen App eine vollst\u00e4ndige Steuerung \u00fcber Smartphone oder Tablet erm\u00f6glicht <strong>SynScan<\/strong> (iOS und Android). Es ist keine externe Verbindung erforderlich: Nachdem Sie Ihre Koordinaten eingegeben und eine einfache Ausrichtung vorgenommen haben, k\u00f6nnen Sie den Himmel \u00fcber eine intuitive und fl\u00fcssige Benutzeroberfl\u00e4che erkunden.<\/p>\n<p>Das Go-To-System erm\u00f6glicht den Zugriff auf eine Datenbank von <strong>\u00fcber 10.000 Himmelsobjekte<\/strong>, Dazu geh\u00f6ren die Kataloge Messier, NGC, IC und Caldwell, sowie benannte Sterne, Doppelsterne und Objekte des Sonnensystems. Erweiterte Funktionen wie <strong>\u201cTonight's Best Tour\u201d<\/strong>, Die Benutzererfahrung wird durch die M\u00f6glichkeit der Objekterkennung und des direkten Zeigens bereichert.<\/p>\n<p>Die exklusive Technologie <strong>Freedom-Find\u2122 Dual-Encoder<\/strong> erm\u00f6glicht die manuelle Bewegung des Teleskops in beiden Achsen <strong>ohne die Ausrichtung zu verlieren<\/strong>. Diese einzigartige Funktion bietet eine au\u00dfergew\u00f6hnliche Flexibilit\u00e4t und erm\u00f6glicht den freien Wechsel zwischen manueller Stempelung und automatisierter Verfolgung.<\/p>\n<p>Optisch ist der Explorer-130PS ein Teleskop vom Typ <strong>Newton<\/strong> mit einem Hauptspiegel ausgestattet <strong>parabolisch 130 mm<\/strong>. Bei einer Brennweite von <strong>650 mm<\/strong> und ein Fokusverh\u00e4ltnis von <strong>f\/5<\/strong>, Es bietet ein ausgezeichnetes Gleichgewicht zwischen Helligkeit und Sichtfeld. Er eignet sich hervorragend f\u00fcr die Beobachtung von <strong>Mond<\/strong>Die <strong>Planeten<\/strong>, sowie Deep-Sky-Objekte wie die <strong>Nebel<\/strong>, <strong>Galaxien<\/strong> und <strong>Sternhaufen<\/strong>.<\/p>\n<p>Der Prim\u00e4r- und der Sekund\u00e4rspiegel profitieren von der Behandlung <strong>Radiant\u2122 Aluminum Quarz (RAQ\u2122)<\/strong>, und bietet bis zu <strong>94% Reflektivit\u00e4t<\/strong>. Diese Beschichtung verbessert die Helligkeit und den Kontrast der Bilder und sorgt f\u00fcr eine ausgezeichnete Haltbarkeit. Das Teleskop wird mit zwei Okularen von <strong>10 mm und 20 mm<\/strong>, Die Vergr\u00f6\u00dferungen betragen <strong>x65 und x32.5<\/strong>, mit einem maximalen Potenzial von <strong>x260<\/strong>.<\/p>\n<p>Die <strong>Rotpunktsucher<\/strong>\u00a0erleichtert das anf\u00e4ngliche Anpeilen, insbesondere beim Ausrichten. Sobald dies geschehen ist, \u00fcbernimmt das Go-To-System die automatische Lokalisierung der Objekte. Mehrere Bewegungsgeschwindigkeiten (bis zu <strong>800x<\/strong>) sorgen f\u00fcr eine schnelle und genaue Positionierung.<\/p>\n<p>Die AZ-GTi-Montierung ist kompatibel mit der Plattform <strong>ASCOM<\/strong> f\u00fcr die Steuerung \u00fcber einen Computer sowie mit Planetariumsanwendungen wie <strong>SkySafari Plus\/Pro<\/strong>. Au\u00dferdem verf\u00fcgt sie \u00fcber einen Anschluss f\u00fcr einen SynScan-Schl\u00e4ger (optional) und einen DSLR-Triggeranschluss f\u00fcr Fotografie.<\/p>\n<p>Das Stativ in <strong>verstellbares Aluminium<\/strong> sorgt f\u00fcr eine ausgezeichnete Stabilit\u00e4t bei gleichzeitig geringem Gewicht. Einstellbar von <strong>80,5 cm bis 152 cm<\/strong>, Es eignet sich f\u00fcr alle Beobachtungssituationen. Das gesamte Set wiegt nur <strong>6,65 kg<\/strong>, Das bedeutet, dass es leicht zu transportieren ist.<\/p>\n<p>Die Einspeisung kann erfolgen \u00fcber <strong>8 AA-Batterien<\/strong> oder eine externe Quelle <strong>7,5 bis 14V<\/strong>. F\u00fcr eine optimale Autonomie ist die Verwendung eines <strong>Power Tank Sky-Watcher 17Ah<\/strong> wird empfohlen.<\/p>\n<p>Schlie\u00dflich wird das Teleskop mit einem <strong>Universaladapter f\u00fcr Smartphones<\/strong> (kompatibel mit Kameras mit einer Breite von 54 bis 90 mm), mit der Sie ganz einfach Bilder vom Mond und von hellen Objekten aufnehmen k\u00f6nnen.<\/p>\n<p>Das Sky-Watcher Explorer-130PS AZ-GTi ist ein komplettes, leistungsstarkes und vielseitiges Teleskop, das hochwertige Optik, Go-To-Automatisierung und Benutzerfreiheit vereint. Es stellt eine ideale L\u00f6sung dar, um den Himmel pr\u00e4zise und einfach zu erkunden.<\/p>\n<h3>Technische Daten<\/h3>\n<table border=\"1\" cellspacing=\"0\" cellpadding=\"8\">\n<tbody>\n<tr>\n<th>Merkmal<\/th>\n<th>Detail<\/th>\n<\/tr>\n<tr>\n<td>Optischer Typ<\/td>\n<td>Newton (Parabolspiegel)<\/td>\n<\/tr>\n<tr>\n<td>Spiegeldurchmesser<\/td>\n<td>130 mm<\/td>\n<\/tr>\n<tr>\n<td>Brennweite<\/td>\n<td>650 mm<\/td>\n<\/tr>\n<tr>\n<td>Fokusbericht<\/td>\n<td>f\/5<\/td>\n<\/tr>\n<tr>\n<td>Mitgelieferte Vergr\u00f6\u00dferungen<\/td>\n<td>x32.5 (20 mm) \/ x65 (10 mm)<\/td>\n<\/tr>\n<tr>\n<td>Maximal nutzbare Vergr\u00f6\u00dferung<\/td>\n<td>x260<\/td>\n<\/tr>\n<tr>\n<td>Optische Verarbeitung<\/td>\n<td>RAQ\u2122 (94% Reflektivit\u00e4t)<\/td>\n<\/tr>\n<tr>\n<td>Mitgelieferte Okulare<\/td>\n<td>10 mm &amp; 20 mm (1.25\u2033)<\/td>\n<\/tr>\n<tr>\n<td>Forscher<\/td>\n<td>Rotpunktsucher<\/td>\n<\/tr>\n<tr>\n<td>Rahmen<\/td>\n<td>AZ-GTi Go-To Alt-Azimuth WiFi<\/td>\n<\/tr>\n<tr>\n<td>Technologie<\/td>\n<td>Freedom-Find\u2122 Dual-Encoder<\/td>\n<\/tr>\n<tr>\n<td>Genauigkeit beim Zeigen<\/td>\n<td>Bis zu 10 Bogenminuten (RMS)<\/td>\n<\/tr>\n<tr>\n<td>Nachverfolgungsmodi<\/td>\n<td>Siderisch, lunar, solar<\/td>\n<\/tr>\n<tr>\n<td>Reisegeschwindigkeiten<\/td>\n<td>0,5x bis 800x<\/td>\n<\/tr>\n<tr>\n<td>Motorisierung<\/td>\n<td>DC-Servomotoren (Doppelachse)<\/td>\n<\/tr>\n<tr>\n<td>Konnektivit\u00e4t<\/td>\n<td>WiFi, ASCOM, mobile Apps, DSLR-Anschluss<\/td>\n<\/tr>\n<tr>\n<td>Befestigung<\/td>\n<td>Schwalbenschwanz Typ Vixen (45 mm)<\/td>\n<\/tr>\n<tr>\n<td>Stativ<\/td>\n<td>Aluminium mit Tablett Zubeh\u00f6r<\/td>\n<\/tr>\n<tr>\n<td>H\u00f6he des Stativs<\/td>\n<td>80,5 cm bis 152 cm<\/td>\n<\/tr>\n<tr>\n<td>Gesamtgewicht<\/td>\n<td>6,65 kg<\/td>\n<\/tr>\n<tr>\n<td>Ern\u00e4hrung<\/td>\n<td>8 AA- oder externe 7,5-14V-Batterien<\/td>\n<\/tr>\n<tr>\n<td>Smartphone-Adapter<\/td>\n<td>54 bis 90 mm (universell)<\/td>\n<\/tr>\n<\/tbody>\n<\/table>\n<p>&nbsp;<\/p>","protected":false},"excerpt":{"rendered":"<p>&nbsp; T\u00e9lescope Sky-Watcher Explorer-130PS AZ-GTi : puissance, Go-To WiFi et libert\u00e9 totale Le Sky-Watcher Explorer-130PS AZ-GTi est un t\u00e9lescope performant et moderne, con\u00e7u pour offrir une exp\u00e9rience d\u2019observation intuitive et connect\u00e9e. Gr\u00e2ce \u00e0 sa monture AZ-GTi Go-To WiFi et \u00e0 sa technologie innovante Freedom-Find\u2122, il combine automatisation avanc\u00e9e et libert\u00e9 d\u2019utilisation. L\u00e9ger, portable et facile [&hellip;]<\/p>\n","protected":false},"featured_media":14525,"comment_status":"open","ping_status":"closed","template":"","meta":[],"product_brand":[822],"product_cat":[747,759,20,392],"product_tag":[],"class_list":{"0":"post-14524","1":"product","2":"type-product","3":"status-publish","4":"has-post-thumbnail","6":"product_brand-sky-watcher","7":"product_cat-newton","8":"product_cat-alt-azimutales","9":"product_cat-montures","10":"product_cat-telescopes_reflecteurs","12":"first","13":"on_supplier","14":"taxable","15":"shipping-taxable","16":"purchasable","17":"product-type-simple"},"_links":{"self":[{"href":"https:\/\/deep-space-astronomy.ch\/de\/wp-json\/wp\/v2\/product\/14524","targetHints":{"allow":["GET"]}}],"collection":[{"href":"https:\/\/deep-space-astronomy.ch\/de\/wp-json\/wp\/v2\/product"}],"about":[{"href":"https:\/\/deep-space-astronomy.ch\/de\/wp-json\/wp\/v2\/types\/product"}],"replies":[{"embeddable":true,"href":"https:\/\/deep-space-astronomy.ch\/de\/wp-json\/wp\/v2\/comments?post=14524"}],"wp:featuredmedia":[{"embeddable":true,"href":"https:\/\/deep-space-astronomy.ch\/de\/wp-json\/wp\/v2\/media\/14525"}],"wp:attachment":[{"href":"https:\/\/deep-space-astronomy.ch\/de\/wp-json\/wp\/v2\/media?parent=14524"}],"wp:term":[{"taxonomy":"product_brand","embeddable":true,"href":"https:\/\/deep-space-astronomy.ch\/de\/wp-json\/wp\/v2\/product_brand?post=14524"},{"taxonomy":"product_cat","embeddable":true,"href":"https:\/\/deep-space-astronomy.ch\/de\/wp-json\/wp\/v2\/product_cat?post=14524"},{"taxonomy":"product_tag","embeddable":true,"href":"https:\/\/deep-space-astronomy.ch\/de\/wp-json\/wp\/v2\/product_tag?post=14524"}],"curies":[{"name":"wp","href":"https:\/\/api.w.org\/{rel}","templated":true}]}}