{"id":14527,"date":"2026-04-04T16:14:42","date_gmt":"2026-04-04T14:14:42","guid":{"rendered":"https:\/\/deep-space-astronomy.ch\/?post_type=product&#038;p=14527"},"modified":"2026-04-04T16:14:55","modified_gmt":"2026-04-04T14:14:55","slug":"telescope-newton-114-500-az-gte","status":"publish","type":"product","link":"https:\/\/deep-space-astronomy.ch\/de\/produkt\/telescope-newton-114-500-az-gte\/","title":{"rendered":"Newton-Teleskop 114\/500 AZ-GTe"},"content":{"rendered":"<p>&nbsp;<\/p>\n<h3>Newton 114\/500 AZ-GTe-Teleskop: Das ideale Instrument f\u00fcr den Einstieg in die Astronomie<\/h3>\n<p>Die <strong>Newton-Teleskop 114\/500 AZ-GTe<\/strong> ist die perfekte L\u00f6sung, um auf einfache, intuitive und effektive Weise in die Astronomie einzusteigen. Es ist leicht, kompakt und einfach zu transportieren. Es wurde entwickelt, um Anf\u00e4ngern die M\u00f6glichkeit zu geben, ohne Vorkenntnisse schnell die Wunder des Himmels zu entdecken. Dank der motorisierten GoTo-Montierung und der Steuerung \u00fcber das Smartphone verbindet es einfache Bedienung mit moderner Technologie.<\/p>\n<p>Mit einem Durchmesser von <strong>114 mm<\/strong>, Dieses Teleskop bietet eine ausreichende Lichtsammelkapazit\u00e4t, um eine Vielzahl von Himmelsobjekten zu beobachten. Seine Brennweite von <strong>500 mm<\/strong> (Fokusbericht <strong>f\/4.4<\/strong>) macht es zu einem hellen und vielseitigen Instrument, ideal f\u00fcr die Erforschung sowohl der <strong>Mond<\/strong> und die <strong>Planeten<\/strong> dass die <strong>Nebel<\/strong> und <strong>Sternhaufen<\/strong>. Sie k\u00f6nnen zum Beispiel die Ringe des Saturn, die Wolkenb\u00e4nder von Jupiter und seinen Monden oder die ber\u00fchmte <strong>Orionnebel<\/strong>.<\/p>\n<p>Der Prim\u00e4rspiegel <strong>parabolisch<\/strong> garantiert eine bessere Bildqualit\u00e4t als ein sph\u00e4rischer Spiegel, wobei die optischen Aberrationen reduziert werden. Das Teleskop erm\u00f6glicht eine maximal nutzbare Vergr\u00f6\u00dferung von <strong>x230<\/strong>, Der Klang ist f\u00fcr ein Instrument dieser Kategorie bereits sehr detailliert.<\/p>\n<p>Eine der gr\u00f6\u00dften St\u00e4rken dieses Modells ist seine Fassung <strong>AZ-GTe GoTo<\/strong>, Die kompakte und leichtgewichtige Plattform kann Instrumente bis zu einer Gr\u00f6\u00dfe von 1,5 Metern tragen. <strong>5 kg<\/strong>. Sie integriert einen <strong>WiFi-Modul<\/strong> die es erm\u00f6glicht, das Teleskop direkt von einem Smartphone oder Tablet aus \u00fcber die App zu steuern <strong>SynScan<\/strong> (iOS und Android). Die Montierung erstellt ihr eigenes WiFi-Netzwerk, sodass sie \u00fcberall ohne Internetverbindung genutzt werden kann.<\/p>\n<p>Das GoTo-System bietet Zugang zu einer Datenbank mit <strong>\u00fcber 10.000 Himmelsobjekte<\/strong>. Nach einer einfachen Ausrichtung (die von der App unterst\u00fctzt wird) k\u00f6nnen Sie ein Objekt ausw\u00e4hlen und das Teleskop automatisch darauf zielen lassen. Die App bietet auch Beobachtungsempfehlungen und hilft bei der Identifizierung sichtbarer Objekte, wodurch das Erlebnis besonders f\u00fcr Anf\u00e4nger zug\u00e4nglich wird.<\/p>\n<p>Im Gegensatz zur AZ-GTi-Montierung verf\u00fcgt die AZ-GTe-Version nicht \u00fcber die <strong>Freedom-Find\u2122<\/strong>. Dennoch bleibt er sehr leistungsstark und intuitiv, vor allem dank seiner modernen mobilen Benutzeroberfl\u00e4che, die viel benutzerfreundlicher ist als herk\u00f6mmliche Schl\u00e4ger.<\/p>\n<p>Das Teleskop wird mit zwei Okularen von <strong>25 mm und 10 mm<\/strong>, Sie k\u00f6nnen verschiedene Vergr\u00f6\u00dferungsstufen w\u00e4hlen, um sich an die beobachteten Objekte anzupassen. Die <strong>Rotpunktsucher<\/strong> erleichtert das Auffinden von Zielen w\u00e4hrend der Ausrichtungsphase.<\/p>\n<p>Das Stativ in <strong>verstellbares Aluminium<\/strong> bietet eine gute Stabilit\u00e4t, ist aber dennoch leicht und transportabel. Einstellbar von <strong>80,5 cm bis 152 cm<\/strong>, Es erm\u00f6glicht eine bequeme Beobachtung f\u00fcr jeden Benutzer. Das Gesamtgewicht betr\u00e4gt nur <strong>6,65 kg<\/strong>, Das macht es zu einem leicht transportierbaren Instrument f\u00fcr Beobachtungen im Freien.<\/p>\n<p>Gespeist von <strong>8 AA-Batterien<\/strong>, Die Kamera ist v\u00f6llig autonom, was sie ideal f\u00fcr Ausfl\u00fcge in die Natur macht. Es verf\u00fcgt au\u00dferdem \u00fcber eine USB-Schnittstelle und ist mit verschiedenen Softwareprogrammen kompatibel, sodass Sie Ihr Setup auch in Zukunft weiterentwickeln k\u00f6nnen.<\/p>\n<p>Dieses Teleskop wird mit passendem Zubeh\u00f6r sowie einem <strong>umfassendes Handbuch f\u00fcr Anf\u00e4nger<\/strong>, Sie k\u00f6nnen die Astronomie leicht erlernen und anwenden. Dar\u00fcber hinaus steht Ihnen ein spezialisierter Kundendienst zur Verf\u00fcgung, der Sie auch nach dem Kauf begleitet.<\/p>\n<p>Das Newton 114\/500 AZ-GTe ist daher eine ausgezeichnete Wahl f\u00fcr den Anfang: Einfach, leicht, leistungsstark und mit einem modernen GoTo-System ausgestattet, k\u00f6nnen Sie mit ihm entspannt auf Entdeckungsreise durch das Universum gehen.<\/p>\n<h3>Technische Daten<\/h3>\n<table border=\"1\" cellspacing=\"0\" cellpadding=\"8\">\n<tbody>\n<tr>\n<th>Merkmal<\/th>\n<th>Detail<\/th>\n<\/tr>\n<tr>\n<td>Optischer Typ<\/td>\n<td>Newton-Reflektor<\/td>\n<\/tr>\n<tr>\n<td>Durchmesser<\/td>\n<td>114 mm<\/td>\n<\/tr>\n<tr>\n<td>Brennweite<\/td>\n<td>500 mm<\/td>\n<\/tr>\n<tr>\n<td>Fokusbericht<\/td>\n<td>f\/4.4<\/td>\n<\/tr>\n<tr>\n<td>Spiegel<\/td>\n<td>Parabolisch<\/td>\n<\/tr>\n<tr>\n<td>Maximal nutzbare Vergr\u00f6\u00dferung<\/td>\n<td>x230<\/td>\n<\/tr>\n<tr>\n<td>Mitgelieferte Okulare<\/td>\n<td>25 mm &amp; 10 mm (1.25\u2033)<\/td>\n<\/tr>\n<tr>\n<td>Okularhalter<\/td>\n<td>Zahnstange 1.25\u2033<\/td>\n<\/tr>\n<tr>\n<td>Forscher<\/td>\n<td>Rotpunktsucher<\/td>\n<\/tr>\n<tr>\n<td>Rahmen<\/td>\n<td>AZ-GTe GoTo azimutal WiFi<\/td>\n<\/tr>\n<tr>\n<td>Datenbank<\/td>\n<td>10.000 Objekte<\/td>\n<\/tr>\n<tr>\n<td>Kontrolle<\/td>\n<td>SynScan-App (iOS\/Android)<\/td>\n<\/tr>\n<tr>\n<td>Nachverfolgungsmodi<\/td>\n<td>Sid\u00e9ral, Solar, Lunar<\/td>\n<\/tr>\n<tr>\n<td>Tragf\u00e4higkeit<\/td>\n<td>5 kg<\/td>\n<\/tr>\n<tr>\n<td>Stativ<\/td>\n<td>Verstellbares Aluminium mit Tablett<\/td>\n<\/tr>\n<tr>\n<td>H\u00f6he des Stativs<\/td>\n<td>80,5 cm bis 152 cm<\/td>\n<\/tr>\n<tr>\n<td>Gesamtgewicht<\/td>\n<td>6,65 kg<\/td>\n<\/tr>\n<tr>\n<td>Ern\u00e4hrung<\/td>\n<td>8 AA-Batterien<\/td>\n<\/tr>\n<\/tbody>\n<\/table>\n<p>&nbsp;<\/p>","protected":false},"excerpt":{"rendered":"<p>&nbsp; T\u00e9lescope Newton 114\/500 AZ-GTe : l\u2019instrument id\u00e9al pour d\u00e9buter en astronomie Le t\u00e9lescope Newton 114\/500 AZ-GTe est une solution parfaite pour s\u2019initier \u00e0 l\u2019astronomie de mani\u00e8re simple, intuitive et efficace. L\u00e9ger, compact et facile \u00e0 transporter, il a \u00e9t\u00e9 con\u00e7u pour permettre aux d\u00e9butants de d\u00e9couvrir rapidement les merveilles du ciel sans connaissances pr\u00e9alables. [&hellip;]<\/p>\n","protected":false},"featured_media":14528,"comment_status":"open","ping_status":"closed","template":"","meta":[],"product_brand":[822],"product_cat":[747,759,20,392],"product_tag":[],"class_list":{"0":"post-14527","1":"product","2":"type-product","3":"status-publish","4":"has-post-thumbnail","6":"product_brand-sky-watcher","7":"product_cat-newton","8":"product_cat-alt-azimutales","9":"product_cat-montures","10":"product_cat-telescopes_reflecteurs","12":"first","13":"on_supplier","14":"taxable","15":"shipping-taxable","16":"purchasable","17":"product-type-simple"},"_links":{"self":[{"href":"https:\/\/deep-space-astronomy.ch\/de\/wp-json\/wp\/v2\/product\/14527","targetHints":{"allow":["GET"]}}],"collection":[{"href":"https:\/\/deep-space-astronomy.ch\/de\/wp-json\/wp\/v2\/product"}],"about":[{"href":"https:\/\/deep-space-astronomy.ch\/de\/wp-json\/wp\/v2\/types\/product"}],"replies":[{"embeddable":true,"href":"https:\/\/deep-space-astronomy.ch\/de\/wp-json\/wp\/v2\/comments?post=14527"}],"wp:featuredmedia":[{"embeddable":true,"href":"https:\/\/deep-space-astronomy.ch\/de\/wp-json\/wp\/v2\/media\/14528"}],"wp:attachment":[{"href":"https:\/\/deep-space-astronomy.ch\/de\/wp-json\/wp\/v2\/media?parent=14527"}],"wp:term":[{"taxonomy":"product_brand","embeddable":true,"href":"https:\/\/deep-space-astronomy.ch\/de\/wp-json\/wp\/v2\/product_brand?post=14527"},{"taxonomy":"product_cat","embeddable":true,"href":"https:\/\/deep-space-astronomy.ch\/de\/wp-json\/wp\/v2\/product_cat?post=14527"},{"taxonomy":"product_tag","embeddable":true,"href":"https:\/\/deep-space-astronomy.ch\/de\/wp-json\/wp\/v2\/product_tag?post=14527"}],"curies":[{"name":"wp","href":"https:\/\/api.w.org\/{rel}","templated":true}]}}