{"id":14544,"date":"2026-04-07T17:10:13","date_gmt":"2026-04-07T15:10:13","guid":{"rendered":"https:\/\/deep-space-astronomy.ch\/?post_type=product&#038;p=14544"},"modified":"2026-04-07T17:10:27","modified_gmt":"2026-04-07T15:10:27","slug":"skywatcher-starquest-1145p","status":"publish","type":"product","link":"https:\/\/deep-space-astronomy.ch\/de\/produkt\/skywatcher-starquest-1145p\/","title":{"rendered":"Skywatcher STARQUEST-1145P"},"content":{"rendered":"<p>&nbsp;<\/p>\n<h3>Skywatcher STARQUEST-1145P: Leistungsstarkes Newton-Teleskop mit pr\u00e4ziser \u00e4quatorialer Montierung<\/h3>\n<p>Die <strong>Skywatcher STARQUEST-1145P<\/strong> ist ein kompaktes, vielseitiges Newton-Teleskop, das f\u00fcr Anf\u00e4nger und fortgeschrittene Astronomen entwickelt wurde, die ein leistungsstarkes Instrument suchen, das leicht zu transportieren und einfach zu bedienen ist. Als Teil der STARQUEST-Serie kombiniert es hochwertige Paraboloptik mit einer stabilen und pr\u00e4zisen \u00e4quatorialen Montierung, die ideal f\u00fcr die Beobachtung des Nachthimmels ist.<\/p>\n<p>Mit seinem hervorragenden Preis-Leistungs-Verh\u00e4ltnis und dem \u00abGrab-and-Go\u00bb-Design ist dieses Modell perfekt, um schnell in den Genuss detailreicher Beobachtungssitzungen zu kommen, sei es im Garten oder unterwegs.<\/p>\n<h3>Hochwertige parabolische Optik<\/h3>\n<p>Die STARQUEST-1145P ist mit einem parabolischen Hauptspiegel von <strong>114 mm Durchmesser<\/strong>, Dies sorgt f\u00fcr scharfe und kontrastreiche Bilder. Im Gegensatz zu sph\u00e4rischen Spiegeln reduziert das parabolische Design optische Aberrationen und erm\u00f6glicht eine h\u00f6here Genauigkeit, insbesondere bei hohen Vergr\u00f6\u00dferungen.<\/p>\n<p>Seine Behandlung <strong>RAQ\u2122 (Radiant Aluminum Quartz)<\/strong> bietet bis zu <strong>94 % Reflektivit\u00e4t<\/strong>, Das Teleskop hat eine hervorragende Lichttransmission und eine lange Lebensdauer. Mit einer Brennweite von 500 mm (f\/4.4) bietet dieses Teleskop ein gro\u00dfes Feld, das ideal f\u00fcr die Beobachtung :<\/p>\n<ul>\n<li>den Mond mit hoher Detailgenauigkeit<\/li>\n<li>helle Planeten<\/li>\n<li>Nebel und Galaxien<\/li>\n<li>Sternhaufen<\/li>\n<\/ul>\n<p>Seine F\u00e4higkeit, Licht zu sammeln, ist <strong>125 % gr\u00f6\u00dfer als ein 76-mm-Teleskop<\/strong>, Das Ergebnis sind hellere und detailreichere Bilder.<\/p>\n<h3>\u00c4quatorialer STARQUEST-Rahmen stabil und pr\u00e4zise<\/h3>\n<p>Das Gestell <strong>STARQUEST<\/strong> wurde entwickelt, um Stabilit\u00e4t und Pr\u00e4zision zu bieten. Sie verf\u00fcgt \u00fcber ein hochwertiges Kupplungssystem und einen Zahnradmechanismus mit <strong>122 Z\u00e4hne auf 360\u00b0<\/strong> auf beiden Achsen (Rektaszension und Deklination).<\/p>\n<p>Wenn die Montierung richtig aufgestellt ist (polare Ausrichtung), kann sie die Bewegung von Himmelsobjekten dank ihrer <strong>Befehle f\u00fcr fl\u00fcssige langsame Bewegungen<\/strong>. Dies erleichtert das l\u00e4ngere Beobachten, insbesondere bei hoher Vergr\u00f6\u00dferung, erheblich.<\/p>\n<p>Mit einer maximalen Tragf\u00e4higkeit von 3 kg bietet es auch bei detaillierten Beobachtungen eine hervorragende Stabilit\u00e4t.<\/p>\n<h3>Leichtes und transportables Design<\/h3>\n<p>Das STARQUEST-1145P ist so konzipiert, dass es leicht transportiert werden kann. Er wird mit einem <strong>verstellbares Aluminiumstativ<\/strong> robust, zusammen mit einem praktischen Zubeh\u00f6rtablett.<\/p>\n<p>Dank seiner kompakten Bauweise ist es ideal f\u00fcr Beobachtungen im Freien, auf Reisen oder f\u00fcr improvisierte Abende unter dem Sternenhimmel.<\/p>\n<h3>Umfangreiches Zubeh\u00f6r f\u00fcr den sofortigen Einsatz<\/h3>\n<p>Dieses Teleskop wird mit allem geliefert, was Sie brauchen, um sofort loszulegen:<\/p>\n<ul>\n<li>zwei Okulare (10 mm und 20 mm), die eine Vergr\u00f6\u00dferung von x25 und x50 bieten<\/li>\n<li>einen Rotpunktsucher, um Objekte leicht zu lokalisieren<\/li>\n<li>einen universellen Smartphone-Adapter, um Ihre Beobachtungen festzuhalten<\/li>\n<\/ul>\n<p>Mit der Smartphone-Halterung k\u00f6nnen Sie ganz einfach Fotos vom Mond und von hellen Objekten machen, wodurch die Astronomie noch zug\u00e4nglicher und unterhaltsamer wird.<\/p>\n<h3>Leistung und Vielseitigkeit<\/h3>\n<p>Mit einer theoretischen Maximalvergr\u00f6\u00dferung von <strong>x228<\/strong>, Mit dem STARQUEST-1145P k\u00f6nnen Sie eine Vielzahl von Himmelsobjekten pr\u00e4zise erforschen. Seine Kombination aus heller Optik und \u00e4quatorialer Montierung macht es zu einem ausgezeichneten Allzweckinstrument, das sich sowohl f\u00fcr die visuelle Beobachtung als auch f\u00fcr erste Erfahrungen mit der Astrofotografie eignet.<\/p>\n<h3>Tabelle der technischen Daten<\/h3>\n<table border=\"1\" cellspacing=\"0\" cellpadding=\"8\">\n<tbody>\n<tr>\n<th>Merkmal<\/th>\n<th>Detail<\/th>\n<\/tr>\n<tr>\n<td>Optischer Typ<\/td>\n<td>Newton (Parabolspiegel)<\/td>\n<\/tr>\n<tr>\n<td>Durchmesser<\/td>\n<td>114 mm<\/td>\n<\/tr>\n<tr>\n<td>Brennweite<\/td>\n<td>500 mm<\/td>\n<\/tr>\n<tr>\n<td>Fokusbericht<\/td>\n<td>f\/4.4<\/td>\n<\/tr>\n<tr>\n<td>Optische Verarbeitung<\/td>\n<td>RAQ\u2122 (94% Reflektivit\u00e4t)<\/td>\n<\/tr>\n<tr>\n<td>Rahmen<\/td>\n<td>\u00c4quatorialguinea STARQUEST<\/td>\n<\/tr>\n<tr>\n<td>Tragf\u00e4higkeit<\/td>\n<td>3 kg<\/td>\n<\/tr>\n<tr>\n<td>Mitgelieferte Vergr\u00f6\u00dferungen<\/td>\n<td>x25 und x50<\/td>\n<\/tr>\n<tr>\n<td>Max. Vergr\u00f6\u00dferung<\/td>\n<td>x228<\/td>\n<\/tr>\n<tr>\n<td>Inklusive Zubeh\u00f6r<\/td>\n<td>10 mm &amp; 20 mm Okulare, Rotpunktsucher, Smartphone-Adapter<\/td>\n<\/tr>\n<tr>\n<td>Stativ<\/td>\n<td>Verstellbares Aluminium mit Tablett<\/td>\n<\/tr>\n<\/tbody>\n<\/table>\n<h3>Schlussfolgerung<\/h3>\n<p>Die <strong>Skywatcher STARQUEST-1145P<\/strong> ist ein komplettes, zuverl\u00e4ssiges und leistungsstarkes Teleskop, das ideal ist, um die Astronomie unter guten Bedingungen zu entdecken. Die pr\u00e4zise \u00e4quatoriale Montierung, die helle Optik und das mitgelieferte Zubeh\u00f6r machen es zu einer ausgezeichneten Wahl, um schnell Fortschritte zu machen und den Nachthimmel in vollen Z\u00fcgen zu genie\u00dfen.<\/p>","protected":false},"excerpt":{"rendered":"<p>&nbsp; Skywatcher STARQUEST-1145P : t\u00e9lescope Newton performant et monture \u00e9quatoriale pr\u00e9cise Le Skywatcher STARQUEST-1145P est un t\u00e9lescope Newton compact et polyvalent, con\u00e7u pour les astronomes d\u00e9butants comme interm\u00e9diaires \u00e0 la recherche d\u2019un instrument performant, facile \u00e0 transporter et simple \u00e0 utiliser. Faisant partie de la s\u00e9rie STARQUEST, il combine des optiques paraboliques de haute qualit\u00e9 [&hellip;]<\/p>\n","protected":false},"featured_media":14545,"comment_status":"open","ping_status":"closed","template":"","meta":[],"product_brand":[822],"product_cat":[392,762,20,747],"product_tag":[],"class_list":{"0":"post-14544","1":"product","2":"type-product","3":"status-publish","4":"has-post-thumbnail","6":"product_brand-sky-watcher","7":"product_cat-telescopes_reflecteurs","8":"product_cat-equatoriales","9":"product_cat-montures","10":"product_cat-newton","12":"first","13":"on_supplier","14":"taxable","15":"shipping-taxable","16":"purchasable","17":"product-type-simple"},"_links":{"self":[{"href":"https:\/\/deep-space-astronomy.ch\/de\/wp-json\/wp\/v2\/product\/14544","targetHints":{"allow":["GET"]}}],"collection":[{"href":"https:\/\/deep-space-astronomy.ch\/de\/wp-json\/wp\/v2\/product"}],"about":[{"href":"https:\/\/deep-space-astronomy.ch\/de\/wp-json\/wp\/v2\/types\/product"}],"replies":[{"embeddable":true,"href":"https:\/\/deep-space-astronomy.ch\/de\/wp-json\/wp\/v2\/comments?post=14544"}],"wp:featuredmedia":[{"embeddable":true,"href":"https:\/\/deep-space-astronomy.ch\/de\/wp-json\/wp\/v2\/media\/14545"}],"wp:attachment":[{"href":"https:\/\/deep-space-astronomy.ch\/de\/wp-json\/wp\/v2\/media?parent=14544"}],"wp:term":[{"taxonomy":"product_brand","embeddable":true,"href":"https:\/\/deep-space-astronomy.ch\/de\/wp-json\/wp\/v2\/product_brand?post=14544"},{"taxonomy":"product_cat","embeddable":true,"href":"https:\/\/deep-space-astronomy.ch\/de\/wp-json\/wp\/v2\/product_cat?post=14544"},{"taxonomy":"product_tag","embeddable":true,"href":"https:\/\/deep-space-astronomy.ch\/de\/wp-json\/wp\/v2\/product_tag?post=14544"}],"curies":[{"name":"wp","href":"https:\/\/api.w.org\/{rel}","templated":true}]}}