{"id":14548,"date":"2026-04-07T17:25:41","date_gmt":"2026-04-07T15:25:41","guid":{"rendered":"https:\/\/deep-space-astronomy.ch\/?post_type=product&#038;p=14548"},"modified":"2026-04-07T17:26:45","modified_gmt":"2026-04-07T15:26:45","slug":"skywatcher-starquest-dx102mc","status":"publish","type":"product","link":"https:\/\/deep-space-astronomy.ch\/de\/produkt\/skywatcher-starquest-dx102mc\/","title":{"rendered":"Skywatcher STARQUEST DX102MC"},"content":{"rendered":"<p>&nbsp;<\/p>\n<h3>Skywatcher STARQUEST DX102MC: Leistungsstarkes und kompaktes Maksutov-Teleskop mit \u00e4quatorialer Montierung<\/h3>\n<p>Die <strong>Skywatcher STARQUEST DX102MC<\/strong> ist ein High-End-Teleskop, das f\u00fcr anspruchsvolle Anf\u00e4nger und fortgeschrittene Benutzer entwickelt wurde, die ein leistungsstarkes, pr\u00e4zises und langlebiges Instrument w\u00fcnschen. Als Teil der STARQUEST DX-Serie kombiniert dieses Modell eine hochwertige Maksutov-Cassegrain-Optik mit einer robusten \u00e4quatorialen Deluxe-Montierung und bietet so ein au\u00dfergew\u00f6hnliches Beobachtungserlebnis ohne Kompromisse.<\/p>\n<p>Dieses Teleskop ist kompakt, leistungsstark und leicht zu transportieren. Es bietet eine hervorragende Grundlage, um eine dauerhafte Leidenschaft f\u00fcr die Astronomie zu entwickeln.<\/p>\n<h3>Maksutov-Cassegrain-Optik: Kraft und Pr\u00e4zision<\/h3>\n<p>Der STARQUEST DX102MC basiert auf einem Design <strong>Maksutov-Cassegrain-R\u00fcckstrahler<\/strong>, Das System besteht aus einer Kombination von Spiegeln und einer vorderen Korrekturlinse. Dieses System erm\u00f6glicht eine lange Brennweite in einem sehr kompakten Tubus, der sich ideal f\u00fcr detaillierte Beobachtungen eignet.<\/p>\n<p>Mit einem Durchmesser von <strong>102 mm<\/strong> und eine Brennweite von <strong>1300 mm (f\/12,7)<\/strong>, Dieses Teleskop ist besonders geeignet f\u00fcr :<\/p>\n<ul>\n<li>die Beobachtung von Mondkratern mit gro\u00dfer Sch\u00e4rfe<\/li>\n<li>die Details von Planeten wie Jupiter und Saturn<\/li>\n<li>Doppelsterne<\/li>\n<\/ul>\n<p>Seine Behandlung <strong>RAQ\u2122 (Radiant Aluminum Quartz)<\/strong> bietet bis zu <strong>94 % Reflektivit\u00e4t<\/strong>, Das Ergebnis ist ein ausgezeichneter Kontrast und eine hohe Bildsch\u00e4rfe, selbst bei starker Vergr\u00f6\u00dferung.<\/p>\n<p>Mit einer Vergr\u00f6\u00dferungsf\u00e4higkeit von bis zu <strong>x204<\/strong>, Mit der neuen Generation von Objektiven zeigt es beeindruckende Details und beh\u00e4lt dabei eine hervorragende optische Stabilit\u00e4t bei.<\/p>\n<h3>\u00c4quatorialer Rahmen STARQUEST DX Deluxe: Stabilit\u00e4t und Pr\u00e4zision<\/h3>\n<p>Das Gestell <strong>STARQUEST DX Deluxe<\/strong> ist eine moderne \u00e4quatoriale Montierung, die f\u00fcr eine fl\u00fcssige und pr\u00e4zise Verfolgung von Himmelsobjekten entwickelt wurde. Wenn sie richtig auf den Himmelspol ausgerichtet ist, gleicht sie die Bewegung der Erde aus und erm\u00f6glicht eine einfache Verfolgung von Objekten am Himmel.<\/p>\n<p>Sie ist ausgestattet mit :<\/p>\n<ul>\n<li>Befehle f\u00fcr langsame Bewegungen auf den Achsen RA (Rektaszension) und DEC (Deklination)<\/li>\n<li>360\u00b0-Pr\u00e4zisionsverzahnungen<\/li>\n<li>Teilkreise zur Kennzeichnung von Objekten<\/li>\n<li>Kupplungen auf beiden Achsen<\/li>\n<\/ul>\n<p>Mit einer Tragf\u00e4higkeit von <strong>5 kg<\/strong>, Sie bietet eine hervorragende Stabilit\u00e4t. Das verstellbare Stativ aus rostfreiem Stahl sorgt f\u00fcr zus\u00e4tzliche Stabilit\u00e4t, selbst bei Beobachtungen mit hoher Vergr\u00f6\u00dferung.<\/p>\n<p>Ein optionaler Motor f\u00fcr die RA-Achse kann hinzugef\u00fcgt werden, um die automatische Verfolgung noch komfortabler zu gestalten.<\/p>\n<h3>Kompaktes, transportables Design<\/h3>\n<p>Dank seines kompakten Designs l\u00e4sst sich der Maksutov-Tubus leicht transportieren und aufstellen. In Verbindung mit einer relativ leichten Montierung (Kopf 1,4 kg) ist dieses Teleskop ideal f\u00fcr mobile Beobachtungen oder Ausfl\u00fcge in die Natur.<\/p>\n<p>Das h\u00f6henverstellbare Stativ (von 680 mm bis 1160 mm) erm\u00f6glicht eine perfekte Anpassung an Ihre Beobachtungsposition.<\/p>\n<h3>Inklusive Zubeh\u00f6r f\u00fcr den sofortigen Einsatz<\/h3>\n<p>Der STARQUEST DX102MC wird mit einem umfangreichen Zubeh\u00f6rpaket geliefert :<\/p>\n<ul>\n<li>Okulare 10 mm und 20 mm (Vergr\u00f6\u00dferungen x65 und x130)<\/li>\n<li>90\u00b0 abgewinkelte Umlenkung f\u00fcr optimalen Komfort<\/li>\n<li>Sucher mit rotem Punkt zum einfachen Auffinden von Objekten<\/li>\n<li>universeller Smartphone-Adapter (54 bis 90 mm)<\/li>\n<\/ul>\n<p>Mit dem Smartphone-Adapter k\u00f6nnen Sie ganz einfach Bilder vom Mond und den Planeten aufnehmen - perfekt f\u00fcr den Einstieg in die Astrofotografie.<\/p>\n<h3>Leistung und Vielseitigkeit<\/h3>\n<p>Mit einer Lichtsammelkapazit\u00e4t <strong>28,4 % gr\u00f6\u00dfer als ein 90-mm-Modell<\/strong>, bietet dieses Teleskop hellere und detailreichere Bilder. Seine Spezialisierung auf die Planeten- und Mondbeobachtung macht es zu einer hervorragenden Erg\u00e4nzung oder zur ersten Wahl f\u00fcr Liebhaber hochaufl\u00f6sender Bilder.<\/p>\n<p>Seine Kombination aus pr\u00e4ziser Optik, stabiler Montierung und erweiterbaren Funktionen macht es zu einem langlebigen Instrument, das Ihren Fortschritt in der Astronomie begleiten wird.<\/p>\n<h3>Tabelle der technischen Daten<\/h3>\n<table border=\"1\" cellspacing=\"0\" cellpadding=\"8\">\n<tbody>\n<tr>\n<th>Merkmal<\/th>\n<th>Detail<\/th>\n<\/tr>\n<tr>\n<td>Optischer Typ<\/td>\n<td>Maksutov-Cassegrain<\/td>\n<\/tr>\n<tr>\n<td>Durchmesser<\/td>\n<td>102 mm<\/td>\n<\/tr>\n<tr>\n<td>Brennweite<\/td>\n<td>1300 mm<\/td>\n<\/tr>\n<tr>\n<td>Fokusbericht<\/td>\n<td>f\/12.7<\/td>\n<\/tr>\n<tr>\n<td>Mitgelieferte Vergr\u00f6\u00dferungen<\/td>\n<td>x65 und x130<\/td>\n<\/tr>\n<tr>\n<td>Maximale Vergr\u00f6\u00dferung<\/td>\n<td>x204<\/td>\n<\/tr>\n<tr>\n<td>Optische Verarbeitung<\/td>\n<td>RAQ\u2122 (94% Reflektivit\u00e4t)<\/td>\n<\/tr>\n<tr>\n<td>Rahmen<\/td>\n<td>\u00c4quatorialguinea STARQUEST DX Deluxe<\/td>\n<\/tr>\n<tr>\n<td>Tragf\u00e4higkeit<\/td>\n<td>5 kg<\/td>\n<\/tr>\n<tr>\n<td>Stativ<\/td>\n<td>Einstellbarer rostfreier Stahl<\/td>\n<\/tr>\n<tr>\n<td>Inklusive Zubeh\u00f6r<\/td>\n<td>Okulare 10 mm &amp; 20 mm, Rotpunktsucher, Smartphone-Adapter, abgewinkelte Umlenkung<\/td>\n<\/tr>\n<tr>\n<td>Motorisierung<\/td>\n<td>Optional (RA-Achse)<\/td>\n<\/tr>\n<\/tbody>\n<\/table>\n<h3>Schlussfolgerung<\/h3>\n<p>Die <strong>Skywatcher STARQUEST DX102MC<\/strong> ist ein kompaktes, pr\u00e4zises und erweiterbares Teleskop, das ideal f\u00fcr Enthusiasten ist, die den Mond und die Planeten im Detail beobachten m\u00f6chten. Die \u00e4quatoriale Deluxe-Montierung, die optische Qualit\u00e4t und das im Lieferumfang enthaltene Zubeh\u00f6r machen es zu einer ausgezeichneten Wahl, um schnell Fortschritte zu machen und die Astronomie in vollen Z\u00fcgen zu genie\u00dfen.<\/p>","protected":false},"excerpt":{"rendered":"<p>&nbsp; Skywatcher STARQUEST DX102MC : t\u00e9lescope Maksutov puissant et compact avec monture \u00e9quatoriale Le Skywatcher STARQUEST DX102MC est un t\u00e9lescope haut de gamme con\u00e7u pour les astronomes d\u00e9butants exigeants et les utilisateurs interm\u00e9diaires souhaitant un instrument performant, pr\u00e9cis et durable. Faisant partie de la s\u00e9rie STARQUEST DX, ce mod\u00e8le associe une optique Maksutov-Cassegrain de haute [&hellip;]<\/p>\n","protected":false},"featured_media":14549,"comment_status":"open","ping_status":"closed","template":"","meta":[],"product_brand":[822],"product_cat":[392,762,752,20],"product_tag":[],"class_list":{"0":"post-14548","1":"product","2":"type-product","3":"status-publish","4":"has-post-thumbnail","6":"product_brand-sky-watcher","7":"product_cat-telescopes_reflecteurs","8":"product_cat-equatoriales","9":"product_cat-maksutov-cassegrain","10":"product_cat-montures","12":"first","13":"on_supplier","14":"taxable","15":"shipping-taxable","16":"purchasable","17":"product-type-simple"},"_links":{"self":[{"href":"https:\/\/deep-space-astronomy.ch\/de\/wp-json\/wp\/v2\/product\/14548","targetHints":{"allow":["GET"]}}],"collection":[{"href":"https:\/\/deep-space-astronomy.ch\/de\/wp-json\/wp\/v2\/product"}],"about":[{"href":"https:\/\/deep-space-astronomy.ch\/de\/wp-json\/wp\/v2\/types\/product"}],"replies":[{"embeddable":true,"href":"https:\/\/deep-space-astronomy.ch\/de\/wp-json\/wp\/v2\/comments?post=14548"}],"wp:featuredmedia":[{"embeddable":true,"href":"https:\/\/deep-space-astronomy.ch\/de\/wp-json\/wp\/v2\/media\/14549"}],"wp:attachment":[{"href":"https:\/\/deep-space-astronomy.ch\/de\/wp-json\/wp\/v2\/media?parent=14548"}],"wp:term":[{"taxonomy":"product_brand","embeddable":true,"href":"https:\/\/deep-space-astronomy.ch\/de\/wp-json\/wp\/v2\/product_brand?post=14548"},{"taxonomy":"product_cat","embeddable":true,"href":"https:\/\/deep-space-astronomy.ch\/de\/wp-json\/wp\/v2\/product_cat?post=14548"},{"taxonomy":"product_tag","embeddable":true,"href":"https:\/\/deep-space-astronomy.ch\/de\/wp-json\/wp\/v2\/product_tag?post=14548"}],"curies":[{"name":"wp","href":"https:\/\/api.w.org\/{rel}","templated":true}]}}