{"id":14555,"date":"2026-04-07T19:43:10","date_gmt":"2026-04-07T17:43:10","guid":{"rendered":"https:\/\/deep-space-astronomy.ch\/?post_type=product&#038;p=14555"},"modified":"2026-04-07T19:43:24","modified_gmt":"2026-04-07T17:43:24","slug":"skywatcher-starquest-dx130p","status":"publish","type":"product","link":"https:\/\/deep-space-astronomy.ch\/de\/produkt\/skywatcher-starquest-dx130p\/","title":{"rendered":"Skywatcher STARQUEST DX130P"},"content":{"rendered":"<h3>Skywatcher STARQUEST DX130P: Leistungsstarkes Newton-Teleskop mit \u00e4quatorialer Montierung Deluxe<\/h3>\n<p>Die <strong>Skywatcher STARQUEST DX130P<\/strong> ist ein leistungsstarkes Newton-Teleskop, das f\u00fcr anspruchsvolle Anf\u00e4nger und fortgeschrittene Benutzer entwickelt wurde, die sich ein leistungsstarkes, vielseitiges und erweiterbares Instrument w\u00fcnschen. Als Teil der STARQUEST DX-Serie kombiniert es eine hochwertige parabolische Optik mit einer stabilen und pr\u00e4zisen \u00e4quatorialen Deluxe-Montierung und bietet so ein umfassendes und immersives Beobachtungserlebnis.<\/p>\n<p>Mit seinem gro\u00dfz\u00fcgigen Durchmesser von 130 mm stellt dieses Teleskop einen hervorragenden Kompromiss zwischen Leistung, Transportf\u00e4higkeit und Benutzerfreundlichkeit dar.<\/p>\n<h3>130 mm parabolische Optik: Helligkeit und Pr\u00e4zision<\/h3>\n<p>Der STARQUEST DX130P ist mit einem <strong>parabolischer 130-mm-Prim\u00e4rspiegel<\/strong>, und bietet eine hervorragende Bildqualit\u00e4t. Im Gegensatz zu sph\u00e4rischen Spiegeln reduziert die parabolische Form optische Aberrationen und sorgt f\u00fcr sch\u00e4rfere Bilder, insbesondere bei hohen Vergr\u00f6\u00dferungen.<\/p>\n<p>Mit einer Brennweite von <strong>650 mm (f\/5)<\/strong>, Dieses Teleskop bietet ein relativ gro\u00dfes Gesichtsfeld mit einer guten Vergr\u00f6\u00dferungsf\u00e4higkeit. Es ist ideal f\u00fcr die Beobachtung :<\/p>\n<ul>\n<li>der Mond mit feinen, kontrastreichen Details<\/li>\n<li>helle Planeten wie Jupiter und Saturn<\/li>\n<li>Nebel und Galaxien<\/li>\n<li>reiche Sternhaufen<\/li>\n<\/ul>\n<p>Die Behandlung <strong>RAQ\u2122 (Radiant Aluminum Quartz)<\/strong> versichert bis zu <strong>94 % Reflektivit\u00e4t<\/strong>, Dies garantiert eine hervorragende Helligkeit und eine lange Lebensdauer. Mit <strong>30 % mehr Licht als ein 114-mm-Modell<\/strong>, Dieses Teleskop enth\u00fcllt mehr Details von schwachen Deep-Sky-Objekten.<\/p>\n<p>Der Spiegel ist in einer vollst\u00e4ndig kollimierbaren Zelle montiert, die eine pr\u00e4zise Einstellung erm\u00f6glicht, um die optimale Leistung \u00fcber die Zeit zu erhalten.<\/p>\n<h3>\u00c4quatorialer Rahmen STARQUEST DX Deluxe: Stabilit\u00e4t und pr\u00e4zise Nachf\u00fchrung<\/h3>\n<p>Das Gestell <strong>STARQUEST DX Deluxe<\/strong> ist so konzipiert, dass sie einen hervorragenden Kompromiss zwischen Leichtigkeit und Stabilit\u00e4t bietet. Sobald er auf den Himmelspol ausgerichtet ist, k\u00f6nnen Sie Objekte dank seiner <strong>Befehle f\u00fcr fl\u00fcssige langsame Bewegungen<\/strong> auf der Rektaszensionsachse (RA) und der Deklinationsachse (DEC).<\/p>\n<p>Sie verf\u00fcgt \u00fcber :<\/p>\n<ul>\n<li>360\u00b0-Pr\u00e4zisionsverzahnungen<\/li>\n<li>Kupplungen auf beiden Achsen<\/li>\n<li>Teilkreise zur Kennzeichnung von Objekten<\/li>\n<li>\u00dcbertragung durch Schnecken und Schr\u00e4gverzahnung<\/li>\n<\/ul>\n<p>Seine Tragf\u00e4higkeit von <strong>5 kg<\/strong> sorgt f\u00fcr eine ausgezeichnete Stabilit\u00e4t, die durch einen <strong>verstellbares Stativ aus rostfreiem Stahl<\/strong>. Ein optionaler Motor kann f\u00fcr eine automatische Nachf\u00fchrung auf der RA-Achse hinzugef\u00fcgt werden, wodurch der Beobachtungskomfort weiter verbessert wird.<\/p>\n<h3>Robustes, transportables Design<\/h3>\n<p>Der optische Tubus ist mit\u2019<strong>Befestigungsringe<\/strong> und einem 45-mm-Schwalbenschwanz, was die Montage und das Ausbalancieren des Teleskops erleichtert. Trotz seiner Leistung bleibt das Ganze relativ leicht und transportabel, ideal f\u00fcr Beobachtungen im Freien.<\/p>\n<p>Mit dem verstellbaren Stativ (von 680 mm bis 1160 mm) k\u00f6nnen Sie die H\u00f6he Ihren Bed\u00fcrfnissen anpassen und so eine bequeme Beobachtungsposition einnehmen.<\/p>\n<h3>Umfangreiches Zubeh\u00f6r f\u00fcr den sofortigen Start<\/h3>\n<p>Der STARQUEST DX130P wird mit allem Zubeh\u00f6r geliefert, das Sie brauchen, um loszulegen :<\/p>\n<ul>\n<li>Okulare 10 mm und 20 mm (Vergr\u00f6\u00dferungen x32,5 und x65)<\/li>\n<li>Sucher mit rotem Punkt zum einfachen Auffinden von Objekten<\/li>\n<li>universeller Smartphone-Adapter (54 bis 90 mm)<\/li>\n<\/ul>\n<p>Mit der Smartphone-Halterung k\u00f6nnen Sie ganz einfach Bilder von Ihren Beobachtungen, einschlie\u00dflich des Mondes und der Planeten, aufnehmen, um Ihre Entdeckungen mit anderen zu teilen.<\/p>\n<p>Der Okularhalter mit Zahnstange (Rack &amp; Pinion) sorgt f\u00fcr eine pr\u00e4zise und reibungslose Fokussierung und erh\u00f6ht den Tragekomfort.<\/p>\n<h3>Leistung und Vielseitigkeit<\/h3>\n<p>Mit einer theoretischen Maximalvergr\u00f6\u00dferung von <strong>x260<\/strong>, Dieses Teleskop bietet ein ausgezeichnetes Beobachtungspotenzial. Seine Kombination aus gro\u00dfer \u00d6ffnung und moderater Brennweite macht es zu einem besonders vielseitigen Instrument, das sich sowohl f\u00fcr Deep-Sky- als auch f\u00fcr Planetenbeobachtungen eignet.<\/p>\n<p>Die d\u00fcnnen Schenkel der Sekund\u00e4rspiegelhalterung (0,5 mm) minimieren die Beugung und verbessern so den Kontrast der Bilder.<\/p>\n<p>Ob Sie nun Mondkrater beobachten, ferne Galaxien erforschen oder mit einem Smartphone in die Astrofotografie einsteigen m\u00f6chten, dieses Modell wird Ihre Erwartungen voll und ganz erf\u00fcllen.<\/p>\n<h3>Tabelle der technischen Daten<\/h3>\n<table border=\"1\" cellspacing=\"0\" cellpadding=\"8\">\n<tbody>\n<tr>\n<th>Merkmal<\/th>\n<th>Detail<\/th>\n<\/tr>\n<tr>\n<td>Optischer Typ<\/td>\n<td>Newton (Parabolspiegel)<\/td>\n<\/tr>\n<tr>\n<td>Durchmesser<\/td>\n<td>130 mm<\/td>\n<\/tr>\n<tr>\n<td>Brennweite<\/td>\n<td>650 mm<\/td>\n<\/tr>\n<tr>\n<td>Fokusbericht<\/td>\n<td>f\/5<\/td>\n<\/tr>\n<tr>\n<td>Mitgelieferte Vergr\u00f6\u00dferungen<\/td>\n<td>x32,5 und x65<\/td>\n<\/tr>\n<tr>\n<td>Maximale Vergr\u00f6\u00dferung<\/td>\n<td>x260<\/td>\n<\/tr>\n<tr>\n<td>Optische Verarbeitung<\/td>\n<td>RAQ\u2122 (94% Reflektivit\u00e4t)<\/td>\n<\/tr>\n<tr>\n<td>Rahmen<\/td>\n<td>\u00c4quatorialguinea STARQUEST DX Deluxe<\/td>\n<\/tr>\n<tr>\n<td>Tragf\u00e4higkeit<\/td>\n<td>5 kg<\/td>\n<\/tr>\n<tr>\n<td>Fokussieren<\/td>\n<td>Zahnstange (Rack &amp; Pinion)<\/td>\n<\/tr>\n<tr>\n<td>Stativ<\/td>\n<td>Einstellbarer rostfreier Stahl<\/td>\n<\/tr>\n<tr>\n<td>Inklusive Zubeh\u00f6r<\/td>\n<td>10 mm &amp; 20 mm Okulare, Rotpunktsucher, Smartphone-Adapter<\/td>\n<\/tr>\n<\/tbody>\n<\/table>\n<h3>Schlussfolgerung<\/h3>\n<p>Die <strong>Skywatcher STARQUEST DX130P<\/strong> ist ein komplettes, leistungsstarkes und erweiterbares Teleskop, das perfekt f\u00fcr Enthusiasten ist, die den Himmel mit Pr\u00e4zision und Komfort erkunden m\u00f6chten. Seine gro\u00dfe \u00d6ffnung, die stabile \u00e4quatoriale Montierung und das im Lieferumfang enthaltene Zubeh\u00f6r machen es zu einer ausgezeichneten Wahl, um schnell Fortschritte in der Astronomie zu machen und reichhaltige und detaillierte Beobachtungen zu genie\u00dfen.<\/p>","protected":false},"excerpt":{"rendered":"<p>Skywatcher STARQUEST DX130P : t\u00e9lescope Newton puissant avec monture \u00e9quatoriale Deluxe Le Skywatcher STARQUEST DX130P est un t\u00e9lescope Newton performant con\u00e7u pour les astronomes d\u00e9butants exigeants et les utilisateurs interm\u00e9diaires souhaitant un instrument puissant, polyvalent et \u00e9volutif. Faisant partie de la s\u00e9rie STARQUEST DX, il combine une optique parabolique de haute qualit\u00e9 avec une monture [&hellip;]<\/p>\n","protected":false},"featured_media":14557,"comment_status":"open","ping_status":"closed","template":"","meta":[],"product_brand":[],"product_cat":[392,762,20,747],"product_tag":[],"class_list":{"0":"post-14555","1":"product","2":"type-product","3":"status-publish","4":"has-post-thumbnail","6":"product_cat-telescopes_reflecteurs","7":"product_cat-equatoriales","8":"product_cat-montures","9":"product_cat-newton","11":"first","12":"on_supplier","13":"taxable","14":"shipping-taxable","15":"purchasable","16":"product-type-simple"},"_links":{"self":[{"href":"https:\/\/deep-space-astronomy.ch\/de\/wp-json\/wp\/v2\/product\/14555","targetHints":{"allow":["GET"]}}],"collection":[{"href":"https:\/\/deep-space-astronomy.ch\/de\/wp-json\/wp\/v2\/product"}],"about":[{"href":"https:\/\/deep-space-astronomy.ch\/de\/wp-json\/wp\/v2\/types\/product"}],"replies":[{"embeddable":true,"href":"https:\/\/deep-space-astronomy.ch\/de\/wp-json\/wp\/v2\/comments?post=14555"}],"wp:featuredmedia":[{"embeddable":true,"href":"https:\/\/deep-space-astronomy.ch\/de\/wp-json\/wp\/v2\/media\/14557"}],"wp:attachment":[{"href":"https:\/\/deep-space-astronomy.ch\/de\/wp-json\/wp\/v2\/media?parent=14555"}],"wp:term":[{"taxonomy":"product_brand","embeddable":true,"href":"https:\/\/deep-space-astronomy.ch\/de\/wp-json\/wp\/v2\/product_brand?post=14555"},{"taxonomy":"product_cat","embeddable":true,"href":"https:\/\/deep-space-astronomy.ch\/de\/wp-json\/wp\/v2\/product_cat?post=14555"},{"taxonomy":"product_tag","embeddable":true,"href":"https:\/\/deep-space-astronomy.ch\/de\/wp-json\/wp\/v2\/product_tag?post=14555"}],"curies":[{"name":"wp","href":"https:\/\/api.w.org\/{rel}","templated":true}]}}