{"id":14558,"date":"2026-04-07T19:52:28","date_gmt":"2026-04-07T17:52:28","guid":{"rendered":"https:\/\/deep-space-astronomy.ch\/?post_type=product&#038;p=14558"},"modified":"2026-04-07T19:52:42","modified_gmt":"2026-04-07T17:52:42","slug":"skywatcher-starquest-dx127mc","status":"publish","type":"product","link":"https:\/\/deep-space-astronomy.ch\/de\/produkt\/skywatcher-starquest-dx127mc\/","title":{"rendered":"Skywatcher STARQUEST DX127MC"},"content":{"rendered":"<h3>Skywatcher STARQUEST DX127MC: Hochaufl\u00f6sendes Maksutov-Teleskop mit \u00e4quatorialer Montierung Deluxe<\/h3>\n<p>Die <strong>Skywatcher STARQUEST DX127MC<\/strong> ist ein leistungsstarkes Teleskop, das f\u00fcr anspruchsvolle Anf\u00e4nger und fortgeschrittene Beobachter entwickelt wurde, die ein kompaktes, leistungsstarkes und pr\u00e4zises Instrument w\u00fcnschen. Das aus der STARQUEST DX-Serie hervorgegangene Teleskop kombiniert eine hochwertige Maksutov-Cassegrain-Optik mit einer robusten \u00e4quatorialen Deluxe-Montierung und bietet ein hervorragendes Beobachtungserlebnis ohne Kompromisse.<\/p>\n<p>Mit seinem Durchmesser von 127 mm und seinem kompakten Design ist dieses Teleskop eine ideale L\u00f6sung f\u00fcr die detaillierte Beobachtung des Sonnensystems, wobei es leicht transportierbar ist.<\/p>\n<h3>Maksutov-Cassegrain-Optik: Pr\u00e4zision und Kontrast<\/h3>\n<p>Der STARQUEST DX127MC verwendet ein Design <strong>Maksutov-Cassegrain-R\u00fcckstrahler<\/strong>, Die Spiegel werden mit einer Frontlinse kombiniert. Diese Architektur erm\u00f6glicht eine lange Brennweite in einem kurzen Tubus, was den Transport erleichtert und gleichzeitig eine hervorragende optische Leistung bietet.<\/p>\n<p>Mit einem Durchmesser von <strong>127 mm<\/strong> und eine Brennweite von <strong>1500 mm (f\/11,8)<\/strong>, Dieses Teleskop ist besonders geeignet f\u00fcr<\/p>\n<ul>\n<li>die detaillierte Beobachtung des Mondes<\/li>\n<li>Planeten wie Jupiter, Saturn und Mars<\/li>\n<li>Doppelsterne<\/li>\n<\/ul>\n<p>Sein vollst\u00e4ndig optisches System <strong>mehrschichtig behandelt<\/strong> maximiert die Lichtdurchl\u00e4ssigkeit und den Kontrast und sorgt so f\u00fcr scharfe und pr\u00e4zise Bilder. Die Verarbeitung <strong>RAQ\u2122<\/strong> versichert bis zu <strong>94 % Reflektivit\u00e4t<\/strong>, Das bedeutet, dass die Sch\u00fclerinnen und Sch\u00fcler in der Lage sein m\u00fcssen, sich in der Schule zurechtzufinden.<\/p>\n<p>Mit <strong>55 % mehr Licht als ein 102-mm-Modell<\/strong>, Mit der neuen Technologie k\u00f6nnen Sie noch mehr Details erkennen, insbesondere bei planetaren Objekten.<\/p>\n<h3>\u00c4quatorialer Rahmen STARQUEST DX Deluxe: Stabilit\u00e4t und fl\u00fcssige Nachf\u00fchrung<\/h3>\n<p>Das Gestell <strong>STARQUEST DX Deluxe<\/strong> ist eine \u00e4quatoriale Montierung, die f\u00fcr eine pr\u00e4zise und komfortable Nachf\u00fchrung konzipiert wurde. Nach der polaren Ausrichtung erm\u00f6glicht sie die einfache Verfolgung von Himmelsobjekten durch ihre <strong>Befehle f\u00fcr langsame Bewegungen<\/strong> auf der Rektaszensionsachse (RA) und der Deklinationsachse (DEC).<\/p>\n<p>Sie ist ausgestattet mit :<\/p>\n<ul>\n<li>360\u00b0-Pr\u00e4zisionsverzahnungen<\/li>\n<li>Kupplungen auf beiden Achsen<\/li>\n<li>graduierte Kreise f\u00fcr die Punktevergabe<\/li>\n<li>\u00dcbertragung durch Schnecken und Schr\u00e4gverzahnung<\/li>\n<\/ul>\n<p>Seine Tragf\u00e4higkeit von <strong>5 kg<\/strong> sorgt f\u00fcr eine ausgezeichnete Stabilit\u00e4t, die durch einen <strong>verstellbares Stativ aus rostfreiem Stahl<\/strong>. Ein optionaler Motor f\u00fcr die RA-Achse ist verf\u00fcgbar, um die Verfolgung zu automatisieren.<\/p>\n<h3>Kompaktes, transportables Design<\/h3>\n<p>Dank seines kompakten Designs ist der Maksutov-Tubus leicht zu transportieren und zu installieren. Die leichte Montierung (Kopf 1,4 kg) und das verstellbare Stativ (680 mm bis 1160 mm) machen dieses Teleskop besonders geeignet f\u00fcr Beobachtungen im Freien oder unterwegs.<\/p>\n<p>Die kompakte Gr\u00f6\u00dfe macht es zu einer ausgezeichneten Wahl f\u00fcr Astronomen, die ein leistungsstarkes Instrument suchen, das nicht zu viel Platz ben\u00f6tigt.<\/p>\n<h3>Inklusive Zubeh\u00f6r f\u00fcr den sofortigen Einsatz<\/h3>\n<p>Der STARQUEST DX127MC wird mit einem kompletten Satz an Zubeh\u00f6r geliefert :<\/p>\n<ul>\n<li>Okulare 10 mm und 20 mm (Vergr\u00f6\u00dferungen x75 und x150)<\/li>\n<li>Sucher mit rotem Punkt zum schnellen Auffinden<\/li>\n<li>90\u00b0 abgewinkelte Umlenkung f\u00fcr optimalen Beobachtungskomfort<\/li>\n<li>universeller Smartphone-Adapter (54 bis 90 mm)<\/li>\n<\/ul>\n<p>Mit dem Smartphone-Adapter k\u00f6nnen Sie ganz einfach Bilder vom Mond und den Planeten aufnehmen - ideal f\u00fcr den Einstieg in die Astrofotografie.<\/p>\n<h3>Leistung und planetarische Spezialisierung<\/h3>\n<p>Mit einer theoretischen Maximalvergr\u00f6\u00dferung von <strong>x254<\/strong>, Dieses Teleskop ist besonders gut f\u00fcr Beobachtungen bei hoher Vergr\u00f6\u00dferung geeignet. Dank seiner langen Brennweite ist es ideal f\u00fcr feine Details und hochaufl\u00f6sende Beobachtungen.<\/p>\n<p>Obwohl es f\u00fcr den Planetenbereich optimiert ist, kann man damit auch einige helle Deep-Sky-Objekte beobachten, wodurch es eine gute Vielseitigkeit bietet.<\/p>\n<p>Seine optische Qualit\u00e4t, Stabilit\u00e4t und Benutzerfreundlichkeit machen es zu einer ausgezeichneten Wahl f\u00fcr schnelle Fortschritte in der Astronomie.<\/p>\n<h3>Tabelle der technischen Daten<\/h3>\n<table border=\"1\" cellspacing=\"0\" cellpadding=\"8\">\n<tbody>\n<tr>\n<th>Merkmal<\/th>\n<th>Detail<\/th>\n<\/tr>\n<tr>\n<td>Optischer Typ<\/td>\n<td>Maksutov-Cassegrain<\/td>\n<\/tr>\n<tr>\n<td>Durchmesser<\/td>\n<td>127 mm<\/td>\n<\/tr>\n<tr>\n<td>Brennweite<\/td>\n<td>1500 mm<\/td>\n<\/tr>\n<tr>\n<td>Fokusbericht<\/td>\n<td>f\/11.8<\/td>\n<\/tr>\n<tr>\n<td>Mitgelieferte Vergr\u00f6\u00dferungen<\/td>\n<td>x75 und x150<\/td>\n<\/tr>\n<tr>\n<td>Maximale Vergr\u00f6\u00dferung<\/td>\n<td>x254<\/td>\n<\/tr>\n<tr>\n<td>Optische Verarbeitung<\/td>\n<td>RAQ\u2122 (94% Reflektivit\u00e4t)<\/td>\n<\/tr>\n<tr>\n<td>Rahmen<\/td>\n<td>\u00c4quatorialguinea STARQUEST DX Deluxe<\/td>\n<\/tr>\n<tr>\n<td>Tragf\u00e4higkeit<\/td>\n<td>5 kg<\/td>\n<\/tr>\n<tr>\n<td>Stativ<\/td>\n<td>Einstellbarer rostfreier Stahl<\/td>\n<\/tr>\n<tr>\n<td>Inklusive Zubeh\u00f6r<\/td>\n<td>Okulare 10 mm &amp; 20 mm, Rotpunktsucher, Smartphone-Adapter, abgewinkelte Umlenkung<\/td>\n<\/tr>\n<\/tbody>\n<\/table>\n<h3>Schlussfolgerung<\/h3>\n<p>Die <strong>Skywatcher STARQUEST DX127MC<\/strong> ist ein kompaktes, leistungsstarkes Teleskop, das auf die Beobachtung mit hoher Aufl\u00f6sung spezialisiert ist. Seine optische Qualit\u00e4t, die stabile \u00e4quatoriale Montierung und das im Lieferumfang enthaltene Zubeh\u00f6r machen es zu einer ausgezeichneten Wahl f\u00fcr Enthusiasten, die den Mond und die Planeten detailliert beobachten und dabei von einem erweiterbaren und langlebigen Instrument profitieren m\u00f6chten.<\/p>","protected":false},"excerpt":{"rendered":"<p>Skywatcher STARQUEST DX127MC : t\u00e9lescope Maksutov haute r\u00e9solution avec monture \u00e9quatoriale Deluxe Le Skywatcher STARQUEST DX127MC est un t\u00e9lescope performant con\u00e7u pour les astronomes d\u00e9butants exigeants et les observateurs interm\u00e9diaires souhaitant un instrument compact, puissant et pr\u00e9cis. Issu de la s\u00e9rie STARQUEST DX, il associe une optique Maksutov-Cassegrain de haute qualit\u00e9 \u00e0 une monture \u00e9quatoriale [&hellip;]<\/p>\n","protected":false},"featured_media":14559,"comment_status":"open","ping_status":"closed","template":"","meta":[],"product_brand":[822],"product_cat":[392,762,752,20],"product_tag":[],"class_list":{"0":"post-14558","1":"product","2":"type-product","3":"status-publish","4":"has-post-thumbnail","6":"product_brand-sky-watcher","7":"product_cat-telescopes_reflecteurs","8":"product_cat-equatoriales","9":"product_cat-maksutov-cassegrain","10":"product_cat-montures","12":"first","13":"on_supplier","14":"taxable","15":"shipping-taxable","16":"purchasable","17":"product-type-simple"},"_links":{"self":[{"href":"https:\/\/deep-space-astronomy.ch\/de\/wp-json\/wp\/v2\/product\/14558","targetHints":{"allow":["GET"]}}],"collection":[{"href":"https:\/\/deep-space-astronomy.ch\/de\/wp-json\/wp\/v2\/product"}],"about":[{"href":"https:\/\/deep-space-astronomy.ch\/de\/wp-json\/wp\/v2\/types\/product"}],"replies":[{"embeddable":true,"href":"https:\/\/deep-space-astronomy.ch\/de\/wp-json\/wp\/v2\/comments?post=14558"}],"wp:featuredmedia":[{"embeddable":true,"href":"https:\/\/deep-space-astronomy.ch\/de\/wp-json\/wp\/v2\/media\/14559"}],"wp:attachment":[{"href":"https:\/\/deep-space-astronomy.ch\/de\/wp-json\/wp\/v2\/media?parent=14558"}],"wp:term":[{"taxonomy":"product_brand","embeddable":true,"href":"https:\/\/deep-space-astronomy.ch\/de\/wp-json\/wp\/v2\/product_brand?post=14558"},{"taxonomy":"product_cat","embeddable":true,"href":"https:\/\/deep-space-astronomy.ch\/de\/wp-json\/wp\/v2\/product_cat?post=14558"},{"taxonomy":"product_tag","embeddable":true,"href":"https:\/\/deep-space-astronomy.ch\/de\/wp-json\/wp\/v2\/product_tag?post=14558"}],"curies":[{"name":"wp","href":"https:\/\/api.w.org\/{rel}","templated":true}]}}