{"id":14566,"date":"2026-04-08T13:59:08","date_gmt":"2026-04-08T11:59:08","guid":{"rendered":"https:\/\/deep-space-astronomy.ch\/?post_type=product&#038;p=14566"},"modified":"2026-04-08T13:59:23","modified_gmt":"2026-04-08T11:59:23","slug":"skywatcher-explorer-250pds-eq6-r-pro","status":"publish","type":"product","link":"https:\/\/deep-space-astronomy.ch\/de\/produkt\/skywatcher-explorer-250pds-eq6-r-pro\/","title":{"rendered":"Skywatcher Explorer 250PDS + EQ6-R PRO"},"content":{"rendered":"<h3>Skywatcher Explorer 250PDS + EQ6-R PRO: 254 mm Hochleistungs-Newton-Teleskop f\u00fcr die Astrofotografie<\/h3>\n<p>Die <strong>Skywatcher Explorer 250PDS mit Montierung EQ6-R PRO<\/strong>\u00a0ist ein High-End-Set f\u00fcr passionierte Astronomen und anspruchsvolle Astrofotografen. Mit seinem gro\u00dfen 254-mm-Spiegel und der ultrapr\u00e4zisen motorisierten \u00e4quatorialen Montierung bietet dieses Setup eine au\u00dfergew\u00f6hnliche Leistung f\u00fcr die visuelle Beobachtung und vor allem f\u00fcr die Deep-Sky-Abbildung.<\/p>\n<p>Leistungsstark, erweiterbar und auf Pr\u00e4zision ausgelegt, stellt dieses Teleskop eine unumg\u00e4ngliche Referenz in seiner Kategorie dar.<\/p>\n<h3>254-mm-Newton-Optik: extreme Kraft und Helligkeit<\/h3>\n<p>Die <strong>Explorer 250PDS<\/strong> ist mit einem parabolischen Hauptspiegel von <strong>254 mm<\/strong>, Das Ergebnis sind scharfe, detailreiche Bilder ohne sph\u00e4rische Aberrationen. Mit einer Brennweite von <strong>1200 mm (f\/4.7)<\/strong>, In der Tat bietet es einen ausgezeichneten Kompromiss zwischen gro\u00dfem Feld und Aufl\u00f6sungsverm\u00f6gen.<\/p>\n<p>Mit <strong>56 % mehr Licht als ein 200-mm-Modell<\/strong>, Mit diesem Teleskop k\u00f6nnen Sie beobachten:<\/p>\n<ul>\n<li>diffuse und planetarische Nebel<\/li>\n<li>weit entfernte Galaxien<\/li>\n<li>detailreiche Kugelsternhaufen<\/li>\n<li>den Mond und die Planeten mit ausgezeichneter Genauigkeit<\/li>\n<\/ul>\n<h3>Optimiert f\u00fcr die Astrofotografie<\/h3>\n<p>Die Version <strong>PDS<\/strong> (Photo Dual Speed) wurde speziell f\u00fcr die Bildgebung :<\/p>\n<ul>\n<li>leicht gek\u00fcrztes Rohr, um das Fokussieren mit einer Kamera zu erleichtern<\/li>\n<li>Crayford-Okularhalter <strong>doppelte Geschwindigkeit 10:1<\/strong> f\u00fcr eine ultrapr\u00e4zise Fokussierung<\/li>\n<li>Kompatibilit\u00e4t mit Komakorrektur f\u00fcr perfekt punktf\u00f6rmige Sterne<\/li>\n<\/ul>\n<p>Dieses Teleskop eignet sich daher hervorragend, um mit einer Kamera oder Spiegelreflexkamera detaillierte Deep-Sky-Bilder aufzunehmen.<\/p>\n<h3>EQ6-R PRO SynScan-Mount: professionelle Pr\u00e4zision und Stabilit\u00e4t<\/h3>\n<p>Die <strong>Montierung EQ6-R PRO SynScan GoTo<\/strong> ist eine Referenz f\u00fcr die Astrofotografie. Sie bietet eine Ladekapazit\u00e4t von <strong>20 kg<\/strong>, Die meisten der von uns verwendeten Materialien sind in der Lage, schwere Konfigurationen mit ausgezeichneter Stabilit\u00e4t zu unterst\u00fctzen.<\/p>\n<p>Sie beinhaltet viele fortschrittliche Technologien :<\/p>\n<ul>\n<li>Riemenantrieb zur Verringerung von Backlash und zur Verbesserung der Fluidit\u00e4t<\/li>\n<li>permanente periodische Fehlerkorrektur (PPEC)<\/li>\n<li>hochpr\u00e4zise Schrittmotoren<\/li>\n<li>SNAP-Anschluss f\u00fcr die Kamerasteuerung<\/li>\n<\/ul>\n<p>Das GoTo SynScan-System erm\u00f6glicht den Zugriff auf eine Datenbank mit mehr als <strong>42.000 Himmelsobjekte<\/strong> und das Teleskop automatisch mit hoher Genauigkeit ausrichten.<\/p>\n<p>Dank der schnellen Bewegungsgeschwindigkeit (bis zu 4,2\u00b0\/Sekunde) und der pr\u00e4zisen Nachf\u00fchrung ist sie ideal f\u00fcr die Langzeitbelichtung geeignet.<\/p>\n<h3>Robustes, transportables Design<\/h3>\n<p>Die Fassung ruht auf einem <strong>2-Zoll-Stativ aus rostfreiem Stahl<\/strong>, So ist auch bei schweren Lasten eine hervorragende Stabilit\u00e4t gew\u00e4hrleistet. Der Kopf der Montierung verf\u00fcgt \u00fcber einen integrierten Tragegriff, der das Reisen trotz des hohen Gewichts erleichtert.<\/p>\n<p>Das System beinhaltet zwei 5-kg-Gegengewichte f\u00fcr eine optimale Ausbalancierung.<\/p>\n<h3>Inklusive Zubeh\u00f6r<\/h3>\n<p>Das Paket umfasst :<\/p>\n<ul>\n<li>28 mm LET-Okular (Weitfeld)<\/li>\n<li>optischer Sucher 9\u00d750<\/li>\n<li>2 Gegengewichte \u00e0 5 kg<\/li>\n<li>robustes Stahlstativ<\/li>\n<li>SynScan GoTo-Steuerungsracket<\/li>\n<\/ul>\n<p>Dieses Komplettset erm\u00f6glicht den sofortigen Einsatz bei der Beobachtung und bildet eine solide Grundlage f\u00fcr die fortgeschrittene Astrofotografie.<\/p>\n<h3>Leistung und Skalierbarkeit<\/h3>\n<p>Mit einer theoretischen Maximalvergr\u00f6\u00dferung von <strong>x500<\/strong>, Dieses Teleskop bietet eine beeindruckende Leistung. Sein Design erm\u00f6glicht es, Zubeh\u00f6r wie eine Komakorrektur, einen Autoguider oder eine spezielle Kamera einfach hinzuzuf\u00fcgen.<\/p>\n<p>Es handelt sich um ein evolution\u00e4res Instrument, das den Benutzer langfristig begleiten kann, vom fortgeschrittenen Visuellen bis zur erfahrenen Astrofotografie.<\/p>\n<h3>Tabelle der technischen Daten<\/h3>\n<table border=\"1\" cellspacing=\"0\" cellpadding=\"8\">\n<tbody>\n<tr>\n<th>Merkmal<\/th>\n<th>Detail<\/th>\n<\/tr>\n<tr>\n<td>Optischer Typ<\/td>\n<td>Newton (Parabolspiegel)<\/td>\n<\/tr>\n<tr>\n<td>Durchmesser<\/td>\n<td>254 mm<\/td>\n<\/tr>\n<tr>\n<td>Brennweite<\/td>\n<td>1200 mm<\/td>\n<\/tr>\n<tr>\n<td>Fokusbericht<\/td>\n<td>f\/4.7<\/td>\n<\/tr>\n<tr>\n<td>Max. Vergr\u00f6\u00dferung<\/td>\n<td>x500<\/td>\n<\/tr>\n<tr>\n<td>Rahmen<\/td>\n<td>EQ6-R PRO SynScan GoTo<\/td>\n<\/tr>\n<tr>\n<td>Tragf\u00e4higkeit<\/td>\n<td>20 kg<\/td>\n<\/tr>\n<tr>\n<td>Kontrolle<\/td>\n<td>GoTo (42.000+ Gegenst\u00e4nde)<\/td>\n<\/tr>\n<tr>\n<td>Fokussieren<\/td>\n<td>Crayford 2\u2033 Doppelte Geschwindigkeit 10:1<\/td>\n<\/tr>\n<tr>\n<td>Stativ<\/td>\n<td>Rostfreier Stahl 2\u2033<\/td>\n<\/tr>\n<\/tbody>\n<\/table>\n<h3>Schlussfolgerung<\/h3>\n<p>Die <strong>Skywatcher Explorer 250PDS mit EQ6-R PRO<\/strong> ist ein Referenz-Setup f\u00fcr Astronomie-Enthusiasten, die professionelle Leistungen anstreben. Es ist leistungsstark, pr\u00e4zise und erweiterbar und eignet sich perfekt f\u00fcr Deep-Sky-Astrofotografie und detaillierte Beobachtungen. Eine ideale Wahl, um einen Schritt weiter in der Astronomie zu gehen.<\/p>","protected":false},"excerpt":{"rendered":"<p>Skywatcher Explorer 250PDS + EQ6-R PRO : t\u00e9lescope Newton 254 mm haute performance pour l\u2019astrophotographie Le Skywatcher Explorer 250PDS avec monture EQ6-R PRO\u00a0est un ensemble haut de gamme destin\u00e9 aux astronomes passionn\u00e9s et aux astrophotographes exigeants. Gr\u00e2ce \u00e0 son large miroir de 254 mm et sa monture \u00e9quatoriale motoris\u00e9e ultra pr\u00e9cise, ce setup offre des [&hellip;]<\/p>\n","protected":false},"featured_media":14567,"comment_status":"open","ping_status":"closed","template":"","meta":[],"product_brand":[822],"product_cat":[392,762,20,747],"product_tag":[],"class_list":{"0":"post-14566","1":"product","2":"type-product","3":"status-publish","4":"has-post-thumbnail","6":"product_brand-sky-watcher","7":"product_cat-telescopes_reflecteurs","8":"product_cat-equatoriales","9":"product_cat-montures","10":"product_cat-newton","12":"first","13":"on_supplier","14":"taxable","15":"shipping-taxable","16":"purchasable","17":"product-type-simple"},"_links":{"self":[{"href":"https:\/\/deep-space-astronomy.ch\/de\/wp-json\/wp\/v2\/product\/14566","targetHints":{"allow":["GET"]}}],"collection":[{"href":"https:\/\/deep-space-astronomy.ch\/de\/wp-json\/wp\/v2\/product"}],"about":[{"href":"https:\/\/deep-space-astronomy.ch\/de\/wp-json\/wp\/v2\/types\/product"}],"replies":[{"embeddable":true,"href":"https:\/\/deep-space-astronomy.ch\/de\/wp-json\/wp\/v2\/comments?post=14566"}],"wp:featuredmedia":[{"embeddable":true,"href":"https:\/\/deep-space-astronomy.ch\/de\/wp-json\/wp\/v2\/media\/14567"}],"wp:attachment":[{"href":"https:\/\/deep-space-astronomy.ch\/de\/wp-json\/wp\/v2\/media?parent=14566"}],"wp:term":[{"taxonomy":"product_brand","embeddable":true,"href":"https:\/\/deep-space-astronomy.ch\/de\/wp-json\/wp\/v2\/product_brand?post=14566"},{"taxonomy":"product_cat","embeddable":true,"href":"https:\/\/deep-space-astronomy.ch\/de\/wp-json\/wp\/v2\/product_cat?post=14566"},{"taxonomy":"product_tag","embeddable":true,"href":"https:\/\/deep-space-astronomy.ch\/de\/wp-json\/wp\/v2\/product_tag?post=14566"}],"curies":[{"name":"wp","href":"https:\/\/api.w.org\/{rel}","templated":true}]}}