{"id":14580,"date":"2026-04-08T15:54:47","date_gmt":"2026-04-08T13:54:47","guid":{"rendered":"https:\/\/deep-space-astronomy.ch\/?post_type=product&#038;p=14580"},"modified":"2026-04-08T15:55:01","modified_gmt":"2026-04-08T13:55:01","slug":"skywatcher-skyhawk-114","status":"publish","type":"product","link":"https:\/\/deep-space-astronomy.ch\/de\/produkt\/skywatcher-skyhawk-114\/","title":{"rendered":"Skywatcher Skyhawk-114"},"content":{"rendered":"<h3>Skywatcher Skyhawk-114: Vielseitiges Newton-Teleskop mit \u00e4quatorialer Montierung f\u00fcr fortgeschrittene Anf\u00e4nger<\/h3>\n<p>Die <strong>Skywatcher Skyhawk-114<\/strong> ist ein ideales Teleskop f\u00fcr ernsthafte Anf\u00e4nger-Astronomen, die schnelle Fortschritte bei der Beobachtung des Nachthimmels machen m\u00f6chten. Mit seinem Durchmesser von 114 mm und der \u00e4quatorialen Montierung bietet es einen hervorragenden Kompromiss zwischen Leistung, Genauigkeit und Benutzerfreundlichkeit.<\/p>\n<p>Dieses vielseitige und erschwingliche Modell erm\u00f6glicht die Erkundung sowohl von Objekten des Sonnensystems als auch von zahlreichen Deep-Sky-Objekten und bietet ein komfortables und erweiterbares Beobachtungserlebnis, das f\u00fcr den regelm\u00e4\u00dfigen Gebrauch geeignet ist.<\/p>\n<h3>114 mm Newton-Optik: Helligkeit und Vielseitigkeit<\/h3>\n<p>Der Skyhawk-114 ist mit einem Prim\u00e4rspiegel von <strong>114 mm<\/strong>, und bietet die M\u00f6glichkeit, Licht zu sammeln <strong>125 % gr\u00f6\u00dfer als ein 76-mm-Modell<\/strong>. Diese Blende erm\u00f6glicht hellere und detailreichere Bilder, die sich ideal f\u00fcr eine Vielzahl von Beobachtungen eignen.<\/p>\n<p>Mit einer Brennweite von <strong>1000 mm (f\/8.77)<\/strong>, Dieses Teleskop bietet ein ausgewogenes Verh\u00e4ltnis zwischen Vergr\u00f6\u00dferung und Benutzerfreundlichkeit und eignet sich daher besonders gut zum Beobachten:<\/p>\n<ul>\n<li>den Mond mit ausgezeichneter Detailgenauigkeit<\/li>\n<li>Planeten wie Jupiter und Saturn<\/li>\n<li>Sternhaufen und Nebel<\/li>\n<li>die hellsten Galaxien<\/li>\n<\/ul>\n<p>Seine theoretische Maximalvergr\u00f6\u00dferung von <strong>x228<\/strong> erm\u00f6glicht es, viele Himmelsobjekte genau zu erforschen und dabei ein stabiles und verwertbares Bild zu erhalten.<\/p>\n<h3>\u00c4quatoriale Montierung EQ1: Pr\u00e4zise Objektverfolgung<\/h3>\n<p>Der Skyhawk-114 wird mit einem <strong>\u00e4quatoriale Montierung EQ1<\/strong>, wurde entwickelt, um die Verfolgung von Himmelsobjekten zu erleichtern. Wenn sie richtig auf den Himmelspol ausgerichtet ist, gleicht sie die Erdrotation aus und erm\u00f6glicht eine fl\u00fcssige Verfolgung von Objekten.<\/p>\n<p>Die <strong>Befehle f\u00fcr langsame Bewegungen<\/strong> auf der Rektaszensions- (RA) und Deklinationsachse (DEC) erm\u00f6glichen eine pr\u00e4zise und bequeme Einstellung, die bei starker Vergr\u00f6\u00dferung besonders n\u00fctzlich ist.<\/p>\n<p>Das verstellbare Aluminiumstativ bietet eine gute Stabilit\u00e4t, ist aber dennoch leicht und einfach zu transportieren - ideal f\u00fcr Beobachtungssitzungen im Freien.<\/p>\n<h3>Umfangreiches Zubeh\u00f6r f\u00fcr den sofortigen Einsatz<\/h3>\n<p>Das Teleskop wird mit einer Reihe von Zubeh\u00f6rteilen geliefert, sodass Sie sofort mit der Beobachtung beginnen k\u00f6nnen :<\/p>\n<ul>\n<li>Okulare 25 mm und 10 mm (Format 1,25\u2033)<\/li>\n<li>2x Barlow-Linse zur Verdoppelung der Vergr\u00f6\u00dferung<\/li>\n<li>Sucher mit rotem Punkt zum schnellen Auffinden<\/li>\n<\/ul>\n<p>Mit diesem Zubeh\u00f6r lassen sich mehrere n\u00fctzliche Vergr\u00f6\u00dferungen erzielen: <strong>x40, x80, x100 und x200<\/strong>, Die meisten der in diesem Buch beschriebenen Themenbereiche sind in der Lage, die wichtigsten Beobachtungsbed\u00fcrfnisse ohne \u00dcberma\u00df oder Qualit\u00e4tsverlust abzudecken.<\/p>\n<h3>Langlebige und leistungsstarke optische Behandlung<\/h3>\n<p>Der Spiegel der Skyhawk-114 verf\u00fcgt \u00fcber eine mehrschichtige Behandlung mit Schutz aus <strong>Siliziumdioxid<\/strong>, Dies garantiert eine ausgezeichnete Haltbarkeit und eine stabile Leistung.<\/p>\n<p>Diese Beschichtung sch\u00fctzt die reflektierende Oberfl\u00e4che wirksam vor Abnutzung und \u00e4u\u00dferen Einfl\u00fcssen und sorgt so f\u00fcr eine gleichbleibende Bildqualit\u00e4t, auch nach h\u00e4ufigem Gebrauch.<\/p>\n<h3>Eine ausgezeichnete Wahl f\u00fcr Fortschritte in der Astronomie<\/h3>\n<p>Das Skywatcher Skyhawk-114 wurde entwickelt, um den Benutzer auf seinem Weg zu begleiten. Er ist leistungsf\u00e4higer als ein Einsteigerteleskop und erm\u00f6glicht es, mehr Details zu entdecken und eine gr\u00f6\u00dfere Anzahl von Himmelsobjekten zu erforschen.<\/p>\n<p>Seine \u00e4quatoriale Montierung ist au\u00dferdem eine hervorragende Einf\u00fchrung in fortgeschrittene Beobachtungstechniken und Objektverfolgung, die die T\u00fcr zu technisch anspruchsvolleren Praktiken \u00f6ffnet.<\/p>\n<p>Es ist einfach zu bedienen und dennoch ausreichend erweiterbar und stellt eine ausgezeichnete Wahl f\u00fcr diejenigen dar, die in ihrer astronomischen Praxis einen Schritt weiter gehen und ihre F\u00e4higkeiten schrittweise verbessern m\u00f6chten.<\/p>\n<h3>Tabelle der technischen Daten<\/h3>\n<table border=\"1\" cellspacing=\"0\" cellpadding=\"8\">\n<tbody>\n<tr>\n<th>Merkmal<\/th>\n<th>Detail<\/th>\n<\/tr>\n<tr>\n<td>Optischer Typ<\/td>\n<td>Newton (Reflektor)<\/td>\n<\/tr>\n<tr>\n<td>Durchmesser<\/td>\n<td>114 mm<\/td>\n<\/tr>\n<tr>\n<td>Brennweite<\/td>\n<td>1000 mm<\/td>\n<\/tr>\n<tr>\n<td>Fokusbericht<\/td>\n<td>f\/8.77<\/td>\n<\/tr>\n<tr>\n<td>Mitgelieferte Vergr\u00f6\u00dferungen<\/td>\n<td>x40, x80, x100, x200<\/td>\n<\/tr>\n<tr>\n<td>Maximale Vergr\u00f6\u00dferung<\/td>\n<td>x228<\/td>\n<\/tr>\n<tr>\n<td>Okulare<\/td>\n<td>25 mm und 10 mm (1,25\u2033)<\/td>\n<\/tr>\n<tr>\n<td>Zubeh\u00f6r<\/td>\n<td>Barlow x2, Rotpunktsucher<\/td>\n<\/tr>\n<tr>\n<td>Rahmen<\/td>\n<td>\u00c4quatorial EQ1<\/td>\n<\/tr>\n<tr>\n<td>Stativ<\/td>\n<td>Aluminium mit Tablett<\/td>\n<\/tr>\n<\/tbody>\n<\/table>\n<h3>Schlussfolgerung<\/h3>\n<p>Die <strong>Skywatcher Skyhawk-114<\/strong> ist ein zuverl\u00e4ssiges, vielseitiges und erweiterbares Teleskop, das sich perfekt f\u00fcr motivierte Anf\u00e4nger eignet. Mit seiner 114-mm-\u00d6ffnung, der \u00e4quatorialen Montierung und dem umfangreichen Zubeh\u00f6r erm\u00f6glicht es Ihnen, die Wunder des Nachthimmels in vollen Z\u00fcgen zu genie\u00dfen und gleichzeitig Ihre astronomischen F\u00e4higkeiten langfristig weiterzuentwickeln.<\/p>","protected":false},"excerpt":{"rendered":"<p>Skywatcher Skyhawk-114 : t\u00e9lescope Newton polyvalent avec monture \u00e9quatoriale pour d\u00e9butants avanc\u00e9s Le Skywatcher Skyhawk-114 est un t\u00e9lescope id\u00e9al pour les astronomes d\u00e9butants s\u00e9rieux souhaitant progresser rapidement dans l\u2019observation du ciel nocturne. Gr\u00e2ce \u00e0 son diam\u00e8tre de 114 mm et \u00e0 sa monture \u00e9quatoriale, il offre un excellent compromis entre performance, pr\u00e9cision et facilit\u00e9 d\u2019utilisation. [&hellip;]<\/p>\n","protected":false},"featured_media":14581,"comment_status":"open","ping_status":"closed","template":"","meta":[],"product_brand":[822],"product_cat":[815,762,20,747,392],"product_tag":[],"class_list":{"0":"post-14580","1":"product","2":"type-product","3":"status-publish","4":"has-post-thumbnail","6":"product_brand-sky-watcher","7":"product_cat-debutants","8":"product_cat-equatoriales","9":"product_cat-montures","10":"product_cat-newton","11":"product_cat-telescopes_reflecteurs","13":"first","14":"on_supplier","15":"taxable","16":"shipping-taxable","17":"purchasable","18":"product-type-simple"},"_links":{"self":[{"href":"https:\/\/deep-space-astronomy.ch\/de\/wp-json\/wp\/v2\/product\/14580","targetHints":{"allow":["GET"]}}],"collection":[{"href":"https:\/\/deep-space-astronomy.ch\/de\/wp-json\/wp\/v2\/product"}],"about":[{"href":"https:\/\/deep-space-astronomy.ch\/de\/wp-json\/wp\/v2\/types\/product"}],"replies":[{"embeddable":true,"href":"https:\/\/deep-space-astronomy.ch\/de\/wp-json\/wp\/v2\/comments?post=14580"}],"wp:featuredmedia":[{"embeddable":true,"href":"https:\/\/deep-space-astronomy.ch\/de\/wp-json\/wp\/v2\/media\/14581"}],"wp:attachment":[{"href":"https:\/\/deep-space-astronomy.ch\/de\/wp-json\/wp\/v2\/media?parent=14580"}],"wp:term":[{"taxonomy":"product_brand","embeddable":true,"href":"https:\/\/deep-space-astronomy.ch\/de\/wp-json\/wp\/v2\/product_brand?post=14580"},{"taxonomy":"product_cat","embeddable":true,"href":"https:\/\/deep-space-astronomy.ch\/de\/wp-json\/wp\/v2\/product_cat?post=14580"},{"taxonomy":"product_tag","embeddable":true,"href":"https:\/\/deep-space-astronomy.ch\/de\/wp-json\/wp\/v2\/product_tag?post=14580"}],"curies":[{"name":"wp","href":"https:\/\/api.w.org\/{rel}","templated":true}]}}