{"id":14582,"date":"2026-04-08T16:04:05","date_gmt":"2026-04-08T14:04:05","guid":{"rendered":"https:\/\/deep-space-astronomy.ch\/?post_type=product&#038;p=14582"},"modified":"2026-04-08T16:04:19","modified_gmt":"2026-04-08T14:04:19","slug":"skywatcher-explorer-130p-eq2","status":"publish","type":"product","link":"https:\/\/deep-space-astronomy.ch\/de\/produkt\/skywatcher-explorer-130p-eq2\/","title":{"rendered":"Skywatcher Explorer 130P EQ2"},"content":{"rendered":"<h3>Skywatcher Explorer 130P EQ2: vielseitiges 130-mm-Newton-Teleskop mit \u00e4quatorialer Montierung<\/h3>\n<p>Die <strong>Skywatcher Explorer 130P EQ2<\/strong> ist ein leistungsstarkes Newton-Teleskop, das f\u00fcr anspruchsvolle Anf\u00e4nger und Amateurastronomen entwickelt wurde, die sich ein vielseitiges und erweiterbares Instrument w\u00fcnschen. Mit seinem hochwertigen Parabolspiegel und der pr\u00e4zisen \u00e4quatorialen Montierung bietet es ein hervorragendes Erlebnis bei der Beobachtung des Nachthimmels.<\/p>\n<p>Dieses Modell wird sowohl von Anf\u00e4ngern als auch von erfahrenen Benutzern gesch\u00e4tzt und stellt einen hervorragenden Kompromiss zwischen Leistung, optischer Qualit\u00e4t und Benutzerfreundlichkeit dar.<\/p>\n<h3>130 mm parabolische Optik: scharfe und detaillierte Bilder<\/h3>\n<p>Der Explorer 130P ist mit einem parabolischen Hauptspiegel von <strong>130 mm<\/strong>, Diese Eigenschaft ist normalerweise nur bei hochwertigeren Modellen zu finden. Diese Art von Spiegel beseitigt die sph\u00e4rischen Aberrationen und sorgt f\u00fcr ein sch\u00e4rferes, kontrastreicheres und detailreicheres Bild.<\/p>\n<p>Mit einer Brennweite von <strong>650 mm (f\/5)<\/strong>, Dieses Teleskop bietet ein gro\u00dfes Gesichtsfeld und gleichzeitig eine gute Vergr\u00f6\u00dferungsf\u00e4higkeit. Es ist ideal f\u00fcr die Beobachtung :<\/p>\n<ul>\n<li>den Mond mit gro\u00dfer Genauigkeit<\/li>\n<li>leuchtende Planeten<\/li>\n<li>Nebel und Galaxien<\/li>\n<li>Sternhaufen<\/li>\n<\/ul>\n<p>Der parabolische Spiegel b\u00fcndelt alle Lichtstrahlen effektiv in einem Brennpunkt und sorgt so f\u00fcr eine pr\u00e4zise Fokussierung und optimale optische Leistung.<\/p>\n<p>Die ultrad\u00fcnnen (0,5 mm) Schenkel der Sekund\u00e4rspiegelhalterung reduzieren Beugungseffekte und verbessern den Bildkontrast weiter.<\/p>\n<h3>\u00c4quatoriale Montierung EQ2: fl\u00fcssige und pr\u00e4zise Nachf\u00fchrung<\/h3>\n<p>Das Teleskop ist auf einem <strong>\u00e4quatoriale Montierung EQ2<\/strong>, ist ideal, um Himmelsobjekte zu verfolgen. Sobald sie mit dem Polarstern (Polaris) ausgerichtet ist, gleicht sie die Erdrotation aus und macht es leicht, Objekte zu verfolgen.<\/p>\n<p>Die <strong>flexible Steuerungen f\u00fcr langsame Bewegungen<\/strong> auf der Rektaszensions- (RA) und Deklinationsachse (DEC) erm\u00f6glichen eine genaue und komfortable Verfolgung auch bei hoher Vergr\u00f6\u00dferung.<\/p>\n<p>Mit einer visuellen Belastbarkeit von ca. <strong>4 kg<\/strong>, Die Montierung bietet eine gute Stabilit\u00e4t f\u00fcr diese Art von Instrument.<\/p>\n<h3>Praktisches, transportables Design<\/h3>\n<p>Der relativ leichte optische Tubus (ca. 3 kg) ist einfach zu handhaben und zu installieren. Die gesamte Einheit ruht auf einem <strong>verstellbares Aluminiumstativ<\/strong>, Die Tasche ist mit einem praktischen Zubeh\u00f6rfach ausgestattet.<\/p>\n<p>Mit einem Gesamtgewicht von ca. 18,6 kg (einschlie\u00dflich Verpackung) bleibt dieses Teleskop transportabel und bietet gleichzeitig eine gute Robustheit f\u00fcr den regelm\u00e4\u00dfigen Gebrauch.<\/p>\n<h3>Inklusive Zubeh\u00f6r, um sofort loszulegen<\/h3>\n<p>Der Skywatcher Explorer 130P EQ2 wird mit dem wichtigsten Zubeh\u00f6r geliefert:<\/p>\n<ul>\n<li>Okulare 10 mm und 25 mm (Format 1,25\u2033)<\/li>\n<li>Sucher mit rotem Punkt zum schnellen Auffinden<\/li>\n<li>Aluminiumstativ mit Platte<\/li>\n<\/ul>\n<p>Diese Elemente erm\u00f6glichen einen schnellen Einstieg in die Beobachtung mit verschiedenen Vergr\u00f6\u00dferungen, die an die wichtigsten Himmelsobjekte angepasst sind.<\/p>\n<p><strong>Bemerkung :<\/strong> das Netzteil und die Batterien sind nicht im Lieferumfang enthalten.<\/p>\n<h3>Leistung und Vielseitigkeit<\/h3>\n<p>Das Explorer 130P EQ2 ist ein hervorragendes Allround-Teleskop, das sich an viele Beobachtungssituationen anpassen kann. Seine 130-mm-\u00d6ffnung enth\u00fcllt viele Details an Deep-Sky-Objekten und ist gleichzeitig leistungsstark f\u00fcr planetarische Objekte.<\/p>\n<p>Es ist auch eine ausgezeichnete Grundlage, um sich zu fortgeschritteneren Beobachtungen oder sogar ersten Experimenten mit leichter Astrofotografie weiterzuentwickeln.<\/p>\n<h3>Tabelle der technischen Daten<\/h3>\n<table border=\"1\" cellspacing=\"0\" cellpadding=\"8\">\n<tbody>\n<tr>\n<th>Merkmal<\/th>\n<th>Detail<\/th>\n<\/tr>\n<tr>\n<td>Optischer Typ<\/td>\n<td>Newton (Reflektor)<\/td>\n<\/tr>\n<tr>\n<td>Durchmesser<\/td>\n<td>130 mm<\/td>\n<\/tr>\n<tr>\n<td>Brennweite<\/td>\n<td>650 mm<\/td>\n<\/tr>\n<tr>\n<td>Fokusbericht<\/td>\n<td>f\/5<\/td>\n<\/tr>\n<tr>\n<td>Okularhalter<\/td>\n<td>1,25\u2033<\/td>\n<\/tr>\n<tr>\n<td>Rahmen<\/td>\n<td>\u00c4quatorial EQ2<\/td>\n<\/tr>\n<tr>\n<td>Tragf\u00e4higkeit<\/td>\n<td>4 kg<\/td>\n<\/tr>\n<tr>\n<td>Gewicht Rohr<\/td>\n<td>3 kg<\/td>\n<\/tr>\n<tr>\n<td>Gewicht Fassung<\/td>\n<td>7 kg<\/td>\n<\/tr>\n<tr>\n<td>Inklusive Zubeh\u00f6r<\/td>\n<td>10 mm &amp; 25 mm Okulare, Rotpunktsucher, Aluminiumstativ<\/td>\n<\/tr>\n<\/tbody>\n<\/table>\n<h3>Schlussfolgerung<\/h3>\n<p>Die <strong>Skywatcher Explorer 130P EQ2<\/strong> ist ein komplettes, leistungsstarkes und erschwingliches Teleskop, das perfekt f\u00fcr Astronomen ist, die schnell Fortschritte machen m\u00f6chten. Seine optische Qualit\u00e4t, die \u00e4quatoriale Montierung und seine Vielseitigkeit machen es zu einer ausgezeichneten Wahl, um den Himmel detailliert zu erforschen und seine Leidenschaft f\u00fcr die Astronomie zu entwickeln.<\/p>","protected":false},"excerpt":{"rendered":"<p>Skywatcher Explorer 130P EQ2 : t\u00e9lescope Newton 130 mm polyvalent avec monture \u00e9quatoriale Le Skywatcher Explorer 130P EQ2 est un t\u00e9lescope Newton performant con\u00e7u pour les d\u00e9butants exigeants et les astronomes amateurs souhaitant un instrument polyvalent et \u00e9volutif. Gr\u00e2ce \u00e0 son miroir parabolique de haute qualit\u00e9 et sa monture \u00e9quatoriale pr\u00e9cise, il offre une excellente [&hellip;]<\/p>\n","protected":false},"featured_media":14583,"comment_status":"open","ping_status":"closed","template":"","meta":[],"product_brand":[822],"product_cat":[392,762,20,747],"product_tag":[],"class_list":{"0":"post-14582","1":"product","2":"type-product","3":"status-publish","4":"has-post-thumbnail","6":"product_brand-sky-watcher","7":"product_cat-telescopes_reflecteurs","8":"product_cat-equatoriales","9":"product_cat-montures","10":"product_cat-newton","12":"first","13":"on_supplier","14":"taxable","15":"shipping-taxable","16":"purchasable","17":"product-type-simple"},"_links":{"self":[{"href":"https:\/\/deep-space-astronomy.ch\/de\/wp-json\/wp\/v2\/product\/14582","targetHints":{"allow":["GET"]}}],"collection":[{"href":"https:\/\/deep-space-astronomy.ch\/de\/wp-json\/wp\/v2\/product"}],"about":[{"href":"https:\/\/deep-space-astronomy.ch\/de\/wp-json\/wp\/v2\/types\/product"}],"replies":[{"embeddable":true,"href":"https:\/\/deep-space-astronomy.ch\/de\/wp-json\/wp\/v2\/comments?post=14582"}],"wp:featuredmedia":[{"embeddable":true,"href":"https:\/\/deep-space-astronomy.ch\/de\/wp-json\/wp\/v2\/media\/14583"}],"wp:attachment":[{"href":"https:\/\/deep-space-astronomy.ch\/de\/wp-json\/wp\/v2\/media?parent=14582"}],"wp:term":[{"taxonomy":"product_brand","embeddable":true,"href":"https:\/\/deep-space-astronomy.ch\/de\/wp-json\/wp\/v2\/product_brand?post=14582"},{"taxonomy":"product_cat","embeddable":true,"href":"https:\/\/deep-space-astronomy.ch\/de\/wp-json\/wp\/v2\/product_cat?post=14582"},{"taxonomy":"product_tag","embeddable":true,"href":"https:\/\/deep-space-astronomy.ch\/de\/wp-json\/wp\/v2\/product_tag?post=14582"}],"curies":[{"name":"wp","href":"https:\/\/api.w.org\/{rel}","templated":true}]}}